{"id":30648,"date":"2025-04-07T08:18:02","date_gmt":"2025-04-07T08:19:26","guid":{"rendered":"https:\/\/walkingmum.com\/?post_type=product&#038;p=30648"},"modified":"2025-04-07T08:19:26","modified_gmt":"2025-04-07T08:19:26","slug":"peluche-chien-sintra-beige","status":"publish","type":"product","link":"https:\/\/walkingmum.com\/fr\/produit\/peluche-chien-sintra-beige\/","title":{"rendered":"PELUCHE CHIEN SINTRA BEIGE"},"content":{"rendered":"<p>Cet adorable chien en peluche beige Sintra de Walking mum est con\u00e7u pour offrir douceur, c\u00e2lins et compagnie \u00e0 votre b\u00e9b\u00e9 d\u00e8s ses premiers jours. C&rsquo;est le compagnon id\u00e9al des tout-petits. Avec son design douillet, ce chien de 26 cm est compos\u00e9 d&rsquo;une combinaison de peluche douce et de Lange, garantissant une texture agr\u00e9able et s\u00fbre pour b\u00e9b\u00e9, avec des d\u00e9tails brod\u00e9s, sans petites pi\u00e8ces ni \u00e9l\u00e9ments durs. Il est id\u00e9al pour faire des c\u00e2lins, stimuler le sens du toucher et apporter de la s\u00e9curit\u00e9 aux tout-petits. Facile \u00e0 tenir et \u00e0 c\u00e2liner, il apporte confort et compagnie. Favorise le d\u00e9veloppement \u00e9motionnel et sensoriel de l&rsquo;enfant. Ce doudou Walking Mum est le compagnon id\u00e9al pour les moments de jeu et de repos, apportant calme et douceur \u00e0 b\u00e9b\u00e9. Lavable \u00e0 la main ou en machine \u00e0 30\u00b0C. Walking Mum prot\u00e8ge votre b\u00e9b\u00e9 en utilisant les meilleurs tissus, exempts de colorants azo\u00efques et de substances nocives pour la sant\u00e9. Conforme \u00e0 la norme europ\u00e9enne EN-71 S\u00e9curit\u00e9 des jouets +0 an.<\/p>\n","protected":false},"excerpt":{"rendered":"<p>Cet adorable chien en peluche beige Sintra de Walking mum est con\u00e7u pour offrir douceur, c\u00e2lins et compagnie \u00e0 votre b\u00e9b\u00e9 d\u00e8s ses premiers jours. C&rsquo;est le compagnon id\u00e9al des tout-petits. Avec son design douillet, ce chien de 26 cm est compos\u00e9 d&rsquo;une combinaison de peluche douce et de Lange, garantissant une texture agr\u00e9able et [&hellip;]<\/p>\n","protected":false},"featured_media":30118,"comment_status":"closed","ping_status":"closed","template":"","meta":{"_acf_changed":false,"inline_featured_image":false},"colecciones":[390],"product_brand":[],"product_cat":[255],"product_tag":[],"class_list":{"0":"post-30648","1":"product","2":"type-product","3":"status-publish","4":"has-post-thumbnail","6":"colecciones-collection-sintra","7":"product_cat-peluches-et-accessories","9":"first","10":"instock","11":"purchasable","12":"product-type-simple"},"acf":[],"yoast_head":"<!-- This site is optimized with the Yoast SEO plugin v27.4 - https:\/\/yoast.com\/product\/yoast-seo-wordpress\/ -->\n<title>PELUCHE CHIEN SINTRA BEIGE - Walking Mum<\/title>\n<meta name=\"robots\" content=\"index, follow, max-snippet:-1, max-image-preview:large, max-video-preview:-1\" \/>\n<link rel=\"canonical\" href=\"https:\/\/walkingmum.com\/fr\/produit\/peluche-chien-sintra-beige\/\" \/>\n<meta property=\"og:locale\" content=\"fr_FR\" \/>\n<meta property=\"og:type\" content=\"article\" \/>\n<meta property=\"og:title\" content=\"PELUCHE CHIEN SINTRA BEIGE - Walking Mum\" \/>\n<meta property=\"og:description\" content=\"Cet adorable chien en peluche beige Sintra de Walking mum est con\u00e7u pour offrir douceur, c\u00e2lins et compagnie \u00e0 votre b\u00e9b\u00e9 d\u00e8s ses premiers jours. C&rsquo;est le compagnon id\u00e9al des tout-petits. Avec son design douillet, ce chien de 26 cm est compos\u00e9 d&rsquo;une combinaison de peluche douce et de Lange, garantissant une texture agr\u00e9able et [&hellip;]\" \/>\n<meta property=\"og:url\" content=\"https:\/\/walkingmum.com\/fr\/produit\/peluche-chien-sintra-beige\/\" \/>\n<meta property=\"og:site_name\" content=\"Walking Mum\" \/>\n<meta property=\"og:image\" content=\"https:\/\/walkingmum.com\/wp-content\/uploads\/2025\/04\/1120800543_a-1.jpg\" \/>\n\t<meta property=\"og:image:width\" content=\"900\" \/>\n\t<meta property=\"og:image:height\" content=\"900\" \/>\n\t<meta property=\"og:image:type\" content=\"image\/jpeg\" \/>\n<meta name=\"twitter:card\" content=\"summary_large_image\" \/>\n<meta name=\"twitter:label1\" content=\"Dur\u00e9e de lecture estim\u00e9e\" \/>\n\t<meta name=\"twitter:data1\" content=\"1 minute\" \/>\n<script type=\"application\/ld+json\" class=\"yoast-schema-graph\">{\"@context\":\"https:\\\/\\\/schema.org\",\"@graph\":[{\"@type\":\"WebPage\",\"@id\":\"https:\\\/\\\/walkingmum.com\\\/fr\\\/produit\\\/peluche-chien-sintra-beige\\\/\",\"url\":\"https:\\\/\\\/walkingmum.com\\\/fr\\\/produit\\\/peluche-chien-sintra-beige\\\/\",\"name\":\"PELUCHE CHIEN SINTRA BEIGE - Walking Mum\",\"isPartOf\":{\"@id\":\"https:\\\/\\\/walkingmum.com\\\/#website\"},\"primaryImageOfPage\":{\"@id\":\"https:\\\/\\\/walkingmum.com\\\/fr\\\/produit\\\/peluche-chien-sintra-beige\\\/#primaryimage\"},\"image\":{\"@id\":\"https:\\\/\\\/walkingmum.com\\\/fr\\\/produit\\\/peluche-chien-sintra-beige\\\/#primaryimage\"},\"thumbnailUrl\":\"https:\\\/\\\/walkingmum.com\\\/wp-content\\\/uploads\\\/2025\\\/04\\\/1120800543_a-1.jpg\",\"datePublished\":\"2025-04-07T08:19:26+00:00\",\"breadcrumb\":{\"@id\":\"https:\\\/\\\/walkingmum.com\\\/fr\\\/produit\\\/peluche-chien-sintra-beige\\\/#breadcrumb\"},\"inLanguage\":\"fr-FR\",\"potentialAction\":[{\"@type\":\"ReadAction\",\"target\":[\"https:\\\/\\\/walkingmum.com\\\/fr\\\/produit\\\/peluche-chien-sintra-beige\\\/\"]}]},{\"@type\":\"ImageObject\",\"inLanguage\":\"fr-FR\",\"@id\":\"https:\\\/\\\/walkingmum.com\\\/fr\\\/produit\\\/peluche-chien-sintra-beige\\\/#primaryimage\",\"url\":\"https:\\\/\\\/walkingmum.com\\\/wp-content\\\/uploads\\\/2025\\\/04\\\/1120800543_a-1.jpg\",\"contentUrl\":\"https:\\\/\\\/walkingmum.com\\\/wp-content\\\/uploads\\\/2025\\\/04\\\/1120800543_a-1.jpg\",\"width\":900,\"height\":900},{\"@type\":\"BreadcrumbList\",\"@id\":\"https:\\\/\\\/walkingmum.com\\\/fr\\\/produit\\\/peluche-chien-sintra-beige\\\/#breadcrumb\",\"itemListElement\":[{\"@type\":\"ListItem\",\"position\":1,\"name\":\"Portada\",\"item\":\"https:\\\/\\\/walkingmum.com\\\/fr\\\/\"},{\"@type\":\"ListItem\",\"position\":2,\"name\":\"Tienda\",\"item\":\"https:\\\/\\\/walkingmum.com\\\/tienda\\\/\"},{\"@type\":\"ListItem\",\"position\":3,\"name\":\"PELUCHE CHIEN SINTRA BEIGE\"}]},{\"@type\":\"WebSite\",\"@id\":\"https:\\\/\\\/walkingmum.com\\\/#website\",\"url\":\"https:\\\/\\\/walkingmum.com\\\/\",\"name\":\"Walking Mum\",\"description\":\"La marca para beb\u00e9s modernos\",\"potentialAction\":[{\"@type\":\"SearchAction\",\"target\":{\"@type\":\"EntryPoint\",\"urlTemplate\":\"https:\\\/\\\/walkingmum.com\\\/?s={search_term_string}\"},\"query-input\":{\"@type\":\"PropertyValueSpecification\",\"valueRequired\":true,\"valueName\":\"search_term_string\"}}],\"inLanguage\":\"fr-FR\"}]}<\/script>\n<!-- \/ Yoast SEO plugin. -->","yoast_head_json":{"title":"PELUCHE CHIEN SINTRA BEIGE - Walking Mum","robots":{"index":"index","follow":"follow","max-snippet":"max-snippet:-1","max-image-preview":"max-image-preview:large","max-video-preview":"max-video-preview:-1"},"canonical":"https:\/\/walkingmum.com\/fr\/produit\/peluche-chien-sintra-beige\/","og_locale":"fr_FR","og_type":"article","og_title":"PELUCHE CHIEN SINTRA BEIGE - Walking Mum","og_description":"Cet adorable chien en peluche beige Sintra de Walking mum est con\u00e7u pour offrir douceur, c\u00e2lins et compagnie \u00e0 votre b\u00e9b\u00e9 d\u00e8s ses premiers jours. C&rsquo;est le compagnon id\u00e9al des tout-petits. Avec son design douillet, ce chien de 26 cm est compos\u00e9 d&rsquo;une combinaison de peluche douce et de Lange, garantissant une texture agr\u00e9able et [&hellip;]","og_url":"https:\/\/walkingmum.com\/fr\/produit\/peluche-chien-sintra-beige\/","og_site_name":"Walking Mum","og_image":[{"width":900,"height":900,"url":"https:\/\/walkingmum.com\/wp-content\/uploads\/2025\/04\/1120800543_a-1.jpg","type":"image\/jpeg"}],"twitter_card":"summary_large_image","twitter_misc":{"Dur\u00e9e de lecture estim\u00e9e":"1 minute"},"schema":{"@context":"https:\/\/schema.org","@graph":[{"@type":"WebPage","@id":"https:\/\/walkingmum.com\/fr\/produit\/peluche-chien-sintra-beige\/","url":"https:\/\/walkingmum.com\/fr\/produit\/peluche-chien-sintra-beige\/","name":"PELUCHE CHIEN SINTRA BEIGE - Walking Mum","isPartOf":{"@id":"https:\/\/walkingmum.com\/#website"},"primaryImageOfPage":{"@id":"https:\/\/walkingmum.com\/fr\/produit\/peluche-chien-sintra-beige\/#primaryimage"},"image":{"@id":"https:\/\/walkingmum.com\/fr\/produit\/peluche-chien-sintra-beige\/#primaryimage"},"thumbnailUrl":"https:\/\/walkingmum.com\/wp-content\/uploads\/2025\/04\/1120800543_a-1.jpg","datePublished":"2025-04-07T08:19:26+00:00","breadcrumb":{"@id":"https:\/\/walkingmum.com\/fr\/produit\/peluche-chien-sintra-beige\/#breadcrumb"},"inLanguage":"fr-FR","potentialAction":[{"@type":"ReadAction","target":["https:\/\/walkingmum.com\/fr\/produit\/peluche-chien-sintra-beige\/"]}]},{"@type":"ImageObject","inLanguage":"fr-FR","@id":"https:\/\/walkingmum.com\/fr\/produit\/peluche-chien-sintra-beige\/#primaryimage","url":"https:\/\/walkingmum.com\/wp-content\/uploads\/2025\/04\/1120800543_a-1.jpg","contentUrl":"https:\/\/walkingmum.com\/wp-content\/uploads\/2025\/04\/1120800543_a-1.jpg","width":900,"height":900},{"@type":"BreadcrumbList","@id":"https:\/\/walkingmum.com\/fr\/produit\/peluche-chien-sintra-beige\/#breadcrumb","itemListElement":[{"@type":"ListItem","position":1,"name":"Portada","item":"https:\/\/walkingmum.com\/fr\/"},{"@type":"ListItem","position":2,"name":"Tienda","item":"https:\/\/walkingmum.com\/tienda\/"},{"@type":"ListItem","position":3,"name":"PELUCHE CHIEN SINTRA BEIGE"}]},{"@type":"WebSite","@id":"https:\/\/walkingmum.com\/#website","url":"https:\/\/walkingmum.com\/","name":"Walking Mum","description":"La marca para beb\u00e9s modernos","potentialAction":[{"@type":"SearchAction","target":{"@type":"EntryPoint","urlTemplate":"https:\/\/walkingmum.com\/?s={search_term_string}"},"query-input":{"@type":"PropertyValueSpecification","valueRequired":true,"valueName":"search_term_string"}}],"inLanguage":"fr-FR"}]}},"_links":{"self":[{"href":"https:\/\/walkingmum.com\/fr\/wp-json\/wp\/v2\/product\/30648","targetHints":{"allow":["GET"]}}],"collection":[{"href":"https:\/\/walkingmum.com\/fr\/wp-json\/wp\/v2\/product"}],"about":[{"href":"https:\/\/walkingmum.com\/fr\/wp-json\/wp\/v2\/types\/product"}],"replies":[{"embeddable":true,"href":"https:\/\/walkingmum.com\/fr\/wp-json\/wp\/v2\/comments?post=30648"}],"wp:featuredmedia":[{"embeddable":true,"href":"https:\/\/walkingmum.com\/fr\/wp-json\/wp\/v2\/media\/30118"}],"wp:attachment":[{"href":"https:\/\/walkingmum.com\/fr\/wp-json\/wp\/v2\/media?parent=30648"}],"wp:term":[{"taxonomy":"colecciones","embeddable":true,"href":"https:\/\/walkingmum.com\/fr\/wp-json\/wp\/v2\/colecciones?post=30648"},{"taxonomy":"product_brand","embeddable":true,"href":"https:\/\/walkingmum.com\/fr\/wp-json\/wp\/v2\/product_brand?post=30648"},{"taxonomy":"product_cat","embeddable":true,"href":"https:\/\/walkingmum.com\/fr\/wp-json\/wp\/v2\/product_cat?post=30648"},{"taxonomy":"product_tag","embeddable":true,"href":"https:\/\/walkingmum.com\/fr\/wp-json\/wp\/v2\/product_tag?post=30648"}],"curies":[{"name":"wp","href":"https:\/\/api.w.org\/{rel}","templated":true}]}}