{"id":30633,"date":"2025-04-07T08:18:07","date_gmt":"2025-04-07T08:19:20","guid":{"rendered":"https:\/\/walkingmum.com\/?post_type=product&#038;p=30633"},"modified":"2025-04-07T08:19:21","modified_gmt":"2025-04-07T08:19:21","slug":"nid-dange-chanceliere-siege-auto-groupe-0-ete-sintra-vert","status":"publish","type":"product","link":"https:\/\/walkingmum.com\/fr\/produit\/nid-dange-chanceliere-siege-auto-groupe-0-ete-sintra-vert\/","title":{"rendered":"NID D&rsquo;ANGE \/ CHANCELIERE SIEGE AUTO GROUPE 0 \u00c9T\u00c9 SINTRA VERT"},"content":{"rendered":"<p>Nid d&rsquo;ange vert sintra avec des c\u0153urs brod\u00e9s. Il est fabriqu\u00e9 en mousseline douce et l&rsquo;int\u00e9rieur est en 100% coton. Il est id\u00e9al pour la nacelle et le si\u00e8ge-auto groupe 0.  Il est dot\u00e9 de plusieurs ouvertures (\u0153illets) et de r\u00e9glages qui permettent de l&rsquo;adapter \u00e0 la plupart des si\u00e8ge-auto groupe 0. Avec ce sac, votre b\u00e9b\u00e9 sera \u00e0 l&rsquo;aise pendant les mois de printemps et d&rsquo;automne. La partie arri\u00e8re en mat\u00e9riau anti-sueur emp\u00eache la transpiration excessive de l&rsquo;enfant et prot\u00e8ge le si\u00e8ge, ce qui rend la promenade plus confortable. Vous pouvez le d\u00e9placer de la poussette au lit sans perturber ses doux r\u00eaves. Rembourrage amovible. Haute qualit\u00e9 et style. Fabriqu\u00e9 \u00e0 partir de mat\u00e9riaux r\u00e9sistants et facile \u00e0 nettoyer \u00e0 la main ou en machine \u00e0 30\u00b0C. Walking Mum prot\u00e8ge votre b\u00e9b\u00e9 en utilisant les meilleurs tissus, exempts de colorants azo\u00efques et de substances nocives pour la sant\u00e9. Notre collection Walking Mum conserve toute la qualit\u00e9 de la marque Pasito a Pasito mais avec un cachet particulier de style urbain et moderne qui ne passe pas inaper\u00e7u, pour habiller diff\u00e9remment les promenades avec votre b\u00e9b\u00e9. Les accessoires de cette ligne sont plus sportifs et pratiques, sp\u00e9cialement con\u00e7us pour les mamans et les papas modernes qui appr\u00e9cient les designs les plus actuels et branch\u00e9s sans n\u00e9gliger la qualit\u00e9 et la fonctionnalit\u00e9 des accessoires qui rendent toutes les promenades avec leur b\u00e9b\u00e9 plus confortables.Dimensions : 40 x 80 cm.<\/p>\n","protected":false},"excerpt":{"rendered":"<p>Nid d&rsquo;ange vert sintra avec des c\u0153urs brod\u00e9s. Il est fabriqu\u00e9 en mousseline douce et l&rsquo;int\u00e9rieur est en 100% coton. Il est id\u00e9al pour la nacelle et le si\u00e8ge-auto groupe 0. Il est dot\u00e9 de plusieurs ouvertures (\u0153illets) et de r\u00e9glages qui permettent de l&rsquo;adapter \u00e0 la plupart des si\u00e8ge-auto groupe 0. Avec ce sac, [&hellip;]<\/p>\n","protected":false},"featured_media":29890,"comment_status":"closed","ping_status":"closed","template":"","meta":{"_acf_changed":false,"inline_featured_image":false},"colecciones":[390],"product_brand":[],"product_cat":[144],"product_tag":[],"class_list":{"0":"post-30633","1":"product","2":"type-product","3":"status-publish","4":"has-post-thumbnail","6":"colecciones-collection-sintra","7":"product_cat-housses-pour-nacelle-et-nids-dange","9":"first","10":"instock","11":"purchasable","12":"product-type-simple"},"acf":[],"yoast_head":"<!-- This site is optimized with the Yoast SEO plugin v27.4 - https:\/\/yoast.com\/product\/yoast-seo-wordpress\/ -->\n<title>NID D&#039;ANGE \/ CHANCELIERE SIEGE AUTO GROUPE 0 \u00c9T\u00c9 SINTRA VERT - Walking Mum<\/title>\n<meta name=\"robots\" content=\"index, follow, max-snippet:-1, max-image-preview:large, max-video-preview:-1\" \/>\n<link rel=\"canonical\" href=\"https:\/\/walkingmum.com\/fr\/produit\/nid-dange-chanceliere-siege-auto-groupe-0-ete-sintra-vert\/\" \/>\n<meta property=\"og:locale\" content=\"fr_FR\" \/>\n<meta property=\"og:type\" content=\"article\" \/>\n<meta property=\"og:title\" content=\"NID D&#039;ANGE \/ CHANCELIERE SIEGE AUTO GROUPE 0 \u00c9T\u00c9 SINTRA VERT - Walking Mum\" \/>\n<meta property=\"og:description\" content=\"Nid d&rsquo;ange vert sintra avec des c\u0153urs brod\u00e9s. Il est fabriqu\u00e9 en mousseline douce et l&rsquo;int\u00e9rieur est en 100% coton. Il est id\u00e9al pour la nacelle et le si\u00e8ge-auto groupe 0. Il est dot\u00e9 de plusieurs ouvertures (\u0153illets) et de r\u00e9glages qui permettent de l&rsquo;adapter \u00e0 la plupart des si\u00e8ge-auto groupe 0. Avec ce sac, [&hellip;]\" \/>\n<meta property=\"og:url\" content=\"https:\/\/walkingmum.com\/fr\/produit\/nid-dange-chanceliere-siege-auto-groupe-0-ete-sintra-vert\/\" \/>\n<meta property=\"og:site_name\" content=\"Walking Mum\" \/>\n<meta property=\"article:modified_time\" content=\"2025-04-07T08:19:21+00:00\" \/>\n<meta property=\"og:image\" content=\"https:\/\/walkingmum.com\/wp-content\/uploads\/2025\/04\/1120800528_a-1.jpg\" \/>\n\t<meta property=\"og:image:width\" content=\"900\" \/>\n\t<meta property=\"og:image:height\" content=\"900\" \/>\n\t<meta property=\"og:image:type\" content=\"image\/jpeg\" \/>\n<meta name=\"twitter:card\" content=\"summary_large_image\" \/>\n<meta name=\"twitter:label1\" content=\"Dur\u00e9e de lecture estim\u00e9e\" \/>\n\t<meta name=\"twitter:data1\" content=\"1 minute\" \/>\n<script type=\"application\/ld+json\" class=\"yoast-schema-graph\">{\"@context\":\"https:\\\/\\\/schema.org\",\"@graph\":[{\"@type\":\"WebPage\",\"@id\":\"https:\\\/\\\/walkingmum.com\\\/fr\\\/produit\\\/nid-dange-chanceliere-siege-auto-groupe-0-ete-sintra-vert\\\/\",\"url\":\"https:\\\/\\\/walkingmum.com\\\/fr\\\/produit\\\/nid-dange-chanceliere-siege-auto-groupe-0-ete-sintra-vert\\\/\",\"name\":\"NID D'ANGE \\\/ CHANCELIERE SIEGE AUTO GROUPE 0 \u00c9T\u00c9 SINTRA VERT - Walking Mum\",\"isPartOf\":{\"@id\":\"https:\\\/\\\/walkingmum.com\\\/#website\"},\"primaryImageOfPage\":{\"@id\":\"https:\\\/\\\/walkingmum.com\\\/fr\\\/produit\\\/nid-dange-chanceliere-siege-auto-groupe-0-ete-sintra-vert\\\/#primaryimage\"},\"image\":{\"@id\":\"https:\\\/\\\/walkingmum.com\\\/fr\\\/produit\\\/nid-dange-chanceliere-siege-auto-groupe-0-ete-sintra-vert\\\/#primaryimage\"},\"thumbnailUrl\":\"https:\\\/\\\/walkingmum.com\\\/wp-content\\\/uploads\\\/2025\\\/04\\\/1120800528_a-1.jpg\",\"datePublished\":\"2025-04-07T08:19:20+00:00\",\"dateModified\":\"2025-04-07T08:19:21+00:00\",\"breadcrumb\":{\"@id\":\"https:\\\/\\\/walkingmum.com\\\/fr\\\/produit\\\/nid-dange-chanceliere-siege-auto-groupe-0-ete-sintra-vert\\\/#breadcrumb\"},\"inLanguage\":\"fr-FR\",\"potentialAction\":[{\"@type\":\"ReadAction\",\"target\":[\"https:\\\/\\\/walkingmum.com\\\/fr\\\/produit\\\/nid-dange-chanceliere-siege-auto-groupe-0-ete-sintra-vert\\\/\"]}]},{\"@type\":\"ImageObject\",\"inLanguage\":\"fr-FR\",\"@id\":\"https:\\\/\\\/walkingmum.com\\\/fr\\\/produit\\\/nid-dange-chanceliere-siege-auto-groupe-0-ete-sintra-vert\\\/#primaryimage\",\"url\":\"https:\\\/\\\/walkingmum.com\\\/wp-content\\\/uploads\\\/2025\\\/04\\\/1120800528_a-1.jpg\",\"contentUrl\":\"https:\\\/\\\/walkingmum.com\\\/wp-content\\\/uploads\\\/2025\\\/04\\\/1120800528_a-1.jpg\",\"width\":900,\"height\":900},{\"@type\":\"BreadcrumbList\",\"@id\":\"https:\\\/\\\/walkingmum.com\\\/fr\\\/produit\\\/nid-dange-chanceliere-siege-auto-groupe-0-ete-sintra-vert\\\/#breadcrumb\",\"itemListElement\":[{\"@type\":\"ListItem\",\"position\":1,\"name\":\"Portada\",\"item\":\"https:\\\/\\\/walkingmum.com\\\/fr\\\/\"},{\"@type\":\"ListItem\",\"position\":2,\"name\":\"Tienda\",\"item\":\"https:\\\/\\\/walkingmum.com\\\/tienda\\\/\"},{\"@type\":\"ListItem\",\"position\":3,\"name\":\"NID D&#8217;ANGE \\\/ CHANCELIERE SIEGE AUTO GROUPE 0 \u00c9T\u00c9 SINTRA VERT\"}]},{\"@type\":\"WebSite\",\"@id\":\"https:\\\/\\\/walkingmum.com\\\/#website\",\"url\":\"https:\\\/\\\/walkingmum.com\\\/\",\"name\":\"Walking Mum\",\"description\":\"La marca para beb\u00e9s modernos\",\"potentialAction\":[{\"@type\":\"SearchAction\",\"target\":{\"@type\":\"EntryPoint\",\"urlTemplate\":\"https:\\\/\\\/walkingmum.com\\\/?s={search_term_string}\"},\"query-input\":{\"@type\":\"PropertyValueSpecification\",\"valueRequired\":true,\"valueName\":\"search_term_string\"}}],\"inLanguage\":\"fr-FR\"}]}<\/script>\n<!-- \/ Yoast SEO plugin. -->","yoast_head_json":{"title":"NID D'ANGE \/ CHANCELIERE SIEGE AUTO GROUPE 0 \u00c9T\u00c9 SINTRA VERT - Walking Mum","robots":{"index":"index","follow":"follow","max-snippet":"max-snippet:-1","max-image-preview":"max-image-preview:large","max-video-preview":"max-video-preview:-1"},"canonical":"https:\/\/walkingmum.com\/fr\/produit\/nid-dange-chanceliere-siege-auto-groupe-0-ete-sintra-vert\/","og_locale":"fr_FR","og_type":"article","og_title":"NID D'ANGE \/ CHANCELIERE SIEGE AUTO GROUPE 0 \u00c9T\u00c9 SINTRA VERT - Walking Mum","og_description":"Nid d&rsquo;ange vert sintra avec des c\u0153urs brod\u00e9s. Il est fabriqu\u00e9 en mousseline douce et l&rsquo;int\u00e9rieur est en 100% coton. Il est id\u00e9al pour la nacelle et le si\u00e8ge-auto groupe 0. Il est dot\u00e9 de plusieurs ouvertures (\u0153illets) et de r\u00e9glages qui permettent de l&rsquo;adapter \u00e0 la plupart des si\u00e8ge-auto groupe 0. Avec ce sac, [&hellip;]","og_url":"https:\/\/walkingmum.com\/fr\/produit\/nid-dange-chanceliere-siege-auto-groupe-0-ete-sintra-vert\/","og_site_name":"Walking Mum","article_modified_time":"2025-04-07T08:19:21+00:00","og_image":[{"width":900,"height":900,"url":"https:\/\/walkingmum.com\/wp-content\/uploads\/2025\/04\/1120800528_a-1.jpg","type":"image\/jpeg"}],"twitter_card":"summary_large_image","twitter_misc":{"Dur\u00e9e de lecture estim\u00e9e":"1 minute"},"schema":{"@context":"https:\/\/schema.org","@graph":[{"@type":"WebPage","@id":"https:\/\/walkingmum.com\/fr\/produit\/nid-dange-chanceliere-siege-auto-groupe-0-ete-sintra-vert\/","url":"https:\/\/walkingmum.com\/fr\/produit\/nid-dange-chanceliere-siege-auto-groupe-0-ete-sintra-vert\/","name":"NID D'ANGE \/ CHANCELIERE SIEGE AUTO GROUPE 0 \u00c9T\u00c9 SINTRA VERT - Walking Mum","isPartOf":{"@id":"https:\/\/walkingmum.com\/#website"},"primaryImageOfPage":{"@id":"https:\/\/walkingmum.com\/fr\/produit\/nid-dange-chanceliere-siege-auto-groupe-0-ete-sintra-vert\/#primaryimage"},"image":{"@id":"https:\/\/walkingmum.com\/fr\/produit\/nid-dange-chanceliere-siege-auto-groupe-0-ete-sintra-vert\/#primaryimage"},"thumbnailUrl":"https:\/\/walkingmum.com\/wp-content\/uploads\/2025\/04\/1120800528_a-1.jpg","datePublished":"2025-04-07T08:19:20+00:00","dateModified":"2025-04-07T08:19:21+00:00","breadcrumb":{"@id":"https:\/\/walkingmum.com\/fr\/produit\/nid-dange-chanceliere-siege-auto-groupe-0-ete-sintra-vert\/#breadcrumb"},"inLanguage":"fr-FR","potentialAction":[{"@type":"ReadAction","target":["https:\/\/walkingmum.com\/fr\/produit\/nid-dange-chanceliere-siege-auto-groupe-0-ete-sintra-vert\/"]}]},{"@type":"ImageObject","inLanguage":"fr-FR","@id":"https:\/\/walkingmum.com\/fr\/produit\/nid-dange-chanceliere-siege-auto-groupe-0-ete-sintra-vert\/#primaryimage","url":"https:\/\/walkingmum.com\/wp-content\/uploads\/2025\/04\/1120800528_a-1.jpg","contentUrl":"https:\/\/walkingmum.com\/wp-content\/uploads\/2025\/04\/1120800528_a-1.jpg","width":900,"height":900},{"@type":"BreadcrumbList","@id":"https:\/\/walkingmum.com\/fr\/produit\/nid-dange-chanceliere-siege-auto-groupe-0-ete-sintra-vert\/#breadcrumb","itemListElement":[{"@type":"ListItem","position":1,"name":"Portada","item":"https:\/\/walkingmum.com\/fr\/"},{"@type":"ListItem","position":2,"name":"Tienda","item":"https:\/\/walkingmum.com\/tienda\/"},{"@type":"ListItem","position":3,"name":"NID D&#8217;ANGE \/ CHANCELIERE SIEGE AUTO GROUPE 0 \u00c9T\u00c9 SINTRA VERT"}]},{"@type":"WebSite","@id":"https:\/\/walkingmum.com\/#website","url":"https:\/\/walkingmum.com\/","name":"Walking Mum","description":"La marca para beb\u00e9s modernos","potentialAction":[{"@type":"SearchAction","target":{"@type":"EntryPoint","urlTemplate":"https:\/\/walkingmum.com\/?s={search_term_string}"},"query-input":{"@type":"PropertyValueSpecification","valueRequired":true,"valueName":"search_term_string"}}],"inLanguage":"fr-FR"}]}},"_links":{"self":[{"href":"https:\/\/walkingmum.com\/fr\/wp-json\/wp\/v2\/product\/30633","targetHints":{"allow":["GET"]}}],"collection":[{"href":"https:\/\/walkingmum.com\/fr\/wp-json\/wp\/v2\/product"}],"about":[{"href":"https:\/\/walkingmum.com\/fr\/wp-json\/wp\/v2\/types\/product"}],"replies":[{"embeddable":true,"href":"https:\/\/walkingmum.com\/fr\/wp-json\/wp\/v2\/comments?post=30633"}],"wp:featuredmedia":[{"embeddable":true,"href":"https:\/\/walkingmum.com\/fr\/wp-json\/wp\/v2\/media\/29890"}],"wp:attachment":[{"href":"https:\/\/walkingmum.com\/fr\/wp-json\/wp\/v2\/media?parent=30633"}],"wp:term":[{"taxonomy":"colecciones","embeddable":true,"href":"https:\/\/walkingmum.com\/fr\/wp-json\/wp\/v2\/colecciones?post=30633"},{"taxonomy":"product_brand","embeddable":true,"href":"https:\/\/walkingmum.com\/fr\/wp-json\/wp\/v2\/product_brand?post=30633"},{"taxonomy":"product_cat","embeddable":true,"href":"https:\/\/walkingmum.com\/fr\/wp-json\/wp\/v2\/product_cat?post=30633"},{"taxonomy":"product_tag","embeddable":true,"href":"https:\/\/walkingmum.com\/fr\/wp-json\/wp\/v2\/product_tag?post=30633"}],"curies":[{"name":"wp","href":"https:\/\/api.w.org\/{rel}","templated":true}]}}