{"id":30618,"date":"2025-04-07T08:18:15","date_gmt":"2025-04-07T08:19:15","guid":{"rendered":"https:\/\/walkingmum.com\/?post_type=product&#038;p=30618"},"modified":"2025-04-07T08:19:16","modified_gmt":"2025-04-07T08:19:16","slug":"organizer-a-pois-sintra-biege","status":"publish","type":"product","link":"https:\/\/walkingmum.com\/fr\/produit\/organizer-a-pois-sintra-biege\/","title":{"rendered":"ORGANIZER \u00c0 POIS SINTRA BIEGE"},"content":{"rendered":"<p>Le sac organisateur Sintra \u00e0 rayures beiges pour poussette est un mod\u00e8le tr\u00e8s l\u00e9ger, mais aussi r\u00e9sistant et spacieux pour transporter tout ce dont vous pourriez avoir besoin lors de la promenade de votre b\u00e9b\u00e9. Outre sa grande capacit\u00e9 ( ), il est con\u00e7u pour faciliter l&rsquo;organisation, avec plusieurs poches ext\u00e9rieures et int\u00e9rieures qui vous aideront \u00e0 ranger tous vos accessoires afin de les localiser plus facilement lorsque vous les utiliserez. Son design moderne et d\u00e9contract\u00e9 le rend parfait pour un usage quotidien et peut \u00eatre associ\u00e9 \u00e0 des looks d\u00e9contract\u00e9s ou sportifs. Il comprend des poign\u00e9es courtes qui permettent de l&rsquo;attacher \u00e0 n&rsquo;importe quel mod\u00e8le de poussette. Haute qualit\u00e9 et \u00e9l\u00e9gance. Fabriqu\u00e9 dans un mat\u00e9riau durable et facile \u00e0 nettoyer \u00e0 la main ou en machine \u00e0 30\u00b0C. Walking Mum prot\u00e8ge votre b\u00e9b\u00e9 en utilisant les meilleurs tissus, exempts de colorants azo\u00efques et de substances nocives pour la sant\u00e9. Notre collection Walking Mum conserve toute la qualit\u00e9 de la marque Pasito a Pasito mais avec un cachet particulier de style urbain et moderne qui ne passe pas inaper\u00e7u, pour habiller diff\u00e9remment les promenades avec votre b\u00e9b\u00e9. Les sacs de maternit\u00e9 de cette ligne sont plus sportifs et pratiques, sp\u00e9cialement con\u00e7us pour les mamans et les papas modernes qui appr\u00e9cient les designs les plus actuels et branch\u00e9s sans n\u00e9gliger la qualit\u00e9 et la fonctionnalit\u00e9 des accessoires qui compl\u00e8tent et rendent plus confortables toutes les promenades avec leurs b\u00e9b\u00e9s. Sp\u00e9cifications : Mat\u00e9riaux : 65% coton \/ 35% polyester plastifi\u00e9. Dimensions : 31X17X12 cm : 31X17X12 cm.<\/p>\n","protected":false},"excerpt":{"rendered":"<p>Le sac organisateur Sintra \u00e0 rayures beiges pour poussette est un mod\u00e8le tr\u00e8s l\u00e9ger, mais aussi r\u00e9sistant et spacieux pour transporter tout ce dont vous pourriez avoir besoin lors de la promenade de votre b\u00e9b\u00e9. Outre sa grande capacit\u00e9 ( ), il est con\u00e7u pour faciliter l&rsquo;organisation, avec plusieurs poches ext\u00e9rieures et int\u00e9rieures qui vous [&hellip;]<\/p>\n","protected":false},"featured_media":29610,"comment_status":"closed","ping_status":"closed","template":"","meta":{"_acf_changed":false,"inline_featured_image":false},"colecciones":[390],"product_brand":[],"product_cat":[129],"product_tag":[],"class_list":{"0":"post-30618","1":"product","2":"type-product","3":"status-publish","4":"has-post-thumbnail","6":"colecciones-collection-sintra","7":"product_cat-sacs-a-langer","9":"first","10":"instock","11":"purchasable","12":"product-type-simple"},"acf":[],"yoast_head":"<!-- This site is optimized with the Yoast SEO plugin v27.4 - https:\/\/yoast.com\/product\/yoast-seo-wordpress\/ -->\n<title>ORGANIZER \u00c0 POIS SINTRA BIEGE - Walking Mum<\/title>\n<meta name=\"robots\" content=\"index, follow, max-snippet:-1, max-image-preview:large, max-video-preview:-1\" \/>\n<link rel=\"canonical\" href=\"https:\/\/walkingmum.com\/fr\/produit\/organizer-a-pois-sintra-biege\/\" \/>\n<meta property=\"og:locale\" content=\"fr_FR\" \/>\n<meta property=\"og:type\" content=\"article\" \/>\n<meta property=\"og:title\" content=\"ORGANIZER \u00c0 POIS SINTRA BIEGE - Walking Mum\" \/>\n<meta property=\"og:description\" content=\"Le sac organisateur Sintra \u00e0 rayures beiges pour poussette est un mod\u00e8le tr\u00e8s l\u00e9ger, mais aussi r\u00e9sistant et spacieux pour transporter tout ce dont vous pourriez avoir besoin lors de la promenade de votre b\u00e9b\u00e9. Outre sa grande capacit\u00e9 ( ), il est con\u00e7u pour faciliter l&rsquo;organisation, avec plusieurs poches ext\u00e9rieures et int\u00e9rieures qui vous [&hellip;]\" \/>\n<meta property=\"og:url\" content=\"https:\/\/walkingmum.com\/fr\/produit\/organizer-a-pois-sintra-biege\/\" \/>\n<meta property=\"og:site_name\" content=\"Walking Mum\" \/>\n<meta property=\"article:modified_time\" content=\"2025-04-07T08:19:16+00:00\" \/>\n<meta property=\"og:image\" content=\"https:\/\/walkingmum.com\/wp-content\/uploads\/2025\/04\/1120800513_a-1.jpg\" \/>\n\t<meta property=\"og:image:width\" content=\"900\" \/>\n\t<meta property=\"og:image:height\" content=\"900\" \/>\n\t<meta property=\"og:image:type\" content=\"image\/jpeg\" \/>\n<meta name=\"twitter:card\" content=\"summary_large_image\" \/>\n<meta name=\"twitter:label1\" content=\"Dur\u00e9e de lecture estim\u00e9e\" \/>\n\t<meta name=\"twitter:data1\" content=\"1 minute\" \/>\n<script type=\"application\/ld+json\" class=\"yoast-schema-graph\">{\"@context\":\"https:\\\/\\\/schema.org\",\"@graph\":[{\"@type\":\"WebPage\",\"@id\":\"https:\\\/\\\/walkingmum.com\\\/fr\\\/produit\\\/organizer-a-pois-sintra-biege\\\/\",\"url\":\"https:\\\/\\\/walkingmum.com\\\/fr\\\/produit\\\/organizer-a-pois-sintra-biege\\\/\",\"name\":\"ORGANIZER \u00c0 POIS SINTRA BIEGE - Walking Mum\",\"isPartOf\":{\"@id\":\"https:\\\/\\\/walkingmum.com\\\/#website\"},\"primaryImageOfPage\":{\"@id\":\"https:\\\/\\\/walkingmum.com\\\/fr\\\/produit\\\/organizer-a-pois-sintra-biege\\\/#primaryimage\"},\"image\":{\"@id\":\"https:\\\/\\\/walkingmum.com\\\/fr\\\/produit\\\/organizer-a-pois-sintra-biege\\\/#primaryimage\"},\"thumbnailUrl\":\"https:\\\/\\\/walkingmum.com\\\/wp-content\\\/uploads\\\/2025\\\/04\\\/1120800513_a-1.jpg\",\"datePublished\":\"2025-04-07T08:19:15+00:00\",\"dateModified\":\"2025-04-07T08:19:16+00:00\",\"breadcrumb\":{\"@id\":\"https:\\\/\\\/walkingmum.com\\\/fr\\\/produit\\\/organizer-a-pois-sintra-biege\\\/#breadcrumb\"},\"inLanguage\":\"fr-FR\",\"potentialAction\":[{\"@type\":\"ReadAction\",\"target\":[\"https:\\\/\\\/walkingmum.com\\\/fr\\\/produit\\\/organizer-a-pois-sintra-biege\\\/\"]}]},{\"@type\":\"ImageObject\",\"inLanguage\":\"fr-FR\",\"@id\":\"https:\\\/\\\/walkingmum.com\\\/fr\\\/produit\\\/organizer-a-pois-sintra-biege\\\/#primaryimage\",\"url\":\"https:\\\/\\\/walkingmum.com\\\/wp-content\\\/uploads\\\/2025\\\/04\\\/1120800513_a-1.jpg\",\"contentUrl\":\"https:\\\/\\\/walkingmum.com\\\/wp-content\\\/uploads\\\/2025\\\/04\\\/1120800513_a-1.jpg\",\"width\":900,\"height\":900},{\"@type\":\"BreadcrumbList\",\"@id\":\"https:\\\/\\\/walkingmum.com\\\/fr\\\/produit\\\/organizer-a-pois-sintra-biege\\\/#breadcrumb\",\"itemListElement\":[{\"@type\":\"ListItem\",\"position\":1,\"name\":\"Portada\",\"item\":\"https:\\\/\\\/walkingmum.com\\\/fr\\\/\"},{\"@type\":\"ListItem\",\"position\":2,\"name\":\"Tienda\",\"item\":\"https:\\\/\\\/walkingmum.com\\\/tienda\\\/\"},{\"@type\":\"ListItem\",\"position\":3,\"name\":\"ORGANIZER \u00c0 POIS SINTRA BIEGE\"}]},{\"@type\":\"WebSite\",\"@id\":\"https:\\\/\\\/walkingmum.com\\\/#website\",\"url\":\"https:\\\/\\\/walkingmum.com\\\/\",\"name\":\"Walking Mum\",\"description\":\"La marca para beb\u00e9s modernos\",\"potentialAction\":[{\"@type\":\"SearchAction\",\"target\":{\"@type\":\"EntryPoint\",\"urlTemplate\":\"https:\\\/\\\/walkingmum.com\\\/?s={search_term_string}\"},\"query-input\":{\"@type\":\"PropertyValueSpecification\",\"valueRequired\":true,\"valueName\":\"search_term_string\"}}],\"inLanguage\":\"fr-FR\"}]}<\/script>\n<!-- \/ Yoast SEO plugin. -->","yoast_head_json":{"title":"ORGANIZER \u00c0 POIS SINTRA BIEGE - Walking Mum","robots":{"index":"index","follow":"follow","max-snippet":"max-snippet:-1","max-image-preview":"max-image-preview:large","max-video-preview":"max-video-preview:-1"},"canonical":"https:\/\/walkingmum.com\/fr\/produit\/organizer-a-pois-sintra-biege\/","og_locale":"fr_FR","og_type":"article","og_title":"ORGANIZER \u00c0 POIS SINTRA BIEGE - Walking Mum","og_description":"Le sac organisateur Sintra \u00e0 rayures beiges pour poussette est un mod\u00e8le tr\u00e8s l\u00e9ger, mais aussi r\u00e9sistant et spacieux pour transporter tout ce dont vous pourriez avoir besoin lors de la promenade de votre b\u00e9b\u00e9. Outre sa grande capacit\u00e9 ( ), il est con\u00e7u pour faciliter l&rsquo;organisation, avec plusieurs poches ext\u00e9rieures et int\u00e9rieures qui vous [&hellip;]","og_url":"https:\/\/walkingmum.com\/fr\/produit\/organizer-a-pois-sintra-biege\/","og_site_name":"Walking Mum","article_modified_time":"2025-04-07T08:19:16+00:00","og_image":[{"width":900,"height":900,"url":"https:\/\/walkingmum.com\/wp-content\/uploads\/2025\/04\/1120800513_a-1.jpg","type":"image\/jpeg"}],"twitter_card":"summary_large_image","twitter_misc":{"Dur\u00e9e de lecture estim\u00e9e":"1 minute"},"schema":{"@context":"https:\/\/schema.org","@graph":[{"@type":"WebPage","@id":"https:\/\/walkingmum.com\/fr\/produit\/organizer-a-pois-sintra-biege\/","url":"https:\/\/walkingmum.com\/fr\/produit\/organizer-a-pois-sintra-biege\/","name":"ORGANIZER \u00c0 POIS SINTRA BIEGE - Walking Mum","isPartOf":{"@id":"https:\/\/walkingmum.com\/#website"},"primaryImageOfPage":{"@id":"https:\/\/walkingmum.com\/fr\/produit\/organizer-a-pois-sintra-biege\/#primaryimage"},"image":{"@id":"https:\/\/walkingmum.com\/fr\/produit\/organizer-a-pois-sintra-biege\/#primaryimage"},"thumbnailUrl":"https:\/\/walkingmum.com\/wp-content\/uploads\/2025\/04\/1120800513_a-1.jpg","datePublished":"2025-04-07T08:19:15+00:00","dateModified":"2025-04-07T08:19:16+00:00","breadcrumb":{"@id":"https:\/\/walkingmum.com\/fr\/produit\/organizer-a-pois-sintra-biege\/#breadcrumb"},"inLanguage":"fr-FR","potentialAction":[{"@type":"ReadAction","target":["https:\/\/walkingmum.com\/fr\/produit\/organizer-a-pois-sintra-biege\/"]}]},{"@type":"ImageObject","inLanguage":"fr-FR","@id":"https:\/\/walkingmum.com\/fr\/produit\/organizer-a-pois-sintra-biege\/#primaryimage","url":"https:\/\/walkingmum.com\/wp-content\/uploads\/2025\/04\/1120800513_a-1.jpg","contentUrl":"https:\/\/walkingmum.com\/wp-content\/uploads\/2025\/04\/1120800513_a-1.jpg","width":900,"height":900},{"@type":"BreadcrumbList","@id":"https:\/\/walkingmum.com\/fr\/produit\/organizer-a-pois-sintra-biege\/#breadcrumb","itemListElement":[{"@type":"ListItem","position":1,"name":"Portada","item":"https:\/\/walkingmum.com\/fr\/"},{"@type":"ListItem","position":2,"name":"Tienda","item":"https:\/\/walkingmum.com\/tienda\/"},{"@type":"ListItem","position":3,"name":"ORGANIZER \u00c0 POIS SINTRA BIEGE"}]},{"@type":"WebSite","@id":"https:\/\/walkingmum.com\/#website","url":"https:\/\/walkingmum.com\/","name":"Walking Mum","description":"La marca para beb\u00e9s modernos","potentialAction":[{"@type":"SearchAction","target":{"@type":"EntryPoint","urlTemplate":"https:\/\/walkingmum.com\/?s={search_term_string}"},"query-input":{"@type":"PropertyValueSpecification","valueRequired":true,"valueName":"search_term_string"}}],"inLanguage":"fr-FR"}]}},"_links":{"self":[{"href":"https:\/\/walkingmum.com\/fr\/wp-json\/wp\/v2\/product\/30618","targetHints":{"allow":["GET"]}}],"collection":[{"href":"https:\/\/walkingmum.com\/fr\/wp-json\/wp\/v2\/product"}],"about":[{"href":"https:\/\/walkingmum.com\/fr\/wp-json\/wp\/v2\/types\/product"}],"replies":[{"embeddable":true,"href":"https:\/\/walkingmum.com\/fr\/wp-json\/wp\/v2\/comments?post=30618"}],"wp:featuredmedia":[{"embeddable":true,"href":"https:\/\/walkingmum.com\/fr\/wp-json\/wp\/v2\/media\/29610"}],"wp:attachment":[{"href":"https:\/\/walkingmum.com\/fr\/wp-json\/wp\/v2\/media?parent=30618"}],"wp:term":[{"taxonomy":"colecciones","embeddable":true,"href":"https:\/\/walkingmum.com\/fr\/wp-json\/wp\/v2\/colecciones?post=30618"},{"taxonomy":"product_brand","embeddable":true,"href":"https:\/\/walkingmum.com\/fr\/wp-json\/wp\/v2\/product_brand?post=30618"},{"taxonomy":"product_cat","embeddable":true,"href":"https:\/\/walkingmum.com\/fr\/wp-json\/wp\/v2\/product_cat?post=30618"},{"taxonomy":"product_tag","embeddable":true,"href":"https:\/\/walkingmum.com\/fr\/wp-json\/wp\/v2\/product_tag?post=30618"}],"curies":[{"name":"wp","href":"https:\/\/api.w.org\/{rel}","templated":true}]}}