{"id":30617,"date":"2025-04-07T08:18:14","date_gmt":"2025-04-07T08:19:16","guid":{"rendered":"https:\/\/walkingmum.com\/?post_type=product&#038;p=30617"},"modified":"2025-04-07T08:19:16","modified_gmt":"2025-04-07T08:19:16","slug":"sac-a-dos-sintra-vert","status":"publish","type":"product","link":"https:\/\/walkingmum.com\/fr\/produit\/sac-a-dos-sintra-vert\/","title":{"rendered":"SAC A DOS SINTRA VERT"},"content":{"rendered":"<p>Un sac \u00e0 langer et un sac \u00e0 dos tr\u00e8s moderne et urbain \u00e0 la fois, id\u00e9al pour transporter vos affaires et celles de votre b\u00e9b\u00e9, avec style, lors de toutes vos promenades. Le sac pour poussette ray\u00e9 vert Sintra est un mod\u00e8le multifonctionnel tr\u00e8s l\u00e9ger, r\u00e9sistant et d&rsquo;une grande capacit\u00e9 pour transporter tout ce dont vous avez besoin pour la promenade de votre b\u00e9b\u00e9. Il comprend une breloque en forme de c\u0153ur o\u00f9 vous pouvez broder le pr\u00e9nom de votre b\u00e9b\u00e9 pour personnaliser le sac. Sa conception offre de multiples poches ext\u00e9rieures et int\u00e9rieures pour garder tout bien rang\u00e9 et \u00e0 port\u00e9e de main. Il comporte des poches pour ranger les biberons et les garder en s\u00e9curit\u00e9, des poches \u00e9lastiques pour les couverts, les lingettes, un porte-bouteille d&rsquo;eau et bien plus encore. Il comprend un matelas \u00e0 langer assorti au sac de maternit\u00e9 et une poche plastifi\u00e9e pour ranger les v\u00eatements mouill\u00e9s et isoler l&rsquo;humidit\u00e9 du reste du sac. Il poss\u00e8de \u00e9galement une poche ext\u00e9rieure pour les lingettes. Le sac comprend deux courtes poign\u00e9es r\u00e9glables qui permettent de l&rsquo;attacher facilement \u00e0 n&rsquo;importe quel mod\u00e8le de poussette, des poign\u00e9es pour le tenir \u00e0 la main et des bretelles rembourr\u00e9es pour le porter au dos, sans g\u00e9n\u00e9rer d&rsquo;inconfort en raison du poids. Haute qualit\u00e9 et \u00e9l\u00e9gance. Fabriqu\u00e9 dans un mat\u00e9riau durable et facile \u00e0 nettoyer. Walking Mum prot\u00e8ge votre b\u00e9b\u00e9 en utilisant les meilleurs tissus, exempts de colorants azo\u00efques et de substances nocives pour la sant\u00e9. Notre collection Walking Mum conserve toute la qualit\u00e9 de la marque Pasito a Pasito mais avec un cachet particulier de style urbain et moderne qui ne passe pas inaper\u00e7u, pour habiller diff\u00e9remment les promenades avec votre b\u00e9b\u00e9. Les sacs de maternit\u00e9 de cette ligne sont plus sportifs et pratiques, sp\u00e9cialement con\u00e7us pour les mamans et les papas modernes qui appr\u00e9cient les designs les plus actuels et branch\u00e9s sans n\u00e9gliger la qualit\u00e9 et la fonctionnalit\u00e9 des accessoires qui compl\u00e8tent et rendent plus confortables toutes les promenades avec leurs b\u00e9b\u00e9s. Sp\u00e9cifications : Mat\u00e9riaux : 65% coton \/ 35% polyester plastifi\u00e9. Dimensions : 28X37X12 cm : 28X37X12 cm.<\/p>\n","protected":false},"excerpt":{"rendered":"<p>Un sac \u00e0 langer et un sac \u00e0 dos tr\u00e8s moderne et urbain \u00e0 la fois, id\u00e9al pour transporter vos affaires et celles de votre b\u00e9b\u00e9, avec style, lors de toutes vos promenades. Le sac pour poussette ray\u00e9 vert Sintra est un mod\u00e8le multifonctionnel tr\u00e8s l\u00e9ger, r\u00e9sistant et d&rsquo;une grande capacit\u00e9 pour transporter tout ce [&hellip;]<\/p>\n","protected":false},"featured_media":29574,"comment_status":"closed","ping_status":"closed","template":"","meta":{"_acf_changed":false,"inline_featured_image":false},"colecciones":[390],"product_brand":[],"product_cat":[132],"product_tag":[],"class_list":{"0":"post-30617","1":"product","2":"type-product","3":"status-publish","4":"has-post-thumbnail","6":"colecciones-collection-sintra","7":"product_cat-sacs-a-dos-a-langer","9":"first","10":"instock","11":"purchasable","12":"product-type-simple"},"acf":[],"yoast_head":"<!-- This site is optimized with the Yoast SEO plugin v27.4 - https:\/\/yoast.com\/product\/yoast-seo-wordpress\/ -->\n<title>SAC A DOS SINTRA VERT - Walking Mum<\/title>\n<meta name=\"robots\" content=\"index, follow, max-snippet:-1, max-image-preview:large, max-video-preview:-1\" \/>\n<link rel=\"canonical\" href=\"https:\/\/walkingmum.com\/fr\/produit\/sac-a-dos-sintra-vert\/\" \/>\n<meta property=\"og:locale\" content=\"fr_FR\" \/>\n<meta property=\"og:type\" content=\"article\" \/>\n<meta property=\"og:title\" content=\"SAC A DOS SINTRA VERT - Walking Mum\" \/>\n<meta property=\"og:description\" content=\"Un sac \u00e0 langer et un sac \u00e0 dos tr\u00e8s moderne et urbain \u00e0 la fois, id\u00e9al pour transporter vos affaires et celles de votre b\u00e9b\u00e9, avec style, lors de toutes vos promenades. Le sac pour poussette ray\u00e9 vert Sintra est un mod\u00e8le multifonctionnel tr\u00e8s l\u00e9ger, r\u00e9sistant et d&rsquo;une grande capacit\u00e9 pour transporter tout ce [&hellip;]\" \/>\n<meta property=\"og:url\" content=\"https:\/\/walkingmum.com\/fr\/produit\/sac-a-dos-sintra-vert\/\" \/>\n<meta property=\"og:site_name\" content=\"Walking Mum\" \/>\n<meta property=\"og:image\" content=\"https:\/\/walkingmum.com\/wp-content\/uploads\/2025\/04\/1120800512_a-1.jpg\" \/>\n\t<meta property=\"og:image:width\" content=\"900\" \/>\n\t<meta property=\"og:image:height\" content=\"900\" \/>\n\t<meta property=\"og:image:type\" content=\"image\/jpeg\" \/>\n<meta name=\"twitter:card\" content=\"summary_large_image\" \/>\n<meta name=\"twitter:label1\" content=\"Dur\u00e9e de lecture estim\u00e9e\" \/>\n\t<meta name=\"twitter:data1\" content=\"2 minutes\" \/>\n<script type=\"application\/ld+json\" class=\"yoast-schema-graph\">{\"@context\":\"https:\\\/\\\/schema.org\",\"@graph\":[{\"@type\":\"WebPage\",\"@id\":\"https:\\\/\\\/walkingmum.com\\\/fr\\\/produit\\\/sac-a-dos-sintra-vert\\\/\",\"url\":\"https:\\\/\\\/walkingmum.com\\\/fr\\\/produit\\\/sac-a-dos-sintra-vert\\\/\",\"name\":\"SAC A DOS SINTRA VERT - Walking Mum\",\"isPartOf\":{\"@id\":\"https:\\\/\\\/walkingmum.com\\\/#website\"},\"primaryImageOfPage\":{\"@id\":\"https:\\\/\\\/walkingmum.com\\\/fr\\\/produit\\\/sac-a-dos-sintra-vert\\\/#primaryimage\"},\"image\":{\"@id\":\"https:\\\/\\\/walkingmum.com\\\/fr\\\/produit\\\/sac-a-dos-sintra-vert\\\/#primaryimage\"},\"thumbnailUrl\":\"https:\\\/\\\/walkingmum.com\\\/wp-content\\\/uploads\\\/2025\\\/04\\\/1120800512_a-1.jpg\",\"datePublished\":\"2025-04-07T08:19:16+00:00\",\"breadcrumb\":{\"@id\":\"https:\\\/\\\/walkingmum.com\\\/fr\\\/produit\\\/sac-a-dos-sintra-vert\\\/#breadcrumb\"},\"inLanguage\":\"fr-FR\",\"potentialAction\":[{\"@type\":\"ReadAction\",\"target\":[\"https:\\\/\\\/walkingmum.com\\\/fr\\\/produit\\\/sac-a-dos-sintra-vert\\\/\"]}]},{\"@type\":\"ImageObject\",\"inLanguage\":\"fr-FR\",\"@id\":\"https:\\\/\\\/walkingmum.com\\\/fr\\\/produit\\\/sac-a-dos-sintra-vert\\\/#primaryimage\",\"url\":\"https:\\\/\\\/walkingmum.com\\\/wp-content\\\/uploads\\\/2025\\\/04\\\/1120800512_a-1.jpg\",\"contentUrl\":\"https:\\\/\\\/walkingmum.com\\\/wp-content\\\/uploads\\\/2025\\\/04\\\/1120800512_a-1.jpg\",\"width\":900,\"height\":900},{\"@type\":\"BreadcrumbList\",\"@id\":\"https:\\\/\\\/walkingmum.com\\\/fr\\\/produit\\\/sac-a-dos-sintra-vert\\\/#breadcrumb\",\"itemListElement\":[{\"@type\":\"ListItem\",\"position\":1,\"name\":\"Portada\",\"item\":\"https:\\\/\\\/walkingmum.com\\\/fr\\\/\"},{\"@type\":\"ListItem\",\"position\":2,\"name\":\"Tienda\",\"item\":\"https:\\\/\\\/walkingmum.com\\\/tienda\\\/\"},{\"@type\":\"ListItem\",\"position\":3,\"name\":\"SAC A DOS SINTRA VERT\"}]},{\"@type\":\"WebSite\",\"@id\":\"https:\\\/\\\/walkingmum.com\\\/#website\",\"url\":\"https:\\\/\\\/walkingmum.com\\\/\",\"name\":\"Walking Mum\",\"description\":\"La marca para beb\u00e9s modernos\",\"potentialAction\":[{\"@type\":\"SearchAction\",\"target\":{\"@type\":\"EntryPoint\",\"urlTemplate\":\"https:\\\/\\\/walkingmum.com\\\/?s={search_term_string}\"},\"query-input\":{\"@type\":\"PropertyValueSpecification\",\"valueRequired\":true,\"valueName\":\"search_term_string\"}}],\"inLanguage\":\"fr-FR\"}]}<\/script>\n<!-- \/ Yoast SEO plugin. -->","yoast_head_json":{"title":"SAC A DOS SINTRA VERT - Walking Mum","robots":{"index":"index","follow":"follow","max-snippet":"max-snippet:-1","max-image-preview":"max-image-preview:large","max-video-preview":"max-video-preview:-1"},"canonical":"https:\/\/walkingmum.com\/fr\/produit\/sac-a-dos-sintra-vert\/","og_locale":"fr_FR","og_type":"article","og_title":"SAC A DOS SINTRA VERT - Walking Mum","og_description":"Un sac \u00e0 langer et un sac \u00e0 dos tr\u00e8s moderne et urbain \u00e0 la fois, id\u00e9al pour transporter vos affaires et celles de votre b\u00e9b\u00e9, avec style, lors de toutes vos promenades. Le sac pour poussette ray\u00e9 vert Sintra est un mod\u00e8le multifonctionnel tr\u00e8s l\u00e9ger, r\u00e9sistant et d&rsquo;une grande capacit\u00e9 pour transporter tout ce [&hellip;]","og_url":"https:\/\/walkingmum.com\/fr\/produit\/sac-a-dos-sintra-vert\/","og_site_name":"Walking Mum","og_image":[{"width":900,"height":900,"url":"https:\/\/walkingmum.com\/wp-content\/uploads\/2025\/04\/1120800512_a-1.jpg","type":"image\/jpeg"}],"twitter_card":"summary_large_image","twitter_misc":{"Dur\u00e9e de lecture estim\u00e9e":"2 minutes"},"schema":{"@context":"https:\/\/schema.org","@graph":[{"@type":"WebPage","@id":"https:\/\/walkingmum.com\/fr\/produit\/sac-a-dos-sintra-vert\/","url":"https:\/\/walkingmum.com\/fr\/produit\/sac-a-dos-sintra-vert\/","name":"SAC A DOS SINTRA VERT - Walking Mum","isPartOf":{"@id":"https:\/\/walkingmum.com\/#website"},"primaryImageOfPage":{"@id":"https:\/\/walkingmum.com\/fr\/produit\/sac-a-dos-sintra-vert\/#primaryimage"},"image":{"@id":"https:\/\/walkingmum.com\/fr\/produit\/sac-a-dos-sintra-vert\/#primaryimage"},"thumbnailUrl":"https:\/\/walkingmum.com\/wp-content\/uploads\/2025\/04\/1120800512_a-1.jpg","datePublished":"2025-04-07T08:19:16+00:00","breadcrumb":{"@id":"https:\/\/walkingmum.com\/fr\/produit\/sac-a-dos-sintra-vert\/#breadcrumb"},"inLanguage":"fr-FR","potentialAction":[{"@type":"ReadAction","target":["https:\/\/walkingmum.com\/fr\/produit\/sac-a-dos-sintra-vert\/"]}]},{"@type":"ImageObject","inLanguage":"fr-FR","@id":"https:\/\/walkingmum.com\/fr\/produit\/sac-a-dos-sintra-vert\/#primaryimage","url":"https:\/\/walkingmum.com\/wp-content\/uploads\/2025\/04\/1120800512_a-1.jpg","contentUrl":"https:\/\/walkingmum.com\/wp-content\/uploads\/2025\/04\/1120800512_a-1.jpg","width":900,"height":900},{"@type":"BreadcrumbList","@id":"https:\/\/walkingmum.com\/fr\/produit\/sac-a-dos-sintra-vert\/#breadcrumb","itemListElement":[{"@type":"ListItem","position":1,"name":"Portada","item":"https:\/\/walkingmum.com\/fr\/"},{"@type":"ListItem","position":2,"name":"Tienda","item":"https:\/\/walkingmum.com\/tienda\/"},{"@type":"ListItem","position":3,"name":"SAC A DOS SINTRA VERT"}]},{"@type":"WebSite","@id":"https:\/\/walkingmum.com\/#website","url":"https:\/\/walkingmum.com\/","name":"Walking Mum","description":"La marca para beb\u00e9s modernos","potentialAction":[{"@type":"SearchAction","target":{"@type":"EntryPoint","urlTemplate":"https:\/\/walkingmum.com\/?s={search_term_string}"},"query-input":{"@type":"PropertyValueSpecification","valueRequired":true,"valueName":"search_term_string"}}],"inLanguage":"fr-FR"}]}},"_links":{"self":[{"href":"https:\/\/walkingmum.com\/fr\/wp-json\/wp\/v2\/product\/30617","targetHints":{"allow":["GET"]}}],"collection":[{"href":"https:\/\/walkingmum.com\/fr\/wp-json\/wp\/v2\/product"}],"about":[{"href":"https:\/\/walkingmum.com\/fr\/wp-json\/wp\/v2\/types\/product"}],"replies":[{"embeddable":true,"href":"https:\/\/walkingmum.com\/fr\/wp-json\/wp\/v2\/comments?post=30617"}],"wp:featuredmedia":[{"embeddable":true,"href":"https:\/\/walkingmum.com\/fr\/wp-json\/wp\/v2\/media\/29574"}],"wp:attachment":[{"href":"https:\/\/walkingmum.com\/fr\/wp-json\/wp\/v2\/media?parent=30617"}],"wp:term":[{"taxonomy":"colecciones","embeddable":true,"href":"https:\/\/walkingmum.com\/fr\/wp-json\/wp\/v2\/colecciones?post=30617"},{"taxonomy":"product_brand","embeddable":true,"href":"https:\/\/walkingmum.com\/fr\/wp-json\/wp\/v2\/product_brand?post=30617"},{"taxonomy":"product_cat","embeddable":true,"href":"https:\/\/walkingmum.com\/fr\/wp-json\/wp\/v2\/product_cat?post=30617"},{"taxonomy":"product_tag","embeddable":true,"href":"https:\/\/walkingmum.com\/fr\/wp-json\/wp\/v2\/product_tag?post=30617"}],"curies":[{"name":"wp","href":"https:\/\/api.w.org\/{rel}","templated":true}]}}