{"id":30615,"date":"2025-04-07T08:18:14","date_gmt":"2025-04-07T08:19:16","guid":{"rendered":"https:\/\/walkingmum.com\/?post_type=product&#038;p=30615"},"modified":"2025-04-07T08:19:16","modified_gmt":"2025-04-07T08:19:16","slug":"sac-a-langer-sintra-vert","status":"publish","type":"product","link":"https:\/\/walkingmum.com\/fr\/produit\/sac-a-langer-sintra-vert\/","title":{"rendered":"SAC A LANGER SINTRA VERT"},"content":{"rendered":"<p>Sac \u00e0 langer pour poussette \u00e0 rayures vertes Sintra avec matelas \u00e0 langer. Sac \u00e0 langer tr\u00e8s l\u00e9ger, r\u00e9sistant et de grande capacit\u00e9 pour transporter tout ce dont vous avez besoin pour la promenade de votre b\u00e9b\u00e9. Inclut un matelas \u00e0 langer assorti au sac de maternit\u00e9. Il poss\u00e8de de multiples poches pour tout ranger. A l&rsquo;int\u00e9rieur, il y a une poche plastifi\u00e9e pour les v\u00eatements mouill\u00e9s, une poche isotherme pour les biberons et deux poches pour tout ce que vous devez avoir \u00e0 port\u00e9e de main.  Il comprend une breloque en forme de c\u0153ur sur laquelle vous pouvez broder le nom de votre b\u00e9b\u00e9 pour personnaliser le sac. Le sac comprend deux courtes poign\u00e9es r\u00e9glables qui permettent de l&rsquo;attacher facilement \u00e0 n&rsquo;importe quel mod\u00e8le de poussette. Il comprend \u00e9galement une sangle pour l&rsquo;accrocher \u00e0 l&rsquo;\u00e9paule et deux poign\u00e9es courtes pour le porter \u00e0 la main. Haute qualit\u00e9 et \u00e9l\u00e9gance. Fabriqu\u00e9 dans un mat\u00e9riau durable et facile \u00e0 nettoyer. Walking Mum prot\u00e8ge votre b\u00e9b\u00e9 en utilisant les meilleurs tissus, exempts de colorants azo\u00efques et de substances nocives. Notre collection Walking Mum conserve toute la qualit\u00e9 de la marque Pasito a Pasito mais avec un cachet particulier de style urbain et moderne qui ne passe pas inaper\u00e7u, pour habiller diff\u00e9remment les promenades avec votre b\u00e9b\u00e9. Les sacs de maternit\u00e9 de cette ligne sont plus sportifs et pratiques, sp\u00e9cialement con\u00e7us pour les mamans et les papas modernes qui appr\u00e9cient les designs les plus actuels et branch\u00e9s sans n\u00e9gliger la qualit\u00e9 et la fonctionnalit\u00e9 des accessoires qui compl\u00e8tent et rendent plus confortables toutes les promenades avec leurs b\u00e9b\u00e9s. Sp\u00e9cifications : Mat\u00e9riaux : 65% coton \/ 35% polyester plastifi\u00e9. Dimensions : 32x33x13 cm : 32x33x13 cm.<\/p>\n","protected":false},"excerpt":{"rendered":"<p>Sac \u00e0 langer pour poussette \u00e0 rayures vertes Sintra avec matelas \u00e0 langer. Sac \u00e0 langer tr\u00e8s l\u00e9ger, r\u00e9sistant et de grande capacit\u00e9 pour transporter tout ce dont vous avez besoin pour la promenade de votre b\u00e9b\u00e9. Inclut un matelas \u00e0 langer assorti au sac de maternit\u00e9. Il poss\u00e8de de multiples poches pour tout ranger. [&hellip;]<\/p>\n","protected":false},"featured_media":29506,"comment_status":"closed","ping_status":"closed","template":"","meta":{"_acf_changed":false,"inline_featured_image":false},"colecciones":[390],"product_brand":[],"product_cat":[129],"product_tag":[],"class_list":{"0":"post-30615","1":"product","2":"type-product","3":"status-publish","4":"has-post-thumbnail","6":"colecciones-collection-sintra","7":"product_cat-sacs-a-langer","9":"first","10":"instock","11":"purchasable","12":"product-type-simple"},"acf":[],"yoast_head":"<!-- This site is optimized with the Yoast SEO plugin v27.6 - https:\/\/yoast.com\/product\/yoast-seo-wordpress\/ -->\n<title>SAC A LANGER SINTRA VERT - Walking Mum<\/title>\n<meta name=\"robots\" content=\"index, follow, max-snippet:-1, max-image-preview:large, max-video-preview:-1\" \/>\n<link rel=\"canonical\" href=\"https:\/\/walkingmum.com\/fr\/produit\/sac-a-langer-sintra-vert\/\" \/>\n<meta property=\"og:locale\" content=\"fr_FR\" \/>\n<meta property=\"og:type\" content=\"article\" \/>\n<meta property=\"og:title\" content=\"SAC A LANGER SINTRA VERT - Walking Mum\" \/>\n<meta property=\"og:description\" content=\"Sac \u00e0 langer pour poussette \u00e0 rayures vertes Sintra avec matelas \u00e0 langer. Sac \u00e0 langer tr\u00e8s l\u00e9ger, r\u00e9sistant et de grande capacit\u00e9 pour transporter tout ce dont vous avez besoin pour la promenade de votre b\u00e9b\u00e9. Inclut un matelas \u00e0 langer assorti au sac de maternit\u00e9. Il poss\u00e8de de multiples poches pour tout ranger. [&hellip;]\" \/>\n<meta property=\"og:url\" content=\"https:\/\/walkingmum.com\/fr\/produit\/sac-a-langer-sintra-vert\/\" \/>\n<meta property=\"og:site_name\" content=\"Walking Mum\" \/>\n<meta property=\"og:image\" content=\"https:\/\/walkingmum.com\/wp-content\/uploads\/2025\/04\/1120800510_a-1.jpg\" \/>\n\t<meta property=\"og:image:width\" content=\"900\" \/>\n\t<meta property=\"og:image:height\" content=\"900\" \/>\n\t<meta property=\"og:image:type\" content=\"image\/jpeg\" \/>\n<meta name=\"twitter:card\" content=\"summary_large_image\" \/>\n<meta name=\"twitter:label1\" content=\"Dur\u00e9e de lecture estim\u00e9e\" \/>\n\t<meta name=\"twitter:data1\" content=\"2 minutes\" \/>\n<script type=\"application\/ld+json\" class=\"yoast-schema-graph\">{\"@context\":\"https:\\\/\\\/schema.org\",\"@graph\":[{\"@type\":\"WebPage\",\"@id\":\"https:\\\/\\\/walkingmum.com\\\/fr\\\/produit\\\/sac-a-langer-sintra-vert\\\/\",\"url\":\"https:\\\/\\\/walkingmum.com\\\/fr\\\/produit\\\/sac-a-langer-sintra-vert\\\/\",\"name\":\"SAC A LANGER SINTRA VERT - Walking Mum\",\"isPartOf\":{\"@id\":\"https:\\\/\\\/walkingmum.com\\\/#website\"},\"primaryImageOfPage\":{\"@id\":\"https:\\\/\\\/walkingmum.com\\\/fr\\\/produit\\\/sac-a-langer-sintra-vert\\\/#primaryimage\"},\"image\":{\"@id\":\"https:\\\/\\\/walkingmum.com\\\/fr\\\/produit\\\/sac-a-langer-sintra-vert\\\/#primaryimage\"},\"thumbnailUrl\":\"https:\\\/\\\/walkingmum.com\\\/wp-content\\\/uploads\\\/2025\\\/04\\\/1120800510_a-1.jpg\",\"datePublished\":\"2025-04-07T08:19:16+00:00\",\"breadcrumb\":{\"@id\":\"https:\\\/\\\/walkingmum.com\\\/fr\\\/produit\\\/sac-a-langer-sintra-vert\\\/#breadcrumb\"},\"inLanguage\":\"fr-FR\",\"potentialAction\":[{\"@type\":\"ReadAction\",\"target\":[\"https:\\\/\\\/walkingmum.com\\\/fr\\\/produit\\\/sac-a-langer-sintra-vert\\\/\"]}]},{\"@type\":\"ImageObject\",\"inLanguage\":\"fr-FR\",\"@id\":\"https:\\\/\\\/walkingmum.com\\\/fr\\\/produit\\\/sac-a-langer-sintra-vert\\\/#primaryimage\",\"url\":\"https:\\\/\\\/walkingmum.com\\\/wp-content\\\/uploads\\\/2025\\\/04\\\/1120800510_a-1.jpg\",\"contentUrl\":\"https:\\\/\\\/walkingmum.com\\\/wp-content\\\/uploads\\\/2025\\\/04\\\/1120800510_a-1.jpg\",\"width\":900,\"height\":900},{\"@type\":\"BreadcrumbList\",\"@id\":\"https:\\\/\\\/walkingmum.com\\\/fr\\\/produit\\\/sac-a-langer-sintra-vert\\\/#breadcrumb\",\"itemListElement\":[{\"@type\":\"ListItem\",\"position\":1,\"name\":\"Portada\",\"item\":\"https:\\\/\\\/walkingmum.com\\\/fr\\\/\"},{\"@type\":\"ListItem\",\"position\":2,\"name\":\"Tienda\",\"item\":\"https:\\\/\\\/walkingmum.com\\\/tienda\\\/\"},{\"@type\":\"ListItem\",\"position\":3,\"name\":\"SAC A LANGER SINTRA VERT\"}]},{\"@type\":\"WebSite\",\"@id\":\"https:\\\/\\\/walkingmum.com\\\/#website\",\"url\":\"https:\\\/\\\/walkingmum.com\\\/\",\"name\":\"Walking Mum\",\"description\":\"La marca para beb\u00e9s modernos\",\"potentialAction\":[{\"@type\":\"SearchAction\",\"target\":{\"@type\":\"EntryPoint\",\"urlTemplate\":\"https:\\\/\\\/walkingmum.com\\\/?s={search_term_string}\"},\"query-input\":{\"@type\":\"PropertyValueSpecification\",\"valueRequired\":true,\"valueName\":\"search_term_string\"}}],\"inLanguage\":\"fr-FR\"}]}<\/script>\n<!-- \/ Yoast SEO plugin. -->","yoast_head_json":{"title":"SAC A LANGER SINTRA VERT - Walking Mum","robots":{"index":"index","follow":"follow","max-snippet":"max-snippet:-1","max-image-preview":"max-image-preview:large","max-video-preview":"max-video-preview:-1"},"canonical":"https:\/\/walkingmum.com\/fr\/produit\/sac-a-langer-sintra-vert\/","og_locale":"fr_FR","og_type":"article","og_title":"SAC A LANGER SINTRA VERT - Walking Mum","og_description":"Sac \u00e0 langer pour poussette \u00e0 rayures vertes Sintra avec matelas \u00e0 langer. Sac \u00e0 langer tr\u00e8s l\u00e9ger, r\u00e9sistant et de grande capacit\u00e9 pour transporter tout ce dont vous avez besoin pour la promenade de votre b\u00e9b\u00e9. Inclut un matelas \u00e0 langer assorti au sac de maternit\u00e9. Il poss\u00e8de de multiples poches pour tout ranger. [&hellip;]","og_url":"https:\/\/walkingmum.com\/fr\/produit\/sac-a-langer-sintra-vert\/","og_site_name":"Walking Mum","og_image":[{"width":900,"height":900,"url":"https:\/\/walkingmum.com\/wp-content\/uploads\/2025\/04\/1120800510_a-1.jpg","type":"image\/jpeg"}],"twitter_card":"summary_large_image","twitter_misc":{"Dur\u00e9e de lecture estim\u00e9e":"2 minutes"},"schema":{"@context":"https:\/\/schema.org","@graph":[{"@type":"WebPage","@id":"https:\/\/walkingmum.com\/fr\/produit\/sac-a-langer-sintra-vert\/","url":"https:\/\/walkingmum.com\/fr\/produit\/sac-a-langer-sintra-vert\/","name":"SAC A LANGER SINTRA VERT - Walking Mum","isPartOf":{"@id":"https:\/\/walkingmum.com\/#website"},"primaryImageOfPage":{"@id":"https:\/\/walkingmum.com\/fr\/produit\/sac-a-langer-sintra-vert\/#primaryimage"},"image":{"@id":"https:\/\/walkingmum.com\/fr\/produit\/sac-a-langer-sintra-vert\/#primaryimage"},"thumbnailUrl":"https:\/\/walkingmum.com\/wp-content\/uploads\/2025\/04\/1120800510_a-1.jpg","datePublished":"2025-04-07T08:19:16+00:00","breadcrumb":{"@id":"https:\/\/walkingmum.com\/fr\/produit\/sac-a-langer-sintra-vert\/#breadcrumb"},"inLanguage":"fr-FR","potentialAction":[{"@type":"ReadAction","target":["https:\/\/walkingmum.com\/fr\/produit\/sac-a-langer-sintra-vert\/"]}]},{"@type":"ImageObject","inLanguage":"fr-FR","@id":"https:\/\/walkingmum.com\/fr\/produit\/sac-a-langer-sintra-vert\/#primaryimage","url":"https:\/\/walkingmum.com\/wp-content\/uploads\/2025\/04\/1120800510_a-1.jpg","contentUrl":"https:\/\/walkingmum.com\/wp-content\/uploads\/2025\/04\/1120800510_a-1.jpg","width":900,"height":900},{"@type":"BreadcrumbList","@id":"https:\/\/walkingmum.com\/fr\/produit\/sac-a-langer-sintra-vert\/#breadcrumb","itemListElement":[{"@type":"ListItem","position":1,"name":"Portada","item":"https:\/\/walkingmum.com\/fr\/"},{"@type":"ListItem","position":2,"name":"Tienda","item":"https:\/\/walkingmum.com\/tienda\/"},{"@type":"ListItem","position":3,"name":"SAC A LANGER SINTRA VERT"}]},{"@type":"WebSite","@id":"https:\/\/walkingmum.com\/#website","url":"https:\/\/walkingmum.com\/","name":"Walking Mum","description":"La marca para beb\u00e9s modernos","potentialAction":[{"@type":"SearchAction","target":{"@type":"EntryPoint","urlTemplate":"https:\/\/walkingmum.com\/?s={search_term_string}"},"query-input":{"@type":"PropertyValueSpecification","valueRequired":true,"valueName":"search_term_string"}}],"inLanguage":"fr-FR"}]}},"_links":{"self":[{"href":"https:\/\/walkingmum.com\/fr\/wp-json\/wp\/v2\/product\/30615","targetHints":{"allow":["GET"]}}],"collection":[{"href":"https:\/\/walkingmum.com\/fr\/wp-json\/wp\/v2\/product"}],"about":[{"href":"https:\/\/walkingmum.com\/fr\/wp-json\/wp\/v2\/types\/product"}],"replies":[{"embeddable":true,"href":"https:\/\/walkingmum.com\/fr\/wp-json\/wp\/v2\/comments?post=30615"}],"wp:featuredmedia":[{"embeddable":true,"href":"https:\/\/walkingmum.com\/fr\/wp-json\/wp\/v2\/media\/29506"}],"wp:attachment":[{"href":"https:\/\/walkingmum.com\/fr\/wp-json\/wp\/v2\/media?parent=30615"}],"wp:term":[{"taxonomy":"colecciones","embeddable":true,"href":"https:\/\/walkingmum.com\/fr\/wp-json\/wp\/v2\/colecciones?post=30615"},{"taxonomy":"product_brand","embeddable":true,"href":"https:\/\/walkingmum.com\/fr\/wp-json\/wp\/v2\/product_brand?post=30615"},{"taxonomy":"product_cat","embeddable":true,"href":"https:\/\/walkingmum.com\/fr\/wp-json\/wp\/v2\/product_cat?post=30615"},{"taxonomy":"product_tag","embeddable":true,"href":"https:\/\/walkingmum.com\/fr\/wp-json\/wp\/v2\/product_tag?post=30615"}],"curies":[{"name":"wp","href":"https:\/\/api.w.org\/{rel}","templated":true}]}}