{"id":30613,"date":"2025-04-07T08:25:47","date_gmt":"2025-04-07T08:27:25","guid":{"rendered":"https:\/\/walkingmum.com\/?post_type=product&#038;p=30613"},"modified":"2025-04-07T08:27:25","modified_gmt":"2025-04-07T08:27:25","slug":"jouet-dactivite-en-ficelle-ane-botton-bandes","status":"publish","type":"product","link":"https:\/\/walkingmum.com\/fr\/produit\/jouet-dactivite-en-ficelle-ane-botton-bandes\/","title":{"rendered":"JOUET D&rsquo;ACTIVIT\u00c9 EN FICELLE \u00c2NE BOTTON BANDES"},"content":{"rendered":"<p>Le jouet en spirale avec un petit \u00e2ne \u00e0 rayures Botton de Walking Mum est l&rsquo;accessoire parfait pour stimuler et amuser votre b\u00e9b\u00e9. Con\u00e7u avec des mat\u00e9riaux ultra-doux tels que le velours et la peluche, ce jouet est id\u00e9al pour \u00eatre accroch\u00e9 dans le landau ou le si\u00e8ge auto, offrant des heures d&rsquo;amusement et d&rsquo;apprentissage. Facile \u00e0 fixer, il s&rsquo;adapte \u00e0 diff\u00e9rentes surfaces. Il comprend des pendentifs avec diff\u00e9rentes textures, formes et sons pour le d\u00e9veloppement de b\u00e9b\u00e9. Joli design aux tons neutres et \u00e9l\u00e9gants. Pas de petites pi\u00e8ces ni d&rsquo;\u00e9l\u00e9ments dangereux. Ce jouet encourage non seulement l&rsquo;exploration et le d\u00e9veloppement sensoriel, mais il d\u00e9core aussi tendrement l&rsquo;espace de votre b\u00e9b\u00e9. Walking Mum prot\u00e8ge votre b\u00e9b\u00e9 en utilisant les meilleurs tissus, exempts de colorants azo\u00efques et de substances nocives pour la sant\u00e9. Conforme \u00e0 la norme europ\u00e9enne EN-71 S\u00e9curit\u00e9 des jouets +0 an.<\/p>\n","protected":false},"excerpt":{"rendered":"<p>Le jouet en spirale avec un petit \u00e2ne \u00e0 rayures Botton de Walking Mum est l&rsquo;accessoire parfait pour stimuler et amuser votre b\u00e9b\u00e9. Con\u00e7u avec des mat\u00e9riaux ultra-doux tels que le velours et la peluche, ce jouet est id\u00e9al pour \u00eatre accroch\u00e9 dans le landau ou le si\u00e8ge auto, offrant des heures d&rsquo;amusement et d&rsquo;apprentissage. [&hellip;]<\/p>\n","protected":false},"featured_media":29458,"comment_status":"closed","ping_status":"closed","template":"","meta":{"_acf_changed":false,"inline_featured_image":false},"colecciones":[389],"product_brand":[],"product_cat":[255],"product_tag":[],"class_list":{"0":"post-30613","1":"product","2":"type-product","3":"status-publish","4":"has-post-thumbnail","6":"colecciones-collection-botton","7":"product_cat-peluches-et-accessories","9":"first","10":"instock","11":"purchasable","12":"product-type-simple"},"acf":[],"yoast_head":"<!-- This site is optimized with the Yoast SEO plugin v27.4 - https:\/\/yoast.com\/product\/yoast-seo-wordpress\/ -->\n<title>JOUET D&#039;ACTIVIT\u00c9 EN FICELLE \u00c2NE BOTTON BANDES - Walking Mum<\/title>\n<meta name=\"robots\" content=\"index, follow, max-snippet:-1, max-image-preview:large, max-video-preview:-1\" \/>\n<link rel=\"canonical\" href=\"https:\/\/walkingmum.com\/fr\/produit\/jouet-dactivite-en-ficelle-ane-botton-bandes\/\" \/>\n<meta property=\"og:locale\" content=\"fr_FR\" \/>\n<meta property=\"og:type\" content=\"article\" \/>\n<meta property=\"og:title\" content=\"JOUET D&#039;ACTIVIT\u00c9 EN FICELLE \u00c2NE BOTTON BANDES - Walking Mum\" \/>\n<meta property=\"og:description\" content=\"Le jouet en spirale avec un petit \u00e2ne \u00e0 rayures Botton de Walking Mum est l&rsquo;accessoire parfait pour stimuler et amuser votre b\u00e9b\u00e9. Con\u00e7u avec des mat\u00e9riaux ultra-doux tels que le velours et la peluche, ce jouet est id\u00e9al pour \u00eatre accroch\u00e9 dans le landau ou le si\u00e8ge auto, offrant des heures d&rsquo;amusement et d&rsquo;apprentissage. [&hellip;]\" \/>\n<meta property=\"og:url\" content=\"https:\/\/walkingmum.com\/fr\/produit\/jouet-dactivite-en-ficelle-ane-botton-bandes\/\" \/>\n<meta property=\"og:site_name\" content=\"Walking Mum\" \/>\n<meta property=\"og:image\" content=\"https:\/\/walkingmum.com\/wp-content\/uploads\/2025\/04\/1120800508_a-1.jpg\" \/>\n\t<meta property=\"og:image:width\" content=\"900\" \/>\n\t<meta property=\"og:image:height\" content=\"900\" \/>\n\t<meta property=\"og:image:type\" content=\"image\/jpeg\" \/>\n<meta name=\"twitter:card\" content=\"summary_large_image\" \/>\n<meta name=\"twitter:label1\" content=\"Dur\u00e9e de lecture estim\u00e9e\" \/>\n\t<meta name=\"twitter:data1\" content=\"1 minute\" \/>\n<script type=\"application\/ld+json\" class=\"yoast-schema-graph\">{\"@context\":\"https:\\\/\\\/schema.org\",\"@graph\":[{\"@type\":\"WebPage\",\"@id\":\"https:\\\/\\\/walkingmum.com\\\/fr\\\/produit\\\/jouet-dactivite-en-ficelle-ane-botton-bandes\\\/\",\"url\":\"https:\\\/\\\/walkingmum.com\\\/fr\\\/produit\\\/jouet-dactivite-en-ficelle-ane-botton-bandes\\\/\",\"name\":\"JOUET D'ACTIVIT\u00c9 EN FICELLE \u00c2NE BOTTON BANDES - Walking Mum\",\"isPartOf\":{\"@id\":\"https:\\\/\\\/walkingmum.com\\\/#website\"},\"primaryImageOfPage\":{\"@id\":\"https:\\\/\\\/walkingmum.com\\\/fr\\\/produit\\\/jouet-dactivite-en-ficelle-ane-botton-bandes\\\/#primaryimage\"},\"image\":{\"@id\":\"https:\\\/\\\/walkingmum.com\\\/fr\\\/produit\\\/jouet-dactivite-en-ficelle-ane-botton-bandes\\\/#primaryimage\"},\"thumbnailUrl\":\"https:\\\/\\\/walkingmum.com\\\/wp-content\\\/uploads\\\/2025\\\/04\\\/1120800508_a-1.jpg\",\"datePublished\":\"2025-04-07T08:27:25+00:00\",\"breadcrumb\":{\"@id\":\"https:\\\/\\\/walkingmum.com\\\/fr\\\/produit\\\/jouet-dactivite-en-ficelle-ane-botton-bandes\\\/#breadcrumb\"},\"inLanguage\":\"fr-FR\",\"potentialAction\":[{\"@type\":\"ReadAction\",\"target\":[\"https:\\\/\\\/walkingmum.com\\\/fr\\\/produit\\\/jouet-dactivite-en-ficelle-ane-botton-bandes\\\/\"]}]},{\"@type\":\"ImageObject\",\"inLanguage\":\"fr-FR\",\"@id\":\"https:\\\/\\\/walkingmum.com\\\/fr\\\/produit\\\/jouet-dactivite-en-ficelle-ane-botton-bandes\\\/#primaryimage\",\"url\":\"https:\\\/\\\/walkingmum.com\\\/wp-content\\\/uploads\\\/2025\\\/04\\\/1120800508_a-1.jpg\",\"contentUrl\":\"https:\\\/\\\/walkingmum.com\\\/wp-content\\\/uploads\\\/2025\\\/04\\\/1120800508_a-1.jpg\",\"width\":900,\"height\":900},{\"@type\":\"BreadcrumbList\",\"@id\":\"https:\\\/\\\/walkingmum.com\\\/fr\\\/produit\\\/jouet-dactivite-en-ficelle-ane-botton-bandes\\\/#breadcrumb\",\"itemListElement\":[{\"@type\":\"ListItem\",\"position\":1,\"name\":\"Portada\",\"item\":\"https:\\\/\\\/walkingmum.com\\\/fr\\\/\"},{\"@type\":\"ListItem\",\"position\":2,\"name\":\"Tienda\",\"item\":\"https:\\\/\\\/walkingmum.com\\\/tienda\\\/\"},{\"@type\":\"ListItem\",\"position\":3,\"name\":\"JOUET D&#8217;ACTIVIT\u00c9 EN FICELLE \u00c2NE BOTTON BANDES\"}]},{\"@type\":\"WebSite\",\"@id\":\"https:\\\/\\\/walkingmum.com\\\/#website\",\"url\":\"https:\\\/\\\/walkingmum.com\\\/\",\"name\":\"Walking Mum\",\"description\":\"La marca para beb\u00e9s modernos\",\"potentialAction\":[{\"@type\":\"SearchAction\",\"target\":{\"@type\":\"EntryPoint\",\"urlTemplate\":\"https:\\\/\\\/walkingmum.com\\\/?s={search_term_string}\"},\"query-input\":{\"@type\":\"PropertyValueSpecification\",\"valueRequired\":true,\"valueName\":\"search_term_string\"}}],\"inLanguage\":\"fr-FR\"}]}<\/script>\n<!-- \/ Yoast SEO plugin. -->","yoast_head_json":{"title":"JOUET D'ACTIVIT\u00c9 EN FICELLE \u00c2NE BOTTON BANDES - Walking Mum","robots":{"index":"index","follow":"follow","max-snippet":"max-snippet:-1","max-image-preview":"max-image-preview:large","max-video-preview":"max-video-preview:-1"},"canonical":"https:\/\/walkingmum.com\/fr\/produit\/jouet-dactivite-en-ficelle-ane-botton-bandes\/","og_locale":"fr_FR","og_type":"article","og_title":"JOUET D'ACTIVIT\u00c9 EN FICELLE \u00c2NE BOTTON BANDES - Walking Mum","og_description":"Le jouet en spirale avec un petit \u00e2ne \u00e0 rayures Botton de Walking Mum est l&rsquo;accessoire parfait pour stimuler et amuser votre b\u00e9b\u00e9. Con\u00e7u avec des mat\u00e9riaux ultra-doux tels que le velours et la peluche, ce jouet est id\u00e9al pour \u00eatre accroch\u00e9 dans le landau ou le si\u00e8ge auto, offrant des heures d&rsquo;amusement et d&rsquo;apprentissage. [&hellip;]","og_url":"https:\/\/walkingmum.com\/fr\/produit\/jouet-dactivite-en-ficelle-ane-botton-bandes\/","og_site_name":"Walking Mum","og_image":[{"width":900,"height":900,"url":"https:\/\/walkingmum.com\/wp-content\/uploads\/2025\/04\/1120800508_a-1.jpg","type":"image\/jpeg"}],"twitter_card":"summary_large_image","twitter_misc":{"Dur\u00e9e de lecture estim\u00e9e":"1 minute"},"schema":{"@context":"https:\/\/schema.org","@graph":[{"@type":"WebPage","@id":"https:\/\/walkingmum.com\/fr\/produit\/jouet-dactivite-en-ficelle-ane-botton-bandes\/","url":"https:\/\/walkingmum.com\/fr\/produit\/jouet-dactivite-en-ficelle-ane-botton-bandes\/","name":"JOUET D'ACTIVIT\u00c9 EN FICELLE \u00c2NE BOTTON BANDES - Walking Mum","isPartOf":{"@id":"https:\/\/walkingmum.com\/#website"},"primaryImageOfPage":{"@id":"https:\/\/walkingmum.com\/fr\/produit\/jouet-dactivite-en-ficelle-ane-botton-bandes\/#primaryimage"},"image":{"@id":"https:\/\/walkingmum.com\/fr\/produit\/jouet-dactivite-en-ficelle-ane-botton-bandes\/#primaryimage"},"thumbnailUrl":"https:\/\/walkingmum.com\/wp-content\/uploads\/2025\/04\/1120800508_a-1.jpg","datePublished":"2025-04-07T08:27:25+00:00","breadcrumb":{"@id":"https:\/\/walkingmum.com\/fr\/produit\/jouet-dactivite-en-ficelle-ane-botton-bandes\/#breadcrumb"},"inLanguage":"fr-FR","potentialAction":[{"@type":"ReadAction","target":["https:\/\/walkingmum.com\/fr\/produit\/jouet-dactivite-en-ficelle-ane-botton-bandes\/"]}]},{"@type":"ImageObject","inLanguage":"fr-FR","@id":"https:\/\/walkingmum.com\/fr\/produit\/jouet-dactivite-en-ficelle-ane-botton-bandes\/#primaryimage","url":"https:\/\/walkingmum.com\/wp-content\/uploads\/2025\/04\/1120800508_a-1.jpg","contentUrl":"https:\/\/walkingmum.com\/wp-content\/uploads\/2025\/04\/1120800508_a-1.jpg","width":900,"height":900},{"@type":"BreadcrumbList","@id":"https:\/\/walkingmum.com\/fr\/produit\/jouet-dactivite-en-ficelle-ane-botton-bandes\/#breadcrumb","itemListElement":[{"@type":"ListItem","position":1,"name":"Portada","item":"https:\/\/walkingmum.com\/fr\/"},{"@type":"ListItem","position":2,"name":"Tienda","item":"https:\/\/walkingmum.com\/tienda\/"},{"@type":"ListItem","position":3,"name":"JOUET D&#8217;ACTIVIT\u00c9 EN FICELLE \u00c2NE BOTTON BANDES"}]},{"@type":"WebSite","@id":"https:\/\/walkingmum.com\/#website","url":"https:\/\/walkingmum.com\/","name":"Walking Mum","description":"La marca para beb\u00e9s modernos","potentialAction":[{"@type":"SearchAction","target":{"@type":"EntryPoint","urlTemplate":"https:\/\/walkingmum.com\/?s={search_term_string}"},"query-input":{"@type":"PropertyValueSpecification","valueRequired":true,"valueName":"search_term_string"}}],"inLanguage":"fr-FR"}]}},"_links":{"self":[{"href":"https:\/\/walkingmum.com\/fr\/wp-json\/wp\/v2\/product\/30613","targetHints":{"allow":["GET"]}}],"collection":[{"href":"https:\/\/walkingmum.com\/fr\/wp-json\/wp\/v2\/product"}],"about":[{"href":"https:\/\/walkingmum.com\/fr\/wp-json\/wp\/v2\/types\/product"}],"replies":[{"embeddable":true,"href":"https:\/\/walkingmum.com\/fr\/wp-json\/wp\/v2\/comments?post=30613"}],"wp:featuredmedia":[{"embeddable":true,"href":"https:\/\/walkingmum.com\/fr\/wp-json\/wp\/v2\/media\/29458"}],"wp:attachment":[{"href":"https:\/\/walkingmum.com\/fr\/wp-json\/wp\/v2\/media?parent=30613"}],"wp:term":[{"taxonomy":"colecciones","embeddable":true,"href":"https:\/\/walkingmum.com\/fr\/wp-json\/wp\/v2\/colecciones?post=30613"},{"taxonomy":"product_brand","embeddable":true,"href":"https:\/\/walkingmum.com\/fr\/wp-json\/wp\/v2\/product_brand?post=30613"},{"taxonomy":"product_cat","embeddable":true,"href":"https:\/\/walkingmum.com\/fr\/wp-json\/wp\/v2\/product_cat?post=30613"},{"taxonomy":"product_tag","embeddable":true,"href":"https:\/\/walkingmum.com\/fr\/wp-json\/wp\/v2\/product_tag?post=30613"}],"curies":[{"name":"wp","href":"https:\/\/api.w.org\/{rel}","templated":true}]}}