{"id":30611,"date":"2025-04-07T08:25:47","date_gmt":"2025-04-07T08:27:25","guid":{"rendered":"https:\/\/walkingmum.com\/?post_type=product&#038;p=30611"},"modified":"2025-04-07T08:27:25","modified_gmt":"2025-04-07T08:27:25","slug":"doudou-ane-botton-bandes","status":"publish","type":"product","link":"https:\/\/walkingmum.com\/fr\/produit\/doudou-ane-botton-bandes\/","title":{"rendered":"DOUDOU \u00c2NE BOTTON BANDES"},"content":{"rendered":"<p>Ce charmant doudou ray\u00e9 Botton de Walking mum est l&rsquo;accessoire id\u00e9al pour accompagner et r\u00e9conforter votre b\u00e9b\u00e9 d\u00e8s sa naissance. Ce doudou de 25&#215;25 cm est compos\u00e9 de velours et de mousseline tr\u00e8s douce, offrant une texture d\u00e9licate et agr\u00e9able au toucher, id\u00e9ale pour apaiser et rassurer votre b\u00e9b\u00e9. Inspir\u00e9 d&rsquo;un petit petit \u00e2ne joyeux, sans petits \u00e9l\u00e9ments ni \u00e9l\u00e9ments durs. Il permet \u00e0 b\u00e9b\u00e9 de se sentir accompagn\u00e9 et calme \u00e0 tout moment. Sa taille et son design ergonomique permettent \u00e0 b\u00e9b\u00e9 de le tenir facilement. Ce doudou Walking Mum est le compagnon id\u00e9al pour le lit de b\u00e9b\u00e9, le landau ou tout autre moment de repos. Lavable \u00e0 la main ou en machine \u00e0 30\u00b0C. Walking Mum prot\u00e8ge votre b\u00e9b\u00e9 en utilisant les meilleurs tissus, exempts de colorants azo\u00efques et de substances nocives pour la sant\u00e9. Conforme \u00e0 la norme europ\u00e9enne EN-71 S\u00e9curit\u00e9 des jouets +0 an.<\/p>\n","protected":false},"excerpt":{"rendered":"<p>Ce charmant doudou ray\u00e9 Botton de Walking mum est l&rsquo;accessoire id\u00e9al pour accompagner et r\u00e9conforter votre b\u00e9b\u00e9 d\u00e8s sa naissance. Ce doudou de 25&#215;25 cm est compos\u00e9 de velours et de mousseline tr\u00e8s douce, offrant une texture d\u00e9licate et agr\u00e9able au toucher, id\u00e9ale pour apaiser et rassurer votre b\u00e9b\u00e9. Inspir\u00e9 d&rsquo;un petit petit \u00e2ne joyeux, [&hellip;]<\/p>\n","protected":false},"featured_media":29438,"comment_status":"closed","ping_status":"closed","template":"","meta":{"_acf_changed":false,"inline_featured_image":false},"colecciones":[389],"product_brand":[],"product_cat":[255],"product_tag":[],"class_list":{"0":"post-30611","1":"product","2":"type-product","3":"status-publish","4":"has-post-thumbnail","6":"colecciones-collection-botton","7":"product_cat-peluches-et-accessories","9":"first","10":"instock","11":"purchasable","12":"product-type-simple"},"acf":[],"yoast_head":"<!-- This site is optimized with the Yoast SEO plugin v27.4 - https:\/\/yoast.com\/product\/yoast-seo-wordpress\/ -->\n<title>DOUDOU \u00c2NE BOTTON BANDES - Walking Mum<\/title>\n<meta name=\"robots\" content=\"index, follow, max-snippet:-1, max-image-preview:large, max-video-preview:-1\" \/>\n<link rel=\"canonical\" href=\"https:\/\/walkingmum.com\/fr\/produit\/doudou-ane-botton-bandes\/\" \/>\n<meta property=\"og:locale\" content=\"fr_FR\" \/>\n<meta property=\"og:type\" content=\"article\" \/>\n<meta property=\"og:title\" content=\"DOUDOU \u00c2NE BOTTON BANDES - Walking Mum\" \/>\n<meta property=\"og:description\" content=\"Ce charmant doudou ray\u00e9 Botton de Walking mum est l&rsquo;accessoire id\u00e9al pour accompagner et r\u00e9conforter votre b\u00e9b\u00e9 d\u00e8s sa naissance. Ce doudou de 25&#215;25 cm est compos\u00e9 de velours et de mousseline tr\u00e8s douce, offrant une texture d\u00e9licate et agr\u00e9able au toucher, id\u00e9ale pour apaiser et rassurer votre b\u00e9b\u00e9. Inspir\u00e9 d&rsquo;un petit petit \u00e2ne joyeux, [&hellip;]\" \/>\n<meta property=\"og:url\" content=\"https:\/\/walkingmum.com\/fr\/produit\/doudou-ane-botton-bandes\/\" \/>\n<meta property=\"og:site_name\" content=\"Walking Mum\" \/>\n<meta property=\"og:image\" content=\"https:\/\/walkingmum.com\/wp-content\/uploads\/2025\/04\/1120800506_a-1.jpg\" \/>\n\t<meta property=\"og:image:width\" content=\"900\" \/>\n\t<meta property=\"og:image:height\" content=\"900\" \/>\n\t<meta property=\"og:image:type\" content=\"image\/jpeg\" \/>\n<meta name=\"twitter:card\" content=\"summary_large_image\" \/>\n<meta name=\"twitter:label1\" content=\"Dur\u00e9e de lecture estim\u00e9e\" \/>\n\t<meta name=\"twitter:data1\" content=\"1 minute\" \/>\n<script type=\"application\/ld+json\" class=\"yoast-schema-graph\">{\"@context\":\"https:\\\/\\\/schema.org\",\"@graph\":[{\"@type\":\"WebPage\",\"@id\":\"https:\\\/\\\/walkingmum.com\\\/fr\\\/produit\\\/doudou-ane-botton-bandes\\\/\",\"url\":\"https:\\\/\\\/walkingmum.com\\\/fr\\\/produit\\\/doudou-ane-botton-bandes\\\/\",\"name\":\"DOUDOU \u00c2NE BOTTON BANDES - Walking Mum\",\"isPartOf\":{\"@id\":\"https:\\\/\\\/walkingmum.com\\\/#website\"},\"primaryImageOfPage\":{\"@id\":\"https:\\\/\\\/walkingmum.com\\\/fr\\\/produit\\\/doudou-ane-botton-bandes\\\/#primaryimage\"},\"image\":{\"@id\":\"https:\\\/\\\/walkingmum.com\\\/fr\\\/produit\\\/doudou-ane-botton-bandes\\\/#primaryimage\"},\"thumbnailUrl\":\"https:\\\/\\\/walkingmum.com\\\/wp-content\\\/uploads\\\/2025\\\/04\\\/1120800506_a-1.jpg\",\"datePublished\":\"2025-04-07T08:27:25+00:00\",\"breadcrumb\":{\"@id\":\"https:\\\/\\\/walkingmum.com\\\/fr\\\/produit\\\/doudou-ane-botton-bandes\\\/#breadcrumb\"},\"inLanguage\":\"fr-FR\",\"potentialAction\":[{\"@type\":\"ReadAction\",\"target\":[\"https:\\\/\\\/walkingmum.com\\\/fr\\\/produit\\\/doudou-ane-botton-bandes\\\/\"]}]},{\"@type\":\"ImageObject\",\"inLanguage\":\"fr-FR\",\"@id\":\"https:\\\/\\\/walkingmum.com\\\/fr\\\/produit\\\/doudou-ane-botton-bandes\\\/#primaryimage\",\"url\":\"https:\\\/\\\/walkingmum.com\\\/wp-content\\\/uploads\\\/2025\\\/04\\\/1120800506_a-1.jpg\",\"contentUrl\":\"https:\\\/\\\/walkingmum.com\\\/wp-content\\\/uploads\\\/2025\\\/04\\\/1120800506_a-1.jpg\",\"width\":900,\"height\":900},{\"@type\":\"BreadcrumbList\",\"@id\":\"https:\\\/\\\/walkingmum.com\\\/fr\\\/produit\\\/doudou-ane-botton-bandes\\\/#breadcrumb\",\"itemListElement\":[{\"@type\":\"ListItem\",\"position\":1,\"name\":\"Portada\",\"item\":\"https:\\\/\\\/walkingmum.com\\\/fr\\\/\"},{\"@type\":\"ListItem\",\"position\":2,\"name\":\"Tienda\",\"item\":\"https:\\\/\\\/walkingmum.com\\\/tienda\\\/\"},{\"@type\":\"ListItem\",\"position\":3,\"name\":\"DOUDOU \u00c2NE BOTTON BANDES\"}]},{\"@type\":\"WebSite\",\"@id\":\"https:\\\/\\\/walkingmum.com\\\/#website\",\"url\":\"https:\\\/\\\/walkingmum.com\\\/\",\"name\":\"Walking Mum\",\"description\":\"La marca para beb\u00e9s modernos\",\"potentialAction\":[{\"@type\":\"SearchAction\",\"target\":{\"@type\":\"EntryPoint\",\"urlTemplate\":\"https:\\\/\\\/walkingmum.com\\\/?s={search_term_string}\"},\"query-input\":{\"@type\":\"PropertyValueSpecification\",\"valueRequired\":true,\"valueName\":\"search_term_string\"}}],\"inLanguage\":\"fr-FR\"}]}<\/script>\n<!-- \/ Yoast SEO plugin. -->","yoast_head_json":{"title":"DOUDOU \u00c2NE BOTTON BANDES - Walking Mum","robots":{"index":"index","follow":"follow","max-snippet":"max-snippet:-1","max-image-preview":"max-image-preview:large","max-video-preview":"max-video-preview:-1"},"canonical":"https:\/\/walkingmum.com\/fr\/produit\/doudou-ane-botton-bandes\/","og_locale":"fr_FR","og_type":"article","og_title":"DOUDOU \u00c2NE BOTTON BANDES - Walking Mum","og_description":"Ce charmant doudou ray\u00e9 Botton de Walking mum est l&rsquo;accessoire id\u00e9al pour accompagner et r\u00e9conforter votre b\u00e9b\u00e9 d\u00e8s sa naissance. Ce doudou de 25&#215;25 cm est compos\u00e9 de velours et de mousseline tr\u00e8s douce, offrant une texture d\u00e9licate et agr\u00e9able au toucher, id\u00e9ale pour apaiser et rassurer votre b\u00e9b\u00e9. Inspir\u00e9 d&rsquo;un petit petit \u00e2ne joyeux, [&hellip;]","og_url":"https:\/\/walkingmum.com\/fr\/produit\/doudou-ane-botton-bandes\/","og_site_name":"Walking Mum","og_image":[{"width":900,"height":900,"url":"https:\/\/walkingmum.com\/wp-content\/uploads\/2025\/04\/1120800506_a-1.jpg","type":"image\/jpeg"}],"twitter_card":"summary_large_image","twitter_misc":{"Dur\u00e9e de lecture estim\u00e9e":"1 minute"},"schema":{"@context":"https:\/\/schema.org","@graph":[{"@type":"WebPage","@id":"https:\/\/walkingmum.com\/fr\/produit\/doudou-ane-botton-bandes\/","url":"https:\/\/walkingmum.com\/fr\/produit\/doudou-ane-botton-bandes\/","name":"DOUDOU \u00c2NE BOTTON BANDES - Walking Mum","isPartOf":{"@id":"https:\/\/walkingmum.com\/#website"},"primaryImageOfPage":{"@id":"https:\/\/walkingmum.com\/fr\/produit\/doudou-ane-botton-bandes\/#primaryimage"},"image":{"@id":"https:\/\/walkingmum.com\/fr\/produit\/doudou-ane-botton-bandes\/#primaryimage"},"thumbnailUrl":"https:\/\/walkingmum.com\/wp-content\/uploads\/2025\/04\/1120800506_a-1.jpg","datePublished":"2025-04-07T08:27:25+00:00","breadcrumb":{"@id":"https:\/\/walkingmum.com\/fr\/produit\/doudou-ane-botton-bandes\/#breadcrumb"},"inLanguage":"fr-FR","potentialAction":[{"@type":"ReadAction","target":["https:\/\/walkingmum.com\/fr\/produit\/doudou-ane-botton-bandes\/"]}]},{"@type":"ImageObject","inLanguage":"fr-FR","@id":"https:\/\/walkingmum.com\/fr\/produit\/doudou-ane-botton-bandes\/#primaryimage","url":"https:\/\/walkingmum.com\/wp-content\/uploads\/2025\/04\/1120800506_a-1.jpg","contentUrl":"https:\/\/walkingmum.com\/wp-content\/uploads\/2025\/04\/1120800506_a-1.jpg","width":900,"height":900},{"@type":"BreadcrumbList","@id":"https:\/\/walkingmum.com\/fr\/produit\/doudou-ane-botton-bandes\/#breadcrumb","itemListElement":[{"@type":"ListItem","position":1,"name":"Portada","item":"https:\/\/walkingmum.com\/fr\/"},{"@type":"ListItem","position":2,"name":"Tienda","item":"https:\/\/walkingmum.com\/tienda\/"},{"@type":"ListItem","position":3,"name":"DOUDOU \u00c2NE BOTTON BANDES"}]},{"@type":"WebSite","@id":"https:\/\/walkingmum.com\/#website","url":"https:\/\/walkingmum.com\/","name":"Walking Mum","description":"La marca para beb\u00e9s modernos","potentialAction":[{"@type":"SearchAction","target":{"@type":"EntryPoint","urlTemplate":"https:\/\/walkingmum.com\/?s={search_term_string}"},"query-input":{"@type":"PropertyValueSpecification","valueRequired":true,"valueName":"search_term_string"}}],"inLanguage":"fr-FR"}]}},"_links":{"self":[{"href":"https:\/\/walkingmum.com\/fr\/wp-json\/wp\/v2\/product\/30611","targetHints":{"allow":["GET"]}}],"collection":[{"href":"https:\/\/walkingmum.com\/fr\/wp-json\/wp\/v2\/product"}],"about":[{"href":"https:\/\/walkingmum.com\/fr\/wp-json\/wp\/v2\/types\/product"}],"replies":[{"embeddable":true,"href":"https:\/\/walkingmum.com\/fr\/wp-json\/wp\/v2\/comments?post=30611"}],"wp:featuredmedia":[{"embeddable":true,"href":"https:\/\/walkingmum.com\/fr\/wp-json\/wp\/v2\/media\/29438"}],"wp:attachment":[{"href":"https:\/\/walkingmum.com\/fr\/wp-json\/wp\/v2\/media?parent=30611"}],"wp:term":[{"taxonomy":"colecciones","embeddable":true,"href":"https:\/\/walkingmum.com\/fr\/wp-json\/wp\/v2\/colecciones?post=30611"},{"taxonomy":"product_brand","embeddable":true,"href":"https:\/\/walkingmum.com\/fr\/wp-json\/wp\/v2\/product_brand?post=30611"},{"taxonomy":"product_cat","embeddable":true,"href":"https:\/\/walkingmum.com\/fr\/wp-json\/wp\/v2\/product_cat?post=30611"},{"taxonomy":"product_tag","embeddable":true,"href":"https:\/\/walkingmum.com\/fr\/wp-json\/wp\/v2\/product_tag?post=30611"}],"curies":[{"name":"wp","href":"https:\/\/api.w.org\/{rel}","templated":true}]}}