{"id":30600,"date":"2025-04-07T08:25:51","date_gmt":"2025-04-07T08:27:23","guid":{"rendered":"https:\/\/walkingmum.com\/?post_type=product&#038;p=30600"},"modified":"2025-04-07T08:27:23","modified_gmt":"2025-04-07T08:27:23","slug":"housse-de-nacelle-avec-elastiques-drap-housse-pour-nacelle-botton-fleurs","status":"publish","type":"product","link":"https:\/\/walkingmum.com\/fr\/produit\/housse-de-nacelle-avec-elastiques-drap-housse-pour-nacelle-botton-fleurs\/","title":{"rendered":"HOUSSE DE NACELLE AVEC \u00c9LASTIQUES + DRAP-HOUSSE POUR NACELLE BOTTON FLEURS"},"content":{"rendered":"<p>La housse de nacelle \u00e0 imprim\u00e9 floral Botton avec revers et drap-housse est le compl\u00e9ment id\u00e9al pour apporter douceur et \u00e9l\u00e9gance \u00e0 la nacelle de votre b\u00e9b\u00e9. Fabriqu\u00e9e en 100 % coton, elle garantit une sensation d\u00e9licate et respirante, id\u00e9ale pour la peau sensible des nouveau-n\u00e9s. La housse de nacelle avec boucle s&rsquo;adapte parfaitement \u00e0 la nacelle. Sa conception ajustable avec des bandes \u00e9lastiques garantit un ajustement parfait \u00e0 la nacelle, offrant une finition enveloppante s\u00fbre avec un charmant motif floral dans des tons neutres. Le drap-housse, fabriqu\u00e9 en mousseline 100 % coton, offre une douceur exceptionnelle et une respirabilit\u00e9 optimale, garantissant le confort de b\u00e9b\u00e9 \u00e0 tout moment. Compatible avec la plupart des nacelles. Cet ensemble est id\u00e9al pour assurer le confort et la protection de votre b\u00e9b\u00e9.  Fabriqu\u00e9 \u00e0 partir de mat\u00e9riaux r\u00e9sistants, il se nettoie facilement \u00e0 la main ou en machine \u00e0 30\u00b0C. Walking Mum prot\u00e8ge votre b\u00e9b\u00e9 en utilisant les meilleurs tissus, exempts de colorants azo\u00efques et de substances nocives pour la sant\u00e9. Notre collection Walking Mum est con\u00e7ue avec une empreinte particuli\u00e8re de style urbain et moderne qui ne passe pas inaper\u00e7u, pour habiller diff\u00e9remment les promenades avec votre b\u00e9b\u00e9. Les accessoires de maternit\u00e9 de cette ligne sont plus sportifs et pratiques, sp\u00e9cialement con\u00e7us pour les mamans et les papas modernes qui appr\u00e9cient les designs les plus actuels et les plus tendance sans n\u00e9gliger la qualit\u00e9 et la fonctionnalit\u00e9 des produits qui compl\u00e8tent et rendent plus confortables toutes les promenades avec leur b\u00e9b\u00e9. Sp\u00e9cifications : Mat\u00e9riaux : 100% coton. Tailles : Universelle.<\/p>\n","protected":false},"excerpt":{"rendered":"<p>La housse de nacelle \u00e0 imprim\u00e9 floral Botton avec revers et drap-housse est le compl\u00e9ment id\u00e9al pour apporter douceur et \u00e9l\u00e9gance \u00e0 la nacelle de votre b\u00e9b\u00e9. Fabriqu\u00e9e en 100 % coton, elle garantit une sensation d\u00e9licate et respirante, id\u00e9ale pour la peau sensible des nouveau-n\u00e9s. La housse de nacelle avec boucle s&rsquo;adapte parfaitement \u00e0 [&hellip;]<\/p>\n","protected":false},"featured_media":29278,"comment_status":"closed","ping_status":"closed","template":"","meta":{"_acf_changed":false,"inline_featured_image":false},"colecciones":[389],"product_brand":[],"product_cat":[144],"product_tag":[],"class_list":{"0":"post-30600","1":"product","2":"type-product","3":"status-publish","4":"has-post-thumbnail","6":"colecciones-collection-botton","7":"product_cat-housses-pour-nacelle-et-nids-dange","9":"first","10":"instock","11":"purchasable","12":"product-type-simple"},"acf":[],"yoast_head":"<!-- This site is optimized with the Yoast SEO plugin v27.4 - https:\/\/yoast.com\/product\/yoast-seo-wordpress\/ -->\n<title>HOUSSE DE NACELLE AVEC \u00c9LASTIQUES + DRAP-HOUSSE POUR NACELLE BOTTON FLEURS - Walking Mum<\/title>\n<meta name=\"robots\" content=\"index, follow, max-snippet:-1, max-image-preview:large, max-video-preview:-1\" \/>\n<link rel=\"canonical\" href=\"https:\/\/walkingmum.com\/fr\/produit\/housse-de-nacelle-avec-elastiques-drap-housse-pour-nacelle-botton-fleurs\/\" \/>\n<meta property=\"og:locale\" content=\"fr_FR\" \/>\n<meta property=\"og:type\" content=\"article\" \/>\n<meta property=\"og:title\" content=\"HOUSSE DE NACELLE AVEC \u00c9LASTIQUES + DRAP-HOUSSE POUR NACELLE BOTTON FLEURS - Walking Mum\" \/>\n<meta property=\"og:description\" content=\"La housse de nacelle \u00e0 imprim\u00e9 floral Botton avec revers et drap-housse est le compl\u00e9ment id\u00e9al pour apporter douceur et \u00e9l\u00e9gance \u00e0 la nacelle de votre b\u00e9b\u00e9. Fabriqu\u00e9e en 100 % coton, elle garantit une sensation d\u00e9licate et respirante, id\u00e9ale pour la peau sensible des nouveau-n\u00e9s. La housse de nacelle avec boucle s&rsquo;adapte parfaitement \u00e0 [&hellip;]\" \/>\n<meta property=\"og:url\" content=\"https:\/\/walkingmum.com\/fr\/produit\/housse-de-nacelle-avec-elastiques-drap-housse-pour-nacelle-botton-fleurs\/\" \/>\n<meta property=\"og:site_name\" content=\"Walking Mum\" \/>\n<meta property=\"og:image\" content=\"https:\/\/walkingmum.com\/wp-content\/uploads\/2025\/04\/1120800495_a-1.jpg\" \/>\n\t<meta property=\"og:image:width\" content=\"900\" \/>\n\t<meta property=\"og:image:height\" content=\"900\" \/>\n\t<meta property=\"og:image:type\" content=\"image\/jpeg\" \/>\n<meta name=\"twitter:card\" content=\"summary_large_image\" \/>\n<meta name=\"twitter:label1\" content=\"Dur\u00e9e de lecture estim\u00e9e\" \/>\n\t<meta name=\"twitter:data1\" content=\"1 minute\" \/>\n<script type=\"application\/ld+json\" class=\"yoast-schema-graph\">{\"@context\":\"https:\\\/\\\/schema.org\",\"@graph\":[{\"@type\":\"WebPage\",\"@id\":\"https:\\\/\\\/walkingmum.com\\\/fr\\\/produit\\\/housse-de-nacelle-avec-elastiques-drap-housse-pour-nacelle-botton-fleurs\\\/\",\"url\":\"https:\\\/\\\/walkingmum.com\\\/fr\\\/produit\\\/housse-de-nacelle-avec-elastiques-drap-housse-pour-nacelle-botton-fleurs\\\/\",\"name\":\"HOUSSE DE NACELLE AVEC \u00c9LASTIQUES + DRAP-HOUSSE POUR NACELLE BOTTON FLEURS - Walking Mum\",\"isPartOf\":{\"@id\":\"https:\\\/\\\/walkingmum.com\\\/#website\"},\"primaryImageOfPage\":{\"@id\":\"https:\\\/\\\/walkingmum.com\\\/fr\\\/produit\\\/housse-de-nacelle-avec-elastiques-drap-housse-pour-nacelle-botton-fleurs\\\/#primaryimage\"},\"image\":{\"@id\":\"https:\\\/\\\/walkingmum.com\\\/fr\\\/produit\\\/housse-de-nacelle-avec-elastiques-drap-housse-pour-nacelle-botton-fleurs\\\/#primaryimage\"},\"thumbnailUrl\":\"https:\\\/\\\/walkingmum.com\\\/wp-content\\\/uploads\\\/2025\\\/04\\\/1120800495_a-1.jpg\",\"datePublished\":\"2025-04-07T08:27:23+00:00\",\"breadcrumb\":{\"@id\":\"https:\\\/\\\/walkingmum.com\\\/fr\\\/produit\\\/housse-de-nacelle-avec-elastiques-drap-housse-pour-nacelle-botton-fleurs\\\/#breadcrumb\"},\"inLanguage\":\"fr-FR\",\"potentialAction\":[{\"@type\":\"ReadAction\",\"target\":[\"https:\\\/\\\/walkingmum.com\\\/fr\\\/produit\\\/housse-de-nacelle-avec-elastiques-drap-housse-pour-nacelle-botton-fleurs\\\/\"]}]},{\"@type\":\"ImageObject\",\"inLanguage\":\"fr-FR\",\"@id\":\"https:\\\/\\\/walkingmum.com\\\/fr\\\/produit\\\/housse-de-nacelle-avec-elastiques-drap-housse-pour-nacelle-botton-fleurs\\\/#primaryimage\",\"url\":\"https:\\\/\\\/walkingmum.com\\\/wp-content\\\/uploads\\\/2025\\\/04\\\/1120800495_a-1.jpg\",\"contentUrl\":\"https:\\\/\\\/walkingmum.com\\\/wp-content\\\/uploads\\\/2025\\\/04\\\/1120800495_a-1.jpg\",\"width\":900,\"height\":900},{\"@type\":\"BreadcrumbList\",\"@id\":\"https:\\\/\\\/walkingmum.com\\\/fr\\\/produit\\\/housse-de-nacelle-avec-elastiques-drap-housse-pour-nacelle-botton-fleurs\\\/#breadcrumb\",\"itemListElement\":[{\"@type\":\"ListItem\",\"position\":1,\"name\":\"Portada\",\"item\":\"https:\\\/\\\/walkingmum.com\\\/fr\\\/\"},{\"@type\":\"ListItem\",\"position\":2,\"name\":\"Tienda\",\"item\":\"https:\\\/\\\/walkingmum.com\\\/tienda\\\/\"},{\"@type\":\"ListItem\",\"position\":3,\"name\":\"HOUSSE DE NACELLE AVEC \u00c9LASTIQUES + DRAP-HOUSSE POUR NACELLE BOTTON FLEURS\"}]},{\"@type\":\"WebSite\",\"@id\":\"https:\\\/\\\/walkingmum.com\\\/#website\",\"url\":\"https:\\\/\\\/walkingmum.com\\\/\",\"name\":\"Walking Mum\",\"description\":\"La marca para beb\u00e9s modernos\",\"potentialAction\":[{\"@type\":\"SearchAction\",\"target\":{\"@type\":\"EntryPoint\",\"urlTemplate\":\"https:\\\/\\\/walkingmum.com\\\/?s={search_term_string}\"},\"query-input\":{\"@type\":\"PropertyValueSpecification\",\"valueRequired\":true,\"valueName\":\"search_term_string\"}}],\"inLanguage\":\"fr-FR\"}]}<\/script>\n<!-- \/ Yoast SEO plugin. -->","yoast_head_json":{"title":"HOUSSE DE NACELLE AVEC \u00c9LASTIQUES + DRAP-HOUSSE POUR NACELLE BOTTON FLEURS - Walking Mum","robots":{"index":"index","follow":"follow","max-snippet":"max-snippet:-1","max-image-preview":"max-image-preview:large","max-video-preview":"max-video-preview:-1"},"canonical":"https:\/\/walkingmum.com\/fr\/produit\/housse-de-nacelle-avec-elastiques-drap-housse-pour-nacelle-botton-fleurs\/","og_locale":"fr_FR","og_type":"article","og_title":"HOUSSE DE NACELLE AVEC \u00c9LASTIQUES + DRAP-HOUSSE POUR NACELLE BOTTON FLEURS - Walking Mum","og_description":"La housse de nacelle \u00e0 imprim\u00e9 floral Botton avec revers et drap-housse est le compl\u00e9ment id\u00e9al pour apporter douceur et \u00e9l\u00e9gance \u00e0 la nacelle de votre b\u00e9b\u00e9. Fabriqu\u00e9e en 100 % coton, elle garantit une sensation d\u00e9licate et respirante, id\u00e9ale pour la peau sensible des nouveau-n\u00e9s. La housse de nacelle avec boucle s&rsquo;adapte parfaitement \u00e0 [&hellip;]","og_url":"https:\/\/walkingmum.com\/fr\/produit\/housse-de-nacelle-avec-elastiques-drap-housse-pour-nacelle-botton-fleurs\/","og_site_name":"Walking Mum","og_image":[{"width":900,"height":900,"url":"https:\/\/walkingmum.com\/wp-content\/uploads\/2025\/04\/1120800495_a-1.jpg","type":"image\/jpeg"}],"twitter_card":"summary_large_image","twitter_misc":{"Dur\u00e9e de lecture estim\u00e9e":"1 minute"},"schema":{"@context":"https:\/\/schema.org","@graph":[{"@type":"WebPage","@id":"https:\/\/walkingmum.com\/fr\/produit\/housse-de-nacelle-avec-elastiques-drap-housse-pour-nacelle-botton-fleurs\/","url":"https:\/\/walkingmum.com\/fr\/produit\/housse-de-nacelle-avec-elastiques-drap-housse-pour-nacelle-botton-fleurs\/","name":"HOUSSE DE NACELLE AVEC \u00c9LASTIQUES + DRAP-HOUSSE POUR NACELLE BOTTON FLEURS - Walking Mum","isPartOf":{"@id":"https:\/\/walkingmum.com\/#website"},"primaryImageOfPage":{"@id":"https:\/\/walkingmum.com\/fr\/produit\/housse-de-nacelle-avec-elastiques-drap-housse-pour-nacelle-botton-fleurs\/#primaryimage"},"image":{"@id":"https:\/\/walkingmum.com\/fr\/produit\/housse-de-nacelle-avec-elastiques-drap-housse-pour-nacelle-botton-fleurs\/#primaryimage"},"thumbnailUrl":"https:\/\/walkingmum.com\/wp-content\/uploads\/2025\/04\/1120800495_a-1.jpg","datePublished":"2025-04-07T08:27:23+00:00","breadcrumb":{"@id":"https:\/\/walkingmum.com\/fr\/produit\/housse-de-nacelle-avec-elastiques-drap-housse-pour-nacelle-botton-fleurs\/#breadcrumb"},"inLanguage":"fr-FR","potentialAction":[{"@type":"ReadAction","target":["https:\/\/walkingmum.com\/fr\/produit\/housse-de-nacelle-avec-elastiques-drap-housse-pour-nacelle-botton-fleurs\/"]}]},{"@type":"ImageObject","inLanguage":"fr-FR","@id":"https:\/\/walkingmum.com\/fr\/produit\/housse-de-nacelle-avec-elastiques-drap-housse-pour-nacelle-botton-fleurs\/#primaryimage","url":"https:\/\/walkingmum.com\/wp-content\/uploads\/2025\/04\/1120800495_a-1.jpg","contentUrl":"https:\/\/walkingmum.com\/wp-content\/uploads\/2025\/04\/1120800495_a-1.jpg","width":900,"height":900},{"@type":"BreadcrumbList","@id":"https:\/\/walkingmum.com\/fr\/produit\/housse-de-nacelle-avec-elastiques-drap-housse-pour-nacelle-botton-fleurs\/#breadcrumb","itemListElement":[{"@type":"ListItem","position":1,"name":"Portada","item":"https:\/\/walkingmum.com\/fr\/"},{"@type":"ListItem","position":2,"name":"Tienda","item":"https:\/\/walkingmum.com\/tienda\/"},{"@type":"ListItem","position":3,"name":"HOUSSE DE NACELLE AVEC \u00c9LASTIQUES + DRAP-HOUSSE POUR NACELLE BOTTON FLEURS"}]},{"@type":"WebSite","@id":"https:\/\/walkingmum.com\/#website","url":"https:\/\/walkingmum.com\/","name":"Walking Mum","description":"La marca para beb\u00e9s modernos","potentialAction":[{"@type":"SearchAction","target":{"@type":"EntryPoint","urlTemplate":"https:\/\/walkingmum.com\/?s={search_term_string}"},"query-input":{"@type":"PropertyValueSpecification","valueRequired":true,"valueName":"search_term_string"}}],"inLanguage":"fr-FR"}]}},"_links":{"self":[{"href":"https:\/\/walkingmum.com\/fr\/wp-json\/wp\/v2\/product\/30600","targetHints":{"allow":["GET"]}}],"collection":[{"href":"https:\/\/walkingmum.com\/fr\/wp-json\/wp\/v2\/product"}],"about":[{"href":"https:\/\/walkingmum.com\/fr\/wp-json\/wp\/v2\/types\/product"}],"replies":[{"embeddable":true,"href":"https:\/\/walkingmum.com\/fr\/wp-json\/wp\/v2\/comments?post=30600"}],"wp:featuredmedia":[{"embeddable":true,"href":"https:\/\/walkingmum.com\/fr\/wp-json\/wp\/v2\/media\/29278"}],"wp:attachment":[{"href":"https:\/\/walkingmum.com\/fr\/wp-json\/wp\/v2\/media?parent=30600"}],"wp:term":[{"taxonomy":"colecciones","embeddable":true,"href":"https:\/\/walkingmum.com\/fr\/wp-json\/wp\/v2\/colecciones?post=30600"},{"taxonomy":"product_brand","embeddable":true,"href":"https:\/\/walkingmum.com\/fr\/wp-json\/wp\/v2\/product_brand?post=30600"},{"taxonomy":"product_cat","embeddable":true,"href":"https:\/\/walkingmum.com\/fr\/wp-json\/wp\/v2\/product_cat?post=30600"},{"taxonomy":"product_tag","embeddable":true,"href":"https:\/\/walkingmum.com\/fr\/wp-json\/wp\/v2\/product_tag?post=30600"}],"curies":[{"name":"wp","href":"https:\/\/api.w.org\/{rel}","templated":true}]}}