{"id":30578,"date":"2025-04-07T08:26:09","date_gmt":"2025-04-07T08:27:17","guid":{"rendered":"https:\/\/walkingmum.com\/?post_type=product&#038;p=30578"},"modified":"2025-04-07T08:27:17","modified_gmt":"2025-04-07T08:27:17","slug":"sac-crossbody-botton-fleurs","status":"publish","type":"product","link":"https:\/\/walkingmum.com\/fr\/produit\/sac-crossbody-botton-fleurs\/","title":{"rendered":"SAC CROSSBODY BOTTON FLEURS"},"content":{"rendered":"<p>Le sac crossbody pour poussette Botton \u00e0 imprim\u00e9 floral est un mod\u00e8le tr\u00e8s l\u00e9ger mais aussi robuste et spacieux pour transporter tout ce dont vous pourriez avoir besoin lors de la promenade de votre b\u00e9b\u00e9. En plus de sa grande capacit\u00e9, il est con\u00e7u pour une organisation facile, avec plusieurs poches ext\u00e9rieures et int\u00e9rieures qui vous aideront \u00e0 ranger tous vos accessoires afin de les retrouver facilement quand vous en aurez besoin. Il dispose d&rsquo;une poche int\u00e9rieure lamin\u00e9e pour les v\u00eatements mouill\u00e9s, d&rsquo;une poche isotherme int\u00e9rieure et de deux poches lat\u00e9rales. Tapis \u00e0 langer inclus. Son design moderne et d\u00e9contract\u00e9 le rend parfait pour un usage quotidien et pour l&rsquo;associer \u00e0 vos looks d\u00e9contract\u00e9s ou sportifs. Il est dot\u00e9 de poign\u00e9es courtes qui permettent de l&rsquo;attacher \u00e0 tout type de poussette et d&rsquo;une sangle qui permet de l&rsquo;accrocher \u00e0 l&rsquo;\u00e9paule. Haute qualit\u00e9 et style. Fabriqu\u00e9 en 100% coton avec un traitement imperm\u00e9able, facile \u00e0 nettoyer \u00e0 la main ou en machine \u00e0 30\u00b0C. Walking Mum prot\u00e8ge votre b\u00e9b\u00e9 en utilisant les meilleurs tissus, exempts de colorants azo\u00efques et de substances nocives pour la sant\u00e9. Notre collection Walking Mum est con\u00e7ue avec un cachet particulier de style urbain et moderne qui ne passe pas inaper\u00e7u, pour habiller diff\u00e9remment les promenades avec votre b\u00e9b\u00e9. Les sacs de maternit\u00e9 de cette ligne sont plus sportifs et pratiques, sp\u00e9cialement con\u00e7us pour les mamans et les papas modernes qui appr\u00e9cient les designs les plus actuels et \u00e0 la mode sans n\u00e9gliger la qualit\u00e9 et la fonctionnalit\u00e9 des accessoires qui compl\u00e8tent et rendent plus confortables toutes les promenades avec leur b\u00e9b\u00e9. Sp\u00e9cifications : Mat\u00e9riaux : 100% coton avec traitement imperm\u00e9able. Dimensions : 33X25X12 cm : 33X25X12 cm.<\/p>\n","protected":false},"excerpt":{"rendered":"<p>Le sac crossbody pour poussette Botton \u00e0 imprim\u00e9 floral est un mod\u00e8le tr\u00e8s l\u00e9ger mais aussi robuste et spacieux pour transporter tout ce dont vous pourriez avoir besoin lors de la promenade de votre b\u00e9b\u00e9. En plus de sa grande capacit\u00e9, il est con\u00e7u pour une organisation facile, avec plusieurs poches ext\u00e9rieures et int\u00e9rieures qui [&hellip;]<\/p>\n","protected":false},"featured_media":28822,"comment_status":"closed","ping_status":"closed","template":"","meta":{"_acf_changed":false,"inline_featured_image":false},"colecciones":[389],"product_brand":[],"product_cat":[129],"product_tag":[],"class_list":{"0":"post-30578","1":"product","2":"type-product","3":"status-publish","4":"has-post-thumbnail","6":"colecciones-collection-botton","7":"product_cat-sacs-a-langer","9":"first","10":"instock","11":"purchasable","12":"product-type-simple"},"acf":[],"yoast_head":"<!-- This site is optimized with the Yoast SEO plugin v27.6 - https:\/\/yoast.com\/product\/yoast-seo-wordpress\/ -->\n<title>SAC CROSSBODY BOTTON FLEURS - Walking Mum<\/title>\n<meta name=\"robots\" content=\"index, follow, max-snippet:-1, max-image-preview:large, max-video-preview:-1\" \/>\n<link rel=\"canonical\" href=\"https:\/\/walkingmum.com\/fr\/produit\/sac-crossbody-botton-fleurs\/\" \/>\n<meta property=\"og:locale\" content=\"fr_FR\" \/>\n<meta property=\"og:type\" content=\"article\" \/>\n<meta property=\"og:title\" content=\"SAC CROSSBODY BOTTON FLEURS - Walking Mum\" \/>\n<meta property=\"og:description\" content=\"Le sac crossbody pour poussette Botton \u00e0 imprim\u00e9 floral est un mod\u00e8le tr\u00e8s l\u00e9ger mais aussi robuste et spacieux pour transporter tout ce dont vous pourriez avoir besoin lors de la promenade de votre b\u00e9b\u00e9. En plus de sa grande capacit\u00e9, il est con\u00e7u pour une organisation facile, avec plusieurs poches ext\u00e9rieures et int\u00e9rieures qui [&hellip;]\" \/>\n<meta property=\"og:url\" content=\"https:\/\/walkingmum.com\/fr\/produit\/sac-crossbody-botton-fleurs\/\" \/>\n<meta property=\"og:site_name\" content=\"Walking Mum\" \/>\n<meta property=\"og:image\" content=\"https:\/\/walkingmum.com\/wp-content\/uploads\/2025\/04\/1120800473_a-1.jpg\" \/>\n\t<meta property=\"og:image:width\" content=\"900\" \/>\n\t<meta property=\"og:image:height\" content=\"900\" \/>\n\t<meta property=\"og:image:type\" content=\"image\/jpeg\" \/>\n<meta name=\"twitter:card\" content=\"summary_large_image\" \/>\n<meta name=\"twitter:label1\" content=\"Dur\u00e9e de lecture estim\u00e9e\" \/>\n\t<meta name=\"twitter:data1\" content=\"2 minutes\" \/>\n<script type=\"application\/ld+json\" class=\"yoast-schema-graph\">{\"@context\":\"https:\\\/\\\/schema.org\",\"@graph\":[{\"@type\":\"WebPage\",\"@id\":\"https:\\\/\\\/walkingmum.com\\\/fr\\\/produit\\\/sac-crossbody-botton-fleurs\\\/\",\"url\":\"https:\\\/\\\/walkingmum.com\\\/fr\\\/produit\\\/sac-crossbody-botton-fleurs\\\/\",\"name\":\"SAC CROSSBODY BOTTON FLEURS - Walking Mum\",\"isPartOf\":{\"@id\":\"https:\\\/\\\/walkingmum.com\\\/#website\"},\"primaryImageOfPage\":{\"@id\":\"https:\\\/\\\/walkingmum.com\\\/fr\\\/produit\\\/sac-crossbody-botton-fleurs\\\/#primaryimage\"},\"image\":{\"@id\":\"https:\\\/\\\/walkingmum.com\\\/fr\\\/produit\\\/sac-crossbody-botton-fleurs\\\/#primaryimage\"},\"thumbnailUrl\":\"https:\\\/\\\/walkingmum.com\\\/wp-content\\\/uploads\\\/2025\\\/04\\\/1120800473_a-1.jpg\",\"datePublished\":\"2025-04-07T08:27:17+00:00\",\"breadcrumb\":{\"@id\":\"https:\\\/\\\/walkingmum.com\\\/fr\\\/produit\\\/sac-crossbody-botton-fleurs\\\/#breadcrumb\"},\"inLanguage\":\"fr-FR\",\"potentialAction\":[{\"@type\":\"ReadAction\",\"target\":[\"https:\\\/\\\/walkingmum.com\\\/fr\\\/produit\\\/sac-crossbody-botton-fleurs\\\/\"]}]},{\"@type\":\"ImageObject\",\"inLanguage\":\"fr-FR\",\"@id\":\"https:\\\/\\\/walkingmum.com\\\/fr\\\/produit\\\/sac-crossbody-botton-fleurs\\\/#primaryimage\",\"url\":\"https:\\\/\\\/walkingmum.com\\\/wp-content\\\/uploads\\\/2025\\\/04\\\/1120800473_a-1.jpg\",\"contentUrl\":\"https:\\\/\\\/walkingmum.com\\\/wp-content\\\/uploads\\\/2025\\\/04\\\/1120800473_a-1.jpg\",\"width\":900,\"height\":900},{\"@type\":\"BreadcrumbList\",\"@id\":\"https:\\\/\\\/walkingmum.com\\\/fr\\\/produit\\\/sac-crossbody-botton-fleurs\\\/#breadcrumb\",\"itemListElement\":[{\"@type\":\"ListItem\",\"position\":1,\"name\":\"Portada\",\"item\":\"https:\\\/\\\/walkingmum.com\\\/fr\\\/\"},{\"@type\":\"ListItem\",\"position\":2,\"name\":\"Tienda\",\"item\":\"https:\\\/\\\/walkingmum.com\\\/tienda\\\/\"},{\"@type\":\"ListItem\",\"position\":3,\"name\":\"SAC CROSSBODY BOTTON FLEURS\"}]},{\"@type\":\"WebSite\",\"@id\":\"https:\\\/\\\/walkingmum.com\\\/#website\",\"url\":\"https:\\\/\\\/walkingmum.com\\\/\",\"name\":\"Walking Mum\",\"description\":\"La marca para beb\u00e9s modernos\",\"potentialAction\":[{\"@type\":\"SearchAction\",\"target\":{\"@type\":\"EntryPoint\",\"urlTemplate\":\"https:\\\/\\\/walkingmum.com\\\/?s={search_term_string}\"},\"query-input\":{\"@type\":\"PropertyValueSpecification\",\"valueRequired\":true,\"valueName\":\"search_term_string\"}}],\"inLanguage\":\"fr-FR\"}]}<\/script>\n<!-- \/ Yoast SEO plugin. -->","yoast_head_json":{"title":"SAC CROSSBODY BOTTON FLEURS - Walking Mum","robots":{"index":"index","follow":"follow","max-snippet":"max-snippet:-1","max-image-preview":"max-image-preview:large","max-video-preview":"max-video-preview:-1"},"canonical":"https:\/\/walkingmum.com\/fr\/produit\/sac-crossbody-botton-fleurs\/","og_locale":"fr_FR","og_type":"article","og_title":"SAC CROSSBODY BOTTON FLEURS - Walking Mum","og_description":"Le sac crossbody pour poussette Botton \u00e0 imprim\u00e9 floral est un mod\u00e8le tr\u00e8s l\u00e9ger mais aussi robuste et spacieux pour transporter tout ce dont vous pourriez avoir besoin lors de la promenade de votre b\u00e9b\u00e9. En plus de sa grande capacit\u00e9, il est con\u00e7u pour une organisation facile, avec plusieurs poches ext\u00e9rieures et int\u00e9rieures qui [&hellip;]","og_url":"https:\/\/walkingmum.com\/fr\/produit\/sac-crossbody-botton-fleurs\/","og_site_name":"Walking Mum","og_image":[{"width":900,"height":900,"url":"https:\/\/walkingmum.com\/wp-content\/uploads\/2025\/04\/1120800473_a-1.jpg","type":"image\/jpeg"}],"twitter_card":"summary_large_image","twitter_misc":{"Dur\u00e9e de lecture estim\u00e9e":"2 minutes"},"schema":{"@context":"https:\/\/schema.org","@graph":[{"@type":"WebPage","@id":"https:\/\/walkingmum.com\/fr\/produit\/sac-crossbody-botton-fleurs\/","url":"https:\/\/walkingmum.com\/fr\/produit\/sac-crossbody-botton-fleurs\/","name":"SAC CROSSBODY BOTTON FLEURS - Walking Mum","isPartOf":{"@id":"https:\/\/walkingmum.com\/#website"},"primaryImageOfPage":{"@id":"https:\/\/walkingmum.com\/fr\/produit\/sac-crossbody-botton-fleurs\/#primaryimage"},"image":{"@id":"https:\/\/walkingmum.com\/fr\/produit\/sac-crossbody-botton-fleurs\/#primaryimage"},"thumbnailUrl":"https:\/\/walkingmum.com\/wp-content\/uploads\/2025\/04\/1120800473_a-1.jpg","datePublished":"2025-04-07T08:27:17+00:00","breadcrumb":{"@id":"https:\/\/walkingmum.com\/fr\/produit\/sac-crossbody-botton-fleurs\/#breadcrumb"},"inLanguage":"fr-FR","potentialAction":[{"@type":"ReadAction","target":["https:\/\/walkingmum.com\/fr\/produit\/sac-crossbody-botton-fleurs\/"]}]},{"@type":"ImageObject","inLanguage":"fr-FR","@id":"https:\/\/walkingmum.com\/fr\/produit\/sac-crossbody-botton-fleurs\/#primaryimage","url":"https:\/\/walkingmum.com\/wp-content\/uploads\/2025\/04\/1120800473_a-1.jpg","contentUrl":"https:\/\/walkingmum.com\/wp-content\/uploads\/2025\/04\/1120800473_a-1.jpg","width":900,"height":900},{"@type":"BreadcrumbList","@id":"https:\/\/walkingmum.com\/fr\/produit\/sac-crossbody-botton-fleurs\/#breadcrumb","itemListElement":[{"@type":"ListItem","position":1,"name":"Portada","item":"https:\/\/walkingmum.com\/fr\/"},{"@type":"ListItem","position":2,"name":"Tienda","item":"https:\/\/walkingmum.com\/tienda\/"},{"@type":"ListItem","position":3,"name":"SAC CROSSBODY BOTTON FLEURS"}]},{"@type":"WebSite","@id":"https:\/\/walkingmum.com\/#website","url":"https:\/\/walkingmum.com\/","name":"Walking Mum","description":"La marca para beb\u00e9s modernos","potentialAction":[{"@type":"SearchAction","target":{"@type":"EntryPoint","urlTemplate":"https:\/\/walkingmum.com\/?s={search_term_string}"},"query-input":{"@type":"PropertyValueSpecification","valueRequired":true,"valueName":"search_term_string"}}],"inLanguage":"fr-FR"}]}},"_links":{"self":[{"href":"https:\/\/walkingmum.com\/fr\/wp-json\/wp\/v2\/product\/30578","targetHints":{"allow":["GET"]}}],"collection":[{"href":"https:\/\/walkingmum.com\/fr\/wp-json\/wp\/v2\/product"}],"about":[{"href":"https:\/\/walkingmum.com\/fr\/wp-json\/wp\/v2\/types\/product"}],"replies":[{"embeddable":true,"href":"https:\/\/walkingmum.com\/fr\/wp-json\/wp\/v2\/comments?post=30578"}],"wp:featuredmedia":[{"embeddable":true,"href":"https:\/\/walkingmum.com\/fr\/wp-json\/wp\/v2\/media\/28822"}],"wp:attachment":[{"href":"https:\/\/walkingmum.com\/fr\/wp-json\/wp\/v2\/media?parent=30578"}],"wp:term":[{"taxonomy":"colecciones","embeddable":true,"href":"https:\/\/walkingmum.com\/fr\/wp-json\/wp\/v2\/colecciones?post=30578"},{"taxonomy":"product_brand","embeddable":true,"href":"https:\/\/walkingmum.com\/fr\/wp-json\/wp\/v2\/product_brand?post=30578"},{"taxonomy":"product_cat","embeddable":true,"href":"https:\/\/walkingmum.com\/fr\/wp-json\/wp\/v2\/product_cat?post=30578"},{"taxonomy":"product_tag","embeddable":true,"href":"https:\/\/walkingmum.com\/fr\/wp-json\/wp\/v2\/product_tag?post=30578"}],"curies":[{"name":"wp","href":"https:\/\/api.w.org\/{rel}","templated":true}]}}