{"id":28583,"date":"2025-04-04T11:10:08","date_gmt":"2025-04-07T06:59:12","guid":{"rendered":"https:\/\/walkingmum.com\/?post_type=product&#038;p=28583"},"modified":"2025-04-07T06:59:13","modified_gmt":"2025-04-07T06:59:13","slug":"gigoteuse-ete-mimosa-vert","status":"publish","type":"product","link":"https:\/\/walkingmum.com\/fr\/produit\/gigoteuse-ete-mimosa-vert\/","title":{"rendered":"GIGOTEUSE \u00c9T\u00c9 MIMOSA VERT"},"content":{"rendered":"<p>La gigoteuse d&rsquo;\u00e9t\u00e9 pour b\u00e9b\u00e9s Walking Mum Mimosa vert offre un maximum de confort et de s\u00e9curit\u00e9 aux tout-petits pendant leur sommeil. Fabriqu\u00e9e en mousseline imprim\u00e9e de fleurs dans des tons neutres, 100 % coton, elle est extra douce et respirante, parfaite pour la peau d\u00e9licate des nouveau-n\u00e9s.  La conception sans manches permet une grande libert\u00e9 de mouvement, tout en gardant b\u00e9b\u00e9 au chaud tout au long de la nuit. Il se ferme \u00e0 l&rsquo;aide de boutons-pression sur les bretelles pour un ajustement s\u00fbr et un enfilage facile, permettant un acc\u00e8s rapide et pratique. Elle est con\u00e7ue pour garder b\u00e9b\u00e9 bien emmitoufl\u00e9, \u00e9vitant ainsi le risque d&rsquo;\u00e9touffement avec des couvertures sans attache. Id\u00e9ale pour les b\u00e9b\u00e9s de 1 \u00e0 4 mois. TOG (Thermal Overall Grade) 0,5. Conforme \u00e0 la norme europ\u00e9enne EN 16781:2018. Articles textiles pour la pu\u00e9riculture. Exigences de s\u00e9curit\u00e9 et m\u00e9thodes d&rsquo;essai pour les sacs de couchage pour b\u00e9b\u00e9s . Cette gigoteuse Walking Mum est un choix id\u00e9al pour les parents qui recherchent le confort, la s\u00e9curit\u00e9 et le style dans les produits pour leur b\u00e9b\u00e9. Elle offre un environnement de sommeil s\u00fbr et confortable pour que b\u00e9b\u00e9 dorme paisiblement toute la nuit.  Walking Mum prot\u00e8ge votre b\u00e9b\u00e9 en utilisant les meilleurs tissus, exempts de colorants azo\u00efques et de substances nocives pour la sant\u00e9. Notre collection Walking Mum est con\u00e7ue avec un cachet particulier de style urbain et moderne qui ne passe pas inaper\u00e7u, pour habiller diff\u00e9remment les promenades avec votre b\u00e9b\u00e9. Les accessoires de maternit\u00e9 de cette ligne sont plus sportifs et pratiques, sp\u00e9cialement con\u00e7us pour les mamans et les papas modernes qui appr\u00e9cient les designs les plus actuels et \u00e0 la mode sans n\u00e9gliger la qualit\u00e9 et la fonctionnalit\u00e9 des produits qui compl\u00e8tent et rendent plus confortables toutes les promenades avec leur b\u00e9b\u00e9. Sp\u00e9cifications : Mat\u00e9riaux : 100% coton.<\/p>\n","protected":false},"excerpt":{"rendered":"<p>La gigoteuse d&rsquo;\u00e9t\u00e9 pour b\u00e9b\u00e9s Walking Mum Mimosa vert offre un maximum de confort et de s\u00e9curit\u00e9 aux tout-petits pendant leur sommeil. Fabriqu\u00e9e en mousseline imprim\u00e9e de fleurs dans des tons neutres, 100 % coton, elle est extra douce et respirante, parfaite pour la peau d\u00e9licate des nouveau-n\u00e9s. La conception sans manches permet une grande [&hellip;]<\/p>\n","protected":false},"featured_media":28550,"comment_status":"closed","ping_status":"closed","template":"","meta":{"_acf_changed":false,"inline_featured_image":false},"colecciones":[354],"product_brand":[],"product_cat":[358],"product_tag":[],"class_list":{"0":"post-28583","1":"product","2":"type-product","3":"status-publish","4":"has-post-thumbnail","6":"colecciones-collection-mimosa","7":"product_cat-home-fr","9":"first","10":"instock","11":"purchasable","12":"product-type-simple"},"acf":[],"yoast_head":"<!-- This site is optimized with the Yoast SEO plugin v27.4 - https:\/\/yoast.com\/product\/yoast-seo-wordpress\/ -->\n<title>GIGOTEUSE \u00c9T\u00c9 MIMOSA VERT - Walking Mum<\/title>\n<meta name=\"robots\" content=\"index, follow, max-snippet:-1, max-image-preview:large, max-video-preview:-1\" \/>\n<link rel=\"canonical\" href=\"https:\/\/walkingmum.com\/fr\/produit\/gigoteuse-ete-mimosa-vert\/\" \/>\n<meta property=\"og:locale\" content=\"fr_FR\" \/>\n<meta property=\"og:type\" content=\"article\" \/>\n<meta property=\"og:title\" content=\"GIGOTEUSE \u00c9T\u00c9 MIMOSA VERT - Walking Mum\" \/>\n<meta property=\"og:description\" content=\"La gigoteuse d&rsquo;\u00e9t\u00e9 pour b\u00e9b\u00e9s Walking Mum Mimosa vert offre un maximum de confort et de s\u00e9curit\u00e9 aux tout-petits pendant leur sommeil. Fabriqu\u00e9e en mousseline imprim\u00e9e de fleurs dans des tons neutres, 100 % coton, elle est extra douce et respirante, parfaite pour la peau d\u00e9licate des nouveau-n\u00e9s. La conception sans manches permet une grande [&hellip;]\" \/>\n<meta property=\"og:url\" content=\"https:\/\/walkingmum.com\/fr\/produit\/gigoteuse-ete-mimosa-vert\/\" \/>\n<meta property=\"og:site_name\" content=\"Walking Mum\" \/>\n<meta property=\"article:modified_time\" content=\"2025-04-07T06:59:13+00:00\" \/>\n<meta property=\"og:image\" content=\"https:\/\/walkingmum.com\/wp-content\/uploads\/2025\/04\/1120800468_a-1.jpg\" \/>\n\t<meta property=\"og:image:width\" content=\"900\" \/>\n\t<meta property=\"og:image:height\" content=\"900\" \/>\n\t<meta property=\"og:image:type\" content=\"image\/jpeg\" \/>\n<meta name=\"twitter:card\" content=\"summary_large_image\" \/>\n<meta name=\"twitter:label1\" content=\"Dur\u00e9e de lecture estim\u00e9e\" \/>\n\t<meta name=\"twitter:data1\" content=\"2 minutes\" \/>\n<script type=\"application\/ld+json\" class=\"yoast-schema-graph\">{\"@context\":\"https:\\\/\\\/schema.org\",\"@graph\":[{\"@type\":\"WebPage\",\"@id\":\"https:\\\/\\\/walkingmum.com\\\/fr\\\/produit\\\/gigoteuse-ete-mimosa-vert\\\/\",\"url\":\"https:\\\/\\\/walkingmum.com\\\/fr\\\/produit\\\/gigoteuse-ete-mimosa-vert\\\/\",\"name\":\"GIGOTEUSE \u00c9T\u00c9 MIMOSA VERT - Walking Mum\",\"isPartOf\":{\"@id\":\"https:\\\/\\\/walkingmum.com\\\/#website\"},\"primaryImageOfPage\":{\"@id\":\"https:\\\/\\\/walkingmum.com\\\/fr\\\/produit\\\/gigoteuse-ete-mimosa-vert\\\/#primaryimage\"},\"image\":{\"@id\":\"https:\\\/\\\/walkingmum.com\\\/fr\\\/produit\\\/gigoteuse-ete-mimosa-vert\\\/#primaryimage\"},\"thumbnailUrl\":\"https:\\\/\\\/walkingmum.com\\\/wp-content\\\/uploads\\\/2025\\\/04\\\/1120800468_a-1.jpg\",\"datePublished\":\"2025-04-07T06:59:12+00:00\",\"dateModified\":\"2025-04-07T06:59:13+00:00\",\"breadcrumb\":{\"@id\":\"https:\\\/\\\/walkingmum.com\\\/fr\\\/produit\\\/gigoteuse-ete-mimosa-vert\\\/#breadcrumb\"},\"inLanguage\":\"fr-FR\",\"potentialAction\":[{\"@type\":\"ReadAction\",\"target\":[\"https:\\\/\\\/walkingmum.com\\\/fr\\\/produit\\\/gigoteuse-ete-mimosa-vert\\\/\"]}]},{\"@type\":\"ImageObject\",\"inLanguage\":\"fr-FR\",\"@id\":\"https:\\\/\\\/walkingmum.com\\\/fr\\\/produit\\\/gigoteuse-ete-mimosa-vert\\\/#primaryimage\",\"url\":\"https:\\\/\\\/walkingmum.com\\\/wp-content\\\/uploads\\\/2025\\\/04\\\/1120800468_a-1.jpg\",\"contentUrl\":\"https:\\\/\\\/walkingmum.com\\\/wp-content\\\/uploads\\\/2025\\\/04\\\/1120800468_a-1.jpg\",\"width\":900,\"height\":900},{\"@type\":\"BreadcrumbList\",\"@id\":\"https:\\\/\\\/walkingmum.com\\\/fr\\\/produit\\\/gigoteuse-ete-mimosa-vert\\\/#breadcrumb\",\"itemListElement\":[{\"@type\":\"ListItem\",\"position\":1,\"name\":\"Portada\",\"item\":\"https:\\\/\\\/walkingmum.com\\\/fr\\\/\"},{\"@type\":\"ListItem\",\"position\":2,\"name\":\"Tienda\",\"item\":\"https:\\\/\\\/walkingmum.com\\\/tienda\\\/\"},{\"@type\":\"ListItem\",\"position\":3,\"name\":\"GIGOTEUSE \u00c9T\u00c9 MIMOSA VERT\"}]},{\"@type\":\"WebSite\",\"@id\":\"https:\\\/\\\/walkingmum.com\\\/#website\",\"url\":\"https:\\\/\\\/walkingmum.com\\\/\",\"name\":\"Walking Mum\",\"description\":\"La marca para beb\u00e9s modernos\",\"potentialAction\":[{\"@type\":\"SearchAction\",\"target\":{\"@type\":\"EntryPoint\",\"urlTemplate\":\"https:\\\/\\\/walkingmum.com\\\/?s={search_term_string}\"},\"query-input\":{\"@type\":\"PropertyValueSpecification\",\"valueRequired\":true,\"valueName\":\"search_term_string\"}}],\"inLanguage\":\"fr-FR\"}]}<\/script>\n<!-- \/ Yoast SEO plugin. -->","yoast_head_json":{"title":"GIGOTEUSE \u00c9T\u00c9 MIMOSA VERT - Walking Mum","robots":{"index":"index","follow":"follow","max-snippet":"max-snippet:-1","max-image-preview":"max-image-preview:large","max-video-preview":"max-video-preview:-1"},"canonical":"https:\/\/walkingmum.com\/fr\/produit\/gigoteuse-ete-mimosa-vert\/","og_locale":"fr_FR","og_type":"article","og_title":"GIGOTEUSE \u00c9T\u00c9 MIMOSA VERT - Walking Mum","og_description":"La gigoteuse d&rsquo;\u00e9t\u00e9 pour b\u00e9b\u00e9s Walking Mum Mimosa vert offre un maximum de confort et de s\u00e9curit\u00e9 aux tout-petits pendant leur sommeil. Fabriqu\u00e9e en mousseline imprim\u00e9e de fleurs dans des tons neutres, 100 % coton, elle est extra douce et respirante, parfaite pour la peau d\u00e9licate des nouveau-n\u00e9s. La conception sans manches permet une grande [&hellip;]","og_url":"https:\/\/walkingmum.com\/fr\/produit\/gigoteuse-ete-mimosa-vert\/","og_site_name":"Walking Mum","article_modified_time":"2025-04-07T06:59:13+00:00","og_image":[{"width":900,"height":900,"url":"https:\/\/walkingmum.com\/wp-content\/uploads\/2025\/04\/1120800468_a-1.jpg","type":"image\/jpeg"}],"twitter_card":"summary_large_image","twitter_misc":{"Dur\u00e9e de lecture estim\u00e9e":"2 minutes"},"schema":{"@context":"https:\/\/schema.org","@graph":[{"@type":"WebPage","@id":"https:\/\/walkingmum.com\/fr\/produit\/gigoteuse-ete-mimosa-vert\/","url":"https:\/\/walkingmum.com\/fr\/produit\/gigoteuse-ete-mimosa-vert\/","name":"GIGOTEUSE \u00c9T\u00c9 MIMOSA VERT - Walking Mum","isPartOf":{"@id":"https:\/\/walkingmum.com\/#website"},"primaryImageOfPage":{"@id":"https:\/\/walkingmum.com\/fr\/produit\/gigoteuse-ete-mimosa-vert\/#primaryimage"},"image":{"@id":"https:\/\/walkingmum.com\/fr\/produit\/gigoteuse-ete-mimosa-vert\/#primaryimage"},"thumbnailUrl":"https:\/\/walkingmum.com\/wp-content\/uploads\/2025\/04\/1120800468_a-1.jpg","datePublished":"2025-04-07T06:59:12+00:00","dateModified":"2025-04-07T06:59:13+00:00","breadcrumb":{"@id":"https:\/\/walkingmum.com\/fr\/produit\/gigoteuse-ete-mimosa-vert\/#breadcrumb"},"inLanguage":"fr-FR","potentialAction":[{"@type":"ReadAction","target":["https:\/\/walkingmum.com\/fr\/produit\/gigoteuse-ete-mimosa-vert\/"]}]},{"@type":"ImageObject","inLanguage":"fr-FR","@id":"https:\/\/walkingmum.com\/fr\/produit\/gigoteuse-ete-mimosa-vert\/#primaryimage","url":"https:\/\/walkingmum.com\/wp-content\/uploads\/2025\/04\/1120800468_a-1.jpg","contentUrl":"https:\/\/walkingmum.com\/wp-content\/uploads\/2025\/04\/1120800468_a-1.jpg","width":900,"height":900},{"@type":"BreadcrumbList","@id":"https:\/\/walkingmum.com\/fr\/produit\/gigoteuse-ete-mimosa-vert\/#breadcrumb","itemListElement":[{"@type":"ListItem","position":1,"name":"Portada","item":"https:\/\/walkingmum.com\/fr\/"},{"@type":"ListItem","position":2,"name":"Tienda","item":"https:\/\/walkingmum.com\/tienda\/"},{"@type":"ListItem","position":3,"name":"GIGOTEUSE \u00c9T\u00c9 MIMOSA VERT"}]},{"@type":"WebSite","@id":"https:\/\/walkingmum.com\/#website","url":"https:\/\/walkingmum.com\/","name":"Walking Mum","description":"La marca para beb\u00e9s modernos","potentialAction":[{"@type":"SearchAction","target":{"@type":"EntryPoint","urlTemplate":"https:\/\/walkingmum.com\/?s={search_term_string}"},"query-input":{"@type":"PropertyValueSpecification","valueRequired":true,"valueName":"search_term_string"}}],"inLanguage":"fr-FR"}]}},"_links":{"self":[{"href":"https:\/\/walkingmum.com\/fr\/wp-json\/wp\/v2\/product\/28583","targetHints":{"allow":["GET"]}}],"collection":[{"href":"https:\/\/walkingmum.com\/fr\/wp-json\/wp\/v2\/product"}],"about":[{"href":"https:\/\/walkingmum.com\/fr\/wp-json\/wp\/v2\/types\/product"}],"replies":[{"embeddable":true,"href":"https:\/\/walkingmum.com\/fr\/wp-json\/wp\/v2\/comments?post=28583"}],"wp:featuredmedia":[{"embeddable":true,"href":"https:\/\/walkingmum.com\/fr\/wp-json\/wp\/v2\/media\/28550"}],"wp:attachment":[{"href":"https:\/\/walkingmum.com\/fr\/wp-json\/wp\/v2\/media?parent=28583"}],"wp:term":[{"taxonomy":"colecciones","embeddable":true,"href":"https:\/\/walkingmum.com\/fr\/wp-json\/wp\/v2\/colecciones?post=28583"},{"taxonomy":"product_brand","embeddable":true,"href":"https:\/\/walkingmum.com\/fr\/wp-json\/wp\/v2\/product_brand?post=28583"},{"taxonomy":"product_cat","embeddable":true,"href":"https:\/\/walkingmum.com\/fr\/wp-json\/wp\/v2\/product_cat?post=28583"},{"taxonomy":"product_tag","embeddable":true,"href":"https:\/\/walkingmum.com\/fr\/wp-json\/wp\/v2\/product_tag?post=28583"}],"curies":[{"name":"wp","href":"https:\/\/api.w.org\/{rel}","templated":true}]}}