{"id":28578,"date":"2025-04-04T11:10:00","date_gmt":"2025-04-07T06:59:11","guid":{"rendered":"https:\/\/walkingmum.com\/?post_type=product&#038;p=28578"},"modified":"2025-04-07T06:59:11","modified_gmt":"2025-04-07T06:59:11","slug":"drap-housse-pour-nacelle-mousseline-mimosa-rose","status":"publish","type":"product","link":"https:\/\/walkingmum.com\/fr\/produit\/drap-housse-pour-nacelle-mousseline-mimosa-rose\/","title":{"rendered":"DRAP-HOUSSE POUR NACELLE + MOUSSELINE MIMOSA ROSE"},"content":{"rendered":"<p>Cet ensemble de draps pour nacelle ou berceau Mimosa rose est id\u00e9al pour assurer le repos et le bien-\u00eatre de votre b\u00e9b\u00e9 d\u00e8s le premier jour. Il comprend un drap-housse en mousseline 100 % coton, un tissu extra doux et respirant, parfait pour la peau d\u00e9licate des nouveau-n\u00e9s. Il comprend \u00e9galement un lange tr\u00e8s doux de 120 x 120 cm, compos\u00e9e d&rsquo;un m\u00e9lange de 70 % de bambou et de 30 % de coton, offrant une texture ultra-l\u00e9g\u00e8re, respirant et polyvalent, id\u00e9al pour c\u00e2liner votre b\u00e9b\u00e9, le prot\u00e9ger du soleil ou comme couverture l\u00e9g\u00e8re \u00e0 tout moment. Mati\u00e8res douces pour la peau de b\u00e9b\u00e9, id\u00e9ales pour un repos s\u00fbr et agr\u00e9able. Facile \u00e0 laver et \u00e0 entretenir, il conserve sa douceur lavage apr\u00e8s lavage. L&rsquo;ensemble drap-housse et Lange Walking Mum est un incontournable de la layette de b\u00e9b\u00e9, alliant qualit\u00e9, fonctionnalit\u00e9 et design.  Cet ensemble est id\u00e9al pour assurer le confort et la protection de votre b\u00e9b\u00e9, avec le style et la qualit\u00e9 propres \u00e0 Walking Mum. Fabriqu\u00e9 \u00e0 partir de mat\u00e9riaux r\u00e9sistants, il est facile \u00e0 nettoyer \u00e0 la main ou en machine \u00e0 30\u00b0C. Walking Mum prot\u00e8ge votre b\u00e9b\u00e9 en utilisant les tissus les plus fins, exempts de colorants azo\u00efques et de substances nocives pour la sant\u00e9. Notre collection Walking Mum est con\u00e7ue avec une empreinte particuli\u00e8re de style urbain et moderne qui ne passe pas inaper\u00e7u, pour habiller diff\u00e9remment les promenades avec votre b\u00e9b\u00e9. Les accessoires de maternit\u00e9 de cette ligne sont plus sportifs et pratiques, sp\u00e9cialement con\u00e7us pour les mamans et les papas modernes qui appr\u00e9cient les designs les plus actuels et branch\u00e9s sans n\u00e9gliger la qualit\u00e9 et la fonctionnalit\u00e9 des produits qui compl\u00e8tent et rendent plus confortables toutes les promenades avec leur b\u00e9b\u00e9. Sp\u00e9cifications : Mat\u00e9riaux : 100% coton. Tailles : Universelle.<\/p>\n","protected":false},"excerpt":{"rendered":"<p>Cet ensemble de draps pour nacelle ou berceau Mimosa rose est id\u00e9al pour assurer le repos et le bien-\u00eatre de votre b\u00e9b\u00e9 d\u00e8s le premier jour. Il comprend un drap-housse en mousseline 100 % coton, un tissu extra doux et respirant, parfait pour la peau d\u00e9licate des nouveau-n\u00e9s. Il comprend \u00e9galement un lange tr\u00e8s doux [&hellip;]<\/p>\n","protected":false},"featured_media":28474,"comment_status":"closed","ping_status":"closed","template":"","meta":{"_acf_changed":false,"inline_featured_image":false},"colecciones":[354],"product_brand":[],"product_cat":[144],"product_tag":[],"class_list":{"0":"post-28578","1":"product","2":"type-product","3":"status-publish","4":"has-post-thumbnail","6":"colecciones-collection-mimosa","7":"product_cat-housses-pour-nacelle-et-nids-dange","9":"first","10":"instock","11":"purchasable","12":"product-type-simple"},"acf":[],"yoast_head":"<!-- This site is optimized with the Yoast SEO plugin v27.4 - https:\/\/yoast.com\/product\/yoast-seo-wordpress\/ -->\n<title>DRAP-HOUSSE POUR NACELLE + MOUSSELINE MIMOSA ROSE - Walking Mum<\/title>\n<meta name=\"robots\" content=\"index, follow, max-snippet:-1, max-image-preview:large, max-video-preview:-1\" \/>\n<link rel=\"canonical\" href=\"https:\/\/walkingmum.com\/fr\/produit\/drap-housse-pour-nacelle-mousseline-mimosa-rose\/\" \/>\n<meta property=\"og:locale\" content=\"fr_FR\" \/>\n<meta property=\"og:type\" content=\"article\" \/>\n<meta property=\"og:title\" content=\"DRAP-HOUSSE POUR NACELLE + MOUSSELINE MIMOSA ROSE - Walking Mum\" \/>\n<meta property=\"og:description\" content=\"Cet ensemble de draps pour nacelle ou berceau Mimosa rose est id\u00e9al pour assurer le repos et le bien-\u00eatre de votre b\u00e9b\u00e9 d\u00e8s le premier jour. Il comprend un drap-housse en mousseline 100 % coton, un tissu extra doux et respirant, parfait pour la peau d\u00e9licate des nouveau-n\u00e9s. Il comprend \u00e9galement un lange tr\u00e8s doux [&hellip;]\" \/>\n<meta property=\"og:url\" content=\"https:\/\/walkingmum.com\/fr\/produit\/drap-housse-pour-nacelle-mousseline-mimosa-rose\/\" \/>\n<meta property=\"og:site_name\" content=\"Walking Mum\" \/>\n<meta property=\"og:image\" content=\"https:\/\/walkingmum.com\/wp-content\/uploads\/2025\/04\/1120800463_a-1.jpg\" \/>\n\t<meta property=\"og:image:width\" content=\"900\" \/>\n\t<meta property=\"og:image:height\" content=\"900\" \/>\n\t<meta property=\"og:image:type\" content=\"image\/jpeg\" \/>\n<meta name=\"twitter:card\" content=\"summary_large_image\" \/>\n<meta name=\"twitter:label1\" content=\"Dur\u00e9e de lecture estim\u00e9e\" \/>\n\t<meta name=\"twitter:data1\" content=\"2 minutes\" \/>\n<script type=\"application\/ld+json\" class=\"yoast-schema-graph\">{\"@context\":\"https:\\\/\\\/schema.org\",\"@graph\":[{\"@type\":\"WebPage\",\"@id\":\"https:\\\/\\\/walkingmum.com\\\/fr\\\/produit\\\/drap-housse-pour-nacelle-mousseline-mimosa-rose\\\/\",\"url\":\"https:\\\/\\\/walkingmum.com\\\/fr\\\/produit\\\/drap-housse-pour-nacelle-mousseline-mimosa-rose\\\/\",\"name\":\"DRAP-HOUSSE POUR NACELLE + MOUSSELINE MIMOSA ROSE - Walking Mum\",\"isPartOf\":{\"@id\":\"https:\\\/\\\/walkingmum.com\\\/#website\"},\"primaryImageOfPage\":{\"@id\":\"https:\\\/\\\/walkingmum.com\\\/fr\\\/produit\\\/drap-housse-pour-nacelle-mousseline-mimosa-rose\\\/#primaryimage\"},\"image\":{\"@id\":\"https:\\\/\\\/walkingmum.com\\\/fr\\\/produit\\\/drap-housse-pour-nacelle-mousseline-mimosa-rose\\\/#primaryimage\"},\"thumbnailUrl\":\"https:\\\/\\\/walkingmum.com\\\/wp-content\\\/uploads\\\/2025\\\/04\\\/1120800463_a-1.jpg\",\"datePublished\":\"2025-04-07T06:59:11+00:00\",\"breadcrumb\":{\"@id\":\"https:\\\/\\\/walkingmum.com\\\/fr\\\/produit\\\/drap-housse-pour-nacelle-mousseline-mimosa-rose\\\/#breadcrumb\"},\"inLanguage\":\"fr-FR\",\"potentialAction\":[{\"@type\":\"ReadAction\",\"target\":[\"https:\\\/\\\/walkingmum.com\\\/fr\\\/produit\\\/drap-housse-pour-nacelle-mousseline-mimosa-rose\\\/\"]}]},{\"@type\":\"ImageObject\",\"inLanguage\":\"fr-FR\",\"@id\":\"https:\\\/\\\/walkingmum.com\\\/fr\\\/produit\\\/drap-housse-pour-nacelle-mousseline-mimosa-rose\\\/#primaryimage\",\"url\":\"https:\\\/\\\/walkingmum.com\\\/wp-content\\\/uploads\\\/2025\\\/04\\\/1120800463_a-1.jpg\",\"contentUrl\":\"https:\\\/\\\/walkingmum.com\\\/wp-content\\\/uploads\\\/2025\\\/04\\\/1120800463_a-1.jpg\",\"width\":900,\"height\":900},{\"@type\":\"BreadcrumbList\",\"@id\":\"https:\\\/\\\/walkingmum.com\\\/fr\\\/produit\\\/drap-housse-pour-nacelle-mousseline-mimosa-rose\\\/#breadcrumb\",\"itemListElement\":[{\"@type\":\"ListItem\",\"position\":1,\"name\":\"Portada\",\"item\":\"https:\\\/\\\/walkingmum.com\\\/fr\\\/\"},{\"@type\":\"ListItem\",\"position\":2,\"name\":\"Tienda\",\"item\":\"https:\\\/\\\/walkingmum.com\\\/tienda\\\/\"},{\"@type\":\"ListItem\",\"position\":3,\"name\":\"DRAP-HOUSSE POUR NACELLE + MOUSSELINE MIMOSA ROSE\"}]},{\"@type\":\"WebSite\",\"@id\":\"https:\\\/\\\/walkingmum.com\\\/#website\",\"url\":\"https:\\\/\\\/walkingmum.com\\\/\",\"name\":\"Walking Mum\",\"description\":\"La marca para beb\u00e9s modernos\",\"potentialAction\":[{\"@type\":\"SearchAction\",\"target\":{\"@type\":\"EntryPoint\",\"urlTemplate\":\"https:\\\/\\\/walkingmum.com\\\/?s={search_term_string}\"},\"query-input\":{\"@type\":\"PropertyValueSpecification\",\"valueRequired\":true,\"valueName\":\"search_term_string\"}}],\"inLanguage\":\"fr-FR\"}]}<\/script>\n<!-- \/ Yoast SEO plugin. -->","yoast_head_json":{"title":"DRAP-HOUSSE POUR NACELLE + MOUSSELINE MIMOSA ROSE - Walking Mum","robots":{"index":"index","follow":"follow","max-snippet":"max-snippet:-1","max-image-preview":"max-image-preview:large","max-video-preview":"max-video-preview:-1"},"canonical":"https:\/\/walkingmum.com\/fr\/produit\/drap-housse-pour-nacelle-mousseline-mimosa-rose\/","og_locale":"fr_FR","og_type":"article","og_title":"DRAP-HOUSSE POUR NACELLE + MOUSSELINE MIMOSA ROSE - Walking Mum","og_description":"Cet ensemble de draps pour nacelle ou berceau Mimosa rose est id\u00e9al pour assurer le repos et le bien-\u00eatre de votre b\u00e9b\u00e9 d\u00e8s le premier jour. Il comprend un drap-housse en mousseline 100 % coton, un tissu extra doux et respirant, parfait pour la peau d\u00e9licate des nouveau-n\u00e9s. Il comprend \u00e9galement un lange tr\u00e8s doux [&hellip;]","og_url":"https:\/\/walkingmum.com\/fr\/produit\/drap-housse-pour-nacelle-mousseline-mimosa-rose\/","og_site_name":"Walking Mum","og_image":[{"width":900,"height":900,"url":"https:\/\/walkingmum.com\/wp-content\/uploads\/2025\/04\/1120800463_a-1.jpg","type":"image\/jpeg"}],"twitter_card":"summary_large_image","twitter_misc":{"Dur\u00e9e de lecture estim\u00e9e":"2 minutes"},"schema":{"@context":"https:\/\/schema.org","@graph":[{"@type":"WebPage","@id":"https:\/\/walkingmum.com\/fr\/produit\/drap-housse-pour-nacelle-mousseline-mimosa-rose\/","url":"https:\/\/walkingmum.com\/fr\/produit\/drap-housse-pour-nacelle-mousseline-mimosa-rose\/","name":"DRAP-HOUSSE POUR NACELLE + MOUSSELINE MIMOSA ROSE - Walking Mum","isPartOf":{"@id":"https:\/\/walkingmum.com\/#website"},"primaryImageOfPage":{"@id":"https:\/\/walkingmum.com\/fr\/produit\/drap-housse-pour-nacelle-mousseline-mimosa-rose\/#primaryimage"},"image":{"@id":"https:\/\/walkingmum.com\/fr\/produit\/drap-housse-pour-nacelle-mousseline-mimosa-rose\/#primaryimage"},"thumbnailUrl":"https:\/\/walkingmum.com\/wp-content\/uploads\/2025\/04\/1120800463_a-1.jpg","datePublished":"2025-04-07T06:59:11+00:00","breadcrumb":{"@id":"https:\/\/walkingmum.com\/fr\/produit\/drap-housse-pour-nacelle-mousseline-mimosa-rose\/#breadcrumb"},"inLanguage":"fr-FR","potentialAction":[{"@type":"ReadAction","target":["https:\/\/walkingmum.com\/fr\/produit\/drap-housse-pour-nacelle-mousseline-mimosa-rose\/"]}]},{"@type":"ImageObject","inLanguage":"fr-FR","@id":"https:\/\/walkingmum.com\/fr\/produit\/drap-housse-pour-nacelle-mousseline-mimosa-rose\/#primaryimage","url":"https:\/\/walkingmum.com\/wp-content\/uploads\/2025\/04\/1120800463_a-1.jpg","contentUrl":"https:\/\/walkingmum.com\/wp-content\/uploads\/2025\/04\/1120800463_a-1.jpg","width":900,"height":900},{"@type":"BreadcrumbList","@id":"https:\/\/walkingmum.com\/fr\/produit\/drap-housse-pour-nacelle-mousseline-mimosa-rose\/#breadcrumb","itemListElement":[{"@type":"ListItem","position":1,"name":"Portada","item":"https:\/\/walkingmum.com\/fr\/"},{"@type":"ListItem","position":2,"name":"Tienda","item":"https:\/\/walkingmum.com\/tienda\/"},{"@type":"ListItem","position":3,"name":"DRAP-HOUSSE POUR NACELLE + MOUSSELINE MIMOSA ROSE"}]},{"@type":"WebSite","@id":"https:\/\/walkingmum.com\/#website","url":"https:\/\/walkingmum.com\/","name":"Walking Mum","description":"La marca para beb\u00e9s modernos","potentialAction":[{"@type":"SearchAction","target":{"@type":"EntryPoint","urlTemplate":"https:\/\/walkingmum.com\/?s={search_term_string}"},"query-input":{"@type":"PropertyValueSpecification","valueRequired":true,"valueName":"search_term_string"}}],"inLanguage":"fr-FR"}]}},"_links":{"self":[{"href":"https:\/\/walkingmum.com\/fr\/wp-json\/wp\/v2\/product\/28578","targetHints":{"allow":["GET"]}}],"collection":[{"href":"https:\/\/walkingmum.com\/fr\/wp-json\/wp\/v2\/product"}],"about":[{"href":"https:\/\/walkingmum.com\/fr\/wp-json\/wp\/v2\/types\/product"}],"replies":[{"embeddable":true,"href":"https:\/\/walkingmum.com\/fr\/wp-json\/wp\/v2\/comments?post=28578"}],"wp:featuredmedia":[{"embeddable":true,"href":"https:\/\/walkingmum.com\/fr\/wp-json\/wp\/v2\/media\/28474"}],"wp:attachment":[{"href":"https:\/\/walkingmum.com\/fr\/wp-json\/wp\/v2\/media?parent=28578"}],"wp:term":[{"taxonomy":"colecciones","embeddable":true,"href":"https:\/\/walkingmum.com\/fr\/wp-json\/wp\/v2\/colecciones?post=28578"},{"taxonomy":"product_brand","embeddable":true,"href":"https:\/\/walkingmum.com\/fr\/wp-json\/wp\/v2\/product_brand?post=28578"},{"taxonomy":"product_cat","embeddable":true,"href":"https:\/\/walkingmum.com\/fr\/wp-json\/wp\/v2\/product_cat?post=28578"},{"taxonomy":"product_tag","embeddable":true,"href":"https:\/\/walkingmum.com\/fr\/wp-json\/wp\/v2\/product_tag?post=28578"}],"curies":[{"name":"wp","href":"https:\/\/api.w.org\/{rel}","templated":true}]}}