{"id":28279,"date":"2024-11-15T11:54:30","date_gmt":"2024-11-15T12:02:12","guid":{"rendered":"https:\/\/walkingmum.com\/?post_type=product&#038;p=28279"},"modified":"2024-11-15T12:02:12","modified_gmt":"2024-11-15T12:02:12","slug":"chanceliere-ete-coeurs-poppy-mousse","status":"publish","type":"product","link":"https:\/\/walkingmum.com\/fr\/produit\/chanceliere-ete-coeurs-poppy-mousse\/","title":{"rendered":"CHANCELIERE \u00c9T\u00c9 COEURS POPPY MOUSSE"},"content":{"rendered":"<p>La couverture de poussette pour b\u00e9b\u00e9 Poppy Mousse avec des c\u0153urs est fabriqu\u00e9e avec du tissu en coton recycl\u00e9 \u00e0 100 %. C&rsquo;est la couverture id\u00e9ale pour la base de la poussette et elle est livr\u00e9e avec un sac pour envelopper votre b\u00e9b\u00e9. Avec ce sac, votre b\u00e9b\u00e9 sera confortable pendant les mois de printemps et d&rsquo;automne. Le dos comporte un mat\u00e9riau anti-transpiration qui pr\u00e9vient la transpiration excessive du b\u00e9b\u00e9. Remplissage amovible. Son design comporte plusieurs ouvertures (\u0153illets) et ajustements qui facilitent son adaptation \u00e0 la plupart des poussettes, rendant la promenade de votre b\u00e9b\u00e9 s\u00fbre et confortable. Elle est fabriqu\u00e9e dans un mat\u00e9riau r\u00e9sistant et chaud. Elle a une base en polyester sur le repose-pieds qui facilite le nettoyage apr\u00e8s utilisation. C&rsquo;est un design beau, simple et confortable qui cr\u00e9e un nid pour votre b\u00e9b\u00e9, les gardant envelopp\u00e9s et prot\u00e9g\u00e9s. Le sac s&rsquo;adapte facilement \u00e0 n&rsquo;importe quelle poussette et permet un repos plus agr\u00e9able avec sa forme de nid confortable. Grande qualit\u00e9 et beaucoup de style. Fabriqu\u00e9e avec des mat\u00e9riaux r\u00e9sistants et facile \u00e0 nettoyer \u00e0 la main ou en machine \u00e0 30 \u00b0C. Walking Mum prot\u00e8ge votre b\u00e9b\u00e9 en utilisant les meilleurs tissus, exempts de colorants azo\u00efques et de substances nocives pour la sant\u00e9. Notre collection Walking Mum pr\u00e9serve toute la qualit\u00e9 de la marque Pasito a Pasito mais avec un cachet urbain et moderne particulier qui ne passe pas inaper\u00e7u, pour se diff\u00e9rencier lors des promenades avec votre b\u00e9b\u00e9. Les accessoires de cette ligne sont plus sportifs et pratiques, sp\u00e9cialement con\u00e7us pour les mamans et papas modernes qui appr\u00e9cient les designs les plus actuels et tendance sans n\u00e9gliger la qualit\u00e9 et la fonctionnalit\u00e9 des accessoires qui rendent toutes les promenades avec leurs b\u00e9b\u00e9s plus confortables. Mesures : 47 x 90 cm.<\/p>\n","protected":false},"excerpt":{"rendered":"<p>La couverture de poussette pour b\u00e9b\u00e9 Poppy Mousse avec des c\u0153urs est fabriqu\u00e9e avec du tissu en coton recycl\u00e9 \u00e0 100 %. C&rsquo;est la couverture id\u00e9ale pour la base de la poussette et elle est livr\u00e9e avec un sac pour envelopper votre b\u00e9b\u00e9. Avec ce sac, votre b\u00e9b\u00e9 sera confortable pendant les mois de printemps [&hellip;]<\/p>\n","protected":false},"featured_media":28331,"comment_status":"closed","ping_status":"open","template":"","meta":{"_acf_changed":false,"inline_featured_image":false},"colecciones":[350],"product_brand":[],"product_cat":[147,191],"product_tag":[],"class_list":{"0":"post-28279","1":"product","2":"type-product","3":"status-publish","4":"has-post-thumbnail","6":"colecciones-collection-poppy","7":"product_cat-assises-et-chancelieres-pour-poussette","8":"product_cat-sorties","10":"first","11":"instock","12":"purchasable","13":"product-type-simple"},"acf":[],"yoast_head":"<!-- This site is optimized with the Yoast SEO plugin v27.4 - https:\/\/yoast.com\/product\/yoast-seo-wordpress\/ -->\n<title>CHANCELIERE \u00c9T\u00c9 COEURS POPPY MOUSSE - Walking Mum<\/title>\n<meta name=\"robots\" content=\"index, follow, max-snippet:-1, max-image-preview:large, max-video-preview:-1\" \/>\n<link rel=\"canonical\" href=\"https:\/\/walkingmum.com\/fr\/produit\/chanceliere-ete-coeurs-poppy-mousse\/\" \/>\n<meta property=\"og:locale\" content=\"fr_FR\" \/>\n<meta property=\"og:type\" content=\"article\" \/>\n<meta property=\"og:title\" content=\"CHANCELIERE \u00c9T\u00c9 COEURS POPPY MOUSSE - Walking Mum\" \/>\n<meta property=\"og:description\" content=\"La couverture de poussette pour b\u00e9b\u00e9 Poppy Mousse avec des c\u0153urs est fabriqu\u00e9e avec du tissu en coton recycl\u00e9 \u00e0 100 %. C&rsquo;est la couverture id\u00e9ale pour la base de la poussette et elle est livr\u00e9e avec un sac pour envelopper votre b\u00e9b\u00e9. Avec ce sac, votre b\u00e9b\u00e9 sera confortable pendant les mois de printemps [&hellip;]\" \/>\n<meta property=\"og:url\" content=\"https:\/\/walkingmum.com\/fr\/produit\/chanceliere-ete-coeurs-poppy-mousse\/\" \/>\n<meta property=\"og:site_name\" content=\"Walking Mum\" \/>\n<meta property=\"og:image\" content=\"https:\/\/walkingmum.com\/wp-content\/uploads\/2024\/11\/1120800437_a.jpg\" \/>\n\t<meta property=\"og:image:width\" content=\"1200\" \/>\n\t<meta property=\"og:image:height\" content=\"1200\" \/>\n\t<meta property=\"og:image:type\" content=\"image\/jpeg\" \/>\n<meta name=\"twitter:card\" content=\"summary_large_image\" \/>\n<meta name=\"twitter:label1\" content=\"Dur\u00e9e de lecture estim\u00e9e\" \/>\n\t<meta name=\"twitter:data1\" content=\"2 minutes\" \/>\n<script type=\"application\/ld+json\" class=\"yoast-schema-graph\">{\"@context\":\"https:\\\/\\\/schema.org\",\"@graph\":[{\"@type\":\"WebPage\",\"@id\":\"https:\\\/\\\/walkingmum.com\\\/fr\\\/produit\\\/chanceliere-ete-coeurs-poppy-mousse\\\/\",\"url\":\"https:\\\/\\\/walkingmum.com\\\/fr\\\/produit\\\/chanceliere-ete-coeurs-poppy-mousse\\\/\",\"name\":\"CHANCELIERE \u00c9T\u00c9 COEURS POPPY MOUSSE - Walking Mum\",\"isPartOf\":{\"@id\":\"https:\\\/\\\/walkingmum.com\\\/#website\"},\"primaryImageOfPage\":{\"@id\":\"https:\\\/\\\/walkingmum.com\\\/fr\\\/produit\\\/chanceliere-ete-coeurs-poppy-mousse\\\/#primaryimage\"},\"image\":{\"@id\":\"https:\\\/\\\/walkingmum.com\\\/fr\\\/produit\\\/chanceliere-ete-coeurs-poppy-mousse\\\/#primaryimage\"},\"thumbnailUrl\":\"https:\\\/\\\/walkingmum.com\\\/wp-content\\\/uploads\\\/2024\\\/11\\\/1120800437_a-1.jpg\",\"datePublished\":\"2024-11-15T12:02:12+00:00\",\"breadcrumb\":{\"@id\":\"https:\\\/\\\/walkingmum.com\\\/fr\\\/produit\\\/chanceliere-ete-coeurs-poppy-mousse\\\/#breadcrumb\"},\"inLanguage\":\"fr-FR\",\"potentialAction\":[{\"@type\":\"ReadAction\",\"target\":[\"https:\\\/\\\/walkingmum.com\\\/fr\\\/produit\\\/chanceliere-ete-coeurs-poppy-mousse\\\/\"]}]},{\"@type\":\"ImageObject\",\"inLanguage\":\"fr-FR\",\"@id\":\"https:\\\/\\\/walkingmum.com\\\/fr\\\/produit\\\/chanceliere-ete-coeurs-poppy-mousse\\\/#primaryimage\",\"url\":\"https:\\\/\\\/walkingmum.com\\\/wp-content\\\/uploads\\\/2024\\\/11\\\/1120800437_a-1.jpg\",\"contentUrl\":\"https:\\\/\\\/walkingmum.com\\\/wp-content\\\/uploads\\\/2024\\\/11\\\/1120800437_a-1.jpg\",\"width\":1200,\"height\":1200},{\"@type\":\"BreadcrumbList\",\"@id\":\"https:\\\/\\\/walkingmum.com\\\/fr\\\/produit\\\/chanceliere-ete-coeurs-poppy-mousse\\\/#breadcrumb\",\"itemListElement\":[{\"@type\":\"ListItem\",\"position\":1,\"name\":\"Portada\",\"item\":\"https:\\\/\\\/walkingmum.com\\\/fr\\\/\"},{\"@type\":\"ListItem\",\"position\":2,\"name\":\"Tienda\",\"item\":\"https:\\\/\\\/walkingmum.com\\\/tienda\\\/\"},{\"@type\":\"ListItem\",\"position\":3,\"name\":\"CHANCELIERE \u00c9T\u00c9 COEURS POPPY MOUSSE\"}]},{\"@type\":\"WebSite\",\"@id\":\"https:\\\/\\\/walkingmum.com\\\/#website\",\"url\":\"https:\\\/\\\/walkingmum.com\\\/\",\"name\":\"Walking Mum\",\"description\":\"La marca para beb\u00e9s modernos\",\"potentialAction\":[{\"@type\":\"SearchAction\",\"target\":{\"@type\":\"EntryPoint\",\"urlTemplate\":\"https:\\\/\\\/walkingmum.com\\\/?s={search_term_string}\"},\"query-input\":{\"@type\":\"PropertyValueSpecification\",\"valueRequired\":true,\"valueName\":\"search_term_string\"}}],\"inLanguage\":\"fr-FR\"}]}<\/script>\n<!-- \/ Yoast SEO plugin. -->","yoast_head_json":{"title":"CHANCELIERE \u00c9T\u00c9 COEURS POPPY MOUSSE - Walking Mum","robots":{"index":"index","follow":"follow","max-snippet":"max-snippet:-1","max-image-preview":"max-image-preview:large","max-video-preview":"max-video-preview:-1"},"canonical":"https:\/\/walkingmum.com\/fr\/produit\/chanceliere-ete-coeurs-poppy-mousse\/","og_locale":"fr_FR","og_type":"article","og_title":"CHANCELIERE \u00c9T\u00c9 COEURS POPPY MOUSSE - Walking Mum","og_description":"La couverture de poussette pour b\u00e9b\u00e9 Poppy Mousse avec des c\u0153urs est fabriqu\u00e9e avec du tissu en coton recycl\u00e9 \u00e0 100 %. C&rsquo;est la couverture id\u00e9ale pour la base de la poussette et elle est livr\u00e9e avec un sac pour envelopper votre b\u00e9b\u00e9. Avec ce sac, votre b\u00e9b\u00e9 sera confortable pendant les mois de printemps [&hellip;]","og_url":"https:\/\/walkingmum.com\/fr\/produit\/chanceliere-ete-coeurs-poppy-mousse\/","og_site_name":"Walking Mum","og_image":[{"width":1200,"height":1200,"url":"https:\/\/walkingmum.com\/wp-content\/uploads\/2024\/11\/1120800437_a.jpg","type":"image\/jpeg"}],"twitter_card":"summary_large_image","twitter_misc":{"Dur\u00e9e de lecture estim\u00e9e":"2 minutes"},"schema":{"@context":"https:\/\/schema.org","@graph":[{"@type":"WebPage","@id":"https:\/\/walkingmum.com\/fr\/produit\/chanceliere-ete-coeurs-poppy-mousse\/","url":"https:\/\/walkingmum.com\/fr\/produit\/chanceliere-ete-coeurs-poppy-mousse\/","name":"CHANCELIERE \u00c9T\u00c9 COEURS POPPY MOUSSE - Walking Mum","isPartOf":{"@id":"https:\/\/walkingmum.com\/#website"},"primaryImageOfPage":{"@id":"https:\/\/walkingmum.com\/fr\/produit\/chanceliere-ete-coeurs-poppy-mousse\/#primaryimage"},"image":{"@id":"https:\/\/walkingmum.com\/fr\/produit\/chanceliere-ete-coeurs-poppy-mousse\/#primaryimage"},"thumbnailUrl":"https:\/\/walkingmum.com\/wp-content\/uploads\/2024\/11\/1120800437_a-1.jpg","datePublished":"2024-11-15T12:02:12+00:00","breadcrumb":{"@id":"https:\/\/walkingmum.com\/fr\/produit\/chanceliere-ete-coeurs-poppy-mousse\/#breadcrumb"},"inLanguage":"fr-FR","potentialAction":[{"@type":"ReadAction","target":["https:\/\/walkingmum.com\/fr\/produit\/chanceliere-ete-coeurs-poppy-mousse\/"]}]},{"@type":"ImageObject","inLanguage":"fr-FR","@id":"https:\/\/walkingmum.com\/fr\/produit\/chanceliere-ete-coeurs-poppy-mousse\/#primaryimage","url":"https:\/\/walkingmum.com\/wp-content\/uploads\/2024\/11\/1120800437_a-1.jpg","contentUrl":"https:\/\/walkingmum.com\/wp-content\/uploads\/2024\/11\/1120800437_a-1.jpg","width":1200,"height":1200},{"@type":"BreadcrumbList","@id":"https:\/\/walkingmum.com\/fr\/produit\/chanceliere-ete-coeurs-poppy-mousse\/#breadcrumb","itemListElement":[{"@type":"ListItem","position":1,"name":"Portada","item":"https:\/\/walkingmum.com\/fr\/"},{"@type":"ListItem","position":2,"name":"Tienda","item":"https:\/\/walkingmum.com\/tienda\/"},{"@type":"ListItem","position":3,"name":"CHANCELIERE \u00c9T\u00c9 COEURS POPPY MOUSSE"}]},{"@type":"WebSite","@id":"https:\/\/walkingmum.com\/#website","url":"https:\/\/walkingmum.com\/","name":"Walking Mum","description":"La marca para beb\u00e9s modernos","potentialAction":[{"@type":"SearchAction","target":{"@type":"EntryPoint","urlTemplate":"https:\/\/walkingmum.com\/?s={search_term_string}"},"query-input":{"@type":"PropertyValueSpecification","valueRequired":true,"valueName":"search_term_string"}}],"inLanguage":"fr-FR"}]}},"_links":{"self":[{"href":"https:\/\/walkingmum.com\/fr\/wp-json\/wp\/v2\/product\/28279","targetHints":{"allow":["GET"]}}],"collection":[{"href":"https:\/\/walkingmum.com\/fr\/wp-json\/wp\/v2\/product"}],"about":[{"href":"https:\/\/walkingmum.com\/fr\/wp-json\/wp\/v2\/types\/product"}],"replies":[{"embeddable":true,"href":"https:\/\/walkingmum.com\/fr\/wp-json\/wp\/v2\/comments?post=28279"}],"wp:featuredmedia":[{"embeddable":true,"href":"https:\/\/walkingmum.com\/fr\/wp-json\/wp\/v2\/media\/28331"}],"wp:attachment":[{"href":"https:\/\/walkingmum.com\/fr\/wp-json\/wp\/v2\/media?parent=28279"}],"wp:term":[{"taxonomy":"colecciones","embeddable":true,"href":"https:\/\/walkingmum.com\/fr\/wp-json\/wp\/v2\/colecciones?post=28279"},{"taxonomy":"product_brand","embeddable":true,"href":"https:\/\/walkingmum.com\/fr\/wp-json\/wp\/v2\/product_brand?post=28279"},{"taxonomy":"product_cat","embeddable":true,"href":"https:\/\/walkingmum.com\/fr\/wp-json\/wp\/v2\/product_cat?post=28279"},{"taxonomy":"product_tag","embeddable":true,"href":"https:\/\/walkingmum.com\/fr\/wp-json\/wp\/v2\/product_tag?post=28279"}],"curies":[{"name":"wp","href":"https:\/\/api.w.org\/{rel}","templated":true}]}}