{"id":28276,"date":"2024-11-15T11:53:31","date_gmt":"2024-11-15T12:02:14","guid":{"rendered":"https:\/\/walkingmum.com\/?post_type=product&#038;p=28276"},"modified":"2024-11-15T12:02:14","modified_gmt":"2024-11-15T12:02:14","slug":"maison-dactivites-en-bois-poppy","status":"publish","type":"product","link":"https:\/\/walkingmum.com\/fr\/produit\/maison-dactivites-en-bois-poppy\/","title":{"rendered":"MAISON D&rsquo;ACTIVIT\u00c9S EN BOIS POPPY"},"content":{"rendered":"<p>La charmante petite maison en bois aux formes g\u00e9om\u00e9triques de Walking Mum&rsquo;s a \u00e9t\u00e9 sp\u00e9cialement con\u00e7ue pour stimuler la curiosit\u00e9 et le d\u00e9veloppement pr\u00e9coce des b\u00e9b\u00e9s. Ce jouet \u00e9ducatif est parfait pour initier les tout-petits au monde des formes et des couleurs, tout en s&rsquo;amusant pendant des heures. Favorise la coordination \u0153il-main et la motricit\u00e9 fine. Permet aux enfants de cr\u00e9er leurs propres histoires et sc\u00e9narios. Maison de jeu en bois avec une finition naturelle et un toit de couleur pastel. Comprend plusieurs formes g\u00e9om\u00e9triques color\u00e9es qui s&rsquo;ins\u00e8rent dans les espaces correspondants. Comprend 1 maison de jeu et 6 pi\u00e8ces g\u00e9om\u00e9triques (souris, fromage, \u00e9toile, c\u0153ur, cercle et triangle). La taille est id\u00e9ale pour que les petites mains puissent facilement saisir et manipuler les pi\u00e8ces. Fabriqu\u00e9 en bois de haute qualit\u00e9, durable et certifi\u00e9 FSC. Les pi\u00e8ces sont peintes avec des peintures non toxiques, ce qui garantit la s\u00e9curit\u00e9 des petits pendant le jeu. Ce jouet \u00e0 ramper est un cadeau id\u00e9al pour les anniversaires, No\u00ebl ou toute autre occasion sp\u00e9ciale. Il constitue un excellent compl\u00e9ment \u00e0 la collection de jouets de tout enfant, lui procurant des heures d&rsquo;amusement et d&rsquo;apprentissage. Walking Mum prot\u00e8ge votre b\u00e9b\u00e9 en utilisant les meilleurs mat\u00e9riaux, exempts de substances nocives pour la sant\u00e9. Conforme \u00e0 la norme europ\u00e9enne EN-71 sur la s\u00e9curit\u00e9 des jouets. Convient \u00e0 partir de 10 mois.<\/p>\n","protected":false},"excerpt":{"rendered":"<p>La charmante petite maison en bois aux formes g\u00e9om\u00e9triques de Walking Mum&rsquo;s a \u00e9t\u00e9 sp\u00e9cialement con\u00e7ue pour stimuler la curiosit\u00e9 et le d\u00e9veloppement pr\u00e9coce des b\u00e9b\u00e9s. Ce jouet \u00e9ducatif est parfait pour initier les tout-petits au monde des formes et des couleurs, tout en s&rsquo;amusant pendant des heures. Favorise la coordination \u0153il-main et la motricit\u00e9 [&hellip;]<\/p>\n","protected":false},"featured_media":28107,"comment_status":"closed","ping_status":"open","template":"","meta":{"_acf_changed":false,"inline_featured_image":false},"colecciones":[350],"product_brand":[],"product_cat":[366],"product_tag":[],"class_list":{"0":"post-28276","1":"product","2":"type-product","3":"status-publish","4":"has-post-thumbnail","6":"colecciones-collection-poppy","7":"product_cat-walking-mum-play-fr","9":"first","10":"instock","11":"purchasable","12":"product-type-simple"},"acf":[],"yoast_head":"<!-- This site is optimized with the Yoast SEO plugin v27.4 - https:\/\/yoast.com\/product\/yoast-seo-wordpress\/ -->\n<title>MAISON D&#039;ACTIVIT\u00c9S EN BOIS POPPY - Walking Mum<\/title>\n<meta name=\"robots\" content=\"index, follow, max-snippet:-1, max-image-preview:large, max-video-preview:-1\" \/>\n<link rel=\"canonical\" href=\"https:\/\/walkingmum.com\/fr\/produit\/maison-dactivites-en-bois-poppy\/\" \/>\n<meta property=\"og:locale\" content=\"fr_FR\" \/>\n<meta property=\"og:type\" content=\"article\" \/>\n<meta property=\"og:title\" content=\"MAISON D&#039;ACTIVIT\u00c9S EN BOIS POPPY - Walking Mum\" \/>\n<meta property=\"og:description\" content=\"La charmante petite maison en bois aux formes g\u00e9om\u00e9triques de Walking Mum&rsquo;s a \u00e9t\u00e9 sp\u00e9cialement con\u00e7ue pour stimuler la curiosit\u00e9 et le d\u00e9veloppement pr\u00e9coce des b\u00e9b\u00e9s. Ce jouet \u00e9ducatif est parfait pour initier les tout-petits au monde des formes et des couleurs, tout en s&rsquo;amusant pendant des heures. Favorise la coordination \u0153il-main et la motricit\u00e9 [&hellip;]\" \/>\n<meta property=\"og:url\" content=\"https:\/\/walkingmum.com\/fr\/produit\/maison-dactivites-en-bois-poppy\/\" \/>\n<meta property=\"og:site_name\" content=\"Walking Mum\" \/>\n<meta property=\"og:image\" content=\"https:\/\/walkingmum.com\/wp-content\/uploads\/2024\/11\/1120800430_a.jpg\" \/>\n\t<meta property=\"og:image:width\" content=\"1200\" \/>\n\t<meta property=\"og:image:height\" content=\"1200\" \/>\n\t<meta property=\"og:image:type\" content=\"image\/jpeg\" \/>\n<meta name=\"twitter:card\" content=\"summary_large_image\" \/>\n<meta name=\"twitter:label1\" content=\"Dur\u00e9e de lecture estim\u00e9e\" \/>\n\t<meta name=\"twitter:data1\" content=\"1 minute\" \/>\n<script type=\"application\/ld+json\" class=\"yoast-schema-graph\">{\"@context\":\"https:\\\/\\\/schema.org\",\"@graph\":[{\"@type\":\"WebPage\",\"@id\":\"https:\\\/\\\/walkingmum.com\\\/fr\\\/produit\\\/maison-dactivites-en-bois-poppy\\\/\",\"url\":\"https:\\\/\\\/walkingmum.com\\\/fr\\\/produit\\\/maison-dactivites-en-bois-poppy\\\/\",\"name\":\"MAISON D'ACTIVIT\u00c9S EN BOIS POPPY - Walking Mum\",\"isPartOf\":{\"@id\":\"https:\\\/\\\/walkingmum.com\\\/#website\"},\"primaryImageOfPage\":{\"@id\":\"https:\\\/\\\/walkingmum.com\\\/fr\\\/produit\\\/maison-dactivites-en-bois-poppy\\\/#primaryimage\"},\"image\":{\"@id\":\"https:\\\/\\\/walkingmum.com\\\/fr\\\/produit\\\/maison-dactivites-en-bois-poppy\\\/#primaryimage\"},\"thumbnailUrl\":\"https:\\\/\\\/walkingmum.com\\\/wp-content\\\/uploads\\\/2024\\\/11\\\/1120800430_a.jpg\",\"datePublished\":\"2024-11-15T12:02:14+00:00\",\"breadcrumb\":{\"@id\":\"https:\\\/\\\/walkingmum.com\\\/fr\\\/produit\\\/maison-dactivites-en-bois-poppy\\\/#breadcrumb\"},\"inLanguage\":\"fr-FR\",\"potentialAction\":[{\"@type\":\"ReadAction\",\"target\":[\"https:\\\/\\\/walkingmum.com\\\/fr\\\/produit\\\/maison-dactivites-en-bois-poppy\\\/\"]}]},{\"@type\":\"ImageObject\",\"inLanguage\":\"fr-FR\",\"@id\":\"https:\\\/\\\/walkingmum.com\\\/fr\\\/produit\\\/maison-dactivites-en-bois-poppy\\\/#primaryimage\",\"url\":\"https:\\\/\\\/walkingmum.com\\\/wp-content\\\/uploads\\\/2024\\\/11\\\/1120800430_a.jpg\",\"contentUrl\":\"https:\\\/\\\/walkingmum.com\\\/wp-content\\\/uploads\\\/2024\\\/11\\\/1120800430_a.jpg\",\"width\":1200,\"height\":1200},{\"@type\":\"BreadcrumbList\",\"@id\":\"https:\\\/\\\/walkingmum.com\\\/fr\\\/produit\\\/maison-dactivites-en-bois-poppy\\\/#breadcrumb\",\"itemListElement\":[{\"@type\":\"ListItem\",\"position\":1,\"name\":\"Portada\",\"item\":\"https:\\\/\\\/walkingmum.com\\\/fr\\\/\"},{\"@type\":\"ListItem\",\"position\":2,\"name\":\"Tienda\",\"item\":\"https:\\\/\\\/walkingmum.com\\\/tienda\\\/\"},{\"@type\":\"ListItem\",\"position\":3,\"name\":\"MAISON D&#8217;ACTIVIT\u00c9S EN BOIS POPPY\"}]},{\"@type\":\"WebSite\",\"@id\":\"https:\\\/\\\/walkingmum.com\\\/#website\",\"url\":\"https:\\\/\\\/walkingmum.com\\\/\",\"name\":\"Walking Mum\",\"description\":\"La marca para beb\u00e9s modernos\",\"potentialAction\":[{\"@type\":\"SearchAction\",\"target\":{\"@type\":\"EntryPoint\",\"urlTemplate\":\"https:\\\/\\\/walkingmum.com\\\/?s={search_term_string}\"},\"query-input\":{\"@type\":\"PropertyValueSpecification\",\"valueRequired\":true,\"valueName\":\"search_term_string\"}}],\"inLanguage\":\"fr-FR\"}]}<\/script>\n<!-- \/ Yoast SEO plugin. -->","yoast_head_json":{"title":"MAISON D'ACTIVIT\u00c9S EN BOIS POPPY - Walking Mum","robots":{"index":"index","follow":"follow","max-snippet":"max-snippet:-1","max-image-preview":"max-image-preview:large","max-video-preview":"max-video-preview:-1"},"canonical":"https:\/\/walkingmum.com\/fr\/produit\/maison-dactivites-en-bois-poppy\/","og_locale":"fr_FR","og_type":"article","og_title":"MAISON D'ACTIVIT\u00c9S EN BOIS POPPY - Walking Mum","og_description":"La charmante petite maison en bois aux formes g\u00e9om\u00e9triques de Walking Mum&rsquo;s a \u00e9t\u00e9 sp\u00e9cialement con\u00e7ue pour stimuler la curiosit\u00e9 et le d\u00e9veloppement pr\u00e9coce des b\u00e9b\u00e9s. Ce jouet \u00e9ducatif est parfait pour initier les tout-petits au monde des formes et des couleurs, tout en s&rsquo;amusant pendant des heures. Favorise la coordination \u0153il-main et la motricit\u00e9 [&hellip;]","og_url":"https:\/\/walkingmum.com\/fr\/produit\/maison-dactivites-en-bois-poppy\/","og_site_name":"Walking Mum","og_image":[{"width":1200,"height":1200,"url":"https:\/\/walkingmum.com\/wp-content\/uploads\/2024\/11\/1120800430_a.jpg","type":"image\/jpeg"}],"twitter_card":"summary_large_image","twitter_misc":{"Dur\u00e9e de lecture estim\u00e9e":"1 minute"},"schema":{"@context":"https:\/\/schema.org","@graph":[{"@type":"WebPage","@id":"https:\/\/walkingmum.com\/fr\/produit\/maison-dactivites-en-bois-poppy\/","url":"https:\/\/walkingmum.com\/fr\/produit\/maison-dactivites-en-bois-poppy\/","name":"MAISON D'ACTIVIT\u00c9S EN BOIS POPPY - Walking Mum","isPartOf":{"@id":"https:\/\/walkingmum.com\/#website"},"primaryImageOfPage":{"@id":"https:\/\/walkingmum.com\/fr\/produit\/maison-dactivites-en-bois-poppy\/#primaryimage"},"image":{"@id":"https:\/\/walkingmum.com\/fr\/produit\/maison-dactivites-en-bois-poppy\/#primaryimage"},"thumbnailUrl":"https:\/\/walkingmum.com\/wp-content\/uploads\/2024\/11\/1120800430_a.jpg","datePublished":"2024-11-15T12:02:14+00:00","breadcrumb":{"@id":"https:\/\/walkingmum.com\/fr\/produit\/maison-dactivites-en-bois-poppy\/#breadcrumb"},"inLanguage":"fr-FR","potentialAction":[{"@type":"ReadAction","target":["https:\/\/walkingmum.com\/fr\/produit\/maison-dactivites-en-bois-poppy\/"]}]},{"@type":"ImageObject","inLanguage":"fr-FR","@id":"https:\/\/walkingmum.com\/fr\/produit\/maison-dactivites-en-bois-poppy\/#primaryimage","url":"https:\/\/walkingmum.com\/wp-content\/uploads\/2024\/11\/1120800430_a.jpg","contentUrl":"https:\/\/walkingmum.com\/wp-content\/uploads\/2024\/11\/1120800430_a.jpg","width":1200,"height":1200},{"@type":"BreadcrumbList","@id":"https:\/\/walkingmum.com\/fr\/produit\/maison-dactivites-en-bois-poppy\/#breadcrumb","itemListElement":[{"@type":"ListItem","position":1,"name":"Portada","item":"https:\/\/walkingmum.com\/fr\/"},{"@type":"ListItem","position":2,"name":"Tienda","item":"https:\/\/walkingmum.com\/tienda\/"},{"@type":"ListItem","position":3,"name":"MAISON D&#8217;ACTIVIT\u00c9S EN BOIS POPPY"}]},{"@type":"WebSite","@id":"https:\/\/walkingmum.com\/#website","url":"https:\/\/walkingmum.com\/","name":"Walking Mum","description":"La marca para beb\u00e9s modernos","potentialAction":[{"@type":"SearchAction","target":{"@type":"EntryPoint","urlTemplate":"https:\/\/walkingmum.com\/?s={search_term_string}"},"query-input":{"@type":"PropertyValueSpecification","valueRequired":true,"valueName":"search_term_string"}}],"inLanguage":"fr-FR"}]}},"_links":{"self":[{"href":"https:\/\/walkingmum.com\/fr\/wp-json\/wp\/v2\/product\/28276","targetHints":{"allow":["GET"]}}],"collection":[{"href":"https:\/\/walkingmum.com\/fr\/wp-json\/wp\/v2\/product"}],"about":[{"href":"https:\/\/walkingmum.com\/fr\/wp-json\/wp\/v2\/types\/product"}],"replies":[{"embeddable":true,"href":"https:\/\/walkingmum.com\/fr\/wp-json\/wp\/v2\/comments?post=28276"}],"wp:featuredmedia":[{"embeddable":true,"href":"https:\/\/walkingmum.com\/fr\/wp-json\/wp\/v2\/media\/28107"}],"wp:attachment":[{"href":"https:\/\/walkingmum.com\/fr\/wp-json\/wp\/v2\/media?parent=28276"}],"wp:term":[{"taxonomy":"colecciones","embeddable":true,"href":"https:\/\/walkingmum.com\/fr\/wp-json\/wp\/v2\/colecciones?post=28276"},{"taxonomy":"product_brand","embeddable":true,"href":"https:\/\/walkingmum.com\/fr\/wp-json\/wp\/v2\/product_brand?post=28276"},{"taxonomy":"product_cat","embeddable":true,"href":"https:\/\/walkingmum.com\/fr\/wp-json\/wp\/v2\/product_cat?post=28276"},{"taxonomy":"product_tag","embeddable":true,"href":"https:\/\/walkingmum.com\/fr\/wp-json\/wp\/v2\/product_tag?post=28276"}],"curies":[{"name":"wp","href":"https:\/\/api.w.org\/{rel}","templated":true}]}}