{"id":28270,"date":"2024-11-15T11:53:32","date_gmt":"2024-11-15T12:02:13","guid":{"rendered":"https:\/\/walkingmum.com\/?post_type=product&#038;p=28270"},"modified":"2024-11-15T12:02:13","modified_gmt":"2024-11-15T12:02:13","slug":"livre-dactivites-poppy","status":"publish","type":"product","link":"https:\/\/walkingmum.com\/fr\/produit\/livre-dactivites-poppy\/","title":{"rendered":"LIVRE D&rsquo;ACTIVIT\u00c9S POPPY"},"content":{"rendered":"<p>Cet adorable livre en tissu est parfait pour les petits qui apprennent \u00e0 explorer le monde qui les entoure. Il est agr\u00e9ment\u00e9 de d\u00e9tails charmants et de fonctions interactives. Il comprend une vari\u00e9t\u00e9 d&rsquo;activit\u00e9s telles qu&rsquo;une petite maison avec une porte \u00e0 rabat et un miroir, des \u00e9toiles et une adorable souris dans un chariot, qui encouragent la curiosit\u00e9 et le jeu imaginatif. Les textures vari\u00e9es et les \u00e9l\u00e9ments interactifs contribuent au d\u00e9veloppement des capacit\u00e9s sensorielles et de la motricit\u00e9 fine de b\u00e9b\u00e9. Les couleurs et les activit\u00e9s capteront l&rsquo;attention de votre b\u00e9b\u00e9 et l&rsquo;amuseront. Le livre pr\u00e9sente une vari\u00e9t\u00e9 de textures qui stimuleront les sens de votre b\u00e9b\u00e9. Le livre est fabriqu\u00e9 en velours doux, parfait pour les b\u00e9b\u00e9s. Il est lavable \u00e0 la main ou en machine \u00e0 30\u00b0C. Un cadeau id\u00e9al pour accompagner la croissance et les d\u00e9couvertes de votre b\u00e9b\u00e9. Walking Mum prot\u00e8ge votre b\u00e9b\u00e9 en utilisant les meilleurs tissus, exempts de colorants azo\u00efques et de substances nocives pour la sant\u00e9. Conforme \u00e0 la norme europ\u00e9enne EN-71 S\u00e9curit\u00e9 des jouets +0 an. Dimensions : 11,5&#215;11,5 cm.<\/p>\n","protected":false},"excerpt":{"rendered":"<p>Cet adorable livre en tissu est parfait pour les petits qui apprennent \u00e0 explorer le monde qui les entoure. Il est agr\u00e9ment\u00e9 de d\u00e9tails charmants et de fonctions interactives. Il comprend une vari\u00e9t\u00e9 d&rsquo;activit\u00e9s telles qu&rsquo;une petite maison avec une porte \u00e0 rabat et un miroir, des \u00e9toiles et une adorable souris dans un chariot, [&hellip;]<\/p>\n","protected":false},"featured_media":27977,"comment_status":"closed","ping_status":"open","template":"","meta":{"_acf_changed":false,"inline_featured_image":false},"colecciones":[350],"product_brand":[],"product_cat":[366],"product_tag":[],"class_list":{"0":"post-28270","1":"product","2":"type-product","3":"status-publish","4":"has-post-thumbnail","6":"colecciones-collection-poppy","7":"product_cat-walking-mum-play-fr","9":"first","10":"instock","11":"purchasable","12":"product-type-simple"},"acf":[],"yoast_head":"<!-- This site is optimized with the Yoast SEO plugin v27.4 - https:\/\/yoast.com\/product\/yoast-seo-wordpress\/ -->\n<title>LIVRE D&#039;ACTIVIT\u00c9S POPPY - Walking Mum<\/title>\n<meta name=\"robots\" content=\"index, follow, max-snippet:-1, max-image-preview:large, max-video-preview:-1\" \/>\n<link rel=\"canonical\" href=\"https:\/\/walkingmum.com\/fr\/produit\/livre-dactivites-poppy\/\" \/>\n<meta property=\"og:locale\" content=\"fr_FR\" \/>\n<meta property=\"og:type\" content=\"article\" \/>\n<meta property=\"og:title\" content=\"LIVRE D&#039;ACTIVIT\u00c9S POPPY - Walking Mum\" \/>\n<meta property=\"og:description\" content=\"Cet adorable livre en tissu est parfait pour les petits qui apprennent \u00e0 explorer le monde qui les entoure. Il est agr\u00e9ment\u00e9 de d\u00e9tails charmants et de fonctions interactives. Il comprend une vari\u00e9t\u00e9 d&rsquo;activit\u00e9s telles qu&rsquo;une petite maison avec une porte \u00e0 rabat et un miroir, des \u00e9toiles et une adorable souris dans un chariot, [&hellip;]\" \/>\n<meta property=\"og:url\" content=\"https:\/\/walkingmum.com\/fr\/produit\/livre-dactivites-poppy\/\" \/>\n<meta property=\"og:site_name\" content=\"Walking Mum\" \/>\n<meta property=\"og:image\" content=\"https:\/\/walkingmum.com\/wp-content\/uploads\/2024\/11\/1120800424_a.jpg\" \/>\n\t<meta property=\"og:image:width\" content=\"1200\" \/>\n\t<meta property=\"og:image:height\" content=\"1200\" \/>\n\t<meta property=\"og:image:type\" content=\"image\/jpeg\" \/>\n<meta name=\"twitter:card\" content=\"summary_large_image\" \/>\n<meta name=\"twitter:label1\" content=\"Dur\u00e9e de lecture estim\u00e9e\" \/>\n\t<meta name=\"twitter:data1\" content=\"1 minute\" \/>\n<script type=\"application\/ld+json\" class=\"yoast-schema-graph\">{\"@context\":\"https:\\\/\\\/schema.org\",\"@graph\":[{\"@type\":\"WebPage\",\"@id\":\"https:\\\/\\\/walkingmum.com\\\/fr\\\/produit\\\/livre-dactivites-poppy\\\/\",\"url\":\"https:\\\/\\\/walkingmum.com\\\/fr\\\/produit\\\/livre-dactivites-poppy\\\/\",\"name\":\"LIVRE D'ACTIVIT\u00c9S POPPY - Walking Mum\",\"isPartOf\":{\"@id\":\"https:\\\/\\\/walkingmum.com\\\/#website\"},\"primaryImageOfPage\":{\"@id\":\"https:\\\/\\\/walkingmum.com\\\/fr\\\/produit\\\/livre-dactivites-poppy\\\/#primaryimage\"},\"image\":{\"@id\":\"https:\\\/\\\/walkingmum.com\\\/fr\\\/produit\\\/livre-dactivites-poppy\\\/#primaryimage\"},\"thumbnailUrl\":\"https:\\\/\\\/walkingmum.com\\\/wp-content\\\/uploads\\\/2024\\\/11\\\/1120800424_a.jpg\",\"datePublished\":\"2024-11-15T12:02:13+00:00\",\"breadcrumb\":{\"@id\":\"https:\\\/\\\/walkingmum.com\\\/fr\\\/produit\\\/livre-dactivites-poppy\\\/#breadcrumb\"},\"inLanguage\":\"fr-FR\",\"potentialAction\":[{\"@type\":\"ReadAction\",\"target\":[\"https:\\\/\\\/walkingmum.com\\\/fr\\\/produit\\\/livre-dactivites-poppy\\\/\"]}]},{\"@type\":\"ImageObject\",\"inLanguage\":\"fr-FR\",\"@id\":\"https:\\\/\\\/walkingmum.com\\\/fr\\\/produit\\\/livre-dactivites-poppy\\\/#primaryimage\",\"url\":\"https:\\\/\\\/walkingmum.com\\\/wp-content\\\/uploads\\\/2024\\\/11\\\/1120800424_a.jpg\",\"contentUrl\":\"https:\\\/\\\/walkingmum.com\\\/wp-content\\\/uploads\\\/2024\\\/11\\\/1120800424_a.jpg\",\"width\":1200,\"height\":1200},{\"@type\":\"BreadcrumbList\",\"@id\":\"https:\\\/\\\/walkingmum.com\\\/fr\\\/produit\\\/livre-dactivites-poppy\\\/#breadcrumb\",\"itemListElement\":[{\"@type\":\"ListItem\",\"position\":1,\"name\":\"Portada\",\"item\":\"https:\\\/\\\/walkingmum.com\\\/fr\\\/\"},{\"@type\":\"ListItem\",\"position\":2,\"name\":\"Tienda\",\"item\":\"https:\\\/\\\/walkingmum.com\\\/tienda\\\/\"},{\"@type\":\"ListItem\",\"position\":3,\"name\":\"LIVRE D&#8217;ACTIVIT\u00c9S POPPY\"}]},{\"@type\":\"WebSite\",\"@id\":\"https:\\\/\\\/walkingmum.com\\\/#website\",\"url\":\"https:\\\/\\\/walkingmum.com\\\/\",\"name\":\"Walking Mum\",\"description\":\"La marca para beb\u00e9s modernos\",\"potentialAction\":[{\"@type\":\"SearchAction\",\"target\":{\"@type\":\"EntryPoint\",\"urlTemplate\":\"https:\\\/\\\/walkingmum.com\\\/?s={search_term_string}\"},\"query-input\":{\"@type\":\"PropertyValueSpecification\",\"valueRequired\":true,\"valueName\":\"search_term_string\"}}],\"inLanguage\":\"fr-FR\"}]}<\/script>\n<!-- \/ Yoast SEO plugin. -->","yoast_head_json":{"title":"LIVRE D'ACTIVIT\u00c9S POPPY - Walking Mum","robots":{"index":"index","follow":"follow","max-snippet":"max-snippet:-1","max-image-preview":"max-image-preview:large","max-video-preview":"max-video-preview:-1"},"canonical":"https:\/\/walkingmum.com\/fr\/produit\/livre-dactivites-poppy\/","og_locale":"fr_FR","og_type":"article","og_title":"LIVRE D'ACTIVIT\u00c9S POPPY - Walking Mum","og_description":"Cet adorable livre en tissu est parfait pour les petits qui apprennent \u00e0 explorer le monde qui les entoure. Il est agr\u00e9ment\u00e9 de d\u00e9tails charmants et de fonctions interactives. Il comprend une vari\u00e9t\u00e9 d&rsquo;activit\u00e9s telles qu&rsquo;une petite maison avec une porte \u00e0 rabat et un miroir, des \u00e9toiles et une adorable souris dans un chariot, [&hellip;]","og_url":"https:\/\/walkingmum.com\/fr\/produit\/livre-dactivites-poppy\/","og_site_name":"Walking Mum","og_image":[{"width":1200,"height":1200,"url":"https:\/\/walkingmum.com\/wp-content\/uploads\/2024\/11\/1120800424_a.jpg","type":"image\/jpeg"}],"twitter_card":"summary_large_image","twitter_misc":{"Dur\u00e9e de lecture estim\u00e9e":"1 minute"},"schema":{"@context":"https:\/\/schema.org","@graph":[{"@type":"WebPage","@id":"https:\/\/walkingmum.com\/fr\/produit\/livre-dactivites-poppy\/","url":"https:\/\/walkingmum.com\/fr\/produit\/livre-dactivites-poppy\/","name":"LIVRE D'ACTIVIT\u00c9S POPPY - Walking Mum","isPartOf":{"@id":"https:\/\/walkingmum.com\/#website"},"primaryImageOfPage":{"@id":"https:\/\/walkingmum.com\/fr\/produit\/livre-dactivites-poppy\/#primaryimage"},"image":{"@id":"https:\/\/walkingmum.com\/fr\/produit\/livre-dactivites-poppy\/#primaryimage"},"thumbnailUrl":"https:\/\/walkingmum.com\/wp-content\/uploads\/2024\/11\/1120800424_a.jpg","datePublished":"2024-11-15T12:02:13+00:00","breadcrumb":{"@id":"https:\/\/walkingmum.com\/fr\/produit\/livre-dactivites-poppy\/#breadcrumb"},"inLanguage":"fr-FR","potentialAction":[{"@type":"ReadAction","target":["https:\/\/walkingmum.com\/fr\/produit\/livre-dactivites-poppy\/"]}]},{"@type":"ImageObject","inLanguage":"fr-FR","@id":"https:\/\/walkingmum.com\/fr\/produit\/livre-dactivites-poppy\/#primaryimage","url":"https:\/\/walkingmum.com\/wp-content\/uploads\/2024\/11\/1120800424_a.jpg","contentUrl":"https:\/\/walkingmum.com\/wp-content\/uploads\/2024\/11\/1120800424_a.jpg","width":1200,"height":1200},{"@type":"BreadcrumbList","@id":"https:\/\/walkingmum.com\/fr\/produit\/livre-dactivites-poppy\/#breadcrumb","itemListElement":[{"@type":"ListItem","position":1,"name":"Portada","item":"https:\/\/walkingmum.com\/fr\/"},{"@type":"ListItem","position":2,"name":"Tienda","item":"https:\/\/walkingmum.com\/tienda\/"},{"@type":"ListItem","position":3,"name":"LIVRE D&#8217;ACTIVIT\u00c9S POPPY"}]},{"@type":"WebSite","@id":"https:\/\/walkingmum.com\/#website","url":"https:\/\/walkingmum.com\/","name":"Walking Mum","description":"La marca para beb\u00e9s modernos","potentialAction":[{"@type":"SearchAction","target":{"@type":"EntryPoint","urlTemplate":"https:\/\/walkingmum.com\/?s={search_term_string}"},"query-input":{"@type":"PropertyValueSpecification","valueRequired":true,"valueName":"search_term_string"}}],"inLanguage":"fr-FR"}]}},"_links":{"self":[{"href":"https:\/\/walkingmum.com\/fr\/wp-json\/wp\/v2\/product\/28270","targetHints":{"allow":["GET"]}}],"collection":[{"href":"https:\/\/walkingmum.com\/fr\/wp-json\/wp\/v2\/product"}],"about":[{"href":"https:\/\/walkingmum.com\/fr\/wp-json\/wp\/v2\/types\/product"}],"replies":[{"embeddable":true,"href":"https:\/\/walkingmum.com\/fr\/wp-json\/wp\/v2\/comments?post=28270"}],"wp:featuredmedia":[{"embeddable":true,"href":"https:\/\/walkingmum.com\/fr\/wp-json\/wp\/v2\/media\/27977"}],"wp:attachment":[{"href":"https:\/\/walkingmum.com\/fr\/wp-json\/wp\/v2\/media?parent=28270"}],"wp:term":[{"taxonomy":"colecciones","embeddable":true,"href":"https:\/\/walkingmum.com\/fr\/wp-json\/wp\/v2\/colecciones?post=28270"},{"taxonomy":"product_brand","embeddable":true,"href":"https:\/\/walkingmum.com\/fr\/wp-json\/wp\/v2\/product_brand?post=28270"},{"taxonomy":"product_cat","embeddable":true,"href":"https:\/\/walkingmum.com\/fr\/wp-json\/wp\/v2\/product_cat?post=28270"},{"taxonomy":"product_tag","embeddable":true,"href":"https:\/\/walkingmum.com\/fr\/wp-json\/wp\/v2\/product_tag?post=28270"}],"curies":[{"name":"wp","href":"https:\/\/api.w.org\/{rel}","templated":true}]}}