{"id":28269,"date":"2024-11-15T11:53:32","date_gmt":"2024-11-15T12:02:13","guid":{"rendered":"https:\/\/walkingmum.com\/?post_type=product&#038;p=28269"},"modified":"2024-11-15T12:02:13","modified_gmt":"2024-11-15T12:02:13","slug":"tapis-de-jeux-poppy","status":"publish","type":"product","link":"https:\/\/walkingmum.com\/fr\/produit\/tapis-de-jeux-poppy\/","title":{"rendered":"TAPIS DE JEUX POPPY"},"content":{"rendered":"<p>La couverture d&rsquo;activit\u00e9 \u00e0 ramper Walking Mum Poppy est le compl\u00e9ment id\u00e9al pour stimuler et divertir votre b\u00e9b\u00e9 lorsqu&rsquo;il explore son environnement. Con\u00e7ue avec des d\u00e9tails charmants et des fonctions interactives. Cette couverture offre \u00e0 votre enfant un espace s\u00fbr et amusant pour d\u00e9velopper ses capacit\u00e9s motrices et sensorielles. Fabriqu\u00e9e en velours doux, elle offre une surface confortable et s\u00fbre o\u00f9 b\u00e9b\u00e9 peut se d\u00e9placer librement, ce qui l&rsquo;encourage \u00e0 l&rsquo;autonomie et \u00e0 l&rsquo;exploration. Il comprend une vari\u00e9t\u00e9 d&rsquo;activit\u00e9s telles qu&rsquo;un soleil avec un miroir, des \u00e9toiles, une petite maison avec une porte battante et une adorable souris en peluche dans un chariot, qui encouragent la curiosit\u00e9 et le jeu imaginatif. Les textures vari\u00e9es et les \u00e9l\u00e9ments interactifs contribuent au d\u00e9veloppement des capacit\u00e9s sensorielles et de la motricit\u00e9 fine de b\u00e9b\u00e9. La grande surface offre beaucoup d&rsquo;espace \u00e0 b\u00e9b\u00e9 pour ramper et jouer. Id\u00e9al pour une utilisation dans toutes les pi\u00e8ces de la maison. Gr\u00e2ce \u00e0 son design et \u00e0 ses couleurs neutres, cette couverture s&rsquo;int\u00e8gre parfaitement \u00e0 la d\u00e9coration de la maison, ajoutant une touche de tendresse et d&rsquo;amusement. Cette couverture d&rsquo;activit\u00e9 Walking Mum est un choix id\u00e9al pour les parents qui recherchent un produit polyvalent et stimulant pour leur b\u00e9b\u00e9. Elle offre un environnement s\u00fbr et douillet o\u00f9 les petits peuvent d\u00e9velopper leurs aptitudes et s&rsquo;amuser pendant des heures. Facile \u00e0 plier et \u00e0 transporter gr\u00e2ce \u00e0 son sac de transport. Parfait pour aller chez les grands-parents, au parc ou en vacances. Lavable \u00e0 la main ou en machine \u00e0 30\u00b0C. Un cadeau id\u00e9al pour accompagner la croissance et la d\u00e9couverte de votre b\u00e9b\u00e9. Walking Mum prot\u00e8ge votre b\u00e9b\u00e9 en utilisant les meilleurs tissus, exempts de colorants azo\u00efques et de substances nocives pour la sant\u00e9. Facile \u00e0 nettoyer \u00e0 la main ou en machine \u00e0 30\u00b0C. Conforme \u00e0 la norme europ\u00e9enne EN-71 S\u00e9curit\u00e9 des jouets +0 an. Dimensions 100&#215;80 cm.<\/p>\n","protected":false},"excerpt":{"rendered":"<p>La couverture d&rsquo;activit\u00e9 \u00e0 ramper Walking Mum Poppy est le compl\u00e9ment id\u00e9al pour stimuler et divertir votre b\u00e9b\u00e9 lorsqu&rsquo;il explore son environnement. Con\u00e7ue avec des d\u00e9tails charmants et des fonctions interactives. Cette couverture offre \u00e0 votre enfant un espace s\u00fbr et amusant pour d\u00e9velopper ses capacit\u00e9s motrices et sensorielles. Fabriqu\u00e9e en velours doux, elle offre [&hellip;]<\/p>\n","protected":false},"featured_media":27940,"comment_status":"closed","ping_status":"open","template":"","meta":{"_acf_changed":false,"inline_featured_image":false},"colecciones":[350],"product_brand":[],"product_cat":[366],"product_tag":[],"class_list":{"0":"post-28269","1":"product","2":"type-product","3":"status-publish","4":"has-post-thumbnail","6":"colecciones-collection-poppy","7":"product_cat-walking-mum-play-fr","9":"first","10":"instock","11":"purchasable","12":"product-type-simple"},"acf":[],"yoast_head":"<!-- This site is optimized with the Yoast SEO plugin v27.4 - https:\/\/yoast.com\/product\/yoast-seo-wordpress\/ -->\n<title>TAPIS DE JEUX POPPY - Walking Mum<\/title>\n<meta name=\"robots\" content=\"index, follow, max-snippet:-1, max-image-preview:large, max-video-preview:-1\" \/>\n<link rel=\"canonical\" href=\"https:\/\/walkingmum.com\/fr\/produit\/tapis-de-jeux-poppy\/\" \/>\n<meta property=\"og:locale\" content=\"fr_FR\" \/>\n<meta property=\"og:type\" content=\"article\" \/>\n<meta property=\"og:title\" content=\"TAPIS DE JEUX POPPY - Walking Mum\" \/>\n<meta property=\"og:description\" content=\"La couverture d&rsquo;activit\u00e9 \u00e0 ramper Walking Mum Poppy est le compl\u00e9ment id\u00e9al pour stimuler et divertir votre b\u00e9b\u00e9 lorsqu&rsquo;il explore son environnement. Con\u00e7ue avec des d\u00e9tails charmants et des fonctions interactives. Cette couverture offre \u00e0 votre enfant un espace s\u00fbr et amusant pour d\u00e9velopper ses capacit\u00e9s motrices et sensorielles. Fabriqu\u00e9e en velours doux, elle offre [&hellip;]\" \/>\n<meta property=\"og:url\" content=\"https:\/\/walkingmum.com\/fr\/produit\/tapis-de-jeux-poppy\/\" \/>\n<meta property=\"og:site_name\" content=\"Walking Mum\" \/>\n<meta property=\"og:image\" content=\"https:\/\/walkingmum.com\/wp-content\/uploads\/2024\/11\/1120800423_a.jpg\" \/>\n\t<meta property=\"og:image:width\" content=\"1200\" \/>\n\t<meta property=\"og:image:height\" content=\"1200\" \/>\n\t<meta property=\"og:image:type\" content=\"image\/jpeg\" \/>\n<meta name=\"twitter:card\" content=\"summary_large_image\" \/>\n<meta name=\"twitter:label1\" content=\"Dur\u00e9e de lecture estim\u00e9e\" \/>\n\t<meta name=\"twitter:data1\" content=\"2 minutes\" \/>\n<script type=\"application\/ld+json\" class=\"yoast-schema-graph\">{\"@context\":\"https:\\\/\\\/schema.org\",\"@graph\":[{\"@type\":\"WebPage\",\"@id\":\"https:\\\/\\\/walkingmum.com\\\/fr\\\/produit\\\/tapis-de-jeux-poppy\\\/\",\"url\":\"https:\\\/\\\/walkingmum.com\\\/fr\\\/produit\\\/tapis-de-jeux-poppy\\\/\",\"name\":\"TAPIS DE JEUX POPPY - Walking Mum\",\"isPartOf\":{\"@id\":\"https:\\\/\\\/walkingmum.com\\\/#website\"},\"primaryImageOfPage\":{\"@id\":\"https:\\\/\\\/walkingmum.com\\\/fr\\\/produit\\\/tapis-de-jeux-poppy\\\/#primaryimage\"},\"image\":{\"@id\":\"https:\\\/\\\/walkingmum.com\\\/fr\\\/produit\\\/tapis-de-jeux-poppy\\\/#primaryimage\"},\"thumbnailUrl\":\"https:\\\/\\\/walkingmum.com\\\/wp-content\\\/uploads\\\/2024\\\/11\\\/1120800423_a.jpg\",\"datePublished\":\"2024-11-15T12:02:13+00:00\",\"breadcrumb\":{\"@id\":\"https:\\\/\\\/walkingmum.com\\\/fr\\\/produit\\\/tapis-de-jeux-poppy\\\/#breadcrumb\"},\"inLanguage\":\"fr-FR\",\"potentialAction\":[{\"@type\":\"ReadAction\",\"target\":[\"https:\\\/\\\/walkingmum.com\\\/fr\\\/produit\\\/tapis-de-jeux-poppy\\\/\"]}]},{\"@type\":\"ImageObject\",\"inLanguage\":\"fr-FR\",\"@id\":\"https:\\\/\\\/walkingmum.com\\\/fr\\\/produit\\\/tapis-de-jeux-poppy\\\/#primaryimage\",\"url\":\"https:\\\/\\\/walkingmum.com\\\/wp-content\\\/uploads\\\/2024\\\/11\\\/1120800423_a.jpg\",\"contentUrl\":\"https:\\\/\\\/walkingmum.com\\\/wp-content\\\/uploads\\\/2024\\\/11\\\/1120800423_a.jpg\",\"width\":1200,\"height\":1200},{\"@type\":\"BreadcrumbList\",\"@id\":\"https:\\\/\\\/walkingmum.com\\\/fr\\\/produit\\\/tapis-de-jeux-poppy\\\/#breadcrumb\",\"itemListElement\":[{\"@type\":\"ListItem\",\"position\":1,\"name\":\"Portada\",\"item\":\"https:\\\/\\\/walkingmum.com\\\/fr\\\/\"},{\"@type\":\"ListItem\",\"position\":2,\"name\":\"Tienda\",\"item\":\"https:\\\/\\\/walkingmum.com\\\/tienda\\\/\"},{\"@type\":\"ListItem\",\"position\":3,\"name\":\"TAPIS DE JEUX POPPY\"}]},{\"@type\":\"WebSite\",\"@id\":\"https:\\\/\\\/walkingmum.com\\\/#website\",\"url\":\"https:\\\/\\\/walkingmum.com\\\/\",\"name\":\"Walking Mum\",\"description\":\"La marca para beb\u00e9s modernos\",\"potentialAction\":[{\"@type\":\"SearchAction\",\"target\":{\"@type\":\"EntryPoint\",\"urlTemplate\":\"https:\\\/\\\/walkingmum.com\\\/?s={search_term_string}\"},\"query-input\":{\"@type\":\"PropertyValueSpecification\",\"valueRequired\":true,\"valueName\":\"search_term_string\"}}],\"inLanguage\":\"fr-FR\"}]}<\/script>\n<!-- \/ Yoast SEO plugin. -->","yoast_head_json":{"title":"TAPIS DE JEUX POPPY - Walking Mum","robots":{"index":"index","follow":"follow","max-snippet":"max-snippet:-1","max-image-preview":"max-image-preview:large","max-video-preview":"max-video-preview:-1"},"canonical":"https:\/\/walkingmum.com\/fr\/produit\/tapis-de-jeux-poppy\/","og_locale":"fr_FR","og_type":"article","og_title":"TAPIS DE JEUX POPPY - Walking Mum","og_description":"La couverture d&rsquo;activit\u00e9 \u00e0 ramper Walking Mum Poppy est le compl\u00e9ment id\u00e9al pour stimuler et divertir votre b\u00e9b\u00e9 lorsqu&rsquo;il explore son environnement. Con\u00e7ue avec des d\u00e9tails charmants et des fonctions interactives. Cette couverture offre \u00e0 votre enfant un espace s\u00fbr et amusant pour d\u00e9velopper ses capacit\u00e9s motrices et sensorielles. Fabriqu\u00e9e en velours doux, elle offre [&hellip;]","og_url":"https:\/\/walkingmum.com\/fr\/produit\/tapis-de-jeux-poppy\/","og_site_name":"Walking Mum","og_image":[{"width":1200,"height":1200,"url":"https:\/\/walkingmum.com\/wp-content\/uploads\/2024\/11\/1120800423_a.jpg","type":"image\/jpeg"}],"twitter_card":"summary_large_image","twitter_misc":{"Dur\u00e9e de lecture estim\u00e9e":"2 minutes"},"schema":{"@context":"https:\/\/schema.org","@graph":[{"@type":"WebPage","@id":"https:\/\/walkingmum.com\/fr\/produit\/tapis-de-jeux-poppy\/","url":"https:\/\/walkingmum.com\/fr\/produit\/tapis-de-jeux-poppy\/","name":"TAPIS DE JEUX POPPY - Walking Mum","isPartOf":{"@id":"https:\/\/walkingmum.com\/#website"},"primaryImageOfPage":{"@id":"https:\/\/walkingmum.com\/fr\/produit\/tapis-de-jeux-poppy\/#primaryimage"},"image":{"@id":"https:\/\/walkingmum.com\/fr\/produit\/tapis-de-jeux-poppy\/#primaryimage"},"thumbnailUrl":"https:\/\/walkingmum.com\/wp-content\/uploads\/2024\/11\/1120800423_a.jpg","datePublished":"2024-11-15T12:02:13+00:00","breadcrumb":{"@id":"https:\/\/walkingmum.com\/fr\/produit\/tapis-de-jeux-poppy\/#breadcrumb"},"inLanguage":"fr-FR","potentialAction":[{"@type":"ReadAction","target":["https:\/\/walkingmum.com\/fr\/produit\/tapis-de-jeux-poppy\/"]}]},{"@type":"ImageObject","inLanguage":"fr-FR","@id":"https:\/\/walkingmum.com\/fr\/produit\/tapis-de-jeux-poppy\/#primaryimage","url":"https:\/\/walkingmum.com\/wp-content\/uploads\/2024\/11\/1120800423_a.jpg","contentUrl":"https:\/\/walkingmum.com\/wp-content\/uploads\/2024\/11\/1120800423_a.jpg","width":1200,"height":1200},{"@type":"BreadcrumbList","@id":"https:\/\/walkingmum.com\/fr\/produit\/tapis-de-jeux-poppy\/#breadcrumb","itemListElement":[{"@type":"ListItem","position":1,"name":"Portada","item":"https:\/\/walkingmum.com\/fr\/"},{"@type":"ListItem","position":2,"name":"Tienda","item":"https:\/\/walkingmum.com\/tienda\/"},{"@type":"ListItem","position":3,"name":"TAPIS DE JEUX POPPY"}]},{"@type":"WebSite","@id":"https:\/\/walkingmum.com\/#website","url":"https:\/\/walkingmum.com\/","name":"Walking Mum","description":"La marca para beb\u00e9s modernos","potentialAction":[{"@type":"SearchAction","target":{"@type":"EntryPoint","urlTemplate":"https:\/\/walkingmum.com\/?s={search_term_string}"},"query-input":{"@type":"PropertyValueSpecification","valueRequired":true,"valueName":"search_term_string"}}],"inLanguage":"fr-FR"}]}},"_links":{"self":[{"href":"https:\/\/walkingmum.com\/fr\/wp-json\/wp\/v2\/product\/28269","targetHints":{"allow":["GET"]}}],"collection":[{"href":"https:\/\/walkingmum.com\/fr\/wp-json\/wp\/v2\/product"}],"about":[{"href":"https:\/\/walkingmum.com\/fr\/wp-json\/wp\/v2\/types\/product"}],"replies":[{"embeddable":true,"href":"https:\/\/walkingmum.com\/fr\/wp-json\/wp\/v2\/comments?post=28269"}],"wp:featuredmedia":[{"embeddable":true,"href":"https:\/\/walkingmum.com\/fr\/wp-json\/wp\/v2\/media\/27940"}],"wp:attachment":[{"href":"https:\/\/walkingmum.com\/fr\/wp-json\/wp\/v2\/media?parent=28269"}],"wp:term":[{"taxonomy":"colecciones","embeddable":true,"href":"https:\/\/walkingmum.com\/fr\/wp-json\/wp\/v2\/colecciones?post=28269"},{"taxonomy":"product_brand","embeddable":true,"href":"https:\/\/walkingmum.com\/fr\/wp-json\/wp\/v2\/product_brand?post=28269"},{"taxonomy":"product_cat","embeddable":true,"href":"https:\/\/walkingmum.com\/fr\/wp-json\/wp\/v2\/product_cat?post=28269"},{"taxonomy":"product_tag","embeddable":true,"href":"https:\/\/walkingmum.com\/fr\/wp-json\/wp\/v2\/product_tag?post=28269"}],"curies":[{"name":"wp","href":"https:\/\/api.w.org\/{rel}","templated":true}]}}