{"id":27533,"date":"2024-08-29T06:48:56","date_gmt":"2024-08-29T06:51:05","guid":{"rendered":"https:\/\/walkingmum.com\/?post_type=product&#038;p=27533"},"modified":"2024-08-29T06:51:05","modified_gmt":"2024-08-29T06:51:05","slug":"assise-poussette-caetana-stone","status":"publish","type":"product","link":"https:\/\/walkingmum.com\/fr\/produit\/assise-poussette-caetana-stone\/","title":{"rendered":"ASSISE POUSSETTE CAETANA STONE"},"content":{"rendered":"<p>Le assise de poussette Caetana Stone avec \u00e9toiles brod\u00e9es verts est fabriqu\u00e9 en mousseline douce 100 % coton. C&rsquo;est la doublure id\u00e9ale pour couvrir le si\u00e8ge de votre b\u00e9b\u00e9 pendant l&rsquo;\u00e9t\u00e9, en prot\u00e9geant sa peau des frottements et des irritations dues \u00e0 la chaleur, tout en conservant l&rsquo;aspect neuf de la garniture d&rsquo;origine. Elle est fabriqu\u00e9e dans un mat\u00e9riau respirant qui aide \u00e0 pr\u00e9venir la transpiration excessive et \u00e0 prot\u00e9ger le si\u00e8ge, ce qui rend la conduite plus confortable. Son utilisation universelle permet d&rsquo;adapter le matelas \u00e0 la plupart des poussettes. Il est dot\u00e9 de plusieurs ouvertures (\u0153illets) et de r\u00e9glages qui permettent de le placer tr\u00e8s facilement dans le si\u00e8ge de la voiture. Haute qualit\u00e9 et \u00e9l\u00e9gance. Fabriqu\u00e9 \u00e0 partir de mat\u00e9riaux durables et facile \u00e0 nettoyer \u00e0 la main ou en machine \u00e0 30\u00b0C. Walking Mum prot\u00e8ge votre b\u00e9b\u00e9 en utilisant les meilleurs tissus, exempts de colorants azo\u00efques et de substances nocives pour la sant\u00e9. Notre collection Walking Mum est con\u00e7ue avec un cachet particulier de style urbain et moderne qui ne passe pas inaper\u00e7u, pour habiller diff\u00e9remment les promenades avec votre b\u00e9b\u00e9. Les accessoires de maternit\u00e9 de cette ligne sont plus sportifs et pratiques, sp\u00e9cialement con\u00e7us pour les mamans et les papas modernes qui appr\u00e9cient les designs les plus actuels et \u00e0 la mode sans n\u00e9gliger la qualit\u00e9 et la fonctionnalit\u00e9 des produits qui compl\u00e8tent et rendent plus confortables toutes les promenades avec leur b\u00e9b\u00e9. Sp\u00e9cifications : Mat\u00e9riaux : 100% coton. Tailles : Universelle.<\/p>\n","protected":false},"excerpt":{"rendered":"<p>Le assise de poussette Caetana Stone avec \u00e9toiles brod\u00e9es verts est fabriqu\u00e9 en mousseline douce 100 % coton. C&rsquo;est la doublure id\u00e9ale pour couvrir le si\u00e8ge de votre b\u00e9b\u00e9 pendant l&rsquo;\u00e9t\u00e9, en prot\u00e9geant sa peau des frottements et des irritations dues \u00e0 la chaleur, tout en conservant l&rsquo;aspect neuf de la garniture d&rsquo;origine. Elle est [&hellip;]<\/p>\n","protected":false},"featured_media":27634,"comment_status":"closed","ping_status":"open","template":"","meta":{"_acf_changed":false,"inline_featured_image":false},"colecciones":[362],"product_brand":[],"product_cat":[147],"product_tag":[],"class_list":{"0":"post-27533","1":"product","2":"type-product","3":"status-publish","4":"has-post-thumbnail","6":"colecciones-collection-caetana","7":"product_cat-assises-et-chancelieres-pour-poussette","9":"first","10":"instock","11":"purchasable","12":"product-type-simple"},"acf":[],"yoast_head":"<!-- This site is optimized with the Yoast SEO plugin v27.4 - https:\/\/yoast.com\/product\/yoast-seo-wordpress\/ -->\n<title>ASSISE POUSSETTE CAETANA STONE - Walking Mum<\/title>\n<meta name=\"robots\" content=\"index, follow, max-snippet:-1, max-image-preview:large, max-video-preview:-1\" \/>\n<link rel=\"canonical\" href=\"https:\/\/walkingmum.com\/fr\/produit\/assise-poussette-caetana-stone\/\" \/>\n<meta property=\"og:locale\" content=\"fr_FR\" \/>\n<meta property=\"og:type\" content=\"article\" \/>\n<meta property=\"og:title\" content=\"ASSISE POUSSETTE CAETANA STONE - Walking Mum\" \/>\n<meta property=\"og:description\" content=\"Le assise de poussette Caetana Stone avec \u00e9toiles brod\u00e9es verts est fabriqu\u00e9 en mousseline douce 100 % coton. C&rsquo;est la doublure id\u00e9ale pour couvrir le si\u00e8ge de votre b\u00e9b\u00e9 pendant l&rsquo;\u00e9t\u00e9, en prot\u00e9geant sa peau des frottements et des irritations dues \u00e0 la chaleur, tout en conservant l&rsquo;aspect neuf de la garniture d&rsquo;origine. Elle est [&hellip;]\" \/>\n<meta property=\"og:url\" content=\"https:\/\/walkingmum.com\/fr\/produit\/assise-poussette-caetana-stone\/\" \/>\n<meta property=\"og:site_name\" content=\"Walking Mum\" \/>\n<meta property=\"og:image\" content=\"https:\/\/walkingmum.com\/wp-content\/uploads\/2024\/08\/1120800410_a-1.jpg\" \/>\n\t<meta property=\"og:image:width\" content=\"1200\" \/>\n\t<meta property=\"og:image:height\" content=\"1200\" \/>\n\t<meta property=\"og:image:type\" content=\"image\/jpeg\" \/>\n<meta name=\"twitter:card\" content=\"summary_large_image\" \/>\n<meta name=\"twitter:label1\" content=\"Dur\u00e9e de lecture estim\u00e9e\" \/>\n\t<meta name=\"twitter:data1\" content=\"1 minute\" \/>\n<script type=\"application\/ld+json\" class=\"yoast-schema-graph\">{\"@context\":\"https:\\\/\\\/schema.org\",\"@graph\":[{\"@type\":\"WebPage\",\"@id\":\"https:\\\/\\\/walkingmum.com\\\/fr\\\/produit\\\/assise-poussette-caetana-stone\\\/\",\"url\":\"https:\\\/\\\/walkingmum.com\\\/fr\\\/produit\\\/assise-poussette-caetana-stone\\\/\",\"name\":\"ASSISE POUSSETTE CAETANA STONE - Walking Mum\",\"isPartOf\":{\"@id\":\"https:\\\/\\\/walkingmum.com\\\/#website\"},\"primaryImageOfPage\":{\"@id\":\"https:\\\/\\\/walkingmum.com\\\/fr\\\/produit\\\/assise-poussette-caetana-stone\\\/#primaryimage\"},\"image\":{\"@id\":\"https:\\\/\\\/walkingmum.com\\\/fr\\\/produit\\\/assise-poussette-caetana-stone\\\/#primaryimage\"},\"thumbnailUrl\":\"https:\\\/\\\/walkingmum.com\\\/wp-content\\\/uploads\\\/2024\\\/08\\\/1120800410_a-2.jpg\",\"datePublished\":\"2024-08-29T06:51:05+00:00\",\"breadcrumb\":{\"@id\":\"https:\\\/\\\/walkingmum.com\\\/fr\\\/produit\\\/assise-poussette-caetana-stone\\\/#breadcrumb\"},\"inLanguage\":\"fr-FR\",\"potentialAction\":[{\"@type\":\"ReadAction\",\"target\":[\"https:\\\/\\\/walkingmum.com\\\/fr\\\/produit\\\/assise-poussette-caetana-stone\\\/\"]}]},{\"@type\":\"ImageObject\",\"inLanguage\":\"fr-FR\",\"@id\":\"https:\\\/\\\/walkingmum.com\\\/fr\\\/produit\\\/assise-poussette-caetana-stone\\\/#primaryimage\",\"url\":\"https:\\\/\\\/walkingmum.com\\\/wp-content\\\/uploads\\\/2024\\\/08\\\/1120800410_a-2.jpg\",\"contentUrl\":\"https:\\\/\\\/walkingmum.com\\\/wp-content\\\/uploads\\\/2024\\\/08\\\/1120800410_a-2.jpg\",\"width\":1800,\"height\":1800},{\"@type\":\"BreadcrumbList\",\"@id\":\"https:\\\/\\\/walkingmum.com\\\/fr\\\/produit\\\/assise-poussette-caetana-stone\\\/#breadcrumb\",\"itemListElement\":[{\"@type\":\"ListItem\",\"position\":1,\"name\":\"Portada\",\"item\":\"https:\\\/\\\/walkingmum.com\\\/fr\\\/\"},{\"@type\":\"ListItem\",\"position\":2,\"name\":\"Tienda\",\"item\":\"https:\\\/\\\/walkingmum.com\\\/tienda\\\/\"},{\"@type\":\"ListItem\",\"position\":3,\"name\":\"ASSISE POUSSETTE CAETANA STONE\"}]},{\"@type\":\"WebSite\",\"@id\":\"https:\\\/\\\/walkingmum.com\\\/#website\",\"url\":\"https:\\\/\\\/walkingmum.com\\\/\",\"name\":\"Walking Mum\",\"description\":\"La marca para beb\u00e9s modernos\",\"potentialAction\":[{\"@type\":\"SearchAction\",\"target\":{\"@type\":\"EntryPoint\",\"urlTemplate\":\"https:\\\/\\\/walkingmum.com\\\/?s={search_term_string}\"},\"query-input\":{\"@type\":\"PropertyValueSpecification\",\"valueRequired\":true,\"valueName\":\"search_term_string\"}}],\"inLanguage\":\"fr-FR\"}]}<\/script>\n<!-- \/ Yoast SEO plugin. -->","yoast_head_json":{"title":"ASSISE POUSSETTE CAETANA STONE - Walking Mum","robots":{"index":"index","follow":"follow","max-snippet":"max-snippet:-1","max-image-preview":"max-image-preview:large","max-video-preview":"max-video-preview:-1"},"canonical":"https:\/\/walkingmum.com\/fr\/produit\/assise-poussette-caetana-stone\/","og_locale":"fr_FR","og_type":"article","og_title":"ASSISE POUSSETTE CAETANA STONE - Walking Mum","og_description":"Le assise de poussette Caetana Stone avec \u00e9toiles brod\u00e9es verts est fabriqu\u00e9 en mousseline douce 100 % coton. C&rsquo;est la doublure id\u00e9ale pour couvrir le si\u00e8ge de votre b\u00e9b\u00e9 pendant l&rsquo;\u00e9t\u00e9, en prot\u00e9geant sa peau des frottements et des irritations dues \u00e0 la chaleur, tout en conservant l&rsquo;aspect neuf de la garniture d&rsquo;origine. Elle est [&hellip;]","og_url":"https:\/\/walkingmum.com\/fr\/produit\/assise-poussette-caetana-stone\/","og_site_name":"Walking Mum","og_image":[{"width":1200,"height":1200,"url":"https:\/\/walkingmum.com\/wp-content\/uploads\/2024\/08\/1120800410_a-1.jpg","type":"image\/jpeg"}],"twitter_card":"summary_large_image","twitter_misc":{"Dur\u00e9e de lecture estim\u00e9e":"1 minute"},"schema":{"@context":"https:\/\/schema.org","@graph":[{"@type":"WebPage","@id":"https:\/\/walkingmum.com\/fr\/produit\/assise-poussette-caetana-stone\/","url":"https:\/\/walkingmum.com\/fr\/produit\/assise-poussette-caetana-stone\/","name":"ASSISE POUSSETTE CAETANA STONE - Walking Mum","isPartOf":{"@id":"https:\/\/walkingmum.com\/#website"},"primaryImageOfPage":{"@id":"https:\/\/walkingmum.com\/fr\/produit\/assise-poussette-caetana-stone\/#primaryimage"},"image":{"@id":"https:\/\/walkingmum.com\/fr\/produit\/assise-poussette-caetana-stone\/#primaryimage"},"thumbnailUrl":"https:\/\/walkingmum.com\/wp-content\/uploads\/2024\/08\/1120800410_a-2.jpg","datePublished":"2024-08-29T06:51:05+00:00","breadcrumb":{"@id":"https:\/\/walkingmum.com\/fr\/produit\/assise-poussette-caetana-stone\/#breadcrumb"},"inLanguage":"fr-FR","potentialAction":[{"@type":"ReadAction","target":["https:\/\/walkingmum.com\/fr\/produit\/assise-poussette-caetana-stone\/"]}]},{"@type":"ImageObject","inLanguage":"fr-FR","@id":"https:\/\/walkingmum.com\/fr\/produit\/assise-poussette-caetana-stone\/#primaryimage","url":"https:\/\/walkingmum.com\/wp-content\/uploads\/2024\/08\/1120800410_a-2.jpg","contentUrl":"https:\/\/walkingmum.com\/wp-content\/uploads\/2024\/08\/1120800410_a-2.jpg","width":1800,"height":1800},{"@type":"BreadcrumbList","@id":"https:\/\/walkingmum.com\/fr\/produit\/assise-poussette-caetana-stone\/#breadcrumb","itemListElement":[{"@type":"ListItem","position":1,"name":"Portada","item":"https:\/\/walkingmum.com\/fr\/"},{"@type":"ListItem","position":2,"name":"Tienda","item":"https:\/\/walkingmum.com\/tienda\/"},{"@type":"ListItem","position":3,"name":"ASSISE POUSSETTE CAETANA STONE"}]},{"@type":"WebSite","@id":"https:\/\/walkingmum.com\/#website","url":"https:\/\/walkingmum.com\/","name":"Walking Mum","description":"La marca para beb\u00e9s modernos","potentialAction":[{"@type":"SearchAction","target":{"@type":"EntryPoint","urlTemplate":"https:\/\/walkingmum.com\/?s={search_term_string}"},"query-input":{"@type":"PropertyValueSpecification","valueRequired":true,"valueName":"search_term_string"}}],"inLanguage":"fr-FR"}]}},"_links":{"self":[{"href":"https:\/\/walkingmum.com\/fr\/wp-json\/wp\/v2\/product\/27533","targetHints":{"allow":["GET"]}}],"collection":[{"href":"https:\/\/walkingmum.com\/fr\/wp-json\/wp\/v2\/product"}],"about":[{"href":"https:\/\/walkingmum.com\/fr\/wp-json\/wp\/v2\/types\/product"}],"replies":[{"embeddable":true,"href":"https:\/\/walkingmum.com\/fr\/wp-json\/wp\/v2\/comments?post=27533"}],"wp:featuredmedia":[{"embeddable":true,"href":"https:\/\/walkingmum.com\/fr\/wp-json\/wp\/v2\/media\/27634"}],"wp:attachment":[{"href":"https:\/\/walkingmum.com\/fr\/wp-json\/wp\/v2\/media?parent=27533"}],"wp:term":[{"taxonomy":"colecciones","embeddable":true,"href":"https:\/\/walkingmum.com\/fr\/wp-json\/wp\/v2\/colecciones?post=27533"},{"taxonomy":"product_brand","embeddable":true,"href":"https:\/\/walkingmum.com\/fr\/wp-json\/wp\/v2\/product_brand?post=27533"},{"taxonomy":"product_cat","embeddable":true,"href":"https:\/\/walkingmum.com\/fr\/wp-json\/wp\/v2\/product_cat?post=27533"},{"taxonomy":"product_tag","embeddable":true,"href":"https:\/\/walkingmum.com\/fr\/wp-json\/wp\/v2\/product_tag?post=27533"}],"curies":[{"name":"wp","href":"https:\/\/api.w.org\/{rel}","templated":true}]}}