{"id":27523,"date":"2024-08-29T06:48:59","date_gmt":"2024-08-29T06:51:02","guid":{"rendered":"https:\/\/walkingmum.com\/?post_type=product&#038;p=27523"},"modified":"2024-08-29T06:51:02","modified_gmt":"2024-08-29T06:51:02","slug":"trousse-de-toilette-caetana-stone","status":"publish","type":"product","link":"https:\/\/walkingmum.com\/fr\/produit\/trousse-de-toilette-caetana-stone\/","title":{"rendered":"TROUSSE DE TOILETTE CAETANA STONE"},"content":{"rendered":"<p>La trousse de toilette pour b\u00e9b\u00e9 Caetana Stone \u00e0 carreaux verts est un sac sp\u00e9cialement con\u00e7u pour transporter toutes les affaires de toilette de notre petite fille ou petit gar\u00e7on lorsqu&rsquo;il quitte la maison. C&rsquo;est un mod\u00e8le diff\u00e9rent et moderne avec beaucoup de style pour s&rsquo;adapter \u00e0 ce dont vous avez besoin. Son design rectangulaire simple et confortable offre un grand confort gr\u00e2ce \u00e0 sa distribution en plusieurs compartiments pour transporter toutes les affaires de toilette de votre b\u00e9b\u00e9 qui, parce qu&rsquo;elles sont si petites, se perdent parfois \u00e0 l&rsquo;int\u00e9rieur du sac layette et ici vous pouvez les avoir toutes bien rang\u00e9es et toujours \u00e0 port\u00e9e de main. Il est dot\u00e9 de poign\u00e9es situ\u00e9es sur le dessus pour transporter le sac et d&rsquo;une fermeture \u00e0 glissi\u00e8re s\u00e9curis\u00e9e pour \u00e9viter que rien ne s&rsquo;\u00e9chappe. De grande qualit\u00e9 et \u00e9l\u00e9gant. Fabriqu\u00e9 dans un mat\u00e9riau durable et facile \u00e0 nettoyer \u00e0 la main ou en machine \u00e0 30\u00b0C. Walking Mum prot\u00e8ge votre b\u00e9b\u00e9 en utilisant les meilleurs tissus, exempts de colorants azo\u00efques et de substances nocives pour la sant\u00e9. Notre collection Walking Mum conserve toute la qualit\u00e9 de la marque Pasito a Pasito mais avec un cachet particulier de style urbain et moderne qui ne passe pas inaper\u00e7u, pour habiller diff\u00e9remment les promenades avec votre b\u00e9b\u00e9. Les accessoires de cette ligne sont plus sportifs et pratiques, sp\u00e9cialement con\u00e7us pour les mamans modernes qui appr\u00e9cient les designs les plus actuels et tendance sans n\u00e9gliger la qualit\u00e9 et la fonctionnalit\u00e9 des accessoires qui rendent toutes les promenades avec leurs b\u00e9b\u00e9s plus confortables. Sp\u00e9cifications : Mat\u00e9riaux : 65% coton \/35% polyester plastifi\u00e9. Dimensions : 27X19X11 cm.<\/p>\n","protected":false},"excerpt":{"rendered":"<p>La trousse de toilette pour b\u00e9b\u00e9 Caetana Stone \u00e0 carreaux verts est un sac sp\u00e9cialement con\u00e7u pour transporter toutes les affaires de toilette de notre petite fille ou petit gar\u00e7on lorsqu&rsquo;il quitte la maison. C&rsquo;est un mod\u00e8le diff\u00e9rent et moderne avec beaucoup de style pour s&rsquo;adapter \u00e0 ce dont vous avez besoin. Son design rectangulaire [&hellip;]<\/p>\n","protected":false},"featured_media":26970,"comment_status":"closed","ping_status":"open","template":"","meta":{"_acf_changed":false,"inline_featured_image":false},"colecciones":[362],"product_brand":[],"product_cat":[138],"product_tag":[],"class_list":{"0":"post-27523","1":"product","2":"type-product","3":"status-publish","4":"has-post-thumbnail","6":"colecciones-collection-caetana","7":"product_cat-accessoires","9":"first","10":"instock","11":"purchasable","12":"product-type-simple"},"acf":[],"yoast_head":"<!-- This site is optimized with the Yoast SEO plugin v27.3 - https:\/\/yoast.com\/product\/yoast-seo-wordpress\/ -->\n<title>TROUSSE DE TOILETTE CAETANA STONE - Walking Mum<\/title>\n<meta name=\"robots\" content=\"index, follow, max-snippet:-1, max-image-preview:large, max-video-preview:-1\" \/>\n<link rel=\"canonical\" href=\"https:\/\/walkingmum.com\/fr\/produit\/trousse-de-toilette-caetana-stone\/\" \/>\n<meta property=\"og:locale\" content=\"fr_FR\" \/>\n<meta property=\"og:type\" content=\"article\" \/>\n<meta property=\"og:title\" content=\"TROUSSE DE TOILETTE CAETANA STONE - Walking Mum\" \/>\n<meta property=\"og:description\" content=\"La trousse de toilette pour b\u00e9b\u00e9 Caetana Stone \u00e0 carreaux verts est un sac sp\u00e9cialement con\u00e7u pour transporter toutes les affaires de toilette de notre petite fille ou petit gar\u00e7on lorsqu&rsquo;il quitte la maison. C&rsquo;est un mod\u00e8le diff\u00e9rent et moderne avec beaucoup de style pour s&rsquo;adapter \u00e0 ce dont vous avez besoin. Son design rectangulaire [&hellip;]\" \/>\n<meta property=\"og:url\" content=\"https:\/\/walkingmum.com\/fr\/produit\/trousse-de-toilette-caetana-stone\/\" \/>\n<meta property=\"og:site_name\" content=\"Walking Mum\" \/>\n<meta property=\"og:image\" content=\"https:\/\/walkingmum.com\/wp-content\/uploads\/2024\/08\/1120800400_a-1.jpg\" \/>\n\t<meta property=\"og:image:width\" content=\"1200\" \/>\n\t<meta property=\"og:image:height\" content=\"1200\" \/>\n\t<meta property=\"og:image:type\" content=\"image\/jpeg\" \/>\n<meta name=\"twitter:card\" content=\"summary_large_image\" \/>\n<meta name=\"twitter:label1\" content=\"Dur\u00e9e de lecture estim\u00e9e\" \/>\n\t<meta name=\"twitter:data1\" content=\"1 minute\" \/>\n<script type=\"application\/ld+json\" class=\"yoast-schema-graph\">{\"@context\":\"https:\\\/\\\/schema.org\",\"@graph\":[{\"@type\":\"WebPage\",\"@id\":\"https:\\\/\\\/walkingmum.com\\\/fr\\\/produit\\\/trousse-de-toilette-caetana-stone\\\/\",\"url\":\"https:\\\/\\\/walkingmum.com\\\/fr\\\/produit\\\/trousse-de-toilette-caetana-stone\\\/\",\"name\":\"TROUSSE DE TOILETTE CAETANA STONE - Walking Mum\",\"isPartOf\":{\"@id\":\"https:\\\/\\\/walkingmum.com\\\/#website\"},\"primaryImageOfPage\":{\"@id\":\"https:\\\/\\\/walkingmum.com\\\/fr\\\/produit\\\/trousse-de-toilette-caetana-stone\\\/#primaryimage\"},\"image\":{\"@id\":\"https:\\\/\\\/walkingmum.com\\\/fr\\\/produit\\\/trousse-de-toilette-caetana-stone\\\/#primaryimage\"},\"thumbnailUrl\":\"https:\\\/\\\/walkingmum.com\\\/wp-content\\\/uploads\\\/2024\\\/08\\\/1120800400_a-1.jpg\",\"datePublished\":\"2024-08-29T06:51:02+00:00\",\"breadcrumb\":{\"@id\":\"https:\\\/\\\/walkingmum.com\\\/fr\\\/produit\\\/trousse-de-toilette-caetana-stone\\\/#breadcrumb\"},\"inLanguage\":\"fr-FR\",\"potentialAction\":[{\"@type\":\"ReadAction\",\"target\":[\"https:\\\/\\\/walkingmum.com\\\/fr\\\/produit\\\/trousse-de-toilette-caetana-stone\\\/\"]}]},{\"@type\":\"ImageObject\",\"inLanguage\":\"fr-FR\",\"@id\":\"https:\\\/\\\/walkingmum.com\\\/fr\\\/produit\\\/trousse-de-toilette-caetana-stone\\\/#primaryimage\",\"url\":\"https:\\\/\\\/walkingmum.com\\\/wp-content\\\/uploads\\\/2024\\\/08\\\/1120800400_a-1.jpg\",\"contentUrl\":\"https:\\\/\\\/walkingmum.com\\\/wp-content\\\/uploads\\\/2024\\\/08\\\/1120800400_a-1.jpg\",\"width\":1200,\"height\":1200},{\"@type\":\"BreadcrumbList\",\"@id\":\"https:\\\/\\\/walkingmum.com\\\/fr\\\/produit\\\/trousse-de-toilette-caetana-stone\\\/#breadcrumb\",\"itemListElement\":[{\"@type\":\"ListItem\",\"position\":1,\"name\":\"Portada\",\"item\":\"https:\\\/\\\/walkingmum.com\\\/fr\\\/\"},{\"@type\":\"ListItem\",\"position\":2,\"name\":\"Tienda\",\"item\":\"https:\\\/\\\/walkingmum.com\\\/tienda\\\/\"},{\"@type\":\"ListItem\",\"position\":3,\"name\":\"TROUSSE DE TOILETTE CAETANA STONE\"}]},{\"@type\":\"WebSite\",\"@id\":\"https:\\\/\\\/walkingmum.com\\\/#website\",\"url\":\"https:\\\/\\\/walkingmum.com\\\/\",\"name\":\"Walking Mum\",\"description\":\"La marca para beb\u00e9s modernos\",\"potentialAction\":[{\"@type\":\"SearchAction\",\"target\":{\"@type\":\"EntryPoint\",\"urlTemplate\":\"https:\\\/\\\/walkingmum.com\\\/?s={search_term_string}\"},\"query-input\":{\"@type\":\"PropertyValueSpecification\",\"valueRequired\":true,\"valueName\":\"search_term_string\"}}],\"inLanguage\":\"fr-FR\"}]}<\/script>\n<!-- \/ Yoast SEO plugin. -->","yoast_head_json":{"title":"TROUSSE DE TOILETTE CAETANA STONE - Walking Mum","robots":{"index":"index","follow":"follow","max-snippet":"max-snippet:-1","max-image-preview":"max-image-preview:large","max-video-preview":"max-video-preview:-1"},"canonical":"https:\/\/walkingmum.com\/fr\/produit\/trousse-de-toilette-caetana-stone\/","og_locale":"fr_FR","og_type":"article","og_title":"TROUSSE DE TOILETTE CAETANA STONE - Walking Mum","og_description":"La trousse de toilette pour b\u00e9b\u00e9 Caetana Stone \u00e0 carreaux verts est un sac sp\u00e9cialement con\u00e7u pour transporter toutes les affaires de toilette de notre petite fille ou petit gar\u00e7on lorsqu&rsquo;il quitte la maison. C&rsquo;est un mod\u00e8le diff\u00e9rent et moderne avec beaucoup de style pour s&rsquo;adapter \u00e0 ce dont vous avez besoin. Son design rectangulaire [&hellip;]","og_url":"https:\/\/walkingmum.com\/fr\/produit\/trousse-de-toilette-caetana-stone\/","og_site_name":"Walking Mum","og_image":[{"width":1200,"height":1200,"url":"https:\/\/walkingmum.com\/wp-content\/uploads\/2024\/08\/1120800400_a-1.jpg","type":"image\/jpeg"}],"twitter_card":"summary_large_image","twitter_misc":{"Dur\u00e9e de lecture estim\u00e9e":"1 minute"},"schema":{"@context":"https:\/\/schema.org","@graph":[{"@type":"WebPage","@id":"https:\/\/walkingmum.com\/fr\/produit\/trousse-de-toilette-caetana-stone\/","url":"https:\/\/walkingmum.com\/fr\/produit\/trousse-de-toilette-caetana-stone\/","name":"TROUSSE DE TOILETTE CAETANA STONE - Walking Mum","isPartOf":{"@id":"https:\/\/walkingmum.com\/#website"},"primaryImageOfPage":{"@id":"https:\/\/walkingmum.com\/fr\/produit\/trousse-de-toilette-caetana-stone\/#primaryimage"},"image":{"@id":"https:\/\/walkingmum.com\/fr\/produit\/trousse-de-toilette-caetana-stone\/#primaryimage"},"thumbnailUrl":"https:\/\/walkingmum.com\/wp-content\/uploads\/2024\/08\/1120800400_a-1.jpg","datePublished":"2024-08-29T06:51:02+00:00","breadcrumb":{"@id":"https:\/\/walkingmum.com\/fr\/produit\/trousse-de-toilette-caetana-stone\/#breadcrumb"},"inLanguage":"fr-FR","potentialAction":[{"@type":"ReadAction","target":["https:\/\/walkingmum.com\/fr\/produit\/trousse-de-toilette-caetana-stone\/"]}]},{"@type":"ImageObject","inLanguage":"fr-FR","@id":"https:\/\/walkingmum.com\/fr\/produit\/trousse-de-toilette-caetana-stone\/#primaryimage","url":"https:\/\/walkingmum.com\/wp-content\/uploads\/2024\/08\/1120800400_a-1.jpg","contentUrl":"https:\/\/walkingmum.com\/wp-content\/uploads\/2024\/08\/1120800400_a-1.jpg","width":1200,"height":1200},{"@type":"BreadcrumbList","@id":"https:\/\/walkingmum.com\/fr\/produit\/trousse-de-toilette-caetana-stone\/#breadcrumb","itemListElement":[{"@type":"ListItem","position":1,"name":"Portada","item":"https:\/\/walkingmum.com\/fr\/"},{"@type":"ListItem","position":2,"name":"Tienda","item":"https:\/\/walkingmum.com\/tienda\/"},{"@type":"ListItem","position":3,"name":"TROUSSE DE TOILETTE CAETANA STONE"}]},{"@type":"WebSite","@id":"https:\/\/walkingmum.com\/#website","url":"https:\/\/walkingmum.com\/","name":"Walking Mum","description":"La marca para beb\u00e9s modernos","potentialAction":[{"@type":"SearchAction","target":{"@type":"EntryPoint","urlTemplate":"https:\/\/walkingmum.com\/?s={search_term_string}"},"query-input":{"@type":"PropertyValueSpecification","valueRequired":true,"valueName":"search_term_string"}}],"inLanguage":"fr-FR"}]}},"_links":{"self":[{"href":"https:\/\/walkingmum.com\/fr\/wp-json\/wp\/v2\/product\/27523","targetHints":{"allow":["GET"]}}],"collection":[{"href":"https:\/\/walkingmum.com\/fr\/wp-json\/wp\/v2\/product"}],"about":[{"href":"https:\/\/walkingmum.com\/fr\/wp-json\/wp\/v2\/types\/product"}],"replies":[{"embeddable":true,"href":"https:\/\/walkingmum.com\/fr\/wp-json\/wp\/v2\/comments?post=27523"}],"wp:featuredmedia":[{"embeddable":true,"href":"https:\/\/walkingmum.com\/fr\/wp-json\/wp\/v2\/media\/26970"}],"wp:attachment":[{"href":"https:\/\/walkingmum.com\/fr\/wp-json\/wp\/v2\/media?parent=27523"}],"wp:term":[{"taxonomy":"colecciones","embeddable":true,"href":"https:\/\/walkingmum.com\/fr\/wp-json\/wp\/v2\/colecciones?post=27523"},{"taxonomy":"product_brand","embeddable":true,"href":"https:\/\/walkingmum.com\/fr\/wp-json\/wp\/v2\/product_brand?post=27523"},{"taxonomy":"product_cat","embeddable":true,"href":"https:\/\/walkingmum.com\/fr\/wp-json\/wp\/v2\/product_cat?post=27523"},{"taxonomy":"product_tag","embeddable":true,"href":"https:\/\/walkingmum.com\/fr\/wp-json\/wp\/v2\/product_tag?post=27523"}],"curies":[{"name":"wp","href":"https:\/\/api.w.org\/{rel}","templated":true}]}}