{"id":26148,"date":"2024-03-22T08:47:28","date_gmt":"2024-03-22T08:47:28","guid":{"rendered":"https:\/\/walkingmum.com\/?post_type=product&#038;p=26148"},"modified":"2024-03-22T08:48:59","modified_gmt":"2024-03-22T08:48:59","slug":"lot-de-2-crochets-pour-poussette-eco-mum-apricot","status":"publish","type":"product","link":"https:\/\/walkingmum.com\/fr\/produit\/lot-de-2-crochets-pour-poussette-eco-mum-apricot\/","title":{"rendered":"LOT DE 2 CROCHETS POUR POUSSETTE ECO MUM APRICOT"},"content":{"rendered":"<p>Ensemble de 2 crochets de poussette Eco Mum Apricot. Crochet en m\u00e9tal. Tr\u00e8s facile \u00e0 attacher gr\u00e2ce \u00e0 ses sangles en velcro. Parfait pour accrocher le sac \u00e0 langer ou tout autre sac que vous devez porter sur la poussette. Supporte jusqu&rsquo;\u00e0 5 kg de poids. Universel.<\/p>\n","protected":false},"excerpt":{"rendered":"<p>Ensemble de 2 crochets de poussette Eco Mum Apricot. Crochet en m\u00e9tal. Tr\u00e8s facile \u00e0 attacher gr\u00e2ce \u00e0 ses sangles en velcro. Parfait pour accrocher le sac \u00e0 langer ou tout autre sac que vous devez porter sur la poussette. Supporte jusqu&rsquo;\u00e0 5 kg de poids. Universel.<\/p>\n","protected":false},"featured_media":25688,"comment_status":"closed","ping_status":"open","template":"","meta":{"_acf_changed":false,"inline_featured_image":false},"colecciones":[],"product_brand":[],"product_cat":[156],"product_tag":[],"class_list":{"0":"post-26148","1":"product","2":"type-product","3":"status-publish","4":"has-post-thumbnail","6":"product_cat-accessoires2","8":"first","9":"instock","10":"purchasable","11":"product-type-simple"},"acf":[],"yoast_head":"<!-- This site is optimized with the Yoast SEO plugin v27.4 - https:\/\/yoast.com\/product\/yoast-seo-wordpress\/ -->\n<title>LOT DE 2 CROCHETS POUR POUSSETTE ECO MUM APRICOT - Walking Mum<\/title>\n<meta name=\"robots\" content=\"index, follow, max-snippet:-1, max-image-preview:large, max-video-preview:-1\" \/>\n<link rel=\"canonical\" href=\"https:\/\/walkingmum.com\/fr\/produit\/lot-de-2-crochets-pour-poussette-eco-mum-apricot\/\" \/>\n<meta property=\"og:locale\" content=\"fr_FR\" \/>\n<meta property=\"og:type\" content=\"article\" \/>\n<meta property=\"og:title\" content=\"LOT DE 2 CROCHETS POUR POUSSETTE ECO MUM APRICOT - Walking Mum\" \/>\n<meta property=\"og:description\" content=\"Ensemble de 2 crochets de poussette Eco Mum Apricot. Crochet en m\u00e9tal. Tr\u00e8s facile \u00e0 attacher gr\u00e2ce \u00e0 ses sangles en velcro. Parfait pour accrocher le sac \u00e0 langer ou tout autre sac que vous devez porter sur la poussette. Supporte jusqu&rsquo;\u00e0 5 kg de poids. Universel.\" \/>\n<meta property=\"og:url\" content=\"https:\/\/walkingmum.com\/fr\/produit\/lot-de-2-crochets-pour-poussette-eco-mum-apricot\/\" \/>\n<meta property=\"og:site_name\" content=\"Walking Mum\" \/>\n<meta property=\"article:modified_time\" content=\"2024-03-22T08:48:59+00:00\" \/>\n<meta property=\"og:image\" content=\"https:\/\/walkingmum.com\/wp-content\/uploads\/2024\/02\/1120800369_a.jpg\" \/>\n\t<meta property=\"og:image:width\" content=\"1200\" \/>\n\t<meta property=\"og:image:height\" content=\"1200\" \/>\n\t<meta property=\"og:image:type\" content=\"image\/jpeg\" \/>\n<meta name=\"twitter:card\" content=\"summary_large_image\" \/>\n<script type=\"application\/ld+json\" class=\"yoast-schema-graph\">{\"@context\":\"https:\\\/\\\/schema.org\",\"@graph\":[{\"@type\":\"WebPage\",\"@id\":\"https:\\\/\\\/walkingmum.com\\\/fr\\\/produit\\\/lot-de-2-crochets-pour-poussette-eco-mum-apricot\\\/\",\"url\":\"https:\\\/\\\/walkingmum.com\\\/fr\\\/produit\\\/lot-de-2-crochets-pour-poussette-eco-mum-apricot\\\/\",\"name\":\"LOT DE 2 CROCHETS POUR POUSSETTE ECO MUM APRICOT - Walking Mum\",\"isPartOf\":{\"@id\":\"https:\\\/\\\/walkingmum.com\\\/#website\"},\"primaryImageOfPage\":{\"@id\":\"https:\\\/\\\/walkingmum.com\\\/fr\\\/produit\\\/lot-de-2-crochets-pour-poussette-eco-mum-apricot\\\/#primaryimage\"},\"image\":{\"@id\":\"https:\\\/\\\/walkingmum.com\\\/fr\\\/produit\\\/lot-de-2-crochets-pour-poussette-eco-mum-apricot\\\/#primaryimage\"},\"thumbnailUrl\":\"https:\\\/\\\/walkingmum.com\\\/wp-content\\\/uploads\\\/2024\\\/02\\\/1120800369_a.jpg\",\"datePublished\":\"2024-03-22T08:47:28+00:00\",\"dateModified\":\"2024-03-22T08:48:59+00:00\",\"breadcrumb\":{\"@id\":\"https:\\\/\\\/walkingmum.com\\\/fr\\\/produit\\\/lot-de-2-crochets-pour-poussette-eco-mum-apricot\\\/#breadcrumb\"},\"inLanguage\":\"fr-FR\",\"potentialAction\":[{\"@type\":\"ReadAction\",\"target\":[\"https:\\\/\\\/walkingmum.com\\\/fr\\\/produit\\\/lot-de-2-crochets-pour-poussette-eco-mum-apricot\\\/\"]}]},{\"@type\":\"ImageObject\",\"inLanguage\":\"fr-FR\",\"@id\":\"https:\\\/\\\/walkingmum.com\\\/fr\\\/produit\\\/lot-de-2-crochets-pour-poussette-eco-mum-apricot\\\/#primaryimage\",\"url\":\"https:\\\/\\\/walkingmum.com\\\/wp-content\\\/uploads\\\/2024\\\/02\\\/1120800369_a.jpg\",\"contentUrl\":\"https:\\\/\\\/walkingmum.com\\\/wp-content\\\/uploads\\\/2024\\\/02\\\/1120800369_a.jpg\",\"width\":1200,\"height\":1200},{\"@type\":\"BreadcrumbList\",\"@id\":\"https:\\\/\\\/walkingmum.com\\\/fr\\\/produit\\\/lot-de-2-crochets-pour-poussette-eco-mum-apricot\\\/#breadcrumb\",\"itemListElement\":[{\"@type\":\"ListItem\",\"position\":1,\"name\":\"Portada\",\"item\":\"https:\\\/\\\/walkingmum.com\\\/fr\\\/\"},{\"@type\":\"ListItem\",\"position\":2,\"name\":\"Tienda\",\"item\":\"https:\\\/\\\/walkingmum.com\\\/tienda\\\/\"},{\"@type\":\"ListItem\",\"position\":3,\"name\":\"LOT DE 2 CROCHETS POUR POUSSETTE ECO MUM APRICOT\"}]},{\"@type\":\"WebSite\",\"@id\":\"https:\\\/\\\/walkingmum.com\\\/#website\",\"url\":\"https:\\\/\\\/walkingmum.com\\\/\",\"name\":\"Walking Mum\",\"description\":\"La marca para beb\u00e9s modernos\",\"potentialAction\":[{\"@type\":\"SearchAction\",\"target\":{\"@type\":\"EntryPoint\",\"urlTemplate\":\"https:\\\/\\\/walkingmum.com\\\/?s={search_term_string}\"},\"query-input\":{\"@type\":\"PropertyValueSpecification\",\"valueRequired\":true,\"valueName\":\"search_term_string\"}}],\"inLanguage\":\"fr-FR\"}]}<\/script>\n<!-- \/ Yoast SEO plugin. -->","yoast_head_json":{"title":"LOT DE 2 CROCHETS POUR POUSSETTE ECO MUM APRICOT - Walking Mum","robots":{"index":"index","follow":"follow","max-snippet":"max-snippet:-1","max-image-preview":"max-image-preview:large","max-video-preview":"max-video-preview:-1"},"canonical":"https:\/\/walkingmum.com\/fr\/produit\/lot-de-2-crochets-pour-poussette-eco-mum-apricot\/","og_locale":"fr_FR","og_type":"article","og_title":"LOT DE 2 CROCHETS POUR POUSSETTE ECO MUM APRICOT - Walking Mum","og_description":"Ensemble de 2 crochets de poussette Eco Mum Apricot. Crochet en m\u00e9tal. Tr\u00e8s facile \u00e0 attacher gr\u00e2ce \u00e0 ses sangles en velcro. Parfait pour accrocher le sac \u00e0 langer ou tout autre sac que vous devez porter sur la poussette. Supporte jusqu&rsquo;\u00e0 5 kg de poids. Universel.","og_url":"https:\/\/walkingmum.com\/fr\/produit\/lot-de-2-crochets-pour-poussette-eco-mum-apricot\/","og_site_name":"Walking Mum","article_modified_time":"2024-03-22T08:48:59+00:00","og_image":[{"width":1200,"height":1200,"url":"https:\/\/walkingmum.com\/wp-content\/uploads\/2024\/02\/1120800369_a.jpg","type":"image\/jpeg"}],"twitter_card":"summary_large_image","schema":{"@context":"https:\/\/schema.org","@graph":[{"@type":"WebPage","@id":"https:\/\/walkingmum.com\/fr\/produit\/lot-de-2-crochets-pour-poussette-eco-mum-apricot\/","url":"https:\/\/walkingmum.com\/fr\/produit\/lot-de-2-crochets-pour-poussette-eco-mum-apricot\/","name":"LOT DE 2 CROCHETS POUR POUSSETTE ECO MUM APRICOT - Walking Mum","isPartOf":{"@id":"https:\/\/walkingmum.com\/#website"},"primaryImageOfPage":{"@id":"https:\/\/walkingmum.com\/fr\/produit\/lot-de-2-crochets-pour-poussette-eco-mum-apricot\/#primaryimage"},"image":{"@id":"https:\/\/walkingmum.com\/fr\/produit\/lot-de-2-crochets-pour-poussette-eco-mum-apricot\/#primaryimage"},"thumbnailUrl":"https:\/\/walkingmum.com\/wp-content\/uploads\/2024\/02\/1120800369_a.jpg","datePublished":"2024-03-22T08:47:28+00:00","dateModified":"2024-03-22T08:48:59+00:00","breadcrumb":{"@id":"https:\/\/walkingmum.com\/fr\/produit\/lot-de-2-crochets-pour-poussette-eco-mum-apricot\/#breadcrumb"},"inLanguage":"fr-FR","potentialAction":[{"@type":"ReadAction","target":["https:\/\/walkingmum.com\/fr\/produit\/lot-de-2-crochets-pour-poussette-eco-mum-apricot\/"]}]},{"@type":"ImageObject","inLanguage":"fr-FR","@id":"https:\/\/walkingmum.com\/fr\/produit\/lot-de-2-crochets-pour-poussette-eco-mum-apricot\/#primaryimage","url":"https:\/\/walkingmum.com\/wp-content\/uploads\/2024\/02\/1120800369_a.jpg","contentUrl":"https:\/\/walkingmum.com\/wp-content\/uploads\/2024\/02\/1120800369_a.jpg","width":1200,"height":1200},{"@type":"BreadcrumbList","@id":"https:\/\/walkingmum.com\/fr\/produit\/lot-de-2-crochets-pour-poussette-eco-mum-apricot\/#breadcrumb","itemListElement":[{"@type":"ListItem","position":1,"name":"Portada","item":"https:\/\/walkingmum.com\/fr\/"},{"@type":"ListItem","position":2,"name":"Tienda","item":"https:\/\/walkingmum.com\/tienda\/"},{"@type":"ListItem","position":3,"name":"LOT DE 2 CROCHETS POUR POUSSETTE ECO MUM APRICOT"}]},{"@type":"WebSite","@id":"https:\/\/walkingmum.com\/#website","url":"https:\/\/walkingmum.com\/","name":"Walking Mum","description":"La marca para beb\u00e9s modernos","potentialAction":[{"@type":"SearchAction","target":{"@type":"EntryPoint","urlTemplate":"https:\/\/walkingmum.com\/?s={search_term_string}"},"query-input":{"@type":"PropertyValueSpecification","valueRequired":true,"valueName":"search_term_string"}}],"inLanguage":"fr-FR"}]}},"_links":{"self":[{"href":"https:\/\/walkingmum.com\/fr\/wp-json\/wp\/v2\/product\/26148","targetHints":{"allow":["GET"]}}],"collection":[{"href":"https:\/\/walkingmum.com\/fr\/wp-json\/wp\/v2\/product"}],"about":[{"href":"https:\/\/walkingmum.com\/fr\/wp-json\/wp\/v2\/types\/product"}],"replies":[{"embeddable":true,"href":"https:\/\/walkingmum.com\/fr\/wp-json\/wp\/v2\/comments?post=26148"}],"wp:featuredmedia":[{"embeddable":true,"href":"https:\/\/walkingmum.com\/fr\/wp-json\/wp\/v2\/media\/25688"}],"wp:attachment":[{"href":"https:\/\/walkingmum.com\/fr\/wp-json\/wp\/v2\/media?parent=26148"}],"wp:term":[{"taxonomy":"colecciones","embeddable":true,"href":"https:\/\/walkingmum.com\/fr\/wp-json\/wp\/v2\/colecciones?post=26148"},{"taxonomy":"product_brand","embeddable":true,"href":"https:\/\/walkingmum.com\/fr\/wp-json\/wp\/v2\/product_brand?post=26148"},{"taxonomy":"product_cat","embeddable":true,"href":"https:\/\/walkingmum.com\/fr\/wp-json\/wp\/v2\/product_cat?post=26148"},{"taxonomy":"product_tag","embeddable":true,"href":"https:\/\/walkingmum.com\/fr\/wp-json\/wp\/v2\/product_tag?post=26148"}],"curies":[{"name":"wp","href":"https:\/\/api.w.org\/{rel}","templated":true}]}}