{"id":26147,"date":"2024-03-22T08:56:45","date_gmt":"2024-03-22T08:56:45","guid":{"rendered":"https:\/\/walkingmum.com\/?post_type=product&#038;p=26147"},"modified":"2024-03-22T08:56:45","modified_gmt":"2024-03-22T08:56:45","slug":"spirale-dactivites-olivia-et-pepe","status":"publish","type":"product","link":"https:\/\/walkingmum.com\/fr\/produit\/spirale-dactivites-olivia-et-pepe\/","title":{"rendered":"SPIRALE D&rsquo;ACTIVIT\u00c9S OLIVIA ET PEPE"},"content":{"rendered":"<p>Hochet de poussette en spirale divertissant avec la peluche Pepe le crabe et la tortue Olivia brune. Sp\u00e9cialement con\u00e7u pour le jeu de b\u00e9b\u00e9 dans la poussette. Il est compos\u00e9 \u00e0 90% de polyester recycl\u00e9. Conforme \u00e0 la r\u00e9glementation EN-71 sur la s\u00e9curit\u00e9 des jouets.<\/p>\n","protected":false},"excerpt":{"rendered":"<p>Hochet de poussette en spirale divertissant avec la peluche Pepe le crabe et la tortue Olivia brune. Sp\u00e9cialement con\u00e7u pour le jeu de b\u00e9b\u00e9 dans la poussette. Il est compos\u00e9 \u00e0 90% de polyester recycl\u00e9. Conforme \u00e0 la r\u00e9glementation EN-71 sur la s\u00e9curit\u00e9 des jouets.<\/p>\n","protected":false},"featured_media":25675,"comment_status":"closed","ping_status":"open","template":"","meta":{"_acf_changed":false,"inline_featured_image":false},"colecciones":[],"product_brand":[],"product_cat":[255],"product_tag":[],"class_list":{"0":"post-26147","1":"product","2":"type-product","3":"status-publish","4":"has-post-thumbnail","6":"product_cat-peluches-et-accessories","8":"first","9":"instock","10":"purchasable","11":"product-type-simple"},"acf":[],"yoast_head":"<!-- This site is optimized with the Yoast SEO plugin v27.4 - https:\/\/yoast.com\/product\/yoast-seo-wordpress\/ -->\n<title>SPIRALE D&#039;ACTIVIT\u00c9S OLIVIA ET PEPE - Walking Mum<\/title>\n<meta name=\"robots\" content=\"index, follow, max-snippet:-1, max-image-preview:large, max-video-preview:-1\" \/>\n<link rel=\"canonical\" href=\"https:\/\/walkingmum.com\/fr\/produit\/spirale-dactivites-olivia-et-pepe\/\" \/>\n<meta property=\"og:locale\" content=\"fr_FR\" \/>\n<meta property=\"og:type\" content=\"article\" \/>\n<meta property=\"og:title\" content=\"SPIRALE D&#039;ACTIVIT\u00c9S OLIVIA ET PEPE - Walking Mum\" \/>\n<meta property=\"og:description\" content=\"Hochet de poussette en spirale divertissant avec la peluche Pepe le crabe et la tortue Olivia brune. Sp\u00e9cialement con\u00e7u pour le jeu de b\u00e9b\u00e9 dans la poussette. Il est compos\u00e9 \u00e0 90% de polyester recycl\u00e9. Conforme \u00e0 la r\u00e9glementation EN-71 sur la s\u00e9curit\u00e9 des jouets.\" \/>\n<meta property=\"og:url\" content=\"https:\/\/walkingmum.com\/fr\/produit\/spirale-dactivites-olivia-et-pepe\/\" \/>\n<meta property=\"og:site_name\" content=\"Walking Mum\" \/>\n<meta property=\"og:image\" content=\"https:\/\/walkingmum.com\/wp-content\/uploads\/2024\/02\/1120800385_a.jpg\" \/>\n\t<meta property=\"og:image:width\" content=\"1200\" \/>\n\t<meta property=\"og:image:height\" content=\"1200\" \/>\n\t<meta property=\"og:image:type\" content=\"image\/jpeg\" \/>\n<meta name=\"twitter:card\" content=\"summary_large_image\" \/>\n<script type=\"application\/ld+json\" class=\"yoast-schema-graph\">{\"@context\":\"https:\\\/\\\/schema.org\",\"@graph\":[{\"@type\":\"WebPage\",\"@id\":\"https:\\\/\\\/walkingmum.com\\\/fr\\\/produit\\\/spirale-dactivites-olivia-et-pepe\\\/\",\"url\":\"https:\\\/\\\/walkingmum.com\\\/fr\\\/produit\\\/spirale-dactivites-olivia-et-pepe\\\/\",\"name\":\"SPIRALE D'ACTIVIT\u00c9S OLIVIA ET PEPE - Walking Mum\",\"isPartOf\":{\"@id\":\"https:\\\/\\\/walkingmum.com\\\/#website\"},\"primaryImageOfPage\":{\"@id\":\"https:\\\/\\\/walkingmum.com\\\/fr\\\/produit\\\/spirale-dactivites-olivia-et-pepe\\\/#primaryimage\"},\"image\":{\"@id\":\"https:\\\/\\\/walkingmum.com\\\/fr\\\/produit\\\/spirale-dactivites-olivia-et-pepe\\\/#primaryimage\"},\"thumbnailUrl\":\"https:\\\/\\\/walkingmum.com\\\/wp-content\\\/uploads\\\/2024\\\/02\\\/1120800385_a.jpg\",\"datePublished\":\"2024-03-22T08:56:45+00:00\",\"breadcrumb\":{\"@id\":\"https:\\\/\\\/walkingmum.com\\\/fr\\\/produit\\\/spirale-dactivites-olivia-et-pepe\\\/#breadcrumb\"},\"inLanguage\":\"fr-FR\",\"potentialAction\":[{\"@type\":\"ReadAction\",\"target\":[\"https:\\\/\\\/walkingmum.com\\\/fr\\\/produit\\\/spirale-dactivites-olivia-et-pepe\\\/\"]}]},{\"@type\":\"ImageObject\",\"inLanguage\":\"fr-FR\",\"@id\":\"https:\\\/\\\/walkingmum.com\\\/fr\\\/produit\\\/spirale-dactivites-olivia-et-pepe\\\/#primaryimage\",\"url\":\"https:\\\/\\\/walkingmum.com\\\/wp-content\\\/uploads\\\/2024\\\/02\\\/1120800385_a.jpg\",\"contentUrl\":\"https:\\\/\\\/walkingmum.com\\\/wp-content\\\/uploads\\\/2024\\\/02\\\/1120800385_a.jpg\",\"width\":1200,\"height\":1200},{\"@type\":\"BreadcrumbList\",\"@id\":\"https:\\\/\\\/walkingmum.com\\\/fr\\\/produit\\\/spirale-dactivites-olivia-et-pepe\\\/#breadcrumb\",\"itemListElement\":[{\"@type\":\"ListItem\",\"position\":1,\"name\":\"Portada\",\"item\":\"https:\\\/\\\/walkingmum.com\\\/fr\\\/\"},{\"@type\":\"ListItem\",\"position\":2,\"name\":\"Tienda\",\"item\":\"https:\\\/\\\/walkingmum.com\\\/tienda\\\/\"},{\"@type\":\"ListItem\",\"position\":3,\"name\":\"SPIRALE D&#8217;ACTIVIT\u00c9S OLIVIA ET PEPE\"}]},{\"@type\":\"WebSite\",\"@id\":\"https:\\\/\\\/walkingmum.com\\\/#website\",\"url\":\"https:\\\/\\\/walkingmum.com\\\/\",\"name\":\"Walking Mum\",\"description\":\"La marca para beb\u00e9s modernos\",\"potentialAction\":[{\"@type\":\"SearchAction\",\"target\":{\"@type\":\"EntryPoint\",\"urlTemplate\":\"https:\\\/\\\/walkingmum.com\\\/?s={search_term_string}\"},\"query-input\":{\"@type\":\"PropertyValueSpecification\",\"valueRequired\":true,\"valueName\":\"search_term_string\"}}],\"inLanguage\":\"fr-FR\"}]}<\/script>\n<!-- \/ Yoast SEO plugin. -->","yoast_head_json":{"title":"SPIRALE D'ACTIVIT\u00c9S OLIVIA ET PEPE - Walking Mum","robots":{"index":"index","follow":"follow","max-snippet":"max-snippet:-1","max-image-preview":"max-image-preview:large","max-video-preview":"max-video-preview:-1"},"canonical":"https:\/\/walkingmum.com\/fr\/produit\/spirale-dactivites-olivia-et-pepe\/","og_locale":"fr_FR","og_type":"article","og_title":"SPIRALE D'ACTIVIT\u00c9S OLIVIA ET PEPE - Walking Mum","og_description":"Hochet de poussette en spirale divertissant avec la peluche Pepe le crabe et la tortue Olivia brune. Sp\u00e9cialement con\u00e7u pour le jeu de b\u00e9b\u00e9 dans la poussette. Il est compos\u00e9 \u00e0 90% de polyester recycl\u00e9. Conforme \u00e0 la r\u00e9glementation EN-71 sur la s\u00e9curit\u00e9 des jouets.","og_url":"https:\/\/walkingmum.com\/fr\/produit\/spirale-dactivites-olivia-et-pepe\/","og_site_name":"Walking Mum","og_image":[{"width":1200,"height":1200,"url":"https:\/\/walkingmum.com\/wp-content\/uploads\/2024\/02\/1120800385_a.jpg","type":"image\/jpeg"}],"twitter_card":"summary_large_image","schema":{"@context":"https:\/\/schema.org","@graph":[{"@type":"WebPage","@id":"https:\/\/walkingmum.com\/fr\/produit\/spirale-dactivites-olivia-et-pepe\/","url":"https:\/\/walkingmum.com\/fr\/produit\/spirale-dactivites-olivia-et-pepe\/","name":"SPIRALE D'ACTIVIT\u00c9S OLIVIA ET PEPE - Walking Mum","isPartOf":{"@id":"https:\/\/walkingmum.com\/#website"},"primaryImageOfPage":{"@id":"https:\/\/walkingmum.com\/fr\/produit\/spirale-dactivites-olivia-et-pepe\/#primaryimage"},"image":{"@id":"https:\/\/walkingmum.com\/fr\/produit\/spirale-dactivites-olivia-et-pepe\/#primaryimage"},"thumbnailUrl":"https:\/\/walkingmum.com\/wp-content\/uploads\/2024\/02\/1120800385_a.jpg","datePublished":"2024-03-22T08:56:45+00:00","breadcrumb":{"@id":"https:\/\/walkingmum.com\/fr\/produit\/spirale-dactivites-olivia-et-pepe\/#breadcrumb"},"inLanguage":"fr-FR","potentialAction":[{"@type":"ReadAction","target":["https:\/\/walkingmum.com\/fr\/produit\/spirale-dactivites-olivia-et-pepe\/"]}]},{"@type":"ImageObject","inLanguage":"fr-FR","@id":"https:\/\/walkingmum.com\/fr\/produit\/spirale-dactivites-olivia-et-pepe\/#primaryimage","url":"https:\/\/walkingmum.com\/wp-content\/uploads\/2024\/02\/1120800385_a.jpg","contentUrl":"https:\/\/walkingmum.com\/wp-content\/uploads\/2024\/02\/1120800385_a.jpg","width":1200,"height":1200},{"@type":"BreadcrumbList","@id":"https:\/\/walkingmum.com\/fr\/produit\/spirale-dactivites-olivia-et-pepe\/#breadcrumb","itemListElement":[{"@type":"ListItem","position":1,"name":"Portada","item":"https:\/\/walkingmum.com\/fr\/"},{"@type":"ListItem","position":2,"name":"Tienda","item":"https:\/\/walkingmum.com\/tienda\/"},{"@type":"ListItem","position":3,"name":"SPIRALE D&#8217;ACTIVIT\u00c9S OLIVIA ET PEPE"}]},{"@type":"WebSite","@id":"https:\/\/walkingmum.com\/#website","url":"https:\/\/walkingmum.com\/","name":"Walking Mum","description":"La marca para beb\u00e9s modernos","potentialAction":[{"@type":"SearchAction","target":{"@type":"EntryPoint","urlTemplate":"https:\/\/walkingmum.com\/?s={search_term_string}"},"query-input":{"@type":"PropertyValueSpecification","valueRequired":true,"valueName":"search_term_string"}}],"inLanguage":"fr-FR"}]}},"_links":{"self":[{"href":"https:\/\/walkingmum.com\/fr\/wp-json\/wp\/v2\/product\/26147","targetHints":{"allow":["GET"]}}],"collection":[{"href":"https:\/\/walkingmum.com\/fr\/wp-json\/wp\/v2\/product"}],"about":[{"href":"https:\/\/walkingmum.com\/fr\/wp-json\/wp\/v2\/types\/product"}],"replies":[{"embeddable":true,"href":"https:\/\/walkingmum.com\/fr\/wp-json\/wp\/v2\/comments?post=26147"}],"wp:featuredmedia":[{"embeddable":true,"href":"https:\/\/walkingmum.com\/fr\/wp-json\/wp\/v2\/media\/25675"}],"wp:attachment":[{"href":"https:\/\/walkingmum.com\/fr\/wp-json\/wp\/v2\/media?parent=26147"}],"wp:term":[{"taxonomy":"colecciones","embeddable":true,"href":"https:\/\/walkingmum.com\/fr\/wp-json\/wp\/v2\/colecciones?post=26147"},{"taxonomy":"product_brand","embeddable":true,"href":"https:\/\/walkingmum.com\/fr\/wp-json\/wp\/v2\/product_brand?post=26147"},{"taxonomy":"product_cat","embeddable":true,"href":"https:\/\/walkingmum.com\/fr\/wp-json\/wp\/v2\/product_cat?post=26147"},{"taxonomy":"product_tag","embeddable":true,"href":"https:\/\/walkingmum.com\/fr\/wp-json\/wp\/v2\/product_tag?post=26147"}],"curies":[{"name":"wp","href":"https:\/\/api.w.org\/{rel}","templated":true}]}}