{"id":26135,"date":"2024-03-22T08:50:55","date_gmt":"2024-03-22T08:50:55","guid":{"rendered":"https:\/\/walkingmum.com\/?post_type=product&#038;p=26135"},"modified":"2024-03-22T08:50:55","modified_gmt":"2024-03-22T08:50:55","slug":"souris-en-peluche-poppy-cannelle","status":"publish","type":"product","link":"https:\/\/walkingmum.com\/fr\/produit\/souris-en-peluche-poppy-cannelle\/","title":{"rendered":"SOURIS EN PELUCHE POPPY CANNELLE"},"content":{"rendered":"<p>Souris en peluche avec une robe de couleur Cannelle pour b\u00e9b\u00e9. Tr\u00e8s douce et avec une texture tr\u00e8s agr\u00e9able. Ses yeux sont brod\u00e9s, garantissant la s\u00e9curit\u00e9 de votre b\u00e9b\u00e9. Fabriqu\u00e9e selon les r\u00e9glementations de s\u00e9curit\u00e9 des jouets EN-71. Dimensions : 25 cm.<\/p>\n","protected":false},"excerpt":{"rendered":"<p>Souris en peluche avec une robe de couleur Cannelle pour b\u00e9b\u00e9. Tr\u00e8s douce et avec une texture tr\u00e8s agr\u00e9able. Ses yeux sont brod\u00e9s, garantissant la s\u00e9curit\u00e9 de votre b\u00e9b\u00e9. Fabriqu\u00e9e selon les r\u00e9glementations de s\u00e9curit\u00e9 des jouets EN-71. Dimensions : 25 cm.<\/p>\n","protected":false},"featured_media":25471,"comment_status":"closed","ping_status":"open","template":"","meta":{"_acf_changed":false,"inline_featured_image":false},"colecciones":[],"product_brand":[],"product_cat":[255],"product_tag":[],"class_list":{"0":"post-26135","1":"product","2":"type-product","3":"status-publish","4":"has-post-thumbnail","6":"product_cat-peluches-et-accessories","8":"first","9":"instock","10":"purchasable","11":"product-type-simple"},"acf":[],"yoast_head":"<!-- This site is optimized with the Yoast SEO plugin v27.4 - https:\/\/yoast.com\/product\/yoast-seo-wordpress\/ -->\n<title>SOURIS EN PELUCHE POPPY CANNELLE - Walking Mum<\/title>\n<meta name=\"robots\" content=\"index, follow, max-snippet:-1, max-image-preview:large, max-video-preview:-1\" \/>\n<link rel=\"canonical\" href=\"https:\/\/walkingmum.com\/fr\/produit\/souris-en-peluche-poppy-cannelle\/\" \/>\n<meta property=\"og:locale\" content=\"fr_FR\" \/>\n<meta property=\"og:type\" content=\"article\" \/>\n<meta property=\"og:title\" content=\"SOURIS EN PELUCHE POPPY CANNELLE - Walking Mum\" \/>\n<meta property=\"og:description\" content=\"Souris en peluche avec une robe de couleur Cannelle pour b\u00e9b\u00e9. Tr\u00e8s douce et avec une texture tr\u00e8s agr\u00e9able. Ses yeux sont brod\u00e9s, garantissant la s\u00e9curit\u00e9 de votre b\u00e9b\u00e9. Fabriqu\u00e9e selon les r\u00e9glementations de s\u00e9curit\u00e9 des jouets EN-71. Dimensions : 25 cm.\" \/>\n<meta property=\"og:url\" content=\"https:\/\/walkingmum.com\/fr\/produit\/souris-en-peluche-poppy-cannelle\/\" \/>\n<meta property=\"og:site_name\" content=\"Walking Mum\" \/>\n<meta property=\"og:image\" content=\"https:\/\/walkingmum.com\/wp-content\/uploads\/2024\/02\/1120800373_a.jpg\" \/>\n\t<meta property=\"og:image:width\" content=\"1200\" \/>\n\t<meta property=\"og:image:height\" content=\"1200\" \/>\n\t<meta property=\"og:image:type\" content=\"image\/jpeg\" \/>\n<meta name=\"twitter:card\" content=\"summary_large_image\" \/>\n<script type=\"application\/ld+json\" class=\"yoast-schema-graph\">{\"@context\":\"https:\\\/\\\/schema.org\",\"@graph\":[{\"@type\":\"WebPage\",\"@id\":\"https:\\\/\\\/walkingmum.com\\\/fr\\\/produit\\\/souris-en-peluche-poppy-cannelle\\\/\",\"url\":\"https:\\\/\\\/walkingmum.com\\\/fr\\\/produit\\\/souris-en-peluche-poppy-cannelle\\\/\",\"name\":\"SOURIS EN PELUCHE POPPY CANNELLE - Walking Mum\",\"isPartOf\":{\"@id\":\"https:\\\/\\\/walkingmum.com\\\/#website\"},\"primaryImageOfPage\":{\"@id\":\"https:\\\/\\\/walkingmum.com\\\/fr\\\/produit\\\/souris-en-peluche-poppy-cannelle\\\/#primaryimage\"},\"image\":{\"@id\":\"https:\\\/\\\/walkingmum.com\\\/fr\\\/produit\\\/souris-en-peluche-poppy-cannelle\\\/#primaryimage\"},\"thumbnailUrl\":\"https:\\\/\\\/walkingmum.com\\\/wp-content\\\/uploads\\\/2024\\\/02\\\/1120800373_a.jpg\",\"datePublished\":\"2024-03-22T08:50:55+00:00\",\"breadcrumb\":{\"@id\":\"https:\\\/\\\/walkingmum.com\\\/fr\\\/produit\\\/souris-en-peluche-poppy-cannelle\\\/#breadcrumb\"},\"inLanguage\":\"fr-FR\",\"potentialAction\":[{\"@type\":\"ReadAction\",\"target\":[\"https:\\\/\\\/walkingmum.com\\\/fr\\\/produit\\\/souris-en-peluche-poppy-cannelle\\\/\"]}]},{\"@type\":\"ImageObject\",\"inLanguage\":\"fr-FR\",\"@id\":\"https:\\\/\\\/walkingmum.com\\\/fr\\\/produit\\\/souris-en-peluche-poppy-cannelle\\\/#primaryimage\",\"url\":\"https:\\\/\\\/walkingmum.com\\\/wp-content\\\/uploads\\\/2024\\\/02\\\/1120800373_a.jpg\",\"contentUrl\":\"https:\\\/\\\/walkingmum.com\\\/wp-content\\\/uploads\\\/2024\\\/02\\\/1120800373_a.jpg\",\"width\":1200,\"height\":1200},{\"@type\":\"BreadcrumbList\",\"@id\":\"https:\\\/\\\/walkingmum.com\\\/fr\\\/produit\\\/souris-en-peluche-poppy-cannelle\\\/#breadcrumb\",\"itemListElement\":[{\"@type\":\"ListItem\",\"position\":1,\"name\":\"Portada\",\"item\":\"https:\\\/\\\/walkingmum.com\\\/fr\\\/\"},{\"@type\":\"ListItem\",\"position\":2,\"name\":\"Tienda\",\"item\":\"https:\\\/\\\/walkingmum.com\\\/tienda\\\/\"},{\"@type\":\"ListItem\",\"position\":3,\"name\":\"SOURIS EN PELUCHE POPPY CANNELLE\"}]},{\"@type\":\"WebSite\",\"@id\":\"https:\\\/\\\/walkingmum.com\\\/#website\",\"url\":\"https:\\\/\\\/walkingmum.com\\\/\",\"name\":\"Walking Mum\",\"description\":\"La marca para beb\u00e9s modernos\",\"potentialAction\":[{\"@type\":\"SearchAction\",\"target\":{\"@type\":\"EntryPoint\",\"urlTemplate\":\"https:\\\/\\\/walkingmum.com\\\/?s={search_term_string}\"},\"query-input\":{\"@type\":\"PropertyValueSpecification\",\"valueRequired\":true,\"valueName\":\"search_term_string\"}}],\"inLanguage\":\"fr-FR\"}]}<\/script>\n<!-- \/ Yoast SEO plugin. -->","yoast_head_json":{"title":"SOURIS EN PELUCHE POPPY CANNELLE - Walking Mum","robots":{"index":"index","follow":"follow","max-snippet":"max-snippet:-1","max-image-preview":"max-image-preview:large","max-video-preview":"max-video-preview:-1"},"canonical":"https:\/\/walkingmum.com\/fr\/produit\/souris-en-peluche-poppy-cannelle\/","og_locale":"fr_FR","og_type":"article","og_title":"SOURIS EN PELUCHE POPPY CANNELLE - Walking Mum","og_description":"Souris en peluche avec une robe de couleur Cannelle pour b\u00e9b\u00e9. Tr\u00e8s douce et avec une texture tr\u00e8s agr\u00e9able. Ses yeux sont brod\u00e9s, garantissant la s\u00e9curit\u00e9 de votre b\u00e9b\u00e9. Fabriqu\u00e9e selon les r\u00e9glementations de s\u00e9curit\u00e9 des jouets EN-71. Dimensions : 25 cm.","og_url":"https:\/\/walkingmum.com\/fr\/produit\/souris-en-peluche-poppy-cannelle\/","og_site_name":"Walking Mum","og_image":[{"width":1200,"height":1200,"url":"https:\/\/walkingmum.com\/wp-content\/uploads\/2024\/02\/1120800373_a.jpg","type":"image\/jpeg"}],"twitter_card":"summary_large_image","schema":{"@context":"https:\/\/schema.org","@graph":[{"@type":"WebPage","@id":"https:\/\/walkingmum.com\/fr\/produit\/souris-en-peluche-poppy-cannelle\/","url":"https:\/\/walkingmum.com\/fr\/produit\/souris-en-peluche-poppy-cannelle\/","name":"SOURIS EN PELUCHE POPPY CANNELLE - Walking Mum","isPartOf":{"@id":"https:\/\/walkingmum.com\/#website"},"primaryImageOfPage":{"@id":"https:\/\/walkingmum.com\/fr\/produit\/souris-en-peluche-poppy-cannelle\/#primaryimage"},"image":{"@id":"https:\/\/walkingmum.com\/fr\/produit\/souris-en-peluche-poppy-cannelle\/#primaryimage"},"thumbnailUrl":"https:\/\/walkingmum.com\/wp-content\/uploads\/2024\/02\/1120800373_a.jpg","datePublished":"2024-03-22T08:50:55+00:00","breadcrumb":{"@id":"https:\/\/walkingmum.com\/fr\/produit\/souris-en-peluche-poppy-cannelle\/#breadcrumb"},"inLanguage":"fr-FR","potentialAction":[{"@type":"ReadAction","target":["https:\/\/walkingmum.com\/fr\/produit\/souris-en-peluche-poppy-cannelle\/"]}]},{"@type":"ImageObject","inLanguage":"fr-FR","@id":"https:\/\/walkingmum.com\/fr\/produit\/souris-en-peluche-poppy-cannelle\/#primaryimage","url":"https:\/\/walkingmum.com\/wp-content\/uploads\/2024\/02\/1120800373_a.jpg","contentUrl":"https:\/\/walkingmum.com\/wp-content\/uploads\/2024\/02\/1120800373_a.jpg","width":1200,"height":1200},{"@type":"BreadcrumbList","@id":"https:\/\/walkingmum.com\/fr\/produit\/souris-en-peluche-poppy-cannelle\/#breadcrumb","itemListElement":[{"@type":"ListItem","position":1,"name":"Portada","item":"https:\/\/walkingmum.com\/fr\/"},{"@type":"ListItem","position":2,"name":"Tienda","item":"https:\/\/walkingmum.com\/tienda\/"},{"@type":"ListItem","position":3,"name":"SOURIS EN PELUCHE POPPY CANNELLE"}]},{"@type":"WebSite","@id":"https:\/\/walkingmum.com\/#website","url":"https:\/\/walkingmum.com\/","name":"Walking Mum","description":"La marca para beb\u00e9s modernos","potentialAction":[{"@type":"SearchAction","target":{"@type":"EntryPoint","urlTemplate":"https:\/\/walkingmum.com\/?s={search_term_string}"},"query-input":{"@type":"PropertyValueSpecification","valueRequired":true,"valueName":"search_term_string"}}],"inLanguage":"fr-FR"}]}},"_links":{"self":[{"href":"https:\/\/walkingmum.com\/fr\/wp-json\/wp\/v2\/product\/26135","targetHints":{"allow":["GET"]}}],"collection":[{"href":"https:\/\/walkingmum.com\/fr\/wp-json\/wp\/v2\/product"}],"about":[{"href":"https:\/\/walkingmum.com\/fr\/wp-json\/wp\/v2\/types\/product"}],"replies":[{"embeddable":true,"href":"https:\/\/walkingmum.com\/fr\/wp-json\/wp\/v2\/comments?post=26135"}],"wp:featuredmedia":[{"embeddable":true,"href":"https:\/\/walkingmum.com\/fr\/wp-json\/wp\/v2\/media\/25471"}],"wp:attachment":[{"href":"https:\/\/walkingmum.com\/fr\/wp-json\/wp\/v2\/media?parent=26135"}],"wp:term":[{"taxonomy":"colecciones","embeddable":true,"href":"https:\/\/walkingmum.com\/fr\/wp-json\/wp\/v2\/colecciones?post=26135"},{"taxonomy":"product_brand","embeddable":true,"href":"https:\/\/walkingmum.com\/fr\/wp-json\/wp\/v2\/product_brand?post=26135"},{"taxonomy":"product_cat","embeddable":true,"href":"https:\/\/walkingmum.com\/fr\/wp-json\/wp\/v2\/product_cat?post=26135"},{"taxonomy":"product_tag","embeddable":true,"href":"https:\/\/walkingmum.com\/fr\/wp-json\/wp\/v2\/product_tag?post=26135"}],"curies":[{"name":"wp","href":"https:\/\/api.w.org\/{rel}","templated":true}]}}