{"id":26131,"date":"2024-02-28T14:50:31","date_gmt":"2024-02-28T14:50:31","guid":{"rendered":"https:\/\/walkingmum.com\/?post_type=product&#038;p=26131"},"modified":"2024-02-28T14:50:32","modified_gmt":"2024-02-28T14:50:32","slug":"assise-poussette-i-love-vichy-rose-carre","status":"publish","type":"product","link":"https:\/\/walkingmum.com\/fr\/produit\/assise-poussette-i-love-vichy-rose-carre\/","title":{"rendered":"ASSISE POUSSETTE I LOVE VICHY ROSE CARR\u00c9"},"content":{"rendered":"<p>Le coussin de poussette I Love Vichy rose est la housse id\u00e9ale pour prot\u00e9ger le si\u00e8ge de votre b\u00e9b\u00e9 pendant l&rsquo;\u00e9t\u00e9, pr\u00e9venant les irritations et les \u00e9chauffements tout en pr\u00e9servant l&rsquo;originalit\u00e9 de la garniture. Fabriqu\u00e9 dans un mat\u00e9riau respirant, il aide \u00e0 pr\u00e9venir la transpiration excessive et maintient la poussette confortable lors des promenades. Sa conception universelle vous permet d&rsquo;adapter le coussin \u00e0 la plupart des poussettes, avec plusieurs ouvertures et ajustements pour une installation facile sur le si\u00e8ge auto. De haute qualit\u00e9 et \u00e9l\u00e9gant. Fabriqu\u00e9 \u00e0 partir de mat\u00e9riaux durables faciles \u00e0 nettoyer \u00e0 la main ou en machine \u00e0 laver \u00e0 30\u00b0C. Walking Mum prot\u00e8ge votre b\u00e9b\u00e9 en utilisant les meilleurs tissus, exempts de colorants azo\u00efques et de substances nocives. Notre collection Walking Mum est con\u00e7ue avec un style urbain et moderne unique, parfait pour ajouter une touche diff\u00e9rente aux promenades de votre b\u00e9b\u00e9. Les accessoires de maternit\u00e9 de cette ligne sont plus sportifs et pratiques, sp\u00e9cialement con\u00e7us pour les mamans et les papas modernes qui appr\u00e9cient les derni\u00e8res tendances sans compromettre la qualit\u00e9 et la fonctionnalit\u00e9. Sp\u00e9cifications : Mat\u00e9riaux : 100% coton. Couleur : Rose. Dimensions : Universelles.<\/p>\n","protected":false},"excerpt":{"rendered":"<p>Le coussin de poussette I Love Vichy rose est la housse id\u00e9ale pour prot\u00e9ger le si\u00e8ge de votre b\u00e9b\u00e9 pendant l&rsquo;\u00e9t\u00e9, pr\u00e9venant les irritations et les \u00e9chauffements tout en pr\u00e9servant l&rsquo;originalit\u00e9 de la garniture. Fabriqu\u00e9 dans un mat\u00e9riau respirant, il aide \u00e0 pr\u00e9venir la transpiration excessive et maintient la poussette confortable lors des promenades. Sa [&hellip;]<\/p>\n","protected":false},"featured_media":25399,"comment_status":"closed","ping_status":"open","template":"","meta":{"_acf_changed":false,"inline_featured_image":false},"colecciones":[114],"product_brand":[],"product_cat":[147],"product_tag":[],"class_list":{"0":"post-26131","1":"product","2":"type-product","3":"status-publish","4":"has-post-thumbnail","6":"colecciones-collection-i-love-vichy-fr","7":"product_cat-assises-et-chancelieres-pour-poussette","9":"first","10":"instock","11":"purchasable","12":"product-type-simple"},"acf":[],"yoast_head":"<!-- This site is optimized with the Yoast SEO plugin v27.4 - https:\/\/yoast.com\/product\/yoast-seo-wordpress\/ -->\n<title>ASSISE POUSSETTE I LOVE VICHY ROSE CARR\u00c9 - Walking Mum<\/title>\n<meta name=\"robots\" content=\"index, follow, max-snippet:-1, max-image-preview:large, max-video-preview:-1\" \/>\n<link rel=\"canonical\" href=\"https:\/\/walkingmum.com\/fr\/produit\/assise-poussette-i-love-vichy-rose-carre\/\" \/>\n<meta property=\"og:locale\" content=\"fr_FR\" \/>\n<meta property=\"og:type\" content=\"article\" \/>\n<meta property=\"og:title\" content=\"ASSISE POUSSETTE I LOVE VICHY ROSE CARR\u00c9 - Walking Mum\" \/>\n<meta property=\"og:description\" content=\"Le coussin de poussette I Love Vichy rose est la housse id\u00e9ale pour prot\u00e9ger le si\u00e8ge de votre b\u00e9b\u00e9 pendant l&rsquo;\u00e9t\u00e9, pr\u00e9venant les irritations et les \u00e9chauffements tout en pr\u00e9servant l&rsquo;originalit\u00e9 de la garniture. Fabriqu\u00e9 dans un mat\u00e9riau respirant, il aide \u00e0 pr\u00e9venir la transpiration excessive et maintient la poussette confortable lors des promenades. Sa [&hellip;]\" \/>\n<meta property=\"og:url\" content=\"https:\/\/walkingmum.com\/fr\/produit\/assise-poussette-i-love-vichy-rose-carre\/\" \/>\n<meta property=\"og:site_name\" content=\"Walking Mum\" \/>\n<meta property=\"article:modified_time\" content=\"2024-02-28T14:50:32+00:00\" \/>\n<meta property=\"og:image\" content=\"https:\/\/walkingmum.com\/wp-content\/uploads\/2024\/02\/1120800315_a.jpg\" \/>\n\t<meta property=\"og:image:width\" content=\"1200\" \/>\n\t<meta property=\"og:image:height\" content=\"1200\" \/>\n\t<meta property=\"og:image:type\" content=\"image\/jpeg\" \/>\n<meta name=\"twitter:card\" content=\"summary_large_image\" \/>\n<meta name=\"twitter:label1\" content=\"Dur\u00e9e de lecture estim\u00e9e\" \/>\n\t<meta name=\"twitter:data1\" content=\"1 minute\" \/>\n<script type=\"application\/ld+json\" class=\"yoast-schema-graph\">{\"@context\":\"https:\\\/\\\/schema.org\",\"@graph\":[{\"@type\":\"WebPage\",\"@id\":\"https:\\\/\\\/walkingmum.com\\\/fr\\\/produit\\\/assise-poussette-i-love-vichy-rose-carre\\\/\",\"url\":\"https:\\\/\\\/walkingmum.com\\\/fr\\\/produit\\\/assise-poussette-i-love-vichy-rose-carre\\\/\",\"name\":\"ASSISE POUSSETTE I LOVE VICHY ROSE CARR\u00c9 - Walking Mum\",\"isPartOf\":{\"@id\":\"https:\\\/\\\/walkingmum.com\\\/#website\"},\"primaryImageOfPage\":{\"@id\":\"https:\\\/\\\/walkingmum.com\\\/fr\\\/produit\\\/assise-poussette-i-love-vichy-rose-carre\\\/#primaryimage\"},\"image\":{\"@id\":\"https:\\\/\\\/walkingmum.com\\\/fr\\\/produit\\\/assise-poussette-i-love-vichy-rose-carre\\\/#primaryimage\"},\"thumbnailUrl\":\"https:\\\/\\\/walkingmum.com\\\/wp-content\\\/uploads\\\/2024\\\/02\\\/1120800315_a.jpg\",\"datePublished\":\"2024-02-28T14:50:31+00:00\",\"dateModified\":\"2024-02-28T14:50:32+00:00\",\"breadcrumb\":{\"@id\":\"https:\\\/\\\/walkingmum.com\\\/fr\\\/produit\\\/assise-poussette-i-love-vichy-rose-carre\\\/#breadcrumb\"},\"inLanguage\":\"fr-FR\",\"potentialAction\":[{\"@type\":\"ReadAction\",\"target\":[\"https:\\\/\\\/walkingmum.com\\\/fr\\\/produit\\\/assise-poussette-i-love-vichy-rose-carre\\\/\"]}]},{\"@type\":\"ImageObject\",\"inLanguage\":\"fr-FR\",\"@id\":\"https:\\\/\\\/walkingmum.com\\\/fr\\\/produit\\\/assise-poussette-i-love-vichy-rose-carre\\\/#primaryimage\",\"url\":\"https:\\\/\\\/walkingmum.com\\\/wp-content\\\/uploads\\\/2024\\\/02\\\/1120800315_a.jpg\",\"contentUrl\":\"https:\\\/\\\/walkingmum.com\\\/wp-content\\\/uploads\\\/2024\\\/02\\\/1120800315_a.jpg\",\"width\":1200,\"height\":1200},{\"@type\":\"BreadcrumbList\",\"@id\":\"https:\\\/\\\/walkingmum.com\\\/fr\\\/produit\\\/assise-poussette-i-love-vichy-rose-carre\\\/#breadcrumb\",\"itemListElement\":[{\"@type\":\"ListItem\",\"position\":1,\"name\":\"Portada\",\"item\":\"https:\\\/\\\/walkingmum.com\\\/fr\\\/\"},{\"@type\":\"ListItem\",\"position\":2,\"name\":\"Tienda\",\"item\":\"https:\\\/\\\/walkingmum.com\\\/tienda\\\/\"},{\"@type\":\"ListItem\",\"position\":3,\"name\":\"ASSISE POUSSETTE I LOVE VICHY ROSE CARR\u00c9\"}]},{\"@type\":\"WebSite\",\"@id\":\"https:\\\/\\\/walkingmum.com\\\/#website\",\"url\":\"https:\\\/\\\/walkingmum.com\\\/\",\"name\":\"Walking Mum\",\"description\":\"La marca para beb\u00e9s modernos\",\"potentialAction\":[{\"@type\":\"SearchAction\",\"target\":{\"@type\":\"EntryPoint\",\"urlTemplate\":\"https:\\\/\\\/walkingmum.com\\\/?s={search_term_string}\"},\"query-input\":{\"@type\":\"PropertyValueSpecification\",\"valueRequired\":true,\"valueName\":\"search_term_string\"}}],\"inLanguage\":\"fr-FR\"}]}<\/script>\n<!-- \/ Yoast SEO plugin. -->","yoast_head_json":{"title":"ASSISE POUSSETTE I LOVE VICHY ROSE CARR\u00c9 - Walking Mum","robots":{"index":"index","follow":"follow","max-snippet":"max-snippet:-1","max-image-preview":"max-image-preview:large","max-video-preview":"max-video-preview:-1"},"canonical":"https:\/\/walkingmum.com\/fr\/produit\/assise-poussette-i-love-vichy-rose-carre\/","og_locale":"fr_FR","og_type":"article","og_title":"ASSISE POUSSETTE I LOVE VICHY ROSE CARR\u00c9 - Walking Mum","og_description":"Le coussin de poussette I Love Vichy rose est la housse id\u00e9ale pour prot\u00e9ger le si\u00e8ge de votre b\u00e9b\u00e9 pendant l&rsquo;\u00e9t\u00e9, pr\u00e9venant les irritations et les \u00e9chauffements tout en pr\u00e9servant l&rsquo;originalit\u00e9 de la garniture. Fabriqu\u00e9 dans un mat\u00e9riau respirant, il aide \u00e0 pr\u00e9venir la transpiration excessive et maintient la poussette confortable lors des promenades. Sa [&hellip;]","og_url":"https:\/\/walkingmum.com\/fr\/produit\/assise-poussette-i-love-vichy-rose-carre\/","og_site_name":"Walking Mum","article_modified_time":"2024-02-28T14:50:32+00:00","og_image":[{"width":1200,"height":1200,"url":"https:\/\/walkingmum.com\/wp-content\/uploads\/2024\/02\/1120800315_a.jpg","type":"image\/jpeg"}],"twitter_card":"summary_large_image","twitter_misc":{"Dur\u00e9e de lecture estim\u00e9e":"1 minute"},"schema":{"@context":"https:\/\/schema.org","@graph":[{"@type":"WebPage","@id":"https:\/\/walkingmum.com\/fr\/produit\/assise-poussette-i-love-vichy-rose-carre\/","url":"https:\/\/walkingmum.com\/fr\/produit\/assise-poussette-i-love-vichy-rose-carre\/","name":"ASSISE POUSSETTE I LOVE VICHY ROSE CARR\u00c9 - Walking Mum","isPartOf":{"@id":"https:\/\/walkingmum.com\/#website"},"primaryImageOfPage":{"@id":"https:\/\/walkingmum.com\/fr\/produit\/assise-poussette-i-love-vichy-rose-carre\/#primaryimage"},"image":{"@id":"https:\/\/walkingmum.com\/fr\/produit\/assise-poussette-i-love-vichy-rose-carre\/#primaryimage"},"thumbnailUrl":"https:\/\/walkingmum.com\/wp-content\/uploads\/2024\/02\/1120800315_a.jpg","datePublished":"2024-02-28T14:50:31+00:00","dateModified":"2024-02-28T14:50:32+00:00","breadcrumb":{"@id":"https:\/\/walkingmum.com\/fr\/produit\/assise-poussette-i-love-vichy-rose-carre\/#breadcrumb"},"inLanguage":"fr-FR","potentialAction":[{"@type":"ReadAction","target":["https:\/\/walkingmum.com\/fr\/produit\/assise-poussette-i-love-vichy-rose-carre\/"]}]},{"@type":"ImageObject","inLanguage":"fr-FR","@id":"https:\/\/walkingmum.com\/fr\/produit\/assise-poussette-i-love-vichy-rose-carre\/#primaryimage","url":"https:\/\/walkingmum.com\/wp-content\/uploads\/2024\/02\/1120800315_a.jpg","contentUrl":"https:\/\/walkingmum.com\/wp-content\/uploads\/2024\/02\/1120800315_a.jpg","width":1200,"height":1200},{"@type":"BreadcrumbList","@id":"https:\/\/walkingmum.com\/fr\/produit\/assise-poussette-i-love-vichy-rose-carre\/#breadcrumb","itemListElement":[{"@type":"ListItem","position":1,"name":"Portada","item":"https:\/\/walkingmum.com\/fr\/"},{"@type":"ListItem","position":2,"name":"Tienda","item":"https:\/\/walkingmum.com\/tienda\/"},{"@type":"ListItem","position":3,"name":"ASSISE POUSSETTE I LOVE VICHY ROSE CARR\u00c9"}]},{"@type":"WebSite","@id":"https:\/\/walkingmum.com\/#website","url":"https:\/\/walkingmum.com\/","name":"Walking Mum","description":"La marca para beb\u00e9s modernos","potentialAction":[{"@type":"SearchAction","target":{"@type":"EntryPoint","urlTemplate":"https:\/\/walkingmum.com\/?s={search_term_string}"},"query-input":{"@type":"PropertyValueSpecification","valueRequired":true,"valueName":"search_term_string"}}],"inLanguage":"fr-FR"}]}},"_links":{"self":[{"href":"https:\/\/walkingmum.com\/fr\/wp-json\/wp\/v2\/product\/26131","targetHints":{"allow":["GET"]}}],"collection":[{"href":"https:\/\/walkingmum.com\/fr\/wp-json\/wp\/v2\/product"}],"about":[{"href":"https:\/\/walkingmum.com\/fr\/wp-json\/wp\/v2\/types\/product"}],"replies":[{"embeddable":true,"href":"https:\/\/walkingmum.com\/fr\/wp-json\/wp\/v2\/comments?post=26131"}],"wp:featuredmedia":[{"embeddable":true,"href":"https:\/\/walkingmum.com\/fr\/wp-json\/wp\/v2\/media\/25399"}],"wp:attachment":[{"href":"https:\/\/walkingmum.com\/fr\/wp-json\/wp\/v2\/media?parent=26131"}],"wp:term":[{"taxonomy":"colecciones","embeddable":true,"href":"https:\/\/walkingmum.com\/fr\/wp-json\/wp\/v2\/colecciones?post=26131"},{"taxonomy":"product_brand","embeddable":true,"href":"https:\/\/walkingmum.com\/fr\/wp-json\/wp\/v2\/product_brand?post=26131"},{"taxonomy":"product_cat","embeddable":true,"href":"https:\/\/walkingmum.com\/fr\/wp-json\/wp\/v2\/product_cat?post=26131"},{"taxonomy":"product_tag","embeddable":true,"href":"https:\/\/walkingmum.com\/fr\/wp-json\/wp\/v2\/product_tag?post=26131"}],"curies":[{"name":"wp","href":"https:\/\/api.w.org\/{rel}","templated":true}]}}