{"id":26122,"date":"2024-02-28T14:46:07","date_gmt":"2024-02-28T14:46:07","guid":{"rendered":"https:\/\/walkingmum.com\/?post_type=product&#038;p=26122"},"modified":"2024-02-28T14:46:08","modified_gmt":"2024-02-28T14:46:08","slug":"nid-dange-chanceliere-siege-auto-groupe-0-ete-sabana","status":"publish","type":"product","link":"https:\/\/walkingmum.com\/fr\/produit\/nid-dange-chanceliere-siege-auto-groupe-0-ete-sabana\/","title":{"rendered":"NID D&rsquo;ANGE \/ CHANCELIERE SIEGE AUTO GROUPE 0 \u00c9T\u00c9 SABANA"},"content":{"rendered":"<p>La couverture pour poussette Sabana avec sac est id\u00e9ale pour les nacelles et les si\u00e8ges d&rsquo;auto. Elle poss\u00e8de un int\u00e9rieur doux en mousseline de coton 100%. Elle comporte plusieurs ouvertures (\u009cillets) et ajustements pour s&rsquo;adapter \u00e0 la plupart des si\u00e8ges d&rsquo;auto. Avec ce sac, votre b\u00e9b\u00e9 sera \u00e0 l&rsquo;aise pendant les mois de printemps et d&rsquo;automne. Le dos est dot\u00e9 d&rsquo;un mat\u00e9riau anti-transpiration qui emp\u00eache la transpiration excessive du b\u00e9b\u00e9 et prot\u00e8ge le si\u00e8ge, rendant le trajet plus confortable. Vous pouvez le d\u00e9placer de la poussette au berceau sans perturber les doux r\u00eaves de votre b\u00e9b\u00e9. Le rembourrage est amovible. Haute qualit\u00e9 et beaucoup de style. Fabriqu\u00e9e \u00e0 partir de mat\u00e9riaux durables faciles \u00e0 nettoyer \u00e0 la main ou en machine \u00e0 laver \u00e0 30\u00b0C. Walking Mum prot\u00e8ge votre b\u00e9b\u00e9 en utilisant les meilleurs tissus, exempts de colorants azo\u00efques et de substances nocives. Notre collection Walking Mum conserve toute la qualit\u00e9 de la marque Pasito a Pasito, mais avec un style urbain et moderne distinctif qui se d\u00e9marque, ajoutant une touche unique aux sorties de votre b\u00e9b\u00e9. Les accessoires de cette ligne sont plus sportifs et plus pratiques, sp\u00e9cialement con\u00e7us pour les mamans et les papas modernes qui appr\u00e9cient les derni\u00e8res tendances sans compromettre la qualit\u00e9 et la fonctionnalit\u00e9 des accessoires qui rendent toutes les sorties avec leur b\u00e9b\u00e9 plus confortables. Mesures : 40 x 80 cm.<\/p>\n","protected":false},"excerpt":{"rendered":"<p>La couverture pour poussette Sabana avec sac est id\u00e9ale pour les nacelles et les si\u00e8ges d&rsquo;auto. Elle poss\u00e8de un int\u00e9rieur doux en mousseline de coton 100%. Elle comporte plusieurs ouvertures (\u009cillets) et ajustements pour s&rsquo;adapter \u00e0 la plupart des si\u00e8ges d&rsquo;auto. Avec ce sac, votre b\u00e9b\u00e9 sera \u00e0 l&rsquo;aise pendant les mois de printemps et [&hellip;]<\/p>\n","protected":false},"featured_media":25214,"comment_status":"closed","ping_status":"closed","template":"","meta":{"_acf_changed":false,"inline_featured_image":false},"colecciones":[],"product_brand":[],"product_cat":[268],"product_tag":[],"class_list":{"0":"post-26122","1":"product","2":"type-product","3":"status-publish","4":"has-post-thumbnail","6":"product_cat-special-prices-fr","8":"first","9":"instock","10":"purchasable","11":"product-type-simple"},"acf":[],"yoast_head":"<!-- This site is optimized with the Yoast SEO plugin v27.4 - https:\/\/yoast.com\/product\/yoast-seo-wordpress\/ -->\n<title>NID D&#039;ANGE \/ CHANCELIERE SIEGE AUTO GROUPE 0 \u00c9T\u00c9 SABANA - Walking Mum<\/title>\n<meta name=\"robots\" content=\"index, follow, max-snippet:-1, max-image-preview:large, max-video-preview:-1\" \/>\n<link rel=\"canonical\" href=\"https:\/\/walkingmum.com\/produit\/saco-cuco-2-en-1-sabana-entretiempo\/\" \/>\n<meta property=\"og:locale\" content=\"fr_FR\" \/>\n<meta property=\"og:type\" content=\"article\" \/>\n<meta property=\"og:title\" content=\"NID D&#039;ANGE \/ CHANCELIERE SIEGE AUTO GROUPE 0 \u00c9T\u00c9 SABANA - Walking Mum\" \/>\n<meta property=\"og:description\" content=\"La couverture pour poussette Sabana avec sac est id\u00e9ale pour les nacelles et les si\u00e8ges d&rsquo;auto. Elle poss\u00e8de un int\u00e9rieur doux en mousseline de coton 100%. Elle comporte plusieurs ouvertures (\u009cillets) et ajustements pour s&rsquo;adapter \u00e0 la plupart des si\u00e8ges d&rsquo;auto. Avec ce sac, votre b\u00e9b\u00e9 sera \u00e0 l&rsquo;aise pendant les mois de printemps et [&hellip;]\" \/>\n<meta property=\"og:url\" content=\"https:\/\/walkingmum.com\/produit\/saco-cuco-2-en-1-sabana-entretiempo\/\" \/>\n<meta property=\"og:site_name\" content=\"Walking Mum\" \/>\n<meta property=\"article:modified_time\" content=\"2024-02-28T14:46:08+00:00\" \/>\n<meta property=\"og:image\" content=\"https:\/\/walkingmum.com\/wp-content\/uploads\/2024\/02\/1120800290_a.jpg\" \/>\n\t<meta property=\"og:image:width\" content=\"1200\" \/>\n\t<meta property=\"og:image:height\" content=\"1200\" \/>\n\t<meta property=\"og:image:type\" content=\"image\/jpeg\" \/>\n<meta name=\"twitter:card\" content=\"summary_large_image\" \/>\n<meta name=\"twitter:label1\" content=\"Dur\u00e9e de lecture estim\u00e9e\" \/>\n\t<meta name=\"twitter:data1\" content=\"1 minute\" \/>\n<script type=\"application\/ld+json\" class=\"yoast-schema-graph\">{\"@context\":\"https:\\\/\\\/schema.org\",\"@graph\":[{\"@type\":\"WebPage\",\"@id\":\"https:\\\/\\\/walkingmum.com\\\/produit\\\/saco-cuco-2-en-1-sabana-entretiempo\\\/\",\"url\":\"https:\\\/\\\/walkingmum.com\\\/produit\\\/saco-cuco-2-en-1-sabana-entretiempo\\\/\",\"name\":\"NID D'ANGE \\\/ CHANCELIERE SIEGE AUTO GROUPE 0 \u00c9T\u00c9 SABANA - Walking Mum\",\"isPartOf\":{\"@id\":\"https:\\\/\\\/walkingmum.com\\\/#website\"},\"primaryImageOfPage\":{\"@id\":\"https:\\\/\\\/walkingmum.com\\\/produit\\\/saco-cuco-2-en-1-sabana-entretiempo\\\/#primaryimage\"},\"image\":{\"@id\":\"https:\\\/\\\/walkingmum.com\\\/produit\\\/saco-cuco-2-en-1-sabana-entretiempo\\\/#primaryimage\"},\"thumbnailUrl\":\"https:\\\/\\\/walkingmum.com\\\/wp-content\\\/uploads\\\/2024\\\/02\\\/1120800290_a.jpg\",\"datePublished\":\"2024-02-28T14:46:07+00:00\",\"dateModified\":\"2024-02-28T14:46:08+00:00\",\"breadcrumb\":{\"@id\":\"https:\\\/\\\/walkingmum.com\\\/produit\\\/saco-cuco-2-en-1-sabana-entretiempo\\\/#breadcrumb\"},\"inLanguage\":\"fr-FR\",\"potentialAction\":[{\"@type\":\"ReadAction\",\"target\":[\"https:\\\/\\\/walkingmum.com\\\/produit\\\/saco-cuco-2-en-1-sabana-entretiempo\\\/\"]}]},{\"@type\":\"ImageObject\",\"inLanguage\":\"fr-FR\",\"@id\":\"https:\\\/\\\/walkingmum.com\\\/produit\\\/saco-cuco-2-en-1-sabana-entretiempo\\\/#primaryimage\",\"url\":\"https:\\\/\\\/walkingmum.com\\\/wp-content\\\/uploads\\\/2024\\\/02\\\/1120800290_a.jpg\",\"contentUrl\":\"https:\\\/\\\/walkingmum.com\\\/wp-content\\\/uploads\\\/2024\\\/02\\\/1120800290_a.jpg\",\"width\":1200,\"height\":1200},{\"@type\":\"BreadcrumbList\",\"@id\":\"https:\\\/\\\/walkingmum.com\\\/produit\\\/saco-cuco-2-en-1-sabana-entretiempo\\\/#breadcrumb\",\"itemListElement\":[{\"@type\":\"ListItem\",\"position\":1,\"name\":\"Portada\",\"item\":\"https:\\\/\\\/walkingmum.com\\\/fr\\\/\"},{\"@type\":\"ListItem\",\"position\":2,\"name\":\"Tienda\",\"item\":\"https:\\\/\\\/walkingmum.com\\\/tienda\\\/\"},{\"@type\":\"ListItem\",\"position\":3,\"name\":\"NID D&#8217;ANGE \\\/ CHANCELIERE SIEGE AUTO GROUPE 0 \u00c9T\u00c9 SABANA\"}]},{\"@type\":\"WebSite\",\"@id\":\"https:\\\/\\\/walkingmum.com\\\/#website\",\"url\":\"https:\\\/\\\/walkingmum.com\\\/\",\"name\":\"Walking Mum\",\"description\":\"La marca para beb\u00e9s modernos\",\"potentialAction\":[{\"@type\":\"SearchAction\",\"target\":{\"@type\":\"EntryPoint\",\"urlTemplate\":\"https:\\\/\\\/walkingmum.com\\\/?s={search_term_string}\"},\"query-input\":{\"@type\":\"PropertyValueSpecification\",\"valueRequired\":true,\"valueName\":\"search_term_string\"}}],\"inLanguage\":\"fr-FR\"}]}<\/script>\n<!-- \/ Yoast SEO plugin. -->","yoast_head_json":{"title":"NID D'ANGE \/ CHANCELIERE SIEGE AUTO GROUPE 0 \u00c9T\u00c9 SABANA - Walking Mum","robots":{"index":"index","follow":"follow","max-snippet":"max-snippet:-1","max-image-preview":"max-image-preview:large","max-video-preview":"max-video-preview:-1"},"canonical":"https:\/\/walkingmum.com\/produit\/saco-cuco-2-en-1-sabana-entretiempo\/","og_locale":"fr_FR","og_type":"article","og_title":"NID D'ANGE \/ CHANCELIERE SIEGE AUTO GROUPE 0 \u00c9T\u00c9 SABANA - Walking Mum","og_description":"La couverture pour poussette Sabana avec sac est id\u00e9ale pour les nacelles et les si\u00e8ges d&rsquo;auto. Elle poss\u00e8de un int\u00e9rieur doux en mousseline de coton 100%. Elle comporte plusieurs ouvertures (\u009cillets) et ajustements pour s&rsquo;adapter \u00e0 la plupart des si\u00e8ges d&rsquo;auto. Avec ce sac, votre b\u00e9b\u00e9 sera \u00e0 l&rsquo;aise pendant les mois de printemps et [&hellip;]","og_url":"https:\/\/walkingmum.com\/produit\/saco-cuco-2-en-1-sabana-entretiempo\/","og_site_name":"Walking Mum","article_modified_time":"2024-02-28T14:46:08+00:00","og_image":[{"width":1200,"height":1200,"url":"https:\/\/walkingmum.com\/wp-content\/uploads\/2024\/02\/1120800290_a.jpg","type":"image\/jpeg"}],"twitter_card":"summary_large_image","twitter_misc":{"Dur\u00e9e de lecture estim\u00e9e":"1 minute"},"schema":{"@context":"https:\/\/schema.org","@graph":[{"@type":"WebPage","@id":"https:\/\/walkingmum.com\/produit\/saco-cuco-2-en-1-sabana-entretiempo\/","url":"https:\/\/walkingmum.com\/produit\/saco-cuco-2-en-1-sabana-entretiempo\/","name":"NID D'ANGE \/ CHANCELIERE SIEGE AUTO GROUPE 0 \u00c9T\u00c9 SABANA - Walking Mum","isPartOf":{"@id":"https:\/\/walkingmum.com\/#website"},"primaryImageOfPage":{"@id":"https:\/\/walkingmum.com\/produit\/saco-cuco-2-en-1-sabana-entretiempo\/#primaryimage"},"image":{"@id":"https:\/\/walkingmum.com\/produit\/saco-cuco-2-en-1-sabana-entretiempo\/#primaryimage"},"thumbnailUrl":"https:\/\/walkingmum.com\/wp-content\/uploads\/2024\/02\/1120800290_a.jpg","datePublished":"2024-02-28T14:46:07+00:00","dateModified":"2024-02-28T14:46:08+00:00","breadcrumb":{"@id":"https:\/\/walkingmum.com\/produit\/saco-cuco-2-en-1-sabana-entretiempo\/#breadcrumb"},"inLanguage":"fr-FR","potentialAction":[{"@type":"ReadAction","target":["https:\/\/walkingmum.com\/produit\/saco-cuco-2-en-1-sabana-entretiempo\/"]}]},{"@type":"ImageObject","inLanguage":"fr-FR","@id":"https:\/\/walkingmum.com\/produit\/saco-cuco-2-en-1-sabana-entretiempo\/#primaryimage","url":"https:\/\/walkingmum.com\/wp-content\/uploads\/2024\/02\/1120800290_a.jpg","contentUrl":"https:\/\/walkingmum.com\/wp-content\/uploads\/2024\/02\/1120800290_a.jpg","width":1200,"height":1200},{"@type":"BreadcrumbList","@id":"https:\/\/walkingmum.com\/produit\/saco-cuco-2-en-1-sabana-entretiempo\/#breadcrumb","itemListElement":[{"@type":"ListItem","position":1,"name":"Portada","item":"https:\/\/walkingmum.com\/fr\/"},{"@type":"ListItem","position":2,"name":"Tienda","item":"https:\/\/walkingmum.com\/tienda\/"},{"@type":"ListItem","position":3,"name":"NID D&#8217;ANGE \/ CHANCELIERE SIEGE AUTO GROUPE 0 \u00c9T\u00c9 SABANA"}]},{"@type":"WebSite","@id":"https:\/\/walkingmum.com\/#website","url":"https:\/\/walkingmum.com\/","name":"Walking Mum","description":"La marca para beb\u00e9s modernos","potentialAction":[{"@type":"SearchAction","target":{"@type":"EntryPoint","urlTemplate":"https:\/\/walkingmum.com\/?s={search_term_string}"},"query-input":{"@type":"PropertyValueSpecification","valueRequired":true,"valueName":"search_term_string"}}],"inLanguage":"fr-FR"}]}},"_links":{"self":[{"href":"https:\/\/walkingmum.com\/fr\/wp-json\/wp\/v2\/product\/26122","targetHints":{"allow":["GET"]}}],"collection":[{"href":"https:\/\/walkingmum.com\/fr\/wp-json\/wp\/v2\/product"}],"about":[{"href":"https:\/\/walkingmum.com\/fr\/wp-json\/wp\/v2\/types\/product"}],"replies":[{"embeddable":true,"href":"https:\/\/walkingmum.com\/fr\/wp-json\/wp\/v2\/comments?post=26122"}],"wp:featuredmedia":[{"embeddable":true,"href":"https:\/\/walkingmum.com\/fr\/wp-json\/wp\/v2\/media\/25214"}],"wp:attachment":[{"href":"https:\/\/walkingmum.com\/fr\/wp-json\/wp\/v2\/media?parent=26122"}],"wp:term":[{"taxonomy":"colecciones","embeddable":true,"href":"https:\/\/walkingmum.com\/fr\/wp-json\/wp\/v2\/colecciones?post=26122"},{"taxonomy":"product_brand","embeddable":true,"href":"https:\/\/walkingmum.com\/fr\/wp-json\/wp\/v2\/product_brand?post=26122"},{"taxonomy":"product_cat","embeddable":true,"href":"https:\/\/walkingmum.com\/fr\/wp-json\/wp\/v2\/product_cat?post=26122"},{"taxonomy":"product_tag","embeddable":true,"href":"https:\/\/walkingmum.com\/fr\/wp-json\/wp\/v2\/product_tag?post=26122"}],"curies":[{"name":"wp","href":"https:\/\/api.w.org\/{rel}","templated":true}]}}