{"id":26120,"date":"2024-02-28T07:59:08","date_gmt":"2024-02-28T07:59:08","guid":{"rendered":"https:\/\/walkingmum.com\/?post_type=product&#038;p=26120"},"modified":"2024-02-28T09:16:22","modified_gmt":"2024-02-28T09:16:22","slug":"couverture-mousseline-eco-mum-apricot","status":"publish","type":"product","link":"https:\/\/walkingmum.com\/fr\/produit\/couverture-mousseline-eco-mum-apricot\/","title":{"rendered":"COUVERTURE\/MOUSSELINE ECO MUM APRICOT"},"content":{"rendered":"<p>La couverture en mousseline Eco Mum Apricot est confectionn\u00e9e avec une doublure douce en mousseline de coton \u00e0 100% et un tissu ext\u00e9rieur en coton recycl\u00e9 \u00e0 100%. Elle est parfaite pour envelopper votre b\u00e9b\u00e9 \u00e0 la maison et en d\u00e9placement. De haute qualit\u00e9 et plein de style. Fabriqu\u00e9e \u00e0 partir de mat\u00e9riaux durables et facile \u00e0 nettoyer \u00e0 la main ou en machine \u00e0 30\u00b0C. Walking Mum prot\u00e8ge votre b\u00e9b\u00e9 en utilisant les meilleurs tissus, exempts de colorants azo\u00efques et de substances nocives pour la sant\u00e9. Notre collection Walking Mum est con\u00e7ue avec une touche urbaine et moderne particuli\u00e8re qui ne passe pas inaper\u00e7ue, pour habiller diff\u00e9remment vos promenades avec votre b\u00e9b\u00e9. Les accessoires de maternit\u00e9 de cette ligne sont plus sportifs et pratiques, sp\u00e9cialement con\u00e7us pour les mamans et les papas modernes qui appr\u00e9cient les designs les plus r\u00e9cents et tendances sans n\u00e9gliger la qualit\u00e9 et la fonctionnalit\u00e9 des produits qui rendent toutes les promenades avec leur b\u00e9b\u00e9 plus confortables. Sp\u00e9cifications : Mat\u00e9riaux : 100% coton. Dimensions : 72&#215;72 cm.<\/p>\n","protected":false},"excerpt":{"rendered":"<p>La couverture en mousseline Eco Mum Apricot est confectionn\u00e9e avec une doublure douce en mousseline de coton \u00e0 100% et un tissu ext\u00e9rieur en coton recycl\u00e9 \u00e0 100%. Elle est parfaite pour envelopper votre b\u00e9b\u00e9 \u00e0 la maison et en d\u00e9placement. De haute qualit\u00e9 et plein de style. Fabriqu\u00e9e \u00e0 partir de mat\u00e9riaux durables et [&hellip;]<\/p>\n","protected":false},"featured_media":25180,"comment_status":"closed","ping_status":"closed","template":"","meta":{"_acf_changed":false,"inline_featured_image":false},"colecciones":[],"product_brand":[],"product_cat":[268],"product_tag":[],"class_list":{"0":"post-26120","1":"product","2":"type-product","3":"status-publish","4":"has-post-thumbnail","6":"product_cat-special-prices-fr","8":"first","9":"instock","10":"purchasable","11":"product-type-simple"},"acf":[],"yoast_head":"<!-- This site is optimized with the Yoast SEO plugin v27.4 - https:\/\/yoast.com\/product\/yoast-seo-wordpress\/ -->\n<title>COUVERTURE\/MOUSSELINE ECO MUM APRICOT - Walking Mum<\/title>\n<meta name=\"robots\" content=\"index, follow, max-snippet:-1, max-image-preview:large, max-video-preview:-1\" \/>\n<link rel=\"canonical\" href=\"https:\/\/walkingmum.com\/produit\/manta-muselina-eco-mum-apricot\/\" \/>\n<meta property=\"og:locale\" content=\"fr_FR\" \/>\n<meta property=\"og:type\" content=\"article\" \/>\n<meta property=\"og:title\" content=\"COUVERTURE\/MOUSSELINE ECO MUM APRICOT - Walking Mum\" \/>\n<meta property=\"og:description\" content=\"La couverture en mousseline Eco Mum Apricot est confectionn\u00e9e avec une doublure douce en mousseline de coton \u00e0 100% et un tissu ext\u00e9rieur en coton recycl\u00e9 \u00e0 100%. Elle est parfaite pour envelopper votre b\u00e9b\u00e9 \u00e0 la maison et en d\u00e9placement. De haute qualit\u00e9 et plein de style. Fabriqu\u00e9e \u00e0 partir de mat\u00e9riaux durables et [&hellip;]\" \/>\n<meta property=\"og:url\" content=\"https:\/\/walkingmum.com\/produit\/manta-muselina-eco-mum-apricot\/\" \/>\n<meta property=\"og:site_name\" content=\"Walking Mum\" \/>\n<meta property=\"article:modified_time\" content=\"2024-02-28T09:16:22+00:00\" \/>\n<meta property=\"og:image\" content=\"https:\/\/walkingmum.com\/wp-content\/uploads\/2024\/02\/1120800367_a.jpg\" \/>\n\t<meta property=\"og:image:width\" content=\"1200\" \/>\n\t<meta property=\"og:image:height\" content=\"1200\" \/>\n\t<meta property=\"og:image:type\" content=\"image\/jpeg\" \/>\n<meta name=\"twitter:card\" content=\"summary_large_image\" \/>\n<meta name=\"twitter:label1\" content=\"Dur\u00e9e de lecture estim\u00e9e\" \/>\n\t<meta name=\"twitter:data1\" content=\"1 minute\" \/>\n<script type=\"application\/ld+json\" class=\"yoast-schema-graph\">{\"@context\":\"https:\\\/\\\/schema.org\",\"@graph\":[{\"@type\":\"WebPage\",\"@id\":\"https:\\\/\\\/walkingmum.com\\\/produit\\\/manta-muselina-eco-mum-apricot\\\/\",\"url\":\"https:\\\/\\\/walkingmum.com\\\/produit\\\/manta-muselina-eco-mum-apricot\\\/\",\"name\":\"COUVERTURE\\\/MOUSSELINE ECO MUM APRICOT - Walking Mum\",\"isPartOf\":{\"@id\":\"https:\\\/\\\/walkingmum.com\\\/#website\"},\"primaryImageOfPage\":{\"@id\":\"https:\\\/\\\/walkingmum.com\\\/produit\\\/manta-muselina-eco-mum-apricot\\\/#primaryimage\"},\"image\":{\"@id\":\"https:\\\/\\\/walkingmum.com\\\/produit\\\/manta-muselina-eco-mum-apricot\\\/#primaryimage\"},\"thumbnailUrl\":\"https:\\\/\\\/walkingmum.com\\\/wp-content\\\/uploads\\\/2024\\\/02\\\/1120800367_a.jpg\",\"datePublished\":\"2024-02-28T07:59:08+00:00\",\"dateModified\":\"2024-02-28T09:16:22+00:00\",\"breadcrumb\":{\"@id\":\"https:\\\/\\\/walkingmum.com\\\/produit\\\/manta-muselina-eco-mum-apricot\\\/#breadcrumb\"},\"inLanguage\":\"fr-FR\",\"potentialAction\":[{\"@type\":\"ReadAction\",\"target\":[\"https:\\\/\\\/walkingmum.com\\\/produit\\\/manta-muselina-eco-mum-apricot\\\/\"]}]},{\"@type\":\"ImageObject\",\"inLanguage\":\"fr-FR\",\"@id\":\"https:\\\/\\\/walkingmum.com\\\/produit\\\/manta-muselina-eco-mum-apricot\\\/#primaryimage\",\"url\":\"https:\\\/\\\/walkingmum.com\\\/wp-content\\\/uploads\\\/2024\\\/02\\\/1120800367_a.jpg\",\"contentUrl\":\"https:\\\/\\\/walkingmum.com\\\/wp-content\\\/uploads\\\/2024\\\/02\\\/1120800367_a.jpg\",\"width\":1200,\"height\":1200},{\"@type\":\"BreadcrumbList\",\"@id\":\"https:\\\/\\\/walkingmum.com\\\/produit\\\/manta-muselina-eco-mum-apricot\\\/#breadcrumb\",\"itemListElement\":[{\"@type\":\"ListItem\",\"position\":1,\"name\":\"Portada\",\"item\":\"https:\\\/\\\/walkingmum.com\\\/fr\\\/\"},{\"@type\":\"ListItem\",\"position\":2,\"name\":\"Tienda\",\"item\":\"https:\\\/\\\/walkingmum.com\\\/tienda\\\/\"},{\"@type\":\"ListItem\",\"position\":3,\"name\":\"COUVERTURE\\\/MOUSSELINE ECO MUM APRICOT\"}]},{\"@type\":\"WebSite\",\"@id\":\"https:\\\/\\\/walkingmum.com\\\/#website\",\"url\":\"https:\\\/\\\/walkingmum.com\\\/\",\"name\":\"Walking Mum\",\"description\":\"La marca para beb\u00e9s modernos\",\"potentialAction\":[{\"@type\":\"SearchAction\",\"target\":{\"@type\":\"EntryPoint\",\"urlTemplate\":\"https:\\\/\\\/walkingmum.com\\\/?s={search_term_string}\"},\"query-input\":{\"@type\":\"PropertyValueSpecification\",\"valueRequired\":true,\"valueName\":\"search_term_string\"}}],\"inLanguage\":\"fr-FR\"}]}<\/script>\n<!-- \/ Yoast SEO plugin. -->","yoast_head_json":{"title":"COUVERTURE\/MOUSSELINE ECO MUM APRICOT - Walking Mum","robots":{"index":"index","follow":"follow","max-snippet":"max-snippet:-1","max-image-preview":"max-image-preview:large","max-video-preview":"max-video-preview:-1"},"canonical":"https:\/\/walkingmum.com\/produit\/manta-muselina-eco-mum-apricot\/","og_locale":"fr_FR","og_type":"article","og_title":"COUVERTURE\/MOUSSELINE ECO MUM APRICOT - Walking Mum","og_description":"La couverture en mousseline Eco Mum Apricot est confectionn\u00e9e avec une doublure douce en mousseline de coton \u00e0 100% et un tissu ext\u00e9rieur en coton recycl\u00e9 \u00e0 100%. Elle est parfaite pour envelopper votre b\u00e9b\u00e9 \u00e0 la maison et en d\u00e9placement. De haute qualit\u00e9 et plein de style. Fabriqu\u00e9e \u00e0 partir de mat\u00e9riaux durables et [&hellip;]","og_url":"https:\/\/walkingmum.com\/produit\/manta-muselina-eco-mum-apricot\/","og_site_name":"Walking Mum","article_modified_time":"2024-02-28T09:16:22+00:00","og_image":[{"width":1200,"height":1200,"url":"https:\/\/walkingmum.com\/wp-content\/uploads\/2024\/02\/1120800367_a.jpg","type":"image\/jpeg"}],"twitter_card":"summary_large_image","twitter_misc":{"Dur\u00e9e de lecture estim\u00e9e":"1 minute"},"schema":{"@context":"https:\/\/schema.org","@graph":[{"@type":"WebPage","@id":"https:\/\/walkingmum.com\/produit\/manta-muselina-eco-mum-apricot\/","url":"https:\/\/walkingmum.com\/produit\/manta-muselina-eco-mum-apricot\/","name":"COUVERTURE\/MOUSSELINE ECO MUM APRICOT - Walking Mum","isPartOf":{"@id":"https:\/\/walkingmum.com\/#website"},"primaryImageOfPage":{"@id":"https:\/\/walkingmum.com\/produit\/manta-muselina-eco-mum-apricot\/#primaryimage"},"image":{"@id":"https:\/\/walkingmum.com\/produit\/manta-muselina-eco-mum-apricot\/#primaryimage"},"thumbnailUrl":"https:\/\/walkingmum.com\/wp-content\/uploads\/2024\/02\/1120800367_a.jpg","datePublished":"2024-02-28T07:59:08+00:00","dateModified":"2024-02-28T09:16:22+00:00","breadcrumb":{"@id":"https:\/\/walkingmum.com\/produit\/manta-muselina-eco-mum-apricot\/#breadcrumb"},"inLanguage":"fr-FR","potentialAction":[{"@type":"ReadAction","target":["https:\/\/walkingmum.com\/produit\/manta-muselina-eco-mum-apricot\/"]}]},{"@type":"ImageObject","inLanguage":"fr-FR","@id":"https:\/\/walkingmum.com\/produit\/manta-muselina-eco-mum-apricot\/#primaryimage","url":"https:\/\/walkingmum.com\/wp-content\/uploads\/2024\/02\/1120800367_a.jpg","contentUrl":"https:\/\/walkingmum.com\/wp-content\/uploads\/2024\/02\/1120800367_a.jpg","width":1200,"height":1200},{"@type":"BreadcrumbList","@id":"https:\/\/walkingmum.com\/produit\/manta-muselina-eco-mum-apricot\/#breadcrumb","itemListElement":[{"@type":"ListItem","position":1,"name":"Portada","item":"https:\/\/walkingmum.com\/fr\/"},{"@type":"ListItem","position":2,"name":"Tienda","item":"https:\/\/walkingmum.com\/tienda\/"},{"@type":"ListItem","position":3,"name":"COUVERTURE\/MOUSSELINE ECO MUM APRICOT"}]},{"@type":"WebSite","@id":"https:\/\/walkingmum.com\/#website","url":"https:\/\/walkingmum.com\/","name":"Walking Mum","description":"La marca para beb\u00e9s modernos","potentialAction":[{"@type":"SearchAction","target":{"@type":"EntryPoint","urlTemplate":"https:\/\/walkingmum.com\/?s={search_term_string}"},"query-input":{"@type":"PropertyValueSpecification","valueRequired":true,"valueName":"search_term_string"}}],"inLanguage":"fr-FR"}]}},"_links":{"self":[{"href":"https:\/\/walkingmum.com\/fr\/wp-json\/wp\/v2\/product\/26120","targetHints":{"allow":["GET"]}}],"collection":[{"href":"https:\/\/walkingmum.com\/fr\/wp-json\/wp\/v2\/product"}],"about":[{"href":"https:\/\/walkingmum.com\/fr\/wp-json\/wp\/v2\/types\/product"}],"replies":[{"embeddable":true,"href":"https:\/\/walkingmum.com\/fr\/wp-json\/wp\/v2\/comments?post=26120"}],"wp:featuredmedia":[{"embeddable":true,"href":"https:\/\/walkingmum.com\/fr\/wp-json\/wp\/v2\/media\/25180"}],"wp:attachment":[{"href":"https:\/\/walkingmum.com\/fr\/wp-json\/wp\/v2\/media?parent=26120"}],"wp:term":[{"taxonomy":"colecciones","embeddable":true,"href":"https:\/\/walkingmum.com\/fr\/wp-json\/wp\/v2\/colecciones?post=26120"},{"taxonomy":"product_brand","embeddable":true,"href":"https:\/\/walkingmum.com\/fr\/wp-json\/wp\/v2\/product_brand?post=26120"},{"taxonomy":"product_cat","embeddable":true,"href":"https:\/\/walkingmum.com\/fr\/wp-json\/wp\/v2\/product_cat?post=26120"},{"taxonomy":"product_tag","embeddable":true,"href":"https:\/\/walkingmum.com\/fr\/wp-json\/wp\/v2\/product_tag?post=26120"}],"curies":[{"name":"wp","href":"https:\/\/api.w.org\/{rel}","templated":true}]}}