{"id":26119,"date":"2024-02-28T07:59:12","date_gmt":"2024-02-28T07:59:12","guid":{"rendered":"https:\/\/walkingmum.com\/?post_type=product&#038;p=26119"},"modified":"2024-02-28T09:16:22","modified_gmt":"2024-02-28T09:16:22","slug":"assise-poussette-eco-mum-cloud","status":"publish","type":"product","link":"https:\/\/walkingmum.com\/fr\/produit\/assise-poussette-eco-mum-cloud\/","title":{"rendered":"ASSISE POUSSETTE ECO MUM CLOUD"},"content":{"rendered":"<p>Le coussin pour poussette Eco Mum Cloud est fabriqu\u00e9 avec un tissu en coton recycl\u00e9 \u00e0 100% et est la couverture id\u00e9ale pour prot\u00e9ger le si\u00e8ge de votre b\u00e9b\u00e9 pendant l&rsquo;\u00e9t\u00e9, pr\u00e9venant les irritations et les \u00e9chauffements de la peau tout en pr\u00e9servant la garniture d&rsquo;origine comme neuve. Il est fabriqu\u00e9 dans un mat\u00e9riau respirant qui aide \u00e0 pr\u00e9venir la transpiration excessive du b\u00e9b\u00e9 et prot\u00e8ge la poussette, rendant la promenade plus confortable. Sa conception universelle vous permet d&rsquo;adapter le coussin \u00e0 la plupart des poussettes, et il dispose de plusieurs ouvertures (\u009cillets) et ajustements qui le rendent tr\u00e8s facile \u00e0 placer sur le si\u00e8ge auto. De haute qualit\u00e9 et plein de style. Fabriqu\u00e9 \u00e0 partir de mat\u00e9riaux durables et facile \u00e0 nettoyer \u00e0 la main ou en machine \u00e0 30\u00b0C. Walking Mum prot\u00e8ge votre b\u00e9b\u00e9 en utilisant les meilleurs tissus, exempts de colorants azo\u00efques et de substances nocives pour la sant\u00e9. Notre collection Walking Mum est con\u00e7ue avec une touche urbaine et moderne particuli\u00e8re qui ne passe pas inaper\u00e7ue, pour habiller diff\u00e9remment vos promenades avec votre b\u00e9b\u00e9. Les accessoires de maternit\u00e9 de cette ligne sont plus sportifs et pratiques, sp\u00e9cialement con\u00e7us pour les mamans et les papas modernes qui appr\u00e9cient les designs les plus r\u00e9cents et tendances sans n\u00e9gliger la qualit\u00e9 et la fonctionnalit\u00e9 des produits qui compl\u00e8tent et rendent toutes les promenades avec leur b\u00e9b\u00e9 plus confortables. Sp\u00e9cifications : Mat\u00e9riaux : 100% coton. Dimensions : Universelles.<\/p>\n","protected":false},"excerpt":{"rendered":"<p>Le coussin pour poussette Eco Mum Cloud est fabriqu\u00e9 avec un tissu en coton recycl\u00e9 \u00e0 100% et est la couverture id\u00e9ale pour prot\u00e9ger le si\u00e8ge de votre b\u00e9b\u00e9 pendant l&rsquo;\u00e9t\u00e9, pr\u00e9venant les irritations et les \u00e9chauffements de la peau tout en pr\u00e9servant la garniture d&rsquo;origine comme neuve. Il est fabriqu\u00e9 dans un mat\u00e9riau respirant [&hellip;]<\/p>\n","protected":false},"featured_media":25159,"comment_status":"closed","ping_status":"open","template":"","meta":{"_acf_changed":false,"inline_featured_image":false},"colecciones":[],"product_brand":[],"product_cat":[147],"product_tag":[],"class_list":{"0":"post-26119","1":"product","2":"type-product","3":"status-publish","4":"has-post-thumbnail","6":"product_cat-assises-et-chancelieres-pour-poussette","8":"first","9":"instock","10":"purchasable","11":"product-type-simple"},"acf":[],"yoast_head":"<!-- This site is optimized with the Yoast SEO plugin v27.5 - https:\/\/yoast.com\/product\/yoast-seo-wordpress\/ -->\n<title>ASSISE POUSSETTE ECO MUM CLOUD - Walking Mum<\/title>\n<meta name=\"robots\" content=\"index, follow, max-snippet:-1, max-image-preview:large, max-video-preview:-1\" \/>\n<link rel=\"canonical\" href=\"https:\/\/walkingmum.com\/fr\/produit\/assise-poussette-eco-mum-cloud\/\" \/>\n<meta property=\"og:locale\" content=\"fr_FR\" \/>\n<meta property=\"og:type\" content=\"article\" \/>\n<meta property=\"og:title\" content=\"ASSISE POUSSETTE ECO MUM CLOUD - Walking Mum\" \/>\n<meta property=\"og:description\" content=\"Le coussin pour poussette Eco Mum Cloud est fabriqu\u00e9 avec un tissu en coton recycl\u00e9 \u00e0 100% et est la couverture id\u00e9ale pour prot\u00e9ger le si\u00e8ge de votre b\u00e9b\u00e9 pendant l&rsquo;\u00e9t\u00e9, pr\u00e9venant les irritations et les \u00e9chauffements de la peau tout en pr\u00e9servant la garniture d&rsquo;origine comme neuve. Il est fabriqu\u00e9 dans un mat\u00e9riau respirant [&hellip;]\" \/>\n<meta property=\"og:url\" content=\"https:\/\/walkingmum.com\/fr\/produit\/assise-poussette-eco-mum-cloud\/\" \/>\n<meta property=\"og:site_name\" content=\"Walking Mum\" \/>\n<meta property=\"article:modified_time\" content=\"2024-02-28T09:16:22+00:00\" \/>\n<meta property=\"og:image\" content=\"https:\/\/walkingmum.com\/wp-content\/uploads\/2024\/02\/1120800366_a.jpg\" \/>\n\t<meta property=\"og:image:width\" content=\"1200\" \/>\n\t<meta property=\"og:image:height\" content=\"1200\" \/>\n\t<meta property=\"og:image:type\" content=\"image\/jpeg\" \/>\n<meta name=\"twitter:card\" content=\"summary_large_image\" \/>\n<meta name=\"twitter:label1\" content=\"Dur\u00e9e de lecture estim\u00e9e\" \/>\n\t<meta name=\"twitter:data1\" content=\"1 minute\" \/>\n<script type=\"application\/ld+json\" class=\"yoast-schema-graph\">{\"@context\":\"https:\\\/\\\/schema.org\",\"@graph\":[{\"@type\":\"WebPage\",\"@id\":\"https:\\\/\\\/walkingmum.com\\\/fr\\\/produit\\\/assise-poussette-eco-mum-cloud\\\/\",\"url\":\"https:\\\/\\\/walkingmum.com\\\/fr\\\/produit\\\/assise-poussette-eco-mum-cloud\\\/\",\"name\":\"ASSISE POUSSETTE ECO MUM CLOUD - Walking Mum\",\"isPartOf\":{\"@id\":\"https:\\\/\\\/walkingmum.com\\\/#website\"},\"primaryImageOfPage\":{\"@id\":\"https:\\\/\\\/walkingmum.com\\\/fr\\\/produit\\\/assise-poussette-eco-mum-cloud\\\/#primaryimage\"},\"image\":{\"@id\":\"https:\\\/\\\/walkingmum.com\\\/fr\\\/produit\\\/assise-poussette-eco-mum-cloud\\\/#primaryimage\"},\"thumbnailUrl\":\"https:\\\/\\\/walkingmum.com\\\/wp-content\\\/uploads\\\/2024\\\/02\\\/1120800366_a.jpg\",\"datePublished\":\"2024-02-28T07:59:12+00:00\",\"dateModified\":\"2024-02-28T09:16:22+00:00\",\"breadcrumb\":{\"@id\":\"https:\\\/\\\/walkingmum.com\\\/fr\\\/produit\\\/assise-poussette-eco-mum-cloud\\\/#breadcrumb\"},\"inLanguage\":\"fr-FR\",\"potentialAction\":[{\"@type\":\"ReadAction\",\"target\":[\"https:\\\/\\\/walkingmum.com\\\/fr\\\/produit\\\/assise-poussette-eco-mum-cloud\\\/\"]}]},{\"@type\":\"ImageObject\",\"inLanguage\":\"fr-FR\",\"@id\":\"https:\\\/\\\/walkingmum.com\\\/fr\\\/produit\\\/assise-poussette-eco-mum-cloud\\\/#primaryimage\",\"url\":\"https:\\\/\\\/walkingmum.com\\\/wp-content\\\/uploads\\\/2024\\\/02\\\/1120800366_a.jpg\",\"contentUrl\":\"https:\\\/\\\/walkingmum.com\\\/wp-content\\\/uploads\\\/2024\\\/02\\\/1120800366_a.jpg\",\"width\":1200,\"height\":1200},{\"@type\":\"BreadcrumbList\",\"@id\":\"https:\\\/\\\/walkingmum.com\\\/fr\\\/produit\\\/assise-poussette-eco-mum-cloud\\\/#breadcrumb\",\"itemListElement\":[{\"@type\":\"ListItem\",\"position\":1,\"name\":\"Portada\",\"item\":\"https:\\\/\\\/walkingmum.com\\\/fr\\\/\"},{\"@type\":\"ListItem\",\"position\":2,\"name\":\"Tienda\",\"item\":\"https:\\\/\\\/walkingmum.com\\\/tienda\\\/\"},{\"@type\":\"ListItem\",\"position\":3,\"name\":\"ASSISE POUSSETTE ECO MUM CLOUD\"}]},{\"@type\":\"WebSite\",\"@id\":\"https:\\\/\\\/walkingmum.com\\\/#website\",\"url\":\"https:\\\/\\\/walkingmum.com\\\/\",\"name\":\"Walking Mum\",\"description\":\"La marca para beb\u00e9s modernos\",\"potentialAction\":[{\"@type\":\"SearchAction\",\"target\":{\"@type\":\"EntryPoint\",\"urlTemplate\":\"https:\\\/\\\/walkingmum.com\\\/?s={search_term_string}\"},\"query-input\":{\"@type\":\"PropertyValueSpecification\",\"valueRequired\":true,\"valueName\":\"search_term_string\"}}],\"inLanguage\":\"fr-FR\"}]}<\/script>\n<!-- \/ Yoast SEO plugin. -->","yoast_head_json":{"title":"ASSISE POUSSETTE ECO MUM CLOUD - Walking Mum","robots":{"index":"index","follow":"follow","max-snippet":"max-snippet:-1","max-image-preview":"max-image-preview:large","max-video-preview":"max-video-preview:-1"},"canonical":"https:\/\/walkingmum.com\/fr\/produit\/assise-poussette-eco-mum-cloud\/","og_locale":"fr_FR","og_type":"article","og_title":"ASSISE POUSSETTE ECO MUM CLOUD - Walking Mum","og_description":"Le coussin pour poussette Eco Mum Cloud est fabriqu\u00e9 avec un tissu en coton recycl\u00e9 \u00e0 100% et est la couverture id\u00e9ale pour prot\u00e9ger le si\u00e8ge de votre b\u00e9b\u00e9 pendant l&rsquo;\u00e9t\u00e9, pr\u00e9venant les irritations et les \u00e9chauffements de la peau tout en pr\u00e9servant la garniture d&rsquo;origine comme neuve. Il est fabriqu\u00e9 dans un mat\u00e9riau respirant [&hellip;]","og_url":"https:\/\/walkingmum.com\/fr\/produit\/assise-poussette-eco-mum-cloud\/","og_site_name":"Walking Mum","article_modified_time":"2024-02-28T09:16:22+00:00","og_image":[{"width":1200,"height":1200,"url":"https:\/\/walkingmum.com\/wp-content\/uploads\/2024\/02\/1120800366_a.jpg","type":"image\/jpeg"}],"twitter_card":"summary_large_image","twitter_misc":{"Dur\u00e9e de lecture estim\u00e9e":"1 minute"},"schema":{"@context":"https:\/\/schema.org","@graph":[{"@type":"WebPage","@id":"https:\/\/walkingmum.com\/fr\/produit\/assise-poussette-eco-mum-cloud\/","url":"https:\/\/walkingmum.com\/fr\/produit\/assise-poussette-eco-mum-cloud\/","name":"ASSISE POUSSETTE ECO MUM CLOUD - Walking Mum","isPartOf":{"@id":"https:\/\/walkingmum.com\/#website"},"primaryImageOfPage":{"@id":"https:\/\/walkingmum.com\/fr\/produit\/assise-poussette-eco-mum-cloud\/#primaryimage"},"image":{"@id":"https:\/\/walkingmum.com\/fr\/produit\/assise-poussette-eco-mum-cloud\/#primaryimage"},"thumbnailUrl":"https:\/\/walkingmum.com\/wp-content\/uploads\/2024\/02\/1120800366_a.jpg","datePublished":"2024-02-28T07:59:12+00:00","dateModified":"2024-02-28T09:16:22+00:00","breadcrumb":{"@id":"https:\/\/walkingmum.com\/fr\/produit\/assise-poussette-eco-mum-cloud\/#breadcrumb"},"inLanguage":"fr-FR","potentialAction":[{"@type":"ReadAction","target":["https:\/\/walkingmum.com\/fr\/produit\/assise-poussette-eco-mum-cloud\/"]}]},{"@type":"ImageObject","inLanguage":"fr-FR","@id":"https:\/\/walkingmum.com\/fr\/produit\/assise-poussette-eco-mum-cloud\/#primaryimage","url":"https:\/\/walkingmum.com\/wp-content\/uploads\/2024\/02\/1120800366_a.jpg","contentUrl":"https:\/\/walkingmum.com\/wp-content\/uploads\/2024\/02\/1120800366_a.jpg","width":1200,"height":1200},{"@type":"BreadcrumbList","@id":"https:\/\/walkingmum.com\/fr\/produit\/assise-poussette-eco-mum-cloud\/#breadcrumb","itemListElement":[{"@type":"ListItem","position":1,"name":"Portada","item":"https:\/\/walkingmum.com\/fr\/"},{"@type":"ListItem","position":2,"name":"Tienda","item":"https:\/\/walkingmum.com\/tienda\/"},{"@type":"ListItem","position":3,"name":"ASSISE POUSSETTE ECO MUM CLOUD"}]},{"@type":"WebSite","@id":"https:\/\/walkingmum.com\/#website","url":"https:\/\/walkingmum.com\/","name":"Walking Mum","description":"La marca para beb\u00e9s modernos","potentialAction":[{"@type":"SearchAction","target":{"@type":"EntryPoint","urlTemplate":"https:\/\/walkingmum.com\/?s={search_term_string}"},"query-input":{"@type":"PropertyValueSpecification","valueRequired":true,"valueName":"search_term_string"}}],"inLanguage":"fr-FR"}]}},"_links":{"self":[{"href":"https:\/\/walkingmum.com\/fr\/wp-json\/wp\/v2\/product\/26119","targetHints":{"allow":["GET"]}}],"collection":[{"href":"https:\/\/walkingmum.com\/fr\/wp-json\/wp\/v2\/product"}],"about":[{"href":"https:\/\/walkingmum.com\/fr\/wp-json\/wp\/v2\/types\/product"}],"replies":[{"embeddable":true,"href":"https:\/\/walkingmum.com\/fr\/wp-json\/wp\/v2\/comments?post=26119"}],"wp:featuredmedia":[{"embeddable":true,"href":"https:\/\/walkingmum.com\/fr\/wp-json\/wp\/v2\/media\/25159"}],"wp:attachment":[{"href":"https:\/\/walkingmum.com\/fr\/wp-json\/wp\/v2\/media?parent=26119"}],"wp:term":[{"taxonomy":"colecciones","embeddable":true,"href":"https:\/\/walkingmum.com\/fr\/wp-json\/wp\/v2\/colecciones?post=26119"},{"taxonomy":"product_brand","embeddable":true,"href":"https:\/\/walkingmum.com\/fr\/wp-json\/wp\/v2\/product_brand?post=26119"},{"taxonomy":"product_cat","embeddable":true,"href":"https:\/\/walkingmum.com\/fr\/wp-json\/wp\/v2\/product_cat?post=26119"},{"taxonomy":"product_tag","embeddable":true,"href":"https:\/\/walkingmum.com\/fr\/wp-json\/wp\/v2\/product_tag?post=26119"}],"curies":[{"name":"wp","href":"https:\/\/api.w.org\/{rel}","templated":true}]}}