{"id":26117,"date":"2024-02-28T07:59:11","date_gmt":"2024-02-28T07:59:11","guid":{"rendered":"https:\/\/walkingmum.com\/?post_type=product&#038;p=26117"},"modified":"2024-02-28T09:16:21","modified_gmt":"2024-02-28T09:16:21","slug":"chanceliere-ete-eco-mum-cloud","status":"publish","type":"product","link":"https:\/\/walkingmum.com\/fr\/produit\/chanceliere-ete-eco-mum-cloud\/","title":{"rendered":"CHANCELIERE \u00c9T\u00c9 ECO MUM CLOUD"},"content":{"rendered":"<p>La couverture de poussette pour b\u00e9b\u00e9 Eco Mum Cloud est fabriqu\u00e9e avec un tissu en coton recycl\u00e9 \u00e0 100%. C&rsquo;est la couverture id\u00e9ale pour prot\u00e9ger la base du si\u00e8ge de la poussette et elle est livr\u00e9e avec un sac pour envelopper votre b\u00e9b\u00e9. Avec ce sac, votre b\u00e9b\u00e9 sera confortable pendant les mois de printemps et d&rsquo;automne. Le dos est dot\u00e9 d&rsquo;un mat\u00e9riau anti-transpiration qui emp\u00eache la transpiration excessive du b\u00e9b\u00e9. Le rembourrage est amovible. Son design comprend plusieurs ouvertures (\u009cillets) et ajustements qui facilitent son adaptation \u00e0 la plupart des poussettes, assurant une promenade s\u00fbre et confortable pour votre b\u00e9b\u00e9. Elle est fabriqu\u00e9e dans un mat\u00e9riau durable et chaud. Elle dispose d&rsquo;une base en polyester sur le repose-pieds qui facilite le nettoyage apr\u00e8s utilisation. C&rsquo;est un design beau, simple et confortable qui cr\u00e9e un nid pour votre b\u00e9b\u00e9, le gardant bien au chaud et prot\u00e9g\u00e9. Le sac s&rsquo;adapte facilement \u00e0 n&rsquo;importe quelle voiture et permet \u00e0 votre b\u00e9b\u00e9 de profiter d&rsquo;un repos plus agr\u00e9able gr\u00e2ce \u00e0 sa forme de nid douillet. De haute qualit\u00e9 et plein de style. Fabriqu\u00e9 \u00e0 partir de mat\u00e9riaux durables et facile \u00e0 nettoyer \u00e0 la main ou en machine \u00e0 30\u00b0C. Walking Mum prot\u00e8ge votre b\u00e9b\u00e9 en utilisant les meilleurs tissus, exempts de colorants azo\u00efques et de substances nocives pour la sant\u00e9. Notre collection Walking Mum maintient la qualit\u00e9 de la marque Pasito a Pasito mais avec une touche particuli\u00e8re de style urbain et moderne qui ne passe pas inaper\u00e7ue, pour habiller diff\u00e9remment vos promenades avec votre b\u00e9b\u00e9. Les accessoires de cette ligne sont plus sportifs et pratiques, sp\u00e9cialement con\u00e7us pour les mamans et les papas modernes qui appr\u00e9cient les designs les plus r\u00e9cents et tendances sans n\u00e9gliger la qualit\u00e9 et la fonctionnalit\u00e9 des produits qui rendent toutes les promenades avec leur b\u00e9b\u00e9 plus confortables. Mesures : 47 x 90 cm.<\/p>\n","protected":false},"excerpt":{"rendered":"<p>La couverture de poussette pour b\u00e9b\u00e9 Eco Mum Cloud est fabriqu\u00e9e avec un tissu en coton recycl\u00e9 \u00e0 100%. C&rsquo;est la couverture id\u00e9ale pour prot\u00e9ger la base du si\u00e8ge de la poussette et elle est livr\u00e9e avec un sac pour envelopper votre b\u00e9b\u00e9. Avec ce sac, votre b\u00e9b\u00e9 sera confortable pendant les mois de printemps [&hellip;]<\/p>\n","protected":false},"featured_media":25121,"comment_status":"closed","ping_status":"closed","template":"","meta":{"_acf_changed":false,"inline_featured_image":false},"colecciones":[],"product_brand":[],"product_cat":[268],"product_tag":[],"class_list":{"0":"post-26117","1":"product","2":"type-product","3":"status-publish","4":"has-post-thumbnail","6":"product_cat-special-prices-fr","8":"first","9":"instock","10":"purchasable","11":"product-type-simple"},"acf":[],"yoast_head":"<!-- This site is optimized with the Yoast SEO plugin v27.3 - https:\/\/yoast.com\/product\/yoast-seo-wordpress\/ -->\n<title>CHANCELIERE \u00c9T\u00c9 ECO MUM CLOUD - Walking Mum<\/title>\n<meta name=\"robots\" content=\"index, follow, max-snippet:-1, max-image-preview:large, max-video-preview:-1\" \/>\n<link rel=\"canonical\" href=\"https:\/\/walkingmum.com\/produit\/saco-silla-eco-mum-cloud-entretiempo\/\" \/>\n<meta property=\"og:locale\" content=\"fr_FR\" \/>\n<meta property=\"og:type\" content=\"article\" \/>\n<meta property=\"og:title\" content=\"CHANCELIERE \u00c9T\u00c9 ECO MUM CLOUD - Walking Mum\" \/>\n<meta property=\"og:description\" content=\"La couverture de poussette pour b\u00e9b\u00e9 Eco Mum Cloud est fabriqu\u00e9e avec un tissu en coton recycl\u00e9 \u00e0 100%. C&rsquo;est la couverture id\u00e9ale pour prot\u00e9ger la base du si\u00e8ge de la poussette et elle est livr\u00e9e avec un sac pour envelopper votre b\u00e9b\u00e9. Avec ce sac, votre b\u00e9b\u00e9 sera confortable pendant les mois de printemps [&hellip;]\" \/>\n<meta property=\"og:url\" content=\"https:\/\/walkingmum.com\/produit\/saco-silla-eco-mum-cloud-entretiempo\/\" \/>\n<meta property=\"og:site_name\" content=\"Walking Mum\" \/>\n<meta property=\"article:modified_time\" content=\"2024-02-28T09:16:21+00:00\" \/>\n<meta property=\"og:image\" content=\"https:\/\/walkingmum.com\/wp-content\/uploads\/2024\/02\/1120800364_a.jpg\" \/>\n\t<meta property=\"og:image:width\" content=\"1200\" \/>\n\t<meta property=\"og:image:height\" content=\"1200\" \/>\n\t<meta property=\"og:image:type\" content=\"image\/jpeg\" \/>\n<meta name=\"twitter:card\" content=\"summary_large_image\" \/>\n<meta name=\"twitter:label1\" content=\"Dur\u00e9e de lecture estim\u00e9e\" \/>\n\t<meta name=\"twitter:data1\" content=\"2 minutes\" \/>\n<script type=\"application\/ld+json\" class=\"yoast-schema-graph\">{\"@context\":\"https:\\\/\\\/schema.org\",\"@graph\":[{\"@type\":\"WebPage\",\"@id\":\"https:\\\/\\\/walkingmum.com\\\/produit\\\/saco-silla-eco-mum-cloud-entretiempo\\\/\",\"url\":\"https:\\\/\\\/walkingmum.com\\\/produit\\\/saco-silla-eco-mum-cloud-entretiempo\\\/\",\"name\":\"CHANCELIERE \u00c9T\u00c9 ECO MUM CLOUD - Walking Mum\",\"isPartOf\":{\"@id\":\"https:\\\/\\\/walkingmum.com\\\/#website\"},\"primaryImageOfPage\":{\"@id\":\"https:\\\/\\\/walkingmum.com\\\/produit\\\/saco-silla-eco-mum-cloud-entretiempo\\\/#primaryimage\"},\"image\":{\"@id\":\"https:\\\/\\\/walkingmum.com\\\/produit\\\/saco-silla-eco-mum-cloud-entretiempo\\\/#primaryimage\"},\"thumbnailUrl\":\"https:\\\/\\\/walkingmum.com\\\/wp-content\\\/uploads\\\/2024\\\/02\\\/1120800364_a.jpg\",\"datePublished\":\"2024-02-28T07:59:11+00:00\",\"dateModified\":\"2024-02-28T09:16:21+00:00\",\"breadcrumb\":{\"@id\":\"https:\\\/\\\/walkingmum.com\\\/produit\\\/saco-silla-eco-mum-cloud-entretiempo\\\/#breadcrumb\"},\"inLanguage\":\"fr-FR\",\"potentialAction\":[{\"@type\":\"ReadAction\",\"target\":[\"https:\\\/\\\/walkingmum.com\\\/produit\\\/saco-silla-eco-mum-cloud-entretiempo\\\/\"]}]},{\"@type\":\"ImageObject\",\"inLanguage\":\"fr-FR\",\"@id\":\"https:\\\/\\\/walkingmum.com\\\/produit\\\/saco-silla-eco-mum-cloud-entretiempo\\\/#primaryimage\",\"url\":\"https:\\\/\\\/walkingmum.com\\\/wp-content\\\/uploads\\\/2024\\\/02\\\/1120800364_a.jpg\",\"contentUrl\":\"https:\\\/\\\/walkingmum.com\\\/wp-content\\\/uploads\\\/2024\\\/02\\\/1120800364_a.jpg\",\"width\":1200,\"height\":1200},{\"@type\":\"BreadcrumbList\",\"@id\":\"https:\\\/\\\/walkingmum.com\\\/produit\\\/saco-silla-eco-mum-cloud-entretiempo\\\/#breadcrumb\",\"itemListElement\":[{\"@type\":\"ListItem\",\"position\":1,\"name\":\"Portada\",\"item\":\"https:\\\/\\\/walkingmum.com\\\/fr\\\/\"},{\"@type\":\"ListItem\",\"position\":2,\"name\":\"Tienda\",\"item\":\"https:\\\/\\\/walkingmum.com\\\/tienda\\\/\"},{\"@type\":\"ListItem\",\"position\":3,\"name\":\"CHANCELIERE \u00c9T\u00c9 ECO MUM CLOUD\"}]},{\"@type\":\"WebSite\",\"@id\":\"https:\\\/\\\/walkingmum.com\\\/#website\",\"url\":\"https:\\\/\\\/walkingmum.com\\\/\",\"name\":\"Walking Mum\",\"description\":\"La marca para beb\u00e9s modernos\",\"potentialAction\":[{\"@type\":\"SearchAction\",\"target\":{\"@type\":\"EntryPoint\",\"urlTemplate\":\"https:\\\/\\\/walkingmum.com\\\/?s={search_term_string}\"},\"query-input\":{\"@type\":\"PropertyValueSpecification\",\"valueRequired\":true,\"valueName\":\"search_term_string\"}}],\"inLanguage\":\"fr-FR\"}]}<\/script>\n<!-- \/ Yoast SEO plugin. -->","yoast_head_json":{"title":"CHANCELIERE \u00c9T\u00c9 ECO MUM CLOUD - Walking Mum","robots":{"index":"index","follow":"follow","max-snippet":"max-snippet:-1","max-image-preview":"max-image-preview:large","max-video-preview":"max-video-preview:-1"},"canonical":"https:\/\/walkingmum.com\/produit\/saco-silla-eco-mum-cloud-entretiempo\/","og_locale":"fr_FR","og_type":"article","og_title":"CHANCELIERE \u00c9T\u00c9 ECO MUM CLOUD - Walking Mum","og_description":"La couverture de poussette pour b\u00e9b\u00e9 Eco Mum Cloud est fabriqu\u00e9e avec un tissu en coton recycl\u00e9 \u00e0 100%. C&rsquo;est la couverture id\u00e9ale pour prot\u00e9ger la base du si\u00e8ge de la poussette et elle est livr\u00e9e avec un sac pour envelopper votre b\u00e9b\u00e9. Avec ce sac, votre b\u00e9b\u00e9 sera confortable pendant les mois de printemps [&hellip;]","og_url":"https:\/\/walkingmum.com\/produit\/saco-silla-eco-mum-cloud-entretiempo\/","og_site_name":"Walking Mum","article_modified_time":"2024-02-28T09:16:21+00:00","og_image":[{"width":1200,"height":1200,"url":"https:\/\/walkingmum.com\/wp-content\/uploads\/2024\/02\/1120800364_a.jpg","type":"image\/jpeg"}],"twitter_card":"summary_large_image","twitter_misc":{"Dur\u00e9e de lecture estim\u00e9e":"2 minutes"},"schema":{"@context":"https:\/\/schema.org","@graph":[{"@type":"WebPage","@id":"https:\/\/walkingmum.com\/produit\/saco-silla-eco-mum-cloud-entretiempo\/","url":"https:\/\/walkingmum.com\/produit\/saco-silla-eco-mum-cloud-entretiempo\/","name":"CHANCELIERE \u00c9T\u00c9 ECO MUM CLOUD - Walking Mum","isPartOf":{"@id":"https:\/\/walkingmum.com\/#website"},"primaryImageOfPage":{"@id":"https:\/\/walkingmum.com\/produit\/saco-silla-eco-mum-cloud-entretiempo\/#primaryimage"},"image":{"@id":"https:\/\/walkingmum.com\/produit\/saco-silla-eco-mum-cloud-entretiempo\/#primaryimage"},"thumbnailUrl":"https:\/\/walkingmum.com\/wp-content\/uploads\/2024\/02\/1120800364_a.jpg","datePublished":"2024-02-28T07:59:11+00:00","dateModified":"2024-02-28T09:16:21+00:00","breadcrumb":{"@id":"https:\/\/walkingmum.com\/produit\/saco-silla-eco-mum-cloud-entretiempo\/#breadcrumb"},"inLanguage":"fr-FR","potentialAction":[{"@type":"ReadAction","target":["https:\/\/walkingmum.com\/produit\/saco-silla-eco-mum-cloud-entretiempo\/"]}]},{"@type":"ImageObject","inLanguage":"fr-FR","@id":"https:\/\/walkingmum.com\/produit\/saco-silla-eco-mum-cloud-entretiempo\/#primaryimage","url":"https:\/\/walkingmum.com\/wp-content\/uploads\/2024\/02\/1120800364_a.jpg","contentUrl":"https:\/\/walkingmum.com\/wp-content\/uploads\/2024\/02\/1120800364_a.jpg","width":1200,"height":1200},{"@type":"BreadcrumbList","@id":"https:\/\/walkingmum.com\/produit\/saco-silla-eco-mum-cloud-entretiempo\/#breadcrumb","itemListElement":[{"@type":"ListItem","position":1,"name":"Portada","item":"https:\/\/walkingmum.com\/fr\/"},{"@type":"ListItem","position":2,"name":"Tienda","item":"https:\/\/walkingmum.com\/tienda\/"},{"@type":"ListItem","position":3,"name":"CHANCELIERE \u00c9T\u00c9 ECO MUM CLOUD"}]},{"@type":"WebSite","@id":"https:\/\/walkingmum.com\/#website","url":"https:\/\/walkingmum.com\/","name":"Walking Mum","description":"La marca para beb\u00e9s modernos","potentialAction":[{"@type":"SearchAction","target":{"@type":"EntryPoint","urlTemplate":"https:\/\/walkingmum.com\/?s={search_term_string}"},"query-input":{"@type":"PropertyValueSpecification","valueRequired":true,"valueName":"search_term_string"}}],"inLanguage":"fr-FR"}]}},"_links":{"self":[{"href":"https:\/\/walkingmum.com\/fr\/wp-json\/wp\/v2\/product\/26117","targetHints":{"allow":["GET"]}}],"collection":[{"href":"https:\/\/walkingmum.com\/fr\/wp-json\/wp\/v2\/product"}],"about":[{"href":"https:\/\/walkingmum.com\/fr\/wp-json\/wp\/v2\/types\/product"}],"replies":[{"embeddable":true,"href":"https:\/\/walkingmum.com\/fr\/wp-json\/wp\/v2\/comments?post=26117"}],"wp:featuredmedia":[{"embeddable":true,"href":"https:\/\/walkingmum.com\/fr\/wp-json\/wp\/v2\/media\/25121"}],"wp:attachment":[{"href":"https:\/\/walkingmum.com\/fr\/wp-json\/wp\/v2\/media?parent=26117"}],"wp:term":[{"taxonomy":"colecciones","embeddable":true,"href":"https:\/\/walkingmum.com\/fr\/wp-json\/wp\/v2\/colecciones?post=26117"},{"taxonomy":"product_brand","embeddable":true,"href":"https:\/\/walkingmum.com\/fr\/wp-json\/wp\/v2\/product_brand?post=26117"},{"taxonomy":"product_cat","embeddable":true,"href":"https:\/\/walkingmum.com\/fr\/wp-json\/wp\/v2\/product_cat?post=26117"},{"taxonomy":"product_tag","embeddable":true,"href":"https:\/\/walkingmum.com\/fr\/wp-json\/wp\/v2\/product_tag?post=26117"}],"curies":[{"name":"wp","href":"https:\/\/api.w.org\/{rel}","templated":true}]}}