{"id":26107,"date":"2024-02-28T07:45:07","date_gmt":"2024-02-28T09:04:50","guid":{"rendered":"https:\/\/walkingmum.com\/?post_type=product&#038;p=26107"},"modified":"2024-02-28T09:07:17","modified_gmt":"2024-02-28T09:07:17","slug":"nid-dange-chanceliere-siege-auto-groupe-0-ete-a-pois-poppy-cannelle","status":"publish","type":"product","link":"https:\/\/walkingmum.com\/fr\/produit\/nid-dange-chanceliere-siege-auto-groupe-0-ete-a-pois-poppy-cannelle\/","title":{"rendered":"NID D&rsquo;ANGE \/ CHANCELIERE SIEGE AUTO GROUPE 0 \u00c9T\u00c9 \u00c0 POIS POPPY CANNELLE"},"content":{"rendered":"<p>Poppy Cannelle avec des pois housse avec sac. Il est fabriqu\u00e9 avec un tissu ext\u00e9rieur en coton recycl\u00e9 \u00e0 100 % et un int\u00e9rieur en mousseline de coton doux \u00e0 100 %. Il est id\u00e9al pour le couffin et le porte-b\u00e9b\u00e9. Il dispose de plusieurs ouvertures (\u009cillets) et ajustements pour l&rsquo;adapter \u00e0 la plupart des porte-b\u00e9b\u00e9s. Avec ce sac, votre b\u00e9b\u00e9 sera \u00e0 l&rsquo;aise pendant les mois de printemps et d&rsquo;automne. Le dos comporte un mat\u00e9riau anti-transpiration qui emp\u00eache une transpiration excessive du b\u00e9b\u00e9 et prot\u00e8ge le si\u00e8ge, rendant la promenade plus confortable. Vous pouvez le d\u00e9placer de la poussette au berceau sans incommoder ou perturber ses doux r\u00eaves. Remplissage amovible. Grande qualit\u00e9 et beaucoup de style. Fabriqu\u00e9 avec des mat\u00e9riaux r\u00e9sistants et facile \u00e0 nettoyer \u00e0 la main ou en machine \u00e0 30\u00b0C. Walking Mum prot\u00e8ge votre b\u00e9b\u00e9 en utilisant les meilleurs tissus, exempts de colorants azo\u00efques et de substances nocives pour la sant\u00e9. Notre collection Walking Mum pr\u00e9serve toute la qualit\u00e9 de la marque Pasito a Pasito mais avec un cachet urbain et moderne particulier qui ne passe pas inaper\u00e7u, pour se diff\u00e9rencier lors des promenades avec votre b\u00e9b\u00e9. Les accessoires de cette ligne sont plus sportifs et pratiques, sp\u00e9cialement con\u00e7us pour les mamans et papas modernes qui appr\u00e9cient les designs les plus actuels et tendance sans n\u00e9gliger la qualit\u00e9 et la fonctionnalit\u00e9 des accessoires qui rendent toutes les promenades avec leurs b\u00e9b\u00e9s plus confortables. Mesures : 40 x 80 cm.<\/p>\n","protected":false},"excerpt":{"rendered":"<p>Poppy Cannelle avec des pois housse avec sac. Il est fabriqu\u00e9 avec un tissu ext\u00e9rieur en coton recycl\u00e9 \u00e0 100 % et un int\u00e9rieur en mousseline de coton doux \u00e0 100 %. Il est id\u00e9al pour le couffin et le porte-b\u00e9b\u00e9. Il dispose de plusieurs ouvertures (\u009cillets) et ajustements pour l&rsquo;adapter \u00e0 la plupart des [&hellip;]<\/p>\n","protected":false},"featured_media":24911,"comment_status":"closed","ping_status":"open","template":"","meta":{"_acf_changed":false,"inline_featured_image":false},"colecciones":[350],"product_brand":[],"product_cat":[144],"product_tag":[],"class_list":{"0":"post-26107","1":"product","2":"type-product","3":"status-publish","4":"has-post-thumbnail","6":"colecciones-collection-poppy","7":"product_cat-housses-pour-nacelle-et-nids-dange","9":"first","10":"instock","11":"purchasable","12":"product-type-simple"},"acf":[],"yoast_head":"<!-- This site is optimized with the Yoast SEO plugin v27.4 - https:\/\/yoast.com\/product\/yoast-seo-wordpress\/ -->\n<title>NID D&#039;ANGE \/ CHANCELIERE SIEGE AUTO GROUPE 0 \u00c9T\u00c9 \u00c0 POIS POPPY CANNELLE - Walking Mum<\/title>\n<meta name=\"robots\" content=\"index, follow, max-snippet:-1, max-image-preview:large, max-video-preview:-1\" \/>\n<link rel=\"canonical\" href=\"https:\/\/walkingmum.com\/fr\/produit\/nid-dange-chanceliere-siege-auto-groupe-0-ete-a-pois-poppy-cannelle\/\" \/>\n<meta property=\"og:locale\" content=\"fr_FR\" \/>\n<meta property=\"og:type\" content=\"article\" \/>\n<meta property=\"og:title\" content=\"NID D&#039;ANGE \/ CHANCELIERE SIEGE AUTO GROUPE 0 \u00c9T\u00c9 \u00c0 POIS POPPY CANNELLE - Walking Mum\" \/>\n<meta property=\"og:description\" content=\"Poppy Cannelle avec des pois housse avec sac. Il est fabriqu\u00e9 avec un tissu ext\u00e9rieur en coton recycl\u00e9 \u00e0 100 % et un int\u00e9rieur en mousseline de coton doux \u00e0 100 %. Il est id\u00e9al pour le couffin et le porte-b\u00e9b\u00e9. Il dispose de plusieurs ouvertures (\u009cillets) et ajustements pour l&rsquo;adapter \u00e0 la plupart des [&hellip;]\" \/>\n<meta property=\"og:url\" content=\"https:\/\/walkingmum.com\/fr\/produit\/nid-dange-chanceliere-siege-auto-groupe-0-ete-a-pois-poppy-cannelle\/\" \/>\n<meta property=\"og:site_name\" content=\"Walking Mum\" \/>\n<meta property=\"article:modified_time\" content=\"2024-02-28T09:07:17+00:00\" \/>\n<meta property=\"og:image\" content=\"https:\/\/walkingmum.com\/wp-content\/uploads\/2024\/02\/1120800353_a.jpg\" \/>\n\t<meta property=\"og:image:width\" content=\"1200\" \/>\n\t<meta property=\"og:image:height\" content=\"1200\" \/>\n\t<meta property=\"og:image:type\" content=\"image\/jpeg\" \/>\n<meta name=\"twitter:card\" content=\"summary_large_image\" \/>\n<meta name=\"twitter:label1\" content=\"Dur\u00e9e de lecture estim\u00e9e\" \/>\n\t<meta name=\"twitter:data1\" content=\"1 minute\" \/>\n<script type=\"application\/ld+json\" class=\"yoast-schema-graph\">{\"@context\":\"https:\\\/\\\/schema.org\",\"@graph\":[{\"@type\":\"WebPage\",\"@id\":\"https:\\\/\\\/walkingmum.com\\\/fr\\\/produit\\\/nid-dange-chanceliere-siege-auto-groupe-0-ete-a-pois-poppy-cannelle\\\/\",\"url\":\"https:\\\/\\\/walkingmum.com\\\/fr\\\/produit\\\/nid-dange-chanceliere-siege-auto-groupe-0-ete-a-pois-poppy-cannelle\\\/\",\"name\":\"NID D'ANGE \\\/ CHANCELIERE SIEGE AUTO GROUPE 0 \u00c9T\u00c9 \u00c0 POIS POPPY CANNELLE - Walking Mum\",\"isPartOf\":{\"@id\":\"https:\\\/\\\/walkingmum.com\\\/#website\"},\"primaryImageOfPage\":{\"@id\":\"https:\\\/\\\/walkingmum.com\\\/fr\\\/produit\\\/nid-dange-chanceliere-siege-auto-groupe-0-ete-a-pois-poppy-cannelle\\\/#primaryimage\"},\"image\":{\"@id\":\"https:\\\/\\\/walkingmum.com\\\/fr\\\/produit\\\/nid-dange-chanceliere-siege-auto-groupe-0-ete-a-pois-poppy-cannelle\\\/#primaryimage\"},\"thumbnailUrl\":\"https:\\\/\\\/walkingmum.com\\\/wp-content\\\/uploads\\\/2024\\\/02\\\/1120800353_a.jpg\",\"datePublished\":\"2024-02-28T09:04:50+00:00\",\"dateModified\":\"2024-02-28T09:07:17+00:00\",\"breadcrumb\":{\"@id\":\"https:\\\/\\\/walkingmum.com\\\/fr\\\/produit\\\/nid-dange-chanceliere-siege-auto-groupe-0-ete-a-pois-poppy-cannelle\\\/#breadcrumb\"},\"inLanguage\":\"fr-FR\",\"potentialAction\":[{\"@type\":\"ReadAction\",\"target\":[\"https:\\\/\\\/walkingmum.com\\\/fr\\\/produit\\\/nid-dange-chanceliere-siege-auto-groupe-0-ete-a-pois-poppy-cannelle\\\/\"]}]},{\"@type\":\"ImageObject\",\"inLanguage\":\"fr-FR\",\"@id\":\"https:\\\/\\\/walkingmum.com\\\/fr\\\/produit\\\/nid-dange-chanceliere-siege-auto-groupe-0-ete-a-pois-poppy-cannelle\\\/#primaryimage\",\"url\":\"https:\\\/\\\/walkingmum.com\\\/wp-content\\\/uploads\\\/2024\\\/02\\\/1120800353_a.jpg\",\"contentUrl\":\"https:\\\/\\\/walkingmum.com\\\/wp-content\\\/uploads\\\/2024\\\/02\\\/1120800353_a.jpg\",\"width\":1200,\"height\":1200},{\"@type\":\"BreadcrumbList\",\"@id\":\"https:\\\/\\\/walkingmum.com\\\/fr\\\/produit\\\/nid-dange-chanceliere-siege-auto-groupe-0-ete-a-pois-poppy-cannelle\\\/#breadcrumb\",\"itemListElement\":[{\"@type\":\"ListItem\",\"position\":1,\"name\":\"Portada\",\"item\":\"https:\\\/\\\/walkingmum.com\\\/fr\\\/\"},{\"@type\":\"ListItem\",\"position\":2,\"name\":\"Tienda\",\"item\":\"https:\\\/\\\/walkingmum.com\\\/tienda\\\/\"},{\"@type\":\"ListItem\",\"position\":3,\"name\":\"NID D&#8217;ANGE \\\/ CHANCELIERE SIEGE AUTO GROUPE 0 \u00c9T\u00c9 \u00c0 POIS POPPY CANNELLE\"}]},{\"@type\":\"WebSite\",\"@id\":\"https:\\\/\\\/walkingmum.com\\\/#website\",\"url\":\"https:\\\/\\\/walkingmum.com\\\/\",\"name\":\"Walking Mum\",\"description\":\"La marca para beb\u00e9s modernos\",\"potentialAction\":[{\"@type\":\"SearchAction\",\"target\":{\"@type\":\"EntryPoint\",\"urlTemplate\":\"https:\\\/\\\/walkingmum.com\\\/?s={search_term_string}\"},\"query-input\":{\"@type\":\"PropertyValueSpecification\",\"valueRequired\":true,\"valueName\":\"search_term_string\"}}],\"inLanguage\":\"fr-FR\"}]}<\/script>\n<!-- \/ Yoast SEO plugin. -->","yoast_head_json":{"title":"NID D'ANGE \/ CHANCELIERE SIEGE AUTO GROUPE 0 \u00c9T\u00c9 \u00c0 POIS POPPY CANNELLE - Walking Mum","robots":{"index":"index","follow":"follow","max-snippet":"max-snippet:-1","max-image-preview":"max-image-preview:large","max-video-preview":"max-video-preview:-1"},"canonical":"https:\/\/walkingmum.com\/fr\/produit\/nid-dange-chanceliere-siege-auto-groupe-0-ete-a-pois-poppy-cannelle\/","og_locale":"fr_FR","og_type":"article","og_title":"NID D'ANGE \/ CHANCELIERE SIEGE AUTO GROUPE 0 \u00c9T\u00c9 \u00c0 POIS POPPY CANNELLE - Walking Mum","og_description":"Poppy Cannelle avec des pois housse avec sac. Il est fabriqu\u00e9 avec un tissu ext\u00e9rieur en coton recycl\u00e9 \u00e0 100 % et un int\u00e9rieur en mousseline de coton doux \u00e0 100 %. Il est id\u00e9al pour le couffin et le porte-b\u00e9b\u00e9. Il dispose de plusieurs ouvertures (\u009cillets) et ajustements pour l&rsquo;adapter \u00e0 la plupart des [&hellip;]","og_url":"https:\/\/walkingmum.com\/fr\/produit\/nid-dange-chanceliere-siege-auto-groupe-0-ete-a-pois-poppy-cannelle\/","og_site_name":"Walking Mum","article_modified_time":"2024-02-28T09:07:17+00:00","og_image":[{"width":1200,"height":1200,"url":"https:\/\/walkingmum.com\/wp-content\/uploads\/2024\/02\/1120800353_a.jpg","type":"image\/jpeg"}],"twitter_card":"summary_large_image","twitter_misc":{"Dur\u00e9e de lecture estim\u00e9e":"1 minute"},"schema":{"@context":"https:\/\/schema.org","@graph":[{"@type":"WebPage","@id":"https:\/\/walkingmum.com\/fr\/produit\/nid-dange-chanceliere-siege-auto-groupe-0-ete-a-pois-poppy-cannelle\/","url":"https:\/\/walkingmum.com\/fr\/produit\/nid-dange-chanceliere-siege-auto-groupe-0-ete-a-pois-poppy-cannelle\/","name":"NID D'ANGE \/ CHANCELIERE SIEGE AUTO GROUPE 0 \u00c9T\u00c9 \u00c0 POIS POPPY CANNELLE - Walking Mum","isPartOf":{"@id":"https:\/\/walkingmum.com\/#website"},"primaryImageOfPage":{"@id":"https:\/\/walkingmum.com\/fr\/produit\/nid-dange-chanceliere-siege-auto-groupe-0-ete-a-pois-poppy-cannelle\/#primaryimage"},"image":{"@id":"https:\/\/walkingmum.com\/fr\/produit\/nid-dange-chanceliere-siege-auto-groupe-0-ete-a-pois-poppy-cannelle\/#primaryimage"},"thumbnailUrl":"https:\/\/walkingmum.com\/wp-content\/uploads\/2024\/02\/1120800353_a.jpg","datePublished":"2024-02-28T09:04:50+00:00","dateModified":"2024-02-28T09:07:17+00:00","breadcrumb":{"@id":"https:\/\/walkingmum.com\/fr\/produit\/nid-dange-chanceliere-siege-auto-groupe-0-ete-a-pois-poppy-cannelle\/#breadcrumb"},"inLanguage":"fr-FR","potentialAction":[{"@type":"ReadAction","target":["https:\/\/walkingmum.com\/fr\/produit\/nid-dange-chanceliere-siege-auto-groupe-0-ete-a-pois-poppy-cannelle\/"]}]},{"@type":"ImageObject","inLanguage":"fr-FR","@id":"https:\/\/walkingmum.com\/fr\/produit\/nid-dange-chanceliere-siege-auto-groupe-0-ete-a-pois-poppy-cannelle\/#primaryimage","url":"https:\/\/walkingmum.com\/wp-content\/uploads\/2024\/02\/1120800353_a.jpg","contentUrl":"https:\/\/walkingmum.com\/wp-content\/uploads\/2024\/02\/1120800353_a.jpg","width":1200,"height":1200},{"@type":"BreadcrumbList","@id":"https:\/\/walkingmum.com\/fr\/produit\/nid-dange-chanceliere-siege-auto-groupe-0-ete-a-pois-poppy-cannelle\/#breadcrumb","itemListElement":[{"@type":"ListItem","position":1,"name":"Portada","item":"https:\/\/walkingmum.com\/fr\/"},{"@type":"ListItem","position":2,"name":"Tienda","item":"https:\/\/walkingmum.com\/tienda\/"},{"@type":"ListItem","position":3,"name":"NID D&#8217;ANGE \/ CHANCELIERE SIEGE AUTO GROUPE 0 \u00c9T\u00c9 \u00c0 POIS POPPY CANNELLE"}]},{"@type":"WebSite","@id":"https:\/\/walkingmum.com\/#website","url":"https:\/\/walkingmum.com\/","name":"Walking Mum","description":"La marca para beb\u00e9s modernos","potentialAction":[{"@type":"SearchAction","target":{"@type":"EntryPoint","urlTemplate":"https:\/\/walkingmum.com\/?s={search_term_string}"},"query-input":{"@type":"PropertyValueSpecification","valueRequired":true,"valueName":"search_term_string"}}],"inLanguage":"fr-FR"}]}},"_links":{"self":[{"href":"https:\/\/walkingmum.com\/fr\/wp-json\/wp\/v2\/product\/26107","targetHints":{"allow":["GET"]}}],"collection":[{"href":"https:\/\/walkingmum.com\/fr\/wp-json\/wp\/v2\/product"}],"about":[{"href":"https:\/\/walkingmum.com\/fr\/wp-json\/wp\/v2\/types\/product"}],"replies":[{"embeddable":true,"href":"https:\/\/walkingmum.com\/fr\/wp-json\/wp\/v2\/comments?post=26107"}],"wp:featuredmedia":[{"embeddable":true,"href":"https:\/\/walkingmum.com\/fr\/wp-json\/wp\/v2\/media\/24911"}],"wp:attachment":[{"href":"https:\/\/walkingmum.com\/fr\/wp-json\/wp\/v2\/media?parent=26107"}],"wp:term":[{"taxonomy":"colecciones","embeddable":true,"href":"https:\/\/walkingmum.com\/fr\/wp-json\/wp\/v2\/colecciones?post=26107"},{"taxonomy":"product_brand","embeddable":true,"href":"https:\/\/walkingmum.com\/fr\/wp-json\/wp\/v2\/product_brand?post=26107"},{"taxonomy":"product_cat","embeddable":true,"href":"https:\/\/walkingmum.com\/fr\/wp-json\/wp\/v2\/product_cat?post=26107"},{"taxonomy":"product_tag","embeddable":true,"href":"https:\/\/walkingmum.com\/fr\/wp-json\/wp\/v2\/product_tag?post=26107"}],"curies":[{"name":"wp","href":"https:\/\/api.w.org\/{rel}","templated":true}]}}