{"id":26090,"date":"2024-02-28T07:44:59","date_gmt":"2024-02-28T09:04:43","guid":{"rendered":"https:\/\/walkingmum.com\/?post_type=product&#038;p=26090"},"modified":"2024-02-28T09:07:10","modified_gmt":"2024-02-28T09:07:10","slug":"tapis-a-langer-coeurs-poppy-mousse","status":"publish","type":"product","link":"https:\/\/walkingmum.com\/fr\/produit\/tapis-a-langer-coeurs-poppy-mousse\/","title":{"rendered":"TAPIS A LANGER COEURS POPPY MOUSSE"},"content":{"rendered":"<p>Le tapis \u00e0 langer Poppy Mousse avec des c\u009curs est un mod\u00e8le tr\u00e8s confortable, pratique et facile \u00e0 transporter. Un motif sp\u00e9cialement con\u00e7u pour une utilisation lorsque vous avez besoin de changer votre b\u00e9b\u00e9 et qui est pliable pour faciliter son transport partout. C&rsquo;est un design d\u00e9contract\u00e9, \u00e9l\u00e9gant et fonctionnel pr\u00e9sent\u00e9 dans un format pli\u00e9 pour le rendre totalement portable sans prendre beaucoup de place dans n&rsquo;importe quel sac o\u00f9 vous le gardez. Il est dot\u00e9 de sangles de maintien qui le maintiennent ferm\u00e9 pour r\u00e9duire sa taille et vous permettre de le transporter \u00e0 l&rsquo;int\u00e9rieur du sac de maternit\u00e9. Le tapis \u00e0 langer pour b\u00e9b\u00e9 a une doublure int\u00e9rieure rembourr\u00e9e et imperm\u00e9able pour faciliter le nettoyage en surface une fois que vous avez fini de l&rsquo;utiliser et ainsi \u00e9viter l&rsquo;accumulation d&rsquo;odeurs \u00e0 l&rsquo;int\u00e9rieur. Grande qualit\u00e9 et beaucoup de style. Fabriqu\u00e9 dans un mat\u00e9riau r\u00e9sistant et facile \u00e0 nettoyer. Walking Mum prot\u00e8ge votre b\u00e9b\u00e9 en utilisant les meilleurs tissus, exempts de colorants azo\u00efques et de substances nocives pour la sant\u00e9. Notre collection Walking Mum maintient toute la qualit\u00e9 de la marque Pasito a Pasito mais avec une estampille particuli\u00e8re de style urbain et moderne qui ne passe pas inaper\u00e7ue, pour s&rsquo;habiller diff\u00e9remment lors des promenades avec votre b\u00e9b\u00e9. Les accessoires de maternit\u00e9 de cette ligne sont plus sportifs et pratiques, sp\u00e9cialement con\u00e7us pour les mamans et les papas modernes qui appr\u00e9cient les designs les plus actuels et tendance sans n\u00e9gliger la qualit\u00e9 et la fonctionnalit\u00e9 des accessoires qui rendent toutes les promenades avec leurs b\u00e9b\u00e9s plus confortables. Sp\u00e9cifications : Mat\u00e9riaux : 100% coton enduit. Dimensions : 33X66X1 cm.<\/p>\n","protected":false},"excerpt":{"rendered":"<p>Le tapis \u00e0 langer Poppy Mousse avec des c\u009curs est un mod\u00e8le tr\u00e8s confortable, pratique et facile \u00e0 transporter. Un motif sp\u00e9cialement con\u00e7u pour une utilisation lorsque vous avez besoin de changer votre b\u00e9b\u00e9 et qui est pliable pour faciliter son transport partout. C&rsquo;est un design d\u00e9contract\u00e9, \u00e9l\u00e9gant et fonctionnel pr\u00e9sent\u00e9 dans un format pli\u00e9 [&hellip;]<\/p>\n","protected":false},"featured_media":24550,"comment_status":"closed","ping_status":"open","template":"","meta":{"_acf_changed":false,"inline_featured_image":false},"colecciones":[350],"product_brand":[],"product_cat":[138],"product_tag":[],"class_list":{"0":"post-26090","1":"product","2":"type-product","3":"status-publish","4":"has-post-thumbnail","6":"colecciones-collection-poppy","7":"product_cat-accessoires","9":"first","10":"instock","11":"purchasable","12":"product-type-simple"},"acf":[],"yoast_head":"<!-- This site is optimized with the Yoast SEO plugin v27.3 - https:\/\/yoast.com\/product\/yoast-seo-wordpress\/ -->\n<title>TAPIS A LANGER COEURS POPPY MOUSSE - Walking Mum<\/title>\n<meta name=\"robots\" content=\"index, follow, max-snippet:-1, max-image-preview:large, max-video-preview:-1\" \/>\n<link rel=\"canonical\" href=\"https:\/\/walkingmum.com\/fr\/produit\/tapis-a-langer-coeurs-poppy-mousse\/\" \/>\n<meta property=\"og:locale\" content=\"fr_FR\" \/>\n<meta property=\"og:type\" content=\"article\" \/>\n<meta property=\"og:title\" content=\"TAPIS A LANGER COEURS POPPY MOUSSE - Walking Mum\" \/>\n<meta property=\"og:description\" content=\"Le tapis \u00e0 langer Poppy Mousse avec des c\u009curs est un mod\u00e8le tr\u00e8s confortable, pratique et facile \u00e0 transporter. Un motif sp\u00e9cialement con\u00e7u pour une utilisation lorsque vous avez besoin de changer votre b\u00e9b\u00e9 et qui est pliable pour faciliter son transport partout. C&rsquo;est un design d\u00e9contract\u00e9, \u00e9l\u00e9gant et fonctionnel pr\u00e9sent\u00e9 dans un format pli\u00e9 [&hellip;]\" \/>\n<meta property=\"og:url\" content=\"https:\/\/walkingmum.com\/fr\/produit\/tapis-a-langer-coeurs-poppy-mousse\/\" \/>\n<meta property=\"og:site_name\" content=\"Walking Mum\" \/>\n<meta property=\"article:modified_time\" content=\"2024-02-28T09:07:10+00:00\" \/>\n<meta property=\"og:image\" content=\"https:\/\/walkingmum.com\/wp-content\/uploads\/2024\/02\/1120800332_a.jpg\" \/>\n\t<meta property=\"og:image:width\" content=\"1200\" \/>\n\t<meta property=\"og:image:height\" content=\"1200\" \/>\n\t<meta property=\"og:image:type\" content=\"image\/jpeg\" \/>\n<meta name=\"twitter:card\" content=\"summary_large_image\" \/>\n<meta name=\"twitter:label1\" content=\"Dur\u00e9e de lecture estim\u00e9e\" \/>\n\t<meta name=\"twitter:data1\" content=\"1 minute\" \/>\n<script type=\"application\/ld+json\" class=\"yoast-schema-graph\">{\"@context\":\"https:\\\/\\\/schema.org\",\"@graph\":[{\"@type\":\"WebPage\",\"@id\":\"https:\\\/\\\/walkingmum.com\\\/fr\\\/produit\\\/tapis-a-langer-coeurs-poppy-mousse\\\/\",\"url\":\"https:\\\/\\\/walkingmum.com\\\/fr\\\/produit\\\/tapis-a-langer-coeurs-poppy-mousse\\\/\",\"name\":\"TAPIS A LANGER COEURS POPPY MOUSSE - Walking Mum\",\"isPartOf\":{\"@id\":\"https:\\\/\\\/walkingmum.com\\\/#website\"},\"primaryImageOfPage\":{\"@id\":\"https:\\\/\\\/walkingmum.com\\\/fr\\\/produit\\\/tapis-a-langer-coeurs-poppy-mousse\\\/#primaryimage\"},\"image\":{\"@id\":\"https:\\\/\\\/walkingmum.com\\\/fr\\\/produit\\\/tapis-a-langer-coeurs-poppy-mousse\\\/#primaryimage\"},\"thumbnailUrl\":\"https:\\\/\\\/walkingmum.com\\\/wp-content\\\/uploads\\\/2024\\\/02\\\/1120800332_a.jpg\",\"datePublished\":\"2024-02-28T09:04:43+00:00\",\"dateModified\":\"2024-02-28T09:07:10+00:00\",\"breadcrumb\":{\"@id\":\"https:\\\/\\\/walkingmum.com\\\/fr\\\/produit\\\/tapis-a-langer-coeurs-poppy-mousse\\\/#breadcrumb\"},\"inLanguage\":\"fr-FR\",\"potentialAction\":[{\"@type\":\"ReadAction\",\"target\":[\"https:\\\/\\\/walkingmum.com\\\/fr\\\/produit\\\/tapis-a-langer-coeurs-poppy-mousse\\\/\"]}]},{\"@type\":\"ImageObject\",\"inLanguage\":\"fr-FR\",\"@id\":\"https:\\\/\\\/walkingmum.com\\\/fr\\\/produit\\\/tapis-a-langer-coeurs-poppy-mousse\\\/#primaryimage\",\"url\":\"https:\\\/\\\/walkingmum.com\\\/wp-content\\\/uploads\\\/2024\\\/02\\\/1120800332_a.jpg\",\"contentUrl\":\"https:\\\/\\\/walkingmum.com\\\/wp-content\\\/uploads\\\/2024\\\/02\\\/1120800332_a.jpg\",\"width\":1200,\"height\":1200},{\"@type\":\"BreadcrumbList\",\"@id\":\"https:\\\/\\\/walkingmum.com\\\/fr\\\/produit\\\/tapis-a-langer-coeurs-poppy-mousse\\\/#breadcrumb\",\"itemListElement\":[{\"@type\":\"ListItem\",\"position\":1,\"name\":\"Portada\",\"item\":\"https:\\\/\\\/walkingmum.com\\\/fr\\\/\"},{\"@type\":\"ListItem\",\"position\":2,\"name\":\"Tienda\",\"item\":\"https:\\\/\\\/walkingmum.com\\\/tienda\\\/\"},{\"@type\":\"ListItem\",\"position\":3,\"name\":\"TAPIS A LANGER COEURS POPPY MOUSSE\"}]},{\"@type\":\"WebSite\",\"@id\":\"https:\\\/\\\/walkingmum.com\\\/#website\",\"url\":\"https:\\\/\\\/walkingmum.com\\\/\",\"name\":\"Walking Mum\",\"description\":\"La marca para beb\u00e9s modernos\",\"potentialAction\":[{\"@type\":\"SearchAction\",\"target\":{\"@type\":\"EntryPoint\",\"urlTemplate\":\"https:\\\/\\\/walkingmum.com\\\/?s={search_term_string}\"},\"query-input\":{\"@type\":\"PropertyValueSpecification\",\"valueRequired\":true,\"valueName\":\"search_term_string\"}}],\"inLanguage\":\"fr-FR\"}]}<\/script>\n<!-- \/ Yoast SEO plugin. -->","yoast_head_json":{"title":"TAPIS A LANGER COEURS POPPY MOUSSE - Walking Mum","robots":{"index":"index","follow":"follow","max-snippet":"max-snippet:-1","max-image-preview":"max-image-preview:large","max-video-preview":"max-video-preview:-1"},"canonical":"https:\/\/walkingmum.com\/fr\/produit\/tapis-a-langer-coeurs-poppy-mousse\/","og_locale":"fr_FR","og_type":"article","og_title":"TAPIS A LANGER COEURS POPPY MOUSSE - Walking Mum","og_description":"Le tapis \u00e0 langer Poppy Mousse avec des c\u009curs est un mod\u00e8le tr\u00e8s confortable, pratique et facile \u00e0 transporter. Un motif sp\u00e9cialement con\u00e7u pour une utilisation lorsque vous avez besoin de changer votre b\u00e9b\u00e9 et qui est pliable pour faciliter son transport partout. C&rsquo;est un design d\u00e9contract\u00e9, \u00e9l\u00e9gant et fonctionnel pr\u00e9sent\u00e9 dans un format pli\u00e9 [&hellip;]","og_url":"https:\/\/walkingmum.com\/fr\/produit\/tapis-a-langer-coeurs-poppy-mousse\/","og_site_name":"Walking Mum","article_modified_time":"2024-02-28T09:07:10+00:00","og_image":[{"width":1200,"height":1200,"url":"https:\/\/walkingmum.com\/wp-content\/uploads\/2024\/02\/1120800332_a.jpg","type":"image\/jpeg"}],"twitter_card":"summary_large_image","twitter_misc":{"Dur\u00e9e de lecture estim\u00e9e":"1 minute"},"schema":{"@context":"https:\/\/schema.org","@graph":[{"@type":"WebPage","@id":"https:\/\/walkingmum.com\/fr\/produit\/tapis-a-langer-coeurs-poppy-mousse\/","url":"https:\/\/walkingmum.com\/fr\/produit\/tapis-a-langer-coeurs-poppy-mousse\/","name":"TAPIS A LANGER COEURS POPPY MOUSSE - Walking Mum","isPartOf":{"@id":"https:\/\/walkingmum.com\/#website"},"primaryImageOfPage":{"@id":"https:\/\/walkingmum.com\/fr\/produit\/tapis-a-langer-coeurs-poppy-mousse\/#primaryimage"},"image":{"@id":"https:\/\/walkingmum.com\/fr\/produit\/tapis-a-langer-coeurs-poppy-mousse\/#primaryimage"},"thumbnailUrl":"https:\/\/walkingmum.com\/wp-content\/uploads\/2024\/02\/1120800332_a.jpg","datePublished":"2024-02-28T09:04:43+00:00","dateModified":"2024-02-28T09:07:10+00:00","breadcrumb":{"@id":"https:\/\/walkingmum.com\/fr\/produit\/tapis-a-langer-coeurs-poppy-mousse\/#breadcrumb"},"inLanguage":"fr-FR","potentialAction":[{"@type":"ReadAction","target":["https:\/\/walkingmum.com\/fr\/produit\/tapis-a-langer-coeurs-poppy-mousse\/"]}]},{"@type":"ImageObject","inLanguage":"fr-FR","@id":"https:\/\/walkingmum.com\/fr\/produit\/tapis-a-langer-coeurs-poppy-mousse\/#primaryimage","url":"https:\/\/walkingmum.com\/wp-content\/uploads\/2024\/02\/1120800332_a.jpg","contentUrl":"https:\/\/walkingmum.com\/wp-content\/uploads\/2024\/02\/1120800332_a.jpg","width":1200,"height":1200},{"@type":"BreadcrumbList","@id":"https:\/\/walkingmum.com\/fr\/produit\/tapis-a-langer-coeurs-poppy-mousse\/#breadcrumb","itemListElement":[{"@type":"ListItem","position":1,"name":"Portada","item":"https:\/\/walkingmum.com\/fr\/"},{"@type":"ListItem","position":2,"name":"Tienda","item":"https:\/\/walkingmum.com\/tienda\/"},{"@type":"ListItem","position":3,"name":"TAPIS A LANGER COEURS POPPY MOUSSE"}]},{"@type":"WebSite","@id":"https:\/\/walkingmum.com\/#website","url":"https:\/\/walkingmum.com\/","name":"Walking Mum","description":"La marca para beb\u00e9s modernos","potentialAction":[{"@type":"SearchAction","target":{"@type":"EntryPoint","urlTemplate":"https:\/\/walkingmum.com\/?s={search_term_string}"},"query-input":{"@type":"PropertyValueSpecification","valueRequired":true,"valueName":"search_term_string"}}],"inLanguage":"fr-FR"}]}},"_links":{"self":[{"href":"https:\/\/walkingmum.com\/fr\/wp-json\/wp\/v2\/product\/26090","targetHints":{"allow":["GET"]}}],"collection":[{"href":"https:\/\/walkingmum.com\/fr\/wp-json\/wp\/v2\/product"}],"about":[{"href":"https:\/\/walkingmum.com\/fr\/wp-json\/wp\/v2\/types\/product"}],"replies":[{"embeddable":true,"href":"https:\/\/walkingmum.com\/fr\/wp-json\/wp\/v2\/comments?post=26090"}],"wp:featuredmedia":[{"embeddable":true,"href":"https:\/\/walkingmum.com\/fr\/wp-json\/wp\/v2\/media\/24550"}],"wp:attachment":[{"href":"https:\/\/walkingmum.com\/fr\/wp-json\/wp\/v2\/media?parent=26090"}],"wp:term":[{"taxonomy":"colecciones","embeddable":true,"href":"https:\/\/walkingmum.com\/fr\/wp-json\/wp\/v2\/colecciones?post=26090"},{"taxonomy":"product_brand","embeddable":true,"href":"https:\/\/walkingmum.com\/fr\/wp-json\/wp\/v2\/product_brand?post=26090"},{"taxonomy":"product_cat","embeddable":true,"href":"https:\/\/walkingmum.com\/fr\/wp-json\/wp\/v2\/product_cat?post=26090"},{"taxonomy":"product_tag","embeddable":true,"href":"https:\/\/walkingmum.com\/fr\/wp-json\/wp\/v2\/product_tag?post=26090"}],"curies":[{"name":"wp","href":"https:\/\/api.w.org\/{rel}","templated":true}]}}