{"id":26085,"date":"2024-02-28T07:45:05","date_gmt":"2024-02-28T09:04:48","guid":{"rendered":"https:\/\/walkingmum.com\/?post_type=product&#038;p=26085"},"modified":"2024-02-28T09:07:15","modified_gmt":"2024-02-28T09:07:15","slug":"valise-a-pois-poppy-cannelle","status":"publish","type":"product","link":"https:\/\/walkingmum.com\/fr\/produit\/valise-a-pois-poppy-cannelle\/","title":{"rendered":"VALISE \u00c0 POIS POPPY CANNELLE"},"content":{"rendered":"<p>La valise b\u00e9b\u00e9 \u00e0 pois Poppy Cannelle est un sac sp\u00e9cialement con\u00e7u pour le moment le plus important de la grossesse, qui est l&rsquo;arriv\u00e9e de votre b\u00e9b\u00e9, un moment o\u00f9 il y a beaucoup de choses \u00e0 pr\u00e9parer. Par cons\u00e9quent, vous avez besoin d&rsquo;un espace confortable pour transporter tout ce qui est n\u00e9cessaire pour vous, le p\u00e8re, et l&rsquo;enfant. Cette valise b\u00e9b\u00e9 est le mod\u00e8le parfait pour couvrir tout ce qui ne peut pas manquer lors de ce jour sp\u00e9cial. Elle est confortable, l\u00e9g\u00e8re et maniable, avec des dimensions rectangulaires et une ouverture pratique pour couvrir tous vos besoins. Elle dispose d&rsquo;une fermeture \u00e9clair s\u00e9curis\u00e9e dans les deux sens qui facilite son ouverture, et comprend une longue sangle pour \u00eatre port\u00e9e sur l&rsquo;\u00e9paule et des poign\u00e9es courtes. De plus, dans le compartiment int\u00e9rieur, elle dispose d&rsquo;une doublure assortie avec des \u00e9lastiques pour maintenir les v\u00eatements en place. Grande qualit\u00e9 et beaucoup de style. Fabriqu\u00e9e dans un mat\u00e9riau r\u00e9sistant et facile \u00e0 nettoyer \u00e0 la main ou en machine \u00e0 30 \u00b0C, elle allie qualit\u00e9 et style. Walking Mum prot\u00e8ge votre b\u00e9b\u00e9 en utilisant les meilleurs tissus, exempts de colorants azo\u00efques et de substances nocives pour la sant\u00e9. Notre collection Walking Mum maintient la qualit\u00e9 de la marque Pasito a Pasito, mais avec une touche particuli\u00e8re de style urbain et moderne qui ne passe pas inaper\u00e7ue, pour habiller vos sorties avec votre b\u00e9b\u00e9 diff\u00e9remment. Les sacs \u00e0 langer de cette ligne sont plus sportifs et pratiques, sp\u00e9cialement con\u00e7us pour les parents modernes qui appr\u00e9cient les designs les plus actuels et tendance sans n\u00e9gliger la qualit\u00e9 et la fonctionnalit\u00e9 des accessoires qui rendent toutes les promenades avec leurs b\u00e9b\u00e9s plus confortables. Sp\u00e9cifications : Mat\u00e9riaux : 100 % coton enduit. Dimensions : 49X37X17 cm.<\/p>\n","protected":false},"excerpt":{"rendered":"<p>La valise b\u00e9b\u00e9 \u00e0 pois Poppy Cannelle est un sac sp\u00e9cialement con\u00e7u pour le moment le plus important de la grossesse, qui est l&rsquo;arriv\u00e9e de votre b\u00e9b\u00e9, un moment o\u00f9 il y a beaucoup de choses \u00e0 pr\u00e9parer. Par cons\u00e9quent, vous avez besoin d&rsquo;un espace confortable pour transporter tout ce qui est n\u00e9cessaire pour vous, [&hellip;]<\/p>\n","protected":false},"featured_media":24461,"comment_status":"closed","ping_status":"open","template":"","meta":{"_acf_changed":false,"inline_featured_image":false},"colecciones":[350],"product_brand":[],"product_cat":[135],"product_tag":[],"class_list":{"0":"post-26085","1":"product","2":"type-product","3":"status-publish","4":"has-post-thumbnail","6":"colecciones-collection-poppy","7":"product_cat-valises","9":"first","10":"instock","11":"purchasable","12":"product-type-simple"},"acf":[],"yoast_head":"<!-- This site is optimized with the Yoast SEO plugin v27.3 - https:\/\/yoast.com\/product\/yoast-seo-wordpress\/ -->\n<title>VALISE \u00c0 POIS POPPY CANNELLE - Walking Mum<\/title>\n<meta name=\"robots\" content=\"index, follow, max-snippet:-1, max-image-preview:large, max-video-preview:-1\" \/>\n<link rel=\"canonical\" href=\"https:\/\/walkingmum.com\/fr\/produit\/valise-a-pois-poppy-cannelle\/\" \/>\n<meta property=\"og:locale\" content=\"fr_FR\" \/>\n<meta property=\"og:type\" content=\"article\" \/>\n<meta property=\"og:title\" content=\"VALISE \u00c0 POIS POPPY CANNELLE - Walking Mum\" \/>\n<meta property=\"og:description\" content=\"La valise b\u00e9b\u00e9 \u00e0 pois Poppy Cannelle est un sac sp\u00e9cialement con\u00e7u pour le moment le plus important de la grossesse, qui est l&rsquo;arriv\u00e9e de votre b\u00e9b\u00e9, un moment o\u00f9 il y a beaucoup de choses \u00e0 pr\u00e9parer. Par cons\u00e9quent, vous avez besoin d&rsquo;un espace confortable pour transporter tout ce qui est n\u00e9cessaire pour vous, [&hellip;]\" \/>\n<meta property=\"og:url\" content=\"https:\/\/walkingmum.com\/fr\/produit\/valise-a-pois-poppy-cannelle\/\" \/>\n<meta property=\"og:site_name\" content=\"Walking Mum\" \/>\n<meta property=\"article:modified_time\" content=\"2024-02-28T09:07:15+00:00\" \/>\n<meta property=\"og:image\" content=\"https:\/\/walkingmum.com\/wp-content\/uploads\/2024\/02\/1120800347_a.jpg\" \/>\n\t<meta property=\"og:image:width\" content=\"1200\" \/>\n\t<meta property=\"og:image:height\" content=\"1200\" \/>\n\t<meta property=\"og:image:type\" content=\"image\/jpeg\" \/>\n<meta name=\"twitter:card\" content=\"summary_large_image\" \/>\n<meta name=\"twitter:label1\" content=\"Dur\u00e9e de lecture estim\u00e9e\" \/>\n\t<meta name=\"twitter:data1\" content=\"2 minutes\" \/>\n<script type=\"application\/ld+json\" class=\"yoast-schema-graph\">{\"@context\":\"https:\\\/\\\/schema.org\",\"@graph\":[{\"@type\":\"WebPage\",\"@id\":\"https:\\\/\\\/walkingmum.com\\\/fr\\\/produit\\\/valise-a-pois-poppy-cannelle\\\/\",\"url\":\"https:\\\/\\\/walkingmum.com\\\/fr\\\/produit\\\/valise-a-pois-poppy-cannelle\\\/\",\"name\":\"VALISE \u00c0 POIS POPPY CANNELLE - Walking Mum\",\"isPartOf\":{\"@id\":\"https:\\\/\\\/walkingmum.com\\\/#website\"},\"primaryImageOfPage\":{\"@id\":\"https:\\\/\\\/walkingmum.com\\\/fr\\\/produit\\\/valise-a-pois-poppy-cannelle\\\/#primaryimage\"},\"image\":{\"@id\":\"https:\\\/\\\/walkingmum.com\\\/fr\\\/produit\\\/valise-a-pois-poppy-cannelle\\\/#primaryimage\"},\"thumbnailUrl\":\"https:\\\/\\\/walkingmum.com\\\/wp-content\\\/uploads\\\/2024\\\/02\\\/1120800347_a.jpg\",\"datePublished\":\"2024-02-28T09:04:48+00:00\",\"dateModified\":\"2024-02-28T09:07:15+00:00\",\"breadcrumb\":{\"@id\":\"https:\\\/\\\/walkingmum.com\\\/fr\\\/produit\\\/valise-a-pois-poppy-cannelle\\\/#breadcrumb\"},\"inLanguage\":\"fr-FR\",\"potentialAction\":[{\"@type\":\"ReadAction\",\"target\":[\"https:\\\/\\\/walkingmum.com\\\/fr\\\/produit\\\/valise-a-pois-poppy-cannelle\\\/\"]}]},{\"@type\":\"ImageObject\",\"inLanguage\":\"fr-FR\",\"@id\":\"https:\\\/\\\/walkingmum.com\\\/fr\\\/produit\\\/valise-a-pois-poppy-cannelle\\\/#primaryimage\",\"url\":\"https:\\\/\\\/walkingmum.com\\\/wp-content\\\/uploads\\\/2024\\\/02\\\/1120800347_a.jpg\",\"contentUrl\":\"https:\\\/\\\/walkingmum.com\\\/wp-content\\\/uploads\\\/2024\\\/02\\\/1120800347_a.jpg\",\"width\":1200,\"height\":1200},{\"@type\":\"BreadcrumbList\",\"@id\":\"https:\\\/\\\/walkingmum.com\\\/fr\\\/produit\\\/valise-a-pois-poppy-cannelle\\\/#breadcrumb\",\"itemListElement\":[{\"@type\":\"ListItem\",\"position\":1,\"name\":\"Portada\",\"item\":\"https:\\\/\\\/walkingmum.com\\\/fr\\\/\"},{\"@type\":\"ListItem\",\"position\":2,\"name\":\"Tienda\",\"item\":\"https:\\\/\\\/walkingmum.com\\\/tienda\\\/\"},{\"@type\":\"ListItem\",\"position\":3,\"name\":\"VALISE \u00c0 POIS POPPY CANNELLE\"}]},{\"@type\":\"WebSite\",\"@id\":\"https:\\\/\\\/walkingmum.com\\\/#website\",\"url\":\"https:\\\/\\\/walkingmum.com\\\/\",\"name\":\"Walking Mum\",\"description\":\"La marca para beb\u00e9s modernos\",\"potentialAction\":[{\"@type\":\"SearchAction\",\"target\":{\"@type\":\"EntryPoint\",\"urlTemplate\":\"https:\\\/\\\/walkingmum.com\\\/?s={search_term_string}\"},\"query-input\":{\"@type\":\"PropertyValueSpecification\",\"valueRequired\":true,\"valueName\":\"search_term_string\"}}],\"inLanguage\":\"fr-FR\"}]}<\/script>\n<!-- \/ Yoast SEO plugin. -->","yoast_head_json":{"title":"VALISE \u00c0 POIS POPPY CANNELLE - Walking Mum","robots":{"index":"index","follow":"follow","max-snippet":"max-snippet:-1","max-image-preview":"max-image-preview:large","max-video-preview":"max-video-preview:-1"},"canonical":"https:\/\/walkingmum.com\/fr\/produit\/valise-a-pois-poppy-cannelle\/","og_locale":"fr_FR","og_type":"article","og_title":"VALISE \u00c0 POIS POPPY CANNELLE - Walking Mum","og_description":"La valise b\u00e9b\u00e9 \u00e0 pois Poppy Cannelle est un sac sp\u00e9cialement con\u00e7u pour le moment le plus important de la grossesse, qui est l&rsquo;arriv\u00e9e de votre b\u00e9b\u00e9, un moment o\u00f9 il y a beaucoup de choses \u00e0 pr\u00e9parer. Par cons\u00e9quent, vous avez besoin d&rsquo;un espace confortable pour transporter tout ce qui est n\u00e9cessaire pour vous, [&hellip;]","og_url":"https:\/\/walkingmum.com\/fr\/produit\/valise-a-pois-poppy-cannelle\/","og_site_name":"Walking Mum","article_modified_time":"2024-02-28T09:07:15+00:00","og_image":[{"width":1200,"height":1200,"url":"https:\/\/walkingmum.com\/wp-content\/uploads\/2024\/02\/1120800347_a.jpg","type":"image\/jpeg"}],"twitter_card":"summary_large_image","twitter_misc":{"Dur\u00e9e de lecture estim\u00e9e":"2 minutes"},"schema":{"@context":"https:\/\/schema.org","@graph":[{"@type":"WebPage","@id":"https:\/\/walkingmum.com\/fr\/produit\/valise-a-pois-poppy-cannelle\/","url":"https:\/\/walkingmum.com\/fr\/produit\/valise-a-pois-poppy-cannelle\/","name":"VALISE \u00c0 POIS POPPY CANNELLE - Walking Mum","isPartOf":{"@id":"https:\/\/walkingmum.com\/#website"},"primaryImageOfPage":{"@id":"https:\/\/walkingmum.com\/fr\/produit\/valise-a-pois-poppy-cannelle\/#primaryimage"},"image":{"@id":"https:\/\/walkingmum.com\/fr\/produit\/valise-a-pois-poppy-cannelle\/#primaryimage"},"thumbnailUrl":"https:\/\/walkingmum.com\/wp-content\/uploads\/2024\/02\/1120800347_a.jpg","datePublished":"2024-02-28T09:04:48+00:00","dateModified":"2024-02-28T09:07:15+00:00","breadcrumb":{"@id":"https:\/\/walkingmum.com\/fr\/produit\/valise-a-pois-poppy-cannelle\/#breadcrumb"},"inLanguage":"fr-FR","potentialAction":[{"@type":"ReadAction","target":["https:\/\/walkingmum.com\/fr\/produit\/valise-a-pois-poppy-cannelle\/"]}]},{"@type":"ImageObject","inLanguage":"fr-FR","@id":"https:\/\/walkingmum.com\/fr\/produit\/valise-a-pois-poppy-cannelle\/#primaryimage","url":"https:\/\/walkingmum.com\/wp-content\/uploads\/2024\/02\/1120800347_a.jpg","contentUrl":"https:\/\/walkingmum.com\/wp-content\/uploads\/2024\/02\/1120800347_a.jpg","width":1200,"height":1200},{"@type":"BreadcrumbList","@id":"https:\/\/walkingmum.com\/fr\/produit\/valise-a-pois-poppy-cannelle\/#breadcrumb","itemListElement":[{"@type":"ListItem","position":1,"name":"Portada","item":"https:\/\/walkingmum.com\/fr\/"},{"@type":"ListItem","position":2,"name":"Tienda","item":"https:\/\/walkingmum.com\/tienda\/"},{"@type":"ListItem","position":3,"name":"VALISE \u00c0 POIS POPPY CANNELLE"}]},{"@type":"WebSite","@id":"https:\/\/walkingmum.com\/#website","url":"https:\/\/walkingmum.com\/","name":"Walking Mum","description":"La marca para beb\u00e9s modernos","potentialAction":[{"@type":"SearchAction","target":{"@type":"EntryPoint","urlTemplate":"https:\/\/walkingmum.com\/?s={search_term_string}"},"query-input":{"@type":"PropertyValueSpecification","valueRequired":true,"valueName":"search_term_string"}}],"inLanguage":"fr-FR"}]}},"_links":{"self":[{"href":"https:\/\/walkingmum.com\/fr\/wp-json\/wp\/v2\/product\/26085","targetHints":{"allow":["GET"]}}],"collection":[{"href":"https:\/\/walkingmum.com\/fr\/wp-json\/wp\/v2\/product"}],"about":[{"href":"https:\/\/walkingmum.com\/fr\/wp-json\/wp\/v2\/types\/product"}],"replies":[{"embeddable":true,"href":"https:\/\/walkingmum.com\/fr\/wp-json\/wp\/v2\/comments?post=26085"}],"wp:featuredmedia":[{"embeddable":true,"href":"https:\/\/walkingmum.com\/fr\/wp-json\/wp\/v2\/media\/24461"}],"wp:attachment":[{"href":"https:\/\/walkingmum.com\/fr\/wp-json\/wp\/v2\/media?parent=26085"}],"wp:term":[{"taxonomy":"colecciones","embeddable":true,"href":"https:\/\/walkingmum.com\/fr\/wp-json\/wp\/v2\/colecciones?post=26085"},{"taxonomy":"product_brand","embeddable":true,"href":"https:\/\/walkingmum.com\/fr\/wp-json\/wp\/v2\/product_brand?post=26085"},{"taxonomy":"product_cat","embeddable":true,"href":"https:\/\/walkingmum.com\/fr\/wp-json\/wp\/v2\/product_cat?post=26085"},{"taxonomy":"product_tag","embeddable":true,"href":"https:\/\/walkingmum.com\/fr\/wp-json\/wp\/v2\/product_tag?post=26085"}],"curies":[{"name":"wp","href":"https:\/\/api.w.org\/{rel}","templated":true}]}}