{"id":26079,"date":"2024-02-28T07:44:56","date_gmt":"2024-02-28T09:04:41","guid":{"rendered":"https:\/\/walkingmum.com\/?post_type=product&#038;p=26079"},"modified":"2024-02-28T09:07:08","modified_gmt":"2024-02-28T09:07:08","slug":"sac-a-dos-coeurs-poppy-cannelle","status":"publish","type":"product","link":"https:\/\/walkingmum.com\/fr\/produit\/sac-a-dos-coeurs-poppy-cannelle\/","title":{"rendered":"SAC A DOS COEURS POPPY CANNELLE"},"content":{"rendered":"<p>Le sac \u00e0 langer \u00e0 motifs de c\u009curs Poppy Cannelle pour poussettes est un mod\u00e8le polyvalent qui fait office de sac panier et de sac \u00e0 dos, alliant modernit\u00e9 et style urbain tout en vous permettant de transporter vos affaires et les essentiels de votre b\u00e9b\u00e9 avec facilit\u00e9 et style lors de toutes vos sorties. Ce sac l\u00e9ger, durable et spacieux est con\u00e7u pour transporter tout ce dont vous avez besoin pour la sortie de votre b\u00e9b\u00e9. Son design comprend de multiples poches ext\u00e9rieures et int\u00e9rieures pour une organisation pratique, y compris des poches pour s\u00e9curiser les biberons, des boucles \u00e9lastiques pour les ustensiles, des compartiments pour les lingettes humides et un porte-bouteille. Il est \u00e9galement livr\u00e9 avec un matelas \u00e0 langer assorti et une poche doubl\u00e9e en plastique pour ranger les v\u00eatements mouill\u00e9s et isoler l&rsquo;humidit\u00e9 du reste du sac. Le sac est dot\u00e9 de deux poign\u00e9es courtes r\u00e9glables pour une fixation facile \u00e0 n&rsquo;importe quel mod\u00e8le de poussette, ainsi que de poign\u00e9es et de bretelles rembourr\u00e9es pour un transport confortable sur votre dos sans causer d&rsquo;inconfort d\u00fb au poids. Fabriqu\u00e9 en mat\u00e9riau de haute qualit\u00e9 et facile \u00e0 nettoyer, il allie durabilit\u00e9 et style. Walking Mum donne la priorit\u00e9 \u00e0 la s\u00e9curit\u00e9 de votre b\u00e9b\u00e9 en utilisant les meilleurs tissus, exempts de colorants et de substances nocifs. Notre collection Walking Mum maintient la qualit\u00e9 de la marque Pasito a Pasito mais avec un style urbain et moderne distinctif qui se d\u00e9marque, offrant un look unique pour vos sorties avec votre b\u00e9b\u00e9. Les sacs \u00e0 langer de cette ligne sont plus sportifs et pratiques, con\u00e7us sp\u00e9cialement pour les parents modernes qui appr\u00e9cient les derni\u00e8res tendances sans compromettre la qualit\u00e9 et la fonctionnalit\u00e9. Sp\u00e9cifications : Mat\u00e9riaux : 100% coton enduit. Dimensions : 28X37X12 cm.<\/p>\n","protected":false},"excerpt":{"rendered":"<p>Le sac \u00e0 langer \u00e0 motifs de c\u009curs Poppy Cannelle pour poussettes est un mod\u00e8le polyvalent qui fait office de sac panier et de sac \u00e0 dos, alliant modernit\u00e9 et style urbain tout en vous permettant de transporter vos affaires et les essentiels de votre b\u00e9b\u00e9 avec facilit\u00e9 et style lors de toutes vos sorties. [&hellip;]<\/p>\n","protected":false},"featured_media":24251,"comment_status":"closed","ping_status":"open","template":"","meta":{"_acf_changed":false,"inline_featured_image":false},"colecciones":[350],"product_brand":[],"product_cat":[132],"product_tag":[],"class_list":{"0":"post-26079","1":"product","2":"type-product","3":"status-publish","4":"has-post-thumbnail","6":"colecciones-collection-poppy","7":"product_cat-sacs-a-dos-a-langer","9":"first","10":"instock","11":"purchasable","12":"product-type-simple"},"acf":[],"yoast_head":"<!-- This site is optimized with the Yoast SEO plugin v27.3 - https:\/\/yoast.com\/product\/yoast-seo-wordpress\/ -->\n<title>SAC A DOS COEURS POPPY CANNELLE - Walking Mum<\/title>\n<meta name=\"robots\" content=\"index, follow, max-snippet:-1, max-image-preview:large, max-video-preview:-1\" \/>\n<link rel=\"canonical\" href=\"https:\/\/walkingmum.com\/fr\/produit\/sac-a-dos-coeurs-poppy-cannelle\/\" \/>\n<meta property=\"og:locale\" content=\"fr_FR\" \/>\n<meta property=\"og:type\" content=\"article\" \/>\n<meta property=\"og:title\" content=\"SAC A DOS COEURS POPPY CANNELLE - Walking Mum\" \/>\n<meta property=\"og:description\" content=\"Le sac \u00e0 langer \u00e0 motifs de c\u009curs Poppy Cannelle pour poussettes est un mod\u00e8le polyvalent qui fait office de sac panier et de sac \u00e0 dos, alliant modernit\u00e9 et style urbain tout en vous permettant de transporter vos affaires et les essentiels de votre b\u00e9b\u00e9 avec facilit\u00e9 et style lors de toutes vos sorties. [&hellip;]\" \/>\n<meta property=\"og:url\" content=\"https:\/\/walkingmum.com\/fr\/produit\/sac-a-dos-coeurs-poppy-cannelle\/\" \/>\n<meta property=\"og:site_name\" content=\"Walking Mum\" \/>\n<meta property=\"article:modified_time\" content=\"2024-02-28T09:07:08+00:00\" \/>\n<meta property=\"og:image\" content=\"https:\/\/walkingmum.com\/wp-content\/uploads\/2024\/02\/1120800325_a.jpg\" \/>\n\t<meta property=\"og:image:width\" content=\"1200\" \/>\n\t<meta property=\"og:image:height\" content=\"1200\" \/>\n\t<meta property=\"og:image:type\" content=\"image\/jpeg\" \/>\n<meta name=\"twitter:card\" content=\"summary_large_image\" \/>\n<meta name=\"twitter:label1\" content=\"Dur\u00e9e de lecture estim\u00e9e\" \/>\n\t<meta name=\"twitter:data1\" content=\"2 minutes\" \/>\n<script type=\"application\/ld+json\" class=\"yoast-schema-graph\">{\"@context\":\"https:\\\/\\\/schema.org\",\"@graph\":[{\"@type\":\"WebPage\",\"@id\":\"https:\\\/\\\/walkingmum.com\\\/fr\\\/produit\\\/sac-a-dos-coeurs-poppy-cannelle\\\/\",\"url\":\"https:\\\/\\\/walkingmum.com\\\/fr\\\/produit\\\/sac-a-dos-coeurs-poppy-cannelle\\\/\",\"name\":\"SAC A DOS COEURS POPPY CANNELLE - Walking Mum\",\"isPartOf\":{\"@id\":\"https:\\\/\\\/walkingmum.com\\\/#website\"},\"primaryImageOfPage\":{\"@id\":\"https:\\\/\\\/walkingmum.com\\\/fr\\\/produit\\\/sac-a-dos-coeurs-poppy-cannelle\\\/#primaryimage\"},\"image\":{\"@id\":\"https:\\\/\\\/walkingmum.com\\\/fr\\\/produit\\\/sac-a-dos-coeurs-poppy-cannelle\\\/#primaryimage\"},\"thumbnailUrl\":\"https:\\\/\\\/walkingmum.com\\\/wp-content\\\/uploads\\\/2024\\\/02\\\/1120800325_a.jpg\",\"datePublished\":\"2024-02-28T09:04:41+00:00\",\"dateModified\":\"2024-02-28T09:07:08+00:00\",\"breadcrumb\":{\"@id\":\"https:\\\/\\\/walkingmum.com\\\/fr\\\/produit\\\/sac-a-dos-coeurs-poppy-cannelle\\\/#breadcrumb\"},\"inLanguage\":\"fr-FR\",\"potentialAction\":[{\"@type\":\"ReadAction\",\"target\":[\"https:\\\/\\\/walkingmum.com\\\/fr\\\/produit\\\/sac-a-dos-coeurs-poppy-cannelle\\\/\"]}]},{\"@type\":\"ImageObject\",\"inLanguage\":\"fr-FR\",\"@id\":\"https:\\\/\\\/walkingmum.com\\\/fr\\\/produit\\\/sac-a-dos-coeurs-poppy-cannelle\\\/#primaryimage\",\"url\":\"https:\\\/\\\/walkingmum.com\\\/wp-content\\\/uploads\\\/2024\\\/02\\\/1120800325_a.jpg\",\"contentUrl\":\"https:\\\/\\\/walkingmum.com\\\/wp-content\\\/uploads\\\/2024\\\/02\\\/1120800325_a.jpg\",\"width\":1200,\"height\":1200},{\"@type\":\"BreadcrumbList\",\"@id\":\"https:\\\/\\\/walkingmum.com\\\/fr\\\/produit\\\/sac-a-dos-coeurs-poppy-cannelle\\\/#breadcrumb\",\"itemListElement\":[{\"@type\":\"ListItem\",\"position\":1,\"name\":\"Portada\",\"item\":\"https:\\\/\\\/walkingmum.com\\\/fr\\\/\"},{\"@type\":\"ListItem\",\"position\":2,\"name\":\"Tienda\",\"item\":\"https:\\\/\\\/walkingmum.com\\\/tienda\\\/\"},{\"@type\":\"ListItem\",\"position\":3,\"name\":\"SAC A DOS COEURS POPPY CANNELLE\"}]},{\"@type\":\"WebSite\",\"@id\":\"https:\\\/\\\/walkingmum.com\\\/#website\",\"url\":\"https:\\\/\\\/walkingmum.com\\\/\",\"name\":\"Walking Mum\",\"description\":\"La marca para beb\u00e9s modernos\",\"potentialAction\":[{\"@type\":\"SearchAction\",\"target\":{\"@type\":\"EntryPoint\",\"urlTemplate\":\"https:\\\/\\\/walkingmum.com\\\/?s={search_term_string}\"},\"query-input\":{\"@type\":\"PropertyValueSpecification\",\"valueRequired\":true,\"valueName\":\"search_term_string\"}}],\"inLanguage\":\"fr-FR\"}]}<\/script>\n<!-- \/ Yoast SEO plugin. -->","yoast_head_json":{"title":"SAC A DOS COEURS POPPY CANNELLE - Walking Mum","robots":{"index":"index","follow":"follow","max-snippet":"max-snippet:-1","max-image-preview":"max-image-preview:large","max-video-preview":"max-video-preview:-1"},"canonical":"https:\/\/walkingmum.com\/fr\/produit\/sac-a-dos-coeurs-poppy-cannelle\/","og_locale":"fr_FR","og_type":"article","og_title":"SAC A DOS COEURS POPPY CANNELLE - Walking Mum","og_description":"Le sac \u00e0 langer \u00e0 motifs de c\u009curs Poppy Cannelle pour poussettes est un mod\u00e8le polyvalent qui fait office de sac panier et de sac \u00e0 dos, alliant modernit\u00e9 et style urbain tout en vous permettant de transporter vos affaires et les essentiels de votre b\u00e9b\u00e9 avec facilit\u00e9 et style lors de toutes vos sorties. [&hellip;]","og_url":"https:\/\/walkingmum.com\/fr\/produit\/sac-a-dos-coeurs-poppy-cannelle\/","og_site_name":"Walking Mum","article_modified_time":"2024-02-28T09:07:08+00:00","og_image":[{"width":1200,"height":1200,"url":"https:\/\/walkingmum.com\/wp-content\/uploads\/2024\/02\/1120800325_a.jpg","type":"image\/jpeg"}],"twitter_card":"summary_large_image","twitter_misc":{"Dur\u00e9e de lecture estim\u00e9e":"2 minutes"},"schema":{"@context":"https:\/\/schema.org","@graph":[{"@type":"WebPage","@id":"https:\/\/walkingmum.com\/fr\/produit\/sac-a-dos-coeurs-poppy-cannelle\/","url":"https:\/\/walkingmum.com\/fr\/produit\/sac-a-dos-coeurs-poppy-cannelle\/","name":"SAC A DOS COEURS POPPY CANNELLE - Walking Mum","isPartOf":{"@id":"https:\/\/walkingmum.com\/#website"},"primaryImageOfPage":{"@id":"https:\/\/walkingmum.com\/fr\/produit\/sac-a-dos-coeurs-poppy-cannelle\/#primaryimage"},"image":{"@id":"https:\/\/walkingmum.com\/fr\/produit\/sac-a-dos-coeurs-poppy-cannelle\/#primaryimage"},"thumbnailUrl":"https:\/\/walkingmum.com\/wp-content\/uploads\/2024\/02\/1120800325_a.jpg","datePublished":"2024-02-28T09:04:41+00:00","dateModified":"2024-02-28T09:07:08+00:00","breadcrumb":{"@id":"https:\/\/walkingmum.com\/fr\/produit\/sac-a-dos-coeurs-poppy-cannelle\/#breadcrumb"},"inLanguage":"fr-FR","potentialAction":[{"@type":"ReadAction","target":["https:\/\/walkingmum.com\/fr\/produit\/sac-a-dos-coeurs-poppy-cannelle\/"]}]},{"@type":"ImageObject","inLanguage":"fr-FR","@id":"https:\/\/walkingmum.com\/fr\/produit\/sac-a-dos-coeurs-poppy-cannelle\/#primaryimage","url":"https:\/\/walkingmum.com\/wp-content\/uploads\/2024\/02\/1120800325_a.jpg","contentUrl":"https:\/\/walkingmum.com\/wp-content\/uploads\/2024\/02\/1120800325_a.jpg","width":1200,"height":1200},{"@type":"BreadcrumbList","@id":"https:\/\/walkingmum.com\/fr\/produit\/sac-a-dos-coeurs-poppy-cannelle\/#breadcrumb","itemListElement":[{"@type":"ListItem","position":1,"name":"Portada","item":"https:\/\/walkingmum.com\/fr\/"},{"@type":"ListItem","position":2,"name":"Tienda","item":"https:\/\/walkingmum.com\/tienda\/"},{"@type":"ListItem","position":3,"name":"SAC A DOS COEURS POPPY CANNELLE"}]},{"@type":"WebSite","@id":"https:\/\/walkingmum.com\/#website","url":"https:\/\/walkingmum.com\/","name":"Walking Mum","description":"La marca para beb\u00e9s modernos","potentialAction":[{"@type":"SearchAction","target":{"@type":"EntryPoint","urlTemplate":"https:\/\/walkingmum.com\/?s={search_term_string}"},"query-input":{"@type":"PropertyValueSpecification","valueRequired":true,"valueName":"search_term_string"}}],"inLanguage":"fr-FR"}]}},"_links":{"self":[{"href":"https:\/\/walkingmum.com\/fr\/wp-json\/wp\/v2\/product\/26079","targetHints":{"allow":["GET"]}}],"collection":[{"href":"https:\/\/walkingmum.com\/fr\/wp-json\/wp\/v2\/product"}],"about":[{"href":"https:\/\/walkingmum.com\/fr\/wp-json\/wp\/v2\/types\/product"}],"replies":[{"embeddable":true,"href":"https:\/\/walkingmum.com\/fr\/wp-json\/wp\/v2\/comments?post=26079"}],"wp:featuredmedia":[{"embeddable":true,"href":"https:\/\/walkingmum.com\/fr\/wp-json\/wp\/v2\/media\/24251"}],"wp:attachment":[{"href":"https:\/\/walkingmum.com\/fr\/wp-json\/wp\/v2\/media?parent=26079"}],"wp:term":[{"taxonomy":"colecciones","embeddable":true,"href":"https:\/\/walkingmum.com\/fr\/wp-json\/wp\/v2\/colecciones?post=26079"},{"taxonomy":"product_brand","embeddable":true,"href":"https:\/\/walkingmum.com\/fr\/wp-json\/wp\/v2\/product_brand?post=26079"},{"taxonomy":"product_cat","embeddable":true,"href":"https:\/\/walkingmum.com\/fr\/wp-json\/wp\/v2\/product_cat?post=26079"},{"taxonomy":"product_tag","embeddable":true,"href":"https:\/\/walkingmum.com\/fr\/wp-json\/wp\/v2\/product_tag?post=26079"}],"curies":[{"name":"wp","href":"https:\/\/api.w.org\/{rel}","templated":true}]}}