{"id":26061,"date":"2024-03-22T08:44:36","date_gmt":"2024-03-22T08:45:46","guid":{"rendered":"https:\/\/walkingmum.com\/?post_type=product&#038;p=26061"},"modified":"2024-03-22T09:50:37","modified_gmt":"2024-03-22T09:50:37","slug":"trousse-de-toilette-mimosa-vert","status":"publish","type":"product","link":"https:\/\/walkingmum.com\/fr\/produit\/trousse-de-toilette-mimosa-vert\/","title":{"rendered":"TROUSSE DE TOILETTE MIMOSA VERT"},"content":{"rendered":"<p>Le sac de toilette b\u00e9b\u00e9 Mimosa Vert avec impression florale est un sac sp\u00e9cialement con\u00e7u pour transporter tous les produits de soins pour notre petite fille ou notre petit gar\u00e7on lorsque nous quittons la maison. C&rsquo;est un mod\u00e8le \u00e9l\u00e9gant qui r\u00e9pond \u00e0 vos besoins. Son design simple et confortable offre une praticit\u00e9 pour transporter tous les articles de toilette de votre b\u00e9b\u00e9, qui, \u00e9tant si petits, sont parfois perdus \u00e0 l&rsquo;int\u00e9rieur du sac \u00e0 langer, mais ici vous pouvez les avoir tous organis\u00e9s et toujours \u00e0 port\u00e9e de main. Il dispose d&rsquo;une fermeture \u00e9clair s\u00e9curis\u00e9e pour \u00e9viter que quoi que ce soit ne tombe. De haute qualit\u00e9 et tr\u00e8s styl\u00e9. Facile \u00e0 nettoyer \u00e0 la main ou en machine \u00e0 laver \u00e0 30\u00b0C. Walking Mum prot\u00e8ge votre b\u00e9b\u00e9 en utilisant les meilleurs tissus, exempts de colorants azo\u00efques et de substances nocives pour la sant\u00e9. Notre collection Walking Mum est con\u00e7ue avec un style urbain et moderne distinctif qui ne passe pas inaper\u00e7u, pour habiller vos sorties avec votre b\u00e9b\u00e9 diff\u00e9remment. Les accessoires de cette ligne sont plus sportifs et pratiques, sp\u00e9cialement con\u00e7us pour les mamans modernes qui appr\u00e9cient les designs les plus r\u00e9cents et les plus tendance sans sacrifier la qualit\u00e9 et la fonctionnalit\u00e9 des accessoires qui rendent toutes les sorties avec leur b\u00e9b\u00e9 plus confortables. Sp\u00e9cifications : Mat\u00e9riaux : 100% coton. Dimensions : 23X10X15 cm.<\/p>\n","protected":false},"excerpt":{"rendered":"<p>Le sac de toilette b\u00e9b\u00e9 Mimosa Vert avec impression florale est un sac sp\u00e9cialement con\u00e7u pour transporter tous les produits de soins pour notre petite fille ou notre petit gar\u00e7on lorsque nous quittons la maison. C&rsquo;est un mod\u00e8le \u00e9l\u00e9gant qui r\u00e9pond \u00e0 vos besoins. Son design simple et confortable offre une praticit\u00e9 pour transporter tous [&hellip;]<\/p>\n","protected":false},"featured_media":23669,"comment_status":"closed","ping_status":"open","template":"","meta":{"_acf_changed":false,"inline_featured_image":false},"colecciones":[354],"product_brand":[],"product_cat":[138],"product_tag":[],"class_list":{"0":"post-26061","1":"product","2":"type-product","3":"status-publish","4":"has-post-thumbnail","6":"colecciones-collection-mimosa","7":"product_cat-accessoires","9":"first","10":"instock","11":"purchasable","12":"product-type-simple"},"acf":[],"yoast_head":"<!-- This site is optimized with the Yoast SEO plugin v27.4 - https:\/\/yoast.com\/product\/yoast-seo-wordpress\/ -->\n<title>TROUSSE DE TOILETTE MIMOSA VERT - Walking Mum<\/title>\n<meta name=\"robots\" content=\"index, follow, max-snippet:-1, max-image-preview:large, max-video-preview:-1\" \/>\n<link rel=\"canonical\" href=\"https:\/\/walkingmum.com\/fr\/produit\/trousse-de-toilette-mimosa-vert\/\" \/>\n<meta property=\"og:locale\" content=\"fr_FR\" \/>\n<meta property=\"og:type\" content=\"article\" \/>\n<meta property=\"og:title\" content=\"TROUSSE DE TOILETTE MIMOSA VERT - Walking Mum\" \/>\n<meta property=\"og:description\" content=\"Le sac de toilette b\u00e9b\u00e9 Mimosa Vert avec impression florale est un sac sp\u00e9cialement con\u00e7u pour transporter tous les produits de soins pour notre petite fille ou notre petit gar\u00e7on lorsque nous quittons la maison. C&rsquo;est un mod\u00e8le \u00e9l\u00e9gant qui r\u00e9pond \u00e0 vos besoins. Son design simple et confortable offre une praticit\u00e9 pour transporter tous [&hellip;]\" \/>\n<meta property=\"og:url\" content=\"https:\/\/walkingmum.com\/fr\/produit\/trousse-de-toilette-mimosa-vert\/\" \/>\n<meta property=\"og:site_name\" content=\"Walking Mum\" \/>\n<meta property=\"article:modified_time\" content=\"2024-03-22T09:50:37+00:00\" \/>\n<meta property=\"og:image\" content=\"https:\/\/walkingmum.com\/wp-content\/uploads\/2024\/02\/1120800304_a.jpg\" \/>\n\t<meta property=\"og:image:width\" content=\"1200\" \/>\n\t<meta property=\"og:image:height\" content=\"1200\" \/>\n\t<meta property=\"og:image:type\" content=\"image\/jpeg\" \/>\n<meta name=\"twitter:card\" content=\"summary_large_image\" \/>\n<meta name=\"twitter:label1\" content=\"Dur\u00e9e de lecture estim\u00e9e\" \/>\n\t<meta name=\"twitter:data1\" content=\"1 minute\" \/>\n<script type=\"application\/ld+json\" class=\"yoast-schema-graph\">{\"@context\":\"https:\\\/\\\/schema.org\",\"@graph\":[{\"@type\":\"WebPage\",\"@id\":\"https:\\\/\\\/walkingmum.com\\\/fr\\\/produit\\\/trousse-de-toilette-mimosa-vert\\\/\",\"url\":\"https:\\\/\\\/walkingmum.com\\\/fr\\\/produit\\\/trousse-de-toilette-mimosa-vert\\\/\",\"name\":\"TROUSSE DE TOILETTE MIMOSA VERT - Walking Mum\",\"isPartOf\":{\"@id\":\"https:\\\/\\\/walkingmum.com\\\/#website\"},\"primaryImageOfPage\":{\"@id\":\"https:\\\/\\\/walkingmum.com\\\/fr\\\/produit\\\/trousse-de-toilette-mimosa-vert\\\/#primaryimage\"},\"image\":{\"@id\":\"https:\\\/\\\/walkingmum.com\\\/fr\\\/produit\\\/trousse-de-toilette-mimosa-vert\\\/#primaryimage\"},\"thumbnailUrl\":\"https:\\\/\\\/walkingmum.com\\\/wp-content\\\/uploads\\\/2024\\\/02\\\/1120800304_a.jpg\",\"datePublished\":\"2024-03-22T08:45:46+00:00\",\"dateModified\":\"2024-03-22T09:50:37+00:00\",\"breadcrumb\":{\"@id\":\"https:\\\/\\\/walkingmum.com\\\/fr\\\/produit\\\/trousse-de-toilette-mimosa-vert\\\/#breadcrumb\"},\"inLanguage\":\"fr-FR\",\"potentialAction\":[{\"@type\":\"ReadAction\",\"target\":[\"https:\\\/\\\/walkingmum.com\\\/fr\\\/produit\\\/trousse-de-toilette-mimosa-vert\\\/\"]}]},{\"@type\":\"ImageObject\",\"inLanguage\":\"fr-FR\",\"@id\":\"https:\\\/\\\/walkingmum.com\\\/fr\\\/produit\\\/trousse-de-toilette-mimosa-vert\\\/#primaryimage\",\"url\":\"https:\\\/\\\/walkingmum.com\\\/wp-content\\\/uploads\\\/2024\\\/02\\\/1120800304_a.jpg\",\"contentUrl\":\"https:\\\/\\\/walkingmum.com\\\/wp-content\\\/uploads\\\/2024\\\/02\\\/1120800304_a.jpg\",\"width\":1200,\"height\":1200},{\"@type\":\"BreadcrumbList\",\"@id\":\"https:\\\/\\\/walkingmum.com\\\/fr\\\/produit\\\/trousse-de-toilette-mimosa-vert\\\/#breadcrumb\",\"itemListElement\":[{\"@type\":\"ListItem\",\"position\":1,\"name\":\"Portada\",\"item\":\"https:\\\/\\\/walkingmum.com\\\/fr\\\/\"},{\"@type\":\"ListItem\",\"position\":2,\"name\":\"Tienda\",\"item\":\"https:\\\/\\\/walkingmum.com\\\/tienda\\\/\"},{\"@type\":\"ListItem\",\"position\":3,\"name\":\"TROUSSE DE TOILETTE MIMOSA VERT\"}]},{\"@type\":\"WebSite\",\"@id\":\"https:\\\/\\\/walkingmum.com\\\/#website\",\"url\":\"https:\\\/\\\/walkingmum.com\\\/\",\"name\":\"Walking Mum\",\"description\":\"La marca para beb\u00e9s modernos\",\"potentialAction\":[{\"@type\":\"SearchAction\",\"target\":{\"@type\":\"EntryPoint\",\"urlTemplate\":\"https:\\\/\\\/walkingmum.com\\\/?s={search_term_string}\"},\"query-input\":{\"@type\":\"PropertyValueSpecification\",\"valueRequired\":true,\"valueName\":\"search_term_string\"}}],\"inLanguage\":\"fr-FR\"}]}<\/script>\n<!-- \/ Yoast SEO plugin. -->","yoast_head_json":{"title":"TROUSSE DE TOILETTE MIMOSA VERT - Walking Mum","robots":{"index":"index","follow":"follow","max-snippet":"max-snippet:-1","max-image-preview":"max-image-preview:large","max-video-preview":"max-video-preview:-1"},"canonical":"https:\/\/walkingmum.com\/fr\/produit\/trousse-de-toilette-mimosa-vert\/","og_locale":"fr_FR","og_type":"article","og_title":"TROUSSE DE TOILETTE MIMOSA VERT - Walking Mum","og_description":"Le sac de toilette b\u00e9b\u00e9 Mimosa Vert avec impression florale est un sac sp\u00e9cialement con\u00e7u pour transporter tous les produits de soins pour notre petite fille ou notre petit gar\u00e7on lorsque nous quittons la maison. C&rsquo;est un mod\u00e8le \u00e9l\u00e9gant qui r\u00e9pond \u00e0 vos besoins. Son design simple et confortable offre une praticit\u00e9 pour transporter tous [&hellip;]","og_url":"https:\/\/walkingmum.com\/fr\/produit\/trousse-de-toilette-mimosa-vert\/","og_site_name":"Walking Mum","article_modified_time":"2024-03-22T09:50:37+00:00","og_image":[{"width":1200,"height":1200,"url":"https:\/\/walkingmum.com\/wp-content\/uploads\/2024\/02\/1120800304_a.jpg","type":"image\/jpeg"}],"twitter_card":"summary_large_image","twitter_misc":{"Dur\u00e9e de lecture estim\u00e9e":"1 minute"},"schema":{"@context":"https:\/\/schema.org","@graph":[{"@type":"WebPage","@id":"https:\/\/walkingmum.com\/fr\/produit\/trousse-de-toilette-mimosa-vert\/","url":"https:\/\/walkingmum.com\/fr\/produit\/trousse-de-toilette-mimosa-vert\/","name":"TROUSSE DE TOILETTE MIMOSA VERT - Walking Mum","isPartOf":{"@id":"https:\/\/walkingmum.com\/#website"},"primaryImageOfPage":{"@id":"https:\/\/walkingmum.com\/fr\/produit\/trousse-de-toilette-mimosa-vert\/#primaryimage"},"image":{"@id":"https:\/\/walkingmum.com\/fr\/produit\/trousse-de-toilette-mimosa-vert\/#primaryimage"},"thumbnailUrl":"https:\/\/walkingmum.com\/wp-content\/uploads\/2024\/02\/1120800304_a.jpg","datePublished":"2024-03-22T08:45:46+00:00","dateModified":"2024-03-22T09:50:37+00:00","breadcrumb":{"@id":"https:\/\/walkingmum.com\/fr\/produit\/trousse-de-toilette-mimosa-vert\/#breadcrumb"},"inLanguage":"fr-FR","potentialAction":[{"@type":"ReadAction","target":["https:\/\/walkingmum.com\/fr\/produit\/trousse-de-toilette-mimosa-vert\/"]}]},{"@type":"ImageObject","inLanguage":"fr-FR","@id":"https:\/\/walkingmum.com\/fr\/produit\/trousse-de-toilette-mimosa-vert\/#primaryimage","url":"https:\/\/walkingmum.com\/wp-content\/uploads\/2024\/02\/1120800304_a.jpg","contentUrl":"https:\/\/walkingmum.com\/wp-content\/uploads\/2024\/02\/1120800304_a.jpg","width":1200,"height":1200},{"@type":"BreadcrumbList","@id":"https:\/\/walkingmum.com\/fr\/produit\/trousse-de-toilette-mimosa-vert\/#breadcrumb","itemListElement":[{"@type":"ListItem","position":1,"name":"Portada","item":"https:\/\/walkingmum.com\/fr\/"},{"@type":"ListItem","position":2,"name":"Tienda","item":"https:\/\/walkingmum.com\/tienda\/"},{"@type":"ListItem","position":3,"name":"TROUSSE DE TOILETTE MIMOSA VERT"}]},{"@type":"WebSite","@id":"https:\/\/walkingmum.com\/#website","url":"https:\/\/walkingmum.com\/","name":"Walking Mum","description":"La marca para beb\u00e9s modernos","potentialAction":[{"@type":"SearchAction","target":{"@type":"EntryPoint","urlTemplate":"https:\/\/walkingmum.com\/?s={search_term_string}"},"query-input":{"@type":"PropertyValueSpecification","valueRequired":true,"valueName":"search_term_string"}}],"inLanguage":"fr-FR"}]}},"_links":{"self":[{"href":"https:\/\/walkingmum.com\/fr\/wp-json\/wp\/v2\/product\/26061","targetHints":{"allow":["GET"]}}],"collection":[{"href":"https:\/\/walkingmum.com\/fr\/wp-json\/wp\/v2\/product"}],"about":[{"href":"https:\/\/walkingmum.com\/fr\/wp-json\/wp\/v2\/types\/product"}],"replies":[{"embeddable":true,"href":"https:\/\/walkingmum.com\/fr\/wp-json\/wp\/v2\/comments?post=26061"}],"wp:featuredmedia":[{"embeddable":true,"href":"https:\/\/walkingmum.com\/fr\/wp-json\/wp\/v2\/media\/23669"}],"wp:attachment":[{"href":"https:\/\/walkingmum.com\/fr\/wp-json\/wp\/v2\/media?parent=26061"}],"wp:term":[{"taxonomy":"colecciones","embeddable":true,"href":"https:\/\/walkingmum.com\/fr\/wp-json\/wp\/v2\/colecciones?post=26061"},{"taxonomy":"product_brand","embeddable":true,"href":"https:\/\/walkingmum.com\/fr\/wp-json\/wp\/v2\/product_brand?post=26061"},{"taxonomy":"product_cat","embeddable":true,"href":"https:\/\/walkingmum.com\/fr\/wp-json\/wp\/v2\/product_cat?post=26061"},{"taxonomy":"product_tag","embeddable":true,"href":"https:\/\/walkingmum.com\/fr\/wp-json\/wp\/v2\/product_tag?post=26061"}],"curies":[{"name":"wp","href":"https:\/\/api.w.org\/{rel}","templated":true}]}}