{"id":26058,"date":"2024-03-22T08:44:41","date_gmt":"2024-03-22T08:45:42","guid":{"rendered":"https:\/\/walkingmum.com\/?post_type=product&#038;p=26058"},"modified":"2024-03-22T09:50:33","modified_gmt":"2024-03-22T09:50:33","slug":"tapis-a-langer-mimosa-rose","status":"publish","type":"product","link":"https:\/\/walkingmum.com\/fr\/produit\/tapis-a-langer-mimosa-rose\/","title":{"rendered":"TAPIS A LANGER MIMOSA ROSE"},"content":{"rendered":"<p>Le tapis \u00e0 langer Mimosa Rose avec impression florale est un mod\u00e8le tr\u00e8s confortable, pratique et facile \u00e0 transporter. Sp\u00e9cialement con\u00e7u pour changer votre b\u00e9b\u00e9, il est pliable pour faciliter son transport partout o\u00f9 vous allez. Il pr\u00e9sente un design d\u00e9contract\u00e9, \u00e9l\u00e9gant et fonctionnel pr\u00e9sent\u00e9 sous forme pli\u00e9e pour le rendre totalement portable sans prendre beaucoup de place dans n&rsquo;importe quel sac o\u00f9 vous le rangez. Il dispose de sangles de maintien qui le maintiennent ferm\u00e9 pour r\u00e9duire sa taille et lui permettre de s&rsquo;adapter \u00e0 l&rsquo;int\u00e9rieur du sac \u00e0 langer. Le tapis \u00e0 langer pour b\u00e9b\u00e9 a une doublure int\u00e9rieure rembourr\u00e9e et imperm\u00e9able pour faciliter le nettoyage en surface une fois que vous avez fini de l&rsquo;utiliser et ainsi \u00e9viter l&rsquo;accumulation d&rsquo;odeurs \u00e0 l&rsquo;int\u00e9rieur. De haute qualit\u00e9 et tr\u00e8s styl\u00e9. Fabriqu\u00e9 dans un mat\u00e9riau durable et facile \u00e0 nettoyer. Walking Mum prot\u00e8ge votre b\u00e9b\u00e9 en utilisant les meilleurs tissus, exempts de colorants azo\u00efques et de substances nocives pour la sant\u00e9. Notre collection Walking Mum est con\u00e7ue avec un style urbain et moderne distinctif qui ne passe pas inaper\u00e7u, pour habiller vos sorties avec votre b\u00e9b\u00e9 diff\u00e9remment. Les accessoires de maternit\u00e9 de cette ligne sont plus sportifs et pratiques, sp\u00e9cialement con\u00e7us pour les mamans et les papas modernes qui appr\u00e9cient les derniers designs et tendances sans sacrifier la qualit\u00e9 et la fonctionnalit\u00e9 des accessoires qui rendent toutes les sorties avec leur b\u00e9b\u00e9 plus confortables. Sp\u00e9cifications : Mat\u00e9riaux : 100% coton. Dimensions : 34X66X1 cm.<\/p>\n","protected":false},"excerpt":{"rendered":"<p>Le tapis \u00e0 langer Mimosa Rose avec impression florale est un mod\u00e8le tr\u00e8s confortable, pratique et facile \u00e0 transporter. Sp\u00e9cialement con\u00e7u pour changer votre b\u00e9b\u00e9, il est pliable pour faciliter son transport partout o\u00f9 vous allez. Il pr\u00e9sente un design d\u00e9contract\u00e9, \u00e9l\u00e9gant et fonctionnel pr\u00e9sent\u00e9 sous forme pli\u00e9e pour le rendre totalement portable sans prendre [&hellip;]<\/p>\n","protected":false},"featured_media":23626,"comment_status":"closed","ping_status":"open","template":"","meta":{"_acf_changed":false,"inline_featured_image":false},"colecciones":[354],"product_brand":[],"product_cat":[138],"product_tag":[],"class_list":{"0":"post-26058","1":"product","2":"type-product","3":"status-publish","4":"has-post-thumbnail","6":"colecciones-collection-mimosa","7":"product_cat-accessoires","9":"first","10":"instock","11":"purchasable","12":"product-type-simple"},"acf":[],"yoast_head":"<!-- This site is optimized with the Yoast SEO plugin v27.4 - https:\/\/yoast.com\/product\/yoast-seo-wordpress\/ -->\n<title>TAPIS A LANGER MIMOSA ROSE - Walking Mum<\/title>\n<meta name=\"robots\" content=\"index, follow, max-snippet:-1, max-image-preview:large, max-video-preview:-1\" \/>\n<link rel=\"canonical\" href=\"https:\/\/walkingmum.com\/fr\/produit\/tapis-a-langer-mimosa-rose\/\" \/>\n<meta property=\"og:locale\" content=\"fr_FR\" \/>\n<meta property=\"og:type\" content=\"article\" \/>\n<meta property=\"og:title\" content=\"TAPIS A LANGER MIMOSA ROSE - Walking Mum\" \/>\n<meta property=\"og:description\" content=\"Le tapis \u00e0 langer Mimosa Rose avec impression florale est un mod\u00e8le tr\u00e8s confortable, pratique et facile \u00e0 transporter. Sp\u00e9cialement con\u00e7u pour changer votre b\u00e9b\u00e9, il est pliable pour faciliter son transport partout o\u00f9 vous allez. Il pr\u00e9sente un design d\u00e9contract\u00e9, \u00e9l\u00e9gant et fonctionnel pr\u00e9sent\u00e9 sous forme pli\u00e9e pour le rendre totalement portable sans prendre [&hellip;]\" \/>\n<meta property=\"og:url\" content=\"https:\/\/walkingmum.com\/fr\/produit\/tapis-a-langer-mimosa-rose\/\" \/>\n<meta property=\"og:site_name\" content=\"Walking Mum\" \/>\n<meta property=\"article:modified_time\" content=\"2024-03-22T09:50:33+00:00\" \/>\n<meta property=\"og:image\" content=\"https:\/\/walkingmum.com\/wp-content\/uploads\/2024\/02\/1120800301_a.jpg\" \/>\n\t<meta property=\"og:image:width\" content=\"1200\" \/>\n\t<meta property=\"og:image:height\" content=\"1200\" \/>\n\t<meta property=\"og:image:type\" content=\"image\/jpeg\" \/>\n<meta name=\"twitter:card\" content=\"summary_large_image\" \/>\n<meta name=\"twitter:label1\" content=\"Dur\u00e9e de lecture estim\u00e9e\" \/>\n\t<meta name=\"twitter:data1\" content=\"1 minute\" \/>\n<script type=\"application\/ld+json\" class=\"yoast-schema-graph\">{\"@context\":\"https:\\\/\\\/schema.org\",\"@graph\":[{\"@type\":\"WebPage\",\"@id\":\"https:\\\/\\\/walkingmum.com\\\/fr\\\/produit\\\/tapis-a-langer-mimosa-rose\\\/\",\"url\":\"https:\\\/\\\/walkingmum.com\\\/fr\\\/produit\\\/tapis-a-langer-mimosa-rose\\\/\",\"name\":\"TAPIS A LANGER MIMOSA ROSE - Walking Mum\",\"isPartOf\":{\"@id\":\"https:\\\/\\\/walkingmum.com\\\/#website\"},\"primaryImageOfPage\":{\"@id\":\"https:\\\/\\\/walkingmum.com\\\/fr\\\/produit\\\/tapis-a-langer-mimosa-rose\\\/#primaryimage\"},\"image\":{\"@id\":\"https:\\\/\\\/walkingmum.com\\\/fr\\\/produit\\\/tapis-a-langer-mimosa-rose\\\/#primaryimage\"},\"thumbnailUrl\":\"https:\\\/\\\/walkingmum.com\\\/wp-content\\\/uploads\\\/2024\\\/02\\\/1120800301_a.jpg\",\"datePublished\":\"2024-03-22T08:45:42+00:00\",\"dateModified\":\"2024-03-22T09:50:33+00:00\",\"breadcrumb\":{\"@id\":\"https:\\\/\\\/walkingmum.com\\\/fr\\\/produit\\\/tapis-a-langer-mimosa-rose\\\/#breadcrumb\"},\"inLanguage\":\"fr-FR\",\"potentialAction\":[{\"@type\":\"ReadAction\",\"target\":[\"https:\\\/\\\/walkingmum.com\\\/fr\\\/produit\\\/tapis-a-langer-mimosa-rose\\\/\"]}]},{\"@type\":\"ImageObject\",\"inLanguage\":\"fr-FR\",\"@id\":\"https:\\\/\\\/walkingmum.com\\\/fr\\\/produit\\\/tapis-a-langer-mimosa-rose\\\/#primaryimage\",\"url\":\"https:\\\/\\\/walkingmum.com\\\/wp-content\\\/uploads\\\/2024\\\/02\\\/1120800301_a.jpg\",\"contentUrl\":\"https:\\\/\\\/walkingmum.com\\\/wp-content\\\/uploads\\\/2024\\\/02\\\/1120800301_a.jpg\",\"width\":1200,\"height\":1200},{\"@type\":\"BreadcrumbList\",\"@id\":\"https:\\\/\\\/walkingmum.com\\\/fr\\\/produit\\\/tapis-a-langer-mimosa-rose\\\/#breadcrumb\",\"itemListElement\":[{\"@type\":\"ListItem\",\"position\":1,\"name\":\"Portada\",\"item\":\"https:\\\/\\\/walkingmum.com\\\/fr\\\/\"},{\"@type\":\"ListItem\",\"position\":2,\"name\":\"Tienda\",\"item\":\"https:\\\/\\\/walkingmum.com\\\/tienda\\\/\"},{\"@type\":\"ListItem\",\"position\":3,\"name\":\"TAPIS A LANGER MIMOSA ROSE\"}]},{\"@type\":\"WebSite\",\"@id\":\"https:\\\/\\\/walkingmum.com\\\/#website\",\"url\":\"https:\\\/\\\/walkingmum.com\\\/\",\"name\":\"Walking Mum\",\"description\":\"La marca para beb\u00e9s modernos\",\"potentialAction\":[{\"@type\":\"SearchAction\",\"target\":{\"@type\":\"EntryPoint\",\"urlTemplate\":\"https:\\\/\\\/walkingmum.com\\\/?s={search_term_string}\"},\"query-input\":{\"@type\":\"PropertyValueSpecification\",\"valueRequired\":true,\"valueName\":\"search_term_string\"}}],\"inLanguage\":\"fr-FR\"}]}<\/script>\n<!-- \/ Yoast SEO plugin. -->","yoast_head_json":{"title":"TAPIS A LANGER MIMOSA ROSE - Walking Mum","robots":{"index":"index","follow":"follow","max-snippet":"max-snippet:-1","max-image-preview":"max-image-preview:large","max-video-preview":"max-video-preview:-1"},"canonical":"https:\/\/walkingmum.com\/fr\/produit\/tapis-a-langer-mimosa-rose\/","og_locale":"fr_FR","og_type":"article","og_title":"TAPIS A LANGER MIMOSA ROSE - Walking Mum","og_description":"Le tapis \u00e0 langer Mimosa Rose avec impression florale est un mod\u00e8le tr\u00e8s confortable, pratique et facile \u00e0 transporter. Sp\u00e9cialement con\u00e7u pour changer votre b\u00e9b\u00e9, il est pliable pour faciliter son transport partout o\u00f9 vous allez. Il pr\u00e9sente un design d\u00e9contract\u00e9, \u00e9l\u00e9gant et fonctionnel pr\u00e9sent\u00e9 sous forme pli\u00e9e pour le rendre totalement portable sans prendre [&hellip;]","og_url":"https:\/\/walkingmum.com\/fr\/produit\/tapis-a-langer-mimosa-rose\/","og_site_name":"Walking Mum","article_modified_time":"2024-03-22T09:50:33+00:00","og_image":[{"width":1200,"height":1200,"url":"https:\/\/walkingmum.com\/wp-content\/uploads\/2024\/02\/1120800301_a.jpg","type":"image\/jpeg"}],"twitter_card":"summary_large_image","twitter_misc":{"Dur\u00e9e de lecture estim\u00e9e":"1 minute"},"schema":{"@context":"https:\/\/schema.org","@graph":[{"@type":"WebPage","@id":"https:\/\/walkingmum.com\/fr\/produit\/tapis-a-langer-mimosa-rose\/","url":"https:\/\/walkingmum.com\/fr\/produit\/tapis-a-langer-mimosa-rose\/","name":"TAPIS A LANGER MIMOSA ROSE - Walking Mum","isPartOf":{"@id":"https:\/\/walkingmum.com\/#website"},"primaryImageOfPage":{"@id":"https:\/\/walkingmum.com\/fr\/produit\/tapis-a-langer-mimosa-rose\/#primaryimage"},"image":{"@id":"https:\/\/walkingmum.com\/fr\/produit\/tapis-a-langer-mimosa-rose\/#primaryimage"},"thumbnailUrl":"https:\/\/walkingmum.com\/wp-content\/uploads\/2024\/02\/1120800301_a.jpg","datePublished":"2024-03-22T08:45:42+00:00","dateModified":"2024-03-22T09:50:33+00:00","breadcrumb":{"@id":"https:\/\/walkingmum.com\/fr\/produit\/tapis-a-langer-mimosa-rose\/#breadcrumb"},"inLanguage":"fr-FR","potentialAction":[{"@type":"ReadAction","target":["https:\/\/walkingmum.com\/fr\/produit\/tapis-a-langer-mimosa-rose\/"]}]},{"@type":"ImageObject","inLanguage":"fr-FR","@id":"https:\/\/walkingmum.com\/fr\/produit\/tapis-a-langer-mimosa-rose\/#primaryimage","url":"https:\/\/walkingmum.com\/wp-content\/uploads\/2024\/02\/1120800301_a.jpg","contentUrl":"https:\/\/walkingmum.com\/wp-content\/uploads\/2024\/02\/1120800301_a.jpg","width":1200,"height":1200},{"@type":"BreadcrumbList","@id":"https:\/\/walkingmum.com\/fr\/produit\/tapis-a-langer-mimosa-rose\/#breadcrumb","itemListElement":[{"@type":"ListItem","position":1,"name":"Portada","item":"https:\/\/walkingmum.com\/fr\/"},{"@type":"ListItem","position":2,"name":"Tienda","item":"https:\/\/walkingmum.com\/tienda\/"},{"@type":"ListItem","position":3,"name":"TAPIS A LANGER MIMOSA ROSE"}]},{"@type":"WebSite","@id":"https:\/\/walkingmum.com\/#website","url":"https:\/\/walkingmum.com\/","name":"Walking Mum","description":"La marca para beb\u00e9s modernos","potentialAction":[{"@type":"SearchAction","target":{"@type":"EntryPoint","urlTemplate":"https:\/\/walkingmum.com\/?s={search_term_string}"},"query-input":{"@type":"PropertyValueSpecification","valueRequired":true,"valueName":"search_term_string"}}],"inLanguage":"fr-FR"}]}},"_links":{"self":[{"href":"https:\/\/walkingmum.com\/fr\/wp-json\/wp\/v2\/product\/26058","targetHints":{"allow":["GET"]}}],"collection":[{"href":"https:\/\/walkingmum.com\/fr\/wp-json\/wp\/v2\/product"}],"about":[{"href":"https:\/\/walkingmum.com\/fr\/wp-json\/wp\/v2\/types\/product"}],"replies":[{"embeddable":true,"href":"https:\/\/walkingmum.com\/fr\/wp-json\/wp\/v2\/comments?post=26058"}],"wp:featuredmedia":[{"embeddable":true,"href":"https:\/\/walkingmum.com\/fr\/wp-json\/wp\/v2\/media\/23626"}],"wp:attachment":[{"href":"https:\/\/walkingmum.com\/fr\/wp-json\/wp\/v2\/media?parent=26058"}],"wp:term":[{"taxonomy":"colecciones","embeddable":true,"href":"https:\/\/walkingmum.com\/fr\/wp-json\/wp\/v2\/colecciones?post=26058"},{"taxonomy":"product_brand","embeddable":true,"href":"https:\/\/walkingmum.com\/fr\/wp-json\/wp\/v2\/product_brand?post=26058"},{"taxonomy":"product_cat","embeddable":true,"href":"https:\/\/walkingmum.com\/fr\/wp-json\/wp\/v2\/product_cat?post=26058"},{"taxonomy":"product_tag","embeddable":true,"href":"https:\/\/walkingmum.com\/fr\/wp-json\/wp\/v2\/product_tag?post=26058"}],"curies":[{"name":"wp","href":"https:\/\/api.w.org\/{rel}","templated":true}]}}