{"id":26052,"date":"2024-03-22T08:44:38","date_gmt":"2024-03-22T08:45:44","guid":{"rendered":"https:\/\/walkingmum.com\/?post_type=product&#038;p=26052"},"modified":"2024-03-22T09:50:35","modified_gmt":"2024-03-22T09:50:35","slug":"sac-a-dos-mimosa-rose","status":"publish","type":"product","link":"https:\/\/walkingmum.com\/fr\/produit\/sac-a-dos-mimosa-rose\/","title":{"rendered":"SAC A DOS MIMOSA ROSE"},"content":{"rendered":"<p>Un sac \u00e0 langer et un sac \u00e0 dos en un, id\u00e9al pour transporter \u00e0 la fois vos essentiels et ceux de votre b\u00e9b\u00e9, avec beaucoup de style, lors de toutes vos sorties. Le sac \u00e0 dos Mimosa Rose avec impression florale est fabriqu\u00e9 \u00e0 100% en coton avec un traitement imperm\u00e9able. Ce sac \u00e0 dos pour poussette est un mod\u00e8le multifonctionnel, tr\u00e8s l\u00e9ger, durable et avec une grande capacit\u00e9 pour transporter tout ce dont vous avez besoin pour la sortie de votre b\u00e9b\u00e9. Son design comprend plusieurs poches ext\u00e9rieures et int\u00e9rieures pour garder tout organis\u00e9 et \u00e0 port\u00e9e de main. Il dispose de poches pour ranger les bouteilles en toute s\u00e9curit\u00e9, de compartiments pour les ustensiles, les lingettes humides et m\u00eame d&rsquo;un porte-biberon. Il comprend un tapis \u00e0 langer assorti et une poche doubl\u00e9e de plastique pour ranger les v\u00eatements mouill\u00e9s et isoler l&rsquo;humidit\u00e9 du reste du sac \u00e0 dos. Le sac comprend 2 poign\u00e9es courtes r\u00e9glables qui facilitent sa fixation sur n&rsquo;importe quel mod\u00e8le de poussette, des sangles \u00e0 main et des bretelles rembourr\u00e9es pour le porter confortablement sur le dos sans causer d&rsquo;inconfort d\u00fb au poids. De haute qualit\u00e9 et plein de style. Fabriqu\u00e9 \u00e0 100% en coton avec un traitement imperm\u00e9able, il est facile \u00e0 nettoyer \u00e0 la main ou en machine. Walking Mum prot\u00e8ge votre b\u00e9b\u00e9 en utilisant les meilleurs tissus, exempts de colorants azo\u00efques et de substances nocives. Notre collection Walking Mum maintient toute la qualit\u00e9 de la marque Pasito a Pasito mais avec un style urbain et moderne distinctif qui ne passe pas inaper\u00e7u, pour habiller vos sorties avec votre b\u00e9b\u00e9 diff\u00e9remment. Les sacs \u00e0 langer de maternit\u00e9 de cette ligne sont plus sportifs et pratiques, sp\u00e9cialement con\u00e7us pour les mamans et les papas modernes qui appr\u00e9cient les derniers designs et tendances sans sacrifier la qualit\u00e9 et la fonctionnalit\u00e9 des accessoires qui compl\u00e8tent et rendent toutes les sorties avec leur b\u00e9b\u00e9 plus confortables. Sp\u00e9cifications : Mat\u00e9riaux : 100% coton. Dimensions : 36X26X12 cm.<\/p>\n","protected":false},"excerpt":{"rendered":"<p>Un sac \u00e0 langer et un sac \u00e0 dos en un, id\u00e9al pour transporter \u00e0 la fois vos essentiels et ceux de votre b\u00e9b\u00e9, avec beaucoup de style, lors de toutes vos sorties. Le sac \u00e0 dos Mimosa Rose avec impression florale est fabriqu\u00e9 \u00e0 100% en coton avec un traitement imperm\u00e9able. Ce sac \u00e0 [&hellip;]<\/p>\n","protected":false},"featured_media":23404,"comment_status":"closed","ping_status":"open","template":"","meta":{"_acf_changed":false,"inline_featured_image":false},"colecciones":[354],"product_brand":[],"product_cat":[132],"product_tag":[],"class_list":{"0":"post-26052","1":"product","2":"type-product","3":"status-publish","4":"has-post-thumbnail","6":"colecciones-collection-mimosa","7":"product_cat-sacs-a-dos-a-langer","9":"first","10":"instock","11":"purchasable","12":"product-type-simple"},"acf":[],"yoast_head":"<!-- This site is optimized with the Yoast SEO plugin v27.5 - https:\/\/yoast.com\/product\/yoast-seo-wordpress\/ -->\n<title>SAC A DOS MIMOSA ROSE - Walking Mum<\/title>\n<meta name=\"robots\" content=\"index, follow, max-snippet:-1, max-image-preview:large, max-video-preview:-1\" \/>\n<link rel=\"canonical\" href=\"https:\/\/walkingmum.com\/fr\/produit\/sac-a-dos-mimosa-rose\/\" \/>\n<meta property=\"og:locale\" content=\"fr_FR\" \/>\n<meta property=\"og:type\" content=\"article\" \/>\n<meta property=\"og:title\" content=\"SAC A DOS MIMOSA ROSE - Walking Mum\" \/>\n<meta property=\"og:description\" content=\"Un sac \u00e0 langer et un sac \u00e0 dos en un, id\u00e9al pour transporter \u00e0 la fois vos essentiels et ceux de votre b\u00e9b\u00e9, avec beaucoup de style, lors de toutes vos sorties. Le sac \u00e0 dos Mimosa Rose avec impression florale est fabriqu\u00e9 \u00e0 100% en coton avec un traitement imperm\u00e9able. Ce sac \u00e0 [&hellip;]\" \/>\n<meta property=\"og:url\" content=\"https:\/\/walkingmum.com\/fr\/produit\/sac-a-dos-mimosa-rose\/\" \/>\n<meta property=\"og:site_name\" content=\"Walking Mum\" \/>\n<meta property=\"article:modified_time\" content=\"2024-03-22T09:50:35+00:00\" \/>\n<meta property=\"og:image\" content=\"https:\/\/walkingmum.com\/wp-content\/uploads\/2024\/02\/1120800295_a.jpg\" \/>\n\t<meta property=\"og:image:width\" content=\"1200\" \/>\n\t<meta property=\"og:image:height\" content=\"1200\" \/>\n\t<meta property=\"og:image:type\" content=\"image\/jpeg\" \/>\n<meta name=\"twitter:card\" content=\"summary_large_image\" \/>\n<meta name=\"twitter:label1\" content=\"Dur\u00e9e de lecture estim\u00e9e\" \/>\n\t<meta name=\"twitter:data1\" content=\"2 minutes\" \/>\n<script type=\"application\/ld+json\" class=\"yoast-schema-graph\">{\"@context\":\"https:\\\/\\\/schema.org\",\"@graph\":[{\"@type\":\"WebPage\",\"@id\":\"https:\\\/\\\/walkingmum.com\\\/fr\\\/produit\\\/sac-a-dos-mimosa-rose\\\/\",\"url\":\"https:\\\/\\\/walkingmum.com\\\/fr\\\/produit\\\/sac-a-dos-mimosa-rose\\\/\",\"name\":\"SAC A DOS MIMOSA ROSE - Walking Mum\",\"isPartOf\":{\"@id\":\"https:\\\/\\\/walkingmum.com\\\/#website\"},\"primaryImageOfPage\":{\"@id\":\"https:\\\/\\\/walkingmum.com\\\/fr\\\/produit\\\/sac-a-dos-mimosa-rose\\\/#primaryimage\"},\"image\":{\"@id\":\"https:\\\/\\\/walkingmum.com\\\/fr\\\/produit\\\/sac-a-dos-mimosa-rose\\\/#primaryimage\"},\"thumbnailUrl\":\"https:\\\/\\\/walkingmum.com\\\/wp-content\\\/uploads\\\/2024\\\/02\\\/1120800295_a.jpg\",\"datePublished\":\"2024-03-22T08:45:44+00:00\",\"dateModified\":\"2024-03-22T09:50:35+00:00\",\"breadcrumb\":{\"@id\":\"https:\\\/\\\/walkingmum.com\\\/fr\\\/produit\\\/sac-a-dos-mimosa-rose\\\/#breadcrumb\"},\"inLanguage\":\"fr-FR\",\"potentialAction\":[{\"@type\":\"ReadAction\",\"target\":[\"https:\\\/\\\/walkingmum.com\\\/fr\\\/produit\\\/sac-a-dos-mimosa-rose\\\/\"]}]},{\"@type\":\"ImageObject\",\"inLanguage\":\"fr-FR\",\"@id\":\"https:\\\/\\\/walkingmum.com\\\/fr\\\/produit\\\/sac-a-dos-mimosa-rose\\\/#primaryimage\",\"url\":\"https:\\\/\\\/walkingmum.com\\\/wp-content\\\/uploads\\\/2024\\\/02\\\/1120800295_a.jpg\",\"contentUrl\":\"https:\\\/\\\/walkingmum.com\\\/wp-content\\\/uploads\\\/2024\\\/02\\\/1120800295_a.jpg\",\"width\":1200,\"height\":1200},{\"@type\":\"BreadcrumbList\",\"@id\":\"https:\\\/\\\/walkingmum.com\\\/fr\\\/produit\\\/sac-a-dos-mimosa-rose\\\/#breadcrumb\",\"itemListElement\":[{\"@type\":\"ListItem\",\"position\":1,\"name\":\"Portada\",\"item\":\"https:\\\/\\\/walkingmum.com\\\/fr\\\/\"},{\"@type\":\"ListItem\",\"position\":2,\"name\":\"Tienda\",\"item\":\"https:\\\/\\\/walkingmum.com\\\/tienda\\\/\"},{\"@type\":\"ListItem\",\"position\":3,\"name\":\"SAC A DOS MIMOSA ROSE\"}]},{\"@type\":\"WebSite\",\"@id\":\"https:\\\/\\\/walkingmum.com\\\/#website\",\"url\":\"https:\\\/\\\/walkingmum.com\\\/\",\"name\":\"Walking Mum\",\"description\":\"La marca para beb\u00e9s modernos\",\"potentialAction\":[{\"@type\":\"SearchAction\",\"target\":{\"@type\":\"EntryPoint\",\"urlTemplate\":\"https:\\\/\\\/walkingmum.com\\\/?s={search_term_string}\"},\"query-input\":{\"@type\":\"PropertyValueSpecification\",\"valueRequired\":true,\"valueName\":\"search_term_string\"}}],\"inLanguage\":\"fr-FR\"}]}<\/script>\n<!-- \/ Yoast SEO plugin. -->","yoast_head_json":{"title":"SAC A DOS MIMOSA ROSE - Walking Mum","robots":{"index":"index","follow":"follow","max-snippet":"max-snippet:-1","max-image-preview":"max-image-preview:large","max-video-preview":"max-video-preview:-1"},"canonical":"https:\/\/walkingmum.com\/fr\/produit\/sac-a-dos-mimosa-rose\/","og_locale":"fr_FR","og_type":"article","og_title":"SAC A DOS MIMOSA ROSE - Walking Mum","og_description":"Un sac \u00e0 langer et un sac \u00e0 dos en un, id\u00e9al pour transporter \u00e0 la fois vos essentiels et ceux de votre b\u00e9b\u00e9, avec beaucoup de style, lors de toutes vos sorties. Le sac \u00e0 dos Mimosa Rose avec impression florale est fabriqu\u00e9 \u00e0 100% en coton avec un traitement imperm\u00e9able. Ce sac \u00e0 [&hellip;]","og_url":"https:\/\/walkingmum.com\/fr\/produit\/sac-a-dos-mimosa-rose\/","og_site_name":"Walking Mum","article_modified_time":"2024-03-22T09:50:35+00:00","og_image":[{"width":1200,"height":1200,"url":"https:\/\/walkingmum.com\/wp-content\/uploads\/2024\/02\/1120800295_a.jpg","type":"image\/jpeg"}],"twitter_card":"summary_large_image","twitter_misc":{"Dur\u00e9e de lecture estim\u00e9e":"2 minutes"},"schema":{"@context":"https:\/\/schema.org","@graph":[{"@type":"WebPage","@id":"https:\/\/walkingmum.com\/fr\/produit\/sac-a-dos-mimosa-rose\/","url":"https:\/\/walkingmum.com\/fr\/produit\/sac-a-dos-mimosa-rose\/","name":"SAC A DOS MIMOSA ROSE - Walking Mum","isPartOf":{"@id":"https:\/\/walkingmum.com\/#website"},"primaryImageOfPage":{"@id":"https:\/\/walkingmum.com\/fr\/produit\/sac-a-dos-mimosa-rose\/#primaryimage"},"image":{"@id":"https:\/\/walkingmum.com\/fr\/produit\/sac-a-dos-mimosa-rose\/#primaryimage"},"thumbnailUrl":"https:\/\/walkingmum.com\/wp-content\/uploads\/2024\/02\/1120800295_a.jpg","datePublished":"2024-03-22T08:45:44+00:00","dateModified":"2024-03-22T09:50:35+00:00","breadcrumb":{"@id":"https:\/\/walkingmum.com\/fr\/produit\/sac-a-dos-mimosa-rose\/#breadcrumb"},"inLanguage":"fr-FR","potentialAction":[{"@type":"ReadAction","target":["https:\/\/walkingmum.com\/fr\/produit\/sac-a-dos-mimosa-rose\/"]}]},{"@type":"ImageObject","inLanguage":"fr-FR","@id":"https:\/\/walkingmum.com\/fr\/produit\/sac-a-dos-mimosa-rose\/#primaryimage","url":"https:\/\/walkingmum.com\/wp-content\/uploads\/2024\/02\/1120800295_a.jpg","contentUrl":"https:\/\/walkingmum.com\/wp-content\/uploads\/2024\/02\/1120800295_a.jpg","width":1200,"height":1200},{"@type":"BreadcrumbList","@id":"https:\/\/walkingmum.com\/fr\/produit\/sac-a-dos-mimosa-rose\/#breadcrumb","itemListElement":[{"@type":"ListItem","position":1,"name":"Portada","item":"https:\/\/walkingmum.com\/fr\/"},{"@type":"ListItem","position":2,"name":"Tienda","item":"https:\/\/walkingmum.com\/tienda\/"},{"@type":"ListItem","position":3,"name":"SAC A DOS MIMOSA ROSE"}]},{"@type":"WebSite","@id":"https:\/\/walkingmum.com\/#website","url":"https:\/\/walkingmum.com\/","name":"Walking Mum","description":"La marca para beb\u00e9s modernos","potentialAction":[{"@type":"SearchAction","target":{"@type":"EntryPoint","urlTemplate":"https:\/\/walkingmum.com\/?s={search_term_string}"},"query-input":{"@type":"PropertyValueSpecification","valueRequired":true,"valueName":"search_term_string"}}],"inLanguage":"fr-FR"}]}},"_links":{"self":[{"href":"https:\/\/walkingmum.com\/fr\/wp-json\/wp\/v2\/product\/26052","targetHints":{"allow":["GET"]}}],"collection":[{"href":"https:\/\/walkingmum.com\/fr\/wp-json\/wp\/v2\/product"}],"about":[{"href":"https:\/\/walkingmum.com\/fr\/wp-json\/wp\/v2\/types\/product"}],"replies":[{"embeddable":true,"href":"https:\/\/walkingmum.com\/fr\/wp-json\/wp\/v2\/comments?post=26052"}],"wp:featuredmedia":[{"embeddable":true,"href":"https:\/\/walkingmum.com\/fr\/wp-json\/wp\/v2\/media\/23404"}],"wp:attachment":[{"href":"https:\/\/walkingmum.com\/fr\/wp-json\/wp\/v2\/media?parent=26052"}],"wp:term":[{"taxonomy":"colecciones","embeddable":true,"href":"https:\/\/walkingmum.com\/fr\/wp-json\/wp\/v2\/colecciones?post=26052"},{"taxonomy":"product_brand","embeddable":true,"href":"https:\/\/walkingmum.com\/fr\/wp-json\/wp\/v2\/product_brand?post=26052"},{"taxonomy":"product_cat","embeddable":true,"href":"https:\/\/walkingmum.com\/fr\/wp-json\/wp\/v2\/product_cat?post=26052"},{"taxonomy":"product_tag","embeddable":true,"href":"https:\/\/walkingmum.com\/fr\/wp-json\/wp\/v2\/product_tag?post=26052"}],"curies":[{"name":"wp","href":"https:\/\/api.w.org\/{rel}","templated":true}]}}