{"id":26051,"date":"2024-03-22T08:44:38","date_gmt":"2024-03-22T08:45:45","guid":{"rendered":"https:\/\/walkingmum.com\/?post_type=product&#038;p=26051"},"modified":"2024-03-22T09:50:36","modified_gmt":"2024-03-22T09:50:36","slug":"sac-a-langer-mimosa-vert","status":"publish","type":"product","link":"https:\/\/walkingmum.com\/fr\/produit\/sac-a-langer-mimosa-vert\/","title":{"rendered":"SAC A LANGER MIMOSA VERT"},"content":{"rendered":"<p>Le sac \u00e0 langer Mimosa Vert avec impression florale pour poussettes est livr\u00e9 avec un tapis \u00e0 langer pour votre b\u00e9b\u00e9. C&rsquo;est un sac l\u00e9ger, durable et spacieux pour transporter tout ce dont vous avez besoin pour la sortie de votre b\u00e9b\u00e9. Il dispose de plusieurs poches pour garder tout organis\u00e9, y compris deux poches lat\u00e9rales pour les biberons ou les gobelets, et une poche avant zipp\u00e9e. \u00c0 l&rsquo;int\u00e9rieur, il y a une poche imperm\u00e9able pour les v\u00eatements mouill\u00e9s, une poche thermique pour les biberons et deux poches suppl\u00e9mentaires pour un acc\u00e8s facile aux essentiels. Le sac dispose d&rsquo;un syst\u00e8me de fixation universel avec deux poign\u00e9es courtes r\u00e9glables pour une installation facile sur n&rsquo;importe quel mod\u00e8le de poussette. Il comprend \u00e9galement une longue bandouli\u00e8re pour le transport et des poign\u00e9es courtes pour le transport \u00e0 la main. Fabriqu\u00e9 \u00e0 100% en coton avec un traitement imperm\u00e9able, il est facile \u00e0 nettoyer \u00e0 la main ou en machine \u00e0 30\u00b0C. Walking Mum garantit la s\u00e9curit\u00e9 de votre b\u00e9b\u00e9 en utilisant les meilleurs tissus, exempts de colorants azo\u00efques et de substances nocives. Notre collection Walking Mum est con\u00e7ue avec une touche urbaine et moderne particuli\u00e8re, pour faire ressortir vos sorties avec votre b\u00e9b\u00e9. Les sacs \u00e0 langer de maternit\u00e9 de cette ligne sont sportifs et pratiques, sp\u00e9cialement con\u00e7us pour les mamans et les papas modernes qui appr\u00e9cient les designs actuels et tendances sans compromettre la qualit\u00e9 et la fonctionnalit\u00e9. Sp\u00e9cifications : Mat\u00e9riaux : 100% coton avec traitement imperm\u00e9able. Dimensions : 41x31x13 cm.<\/p>\n","protected":false},"excerpt":{"rendered":"<p>Le sac \u00e0 langer Mimosa Vert avec impression florale pour poussettes est livr\u00e9 avec un tapis \u00e0 langer pour votre b\u00e9b\u00e9. C&rsquo;est un sac l\u00e9ger, durable et spacieux pour transporter tout ce dont vous avez besoin pour la sortie de votre b\u00e9b\u00e9. Il dispose de plusieurs poches pour garder tout organis\u00e9, y compris deux poches [&hellip;]<\/p>\n","protected":false},"featured_media":23359,"comment_status":"closed","ping_status":"open","template":"","meta":{"_acf_changed":false,"inline_featured_image":false},"colecciones":[354],"product_brand":[],"product_cat":[129],"product_tag":[],"class_list":{"0":"post-26051","1":"product","2":"type-product","3":"status-publish","4":"has-post-thumbnail","6":"colecciones-collection-mimosa","7":"product_cat-sacs-a-langer","9":"first","10":"instock","11":"purchasable","12":"product-type-simple"},"acf":[],"yoast_head":"<!-- This site is optimized with the Yoast SEO plugin v27.3 - https:\/\/yoast.com\/product\/yoast-seo-wordpress\/ -->\n<title>SAC A LANGER MIMOSA VERT - Walking Mum<\/title>\n<meta name=\"robots\" content=\"index, follow, max-snippet:-1, max-image-preview:large, max-video-preview:-1\" \/>\n<link rel=\"canonical\" href=\"https:\/\/walkingmum.com\/fr\/produit\/sac-a-langer-mimosa-vert\/\" \/>\n<meta property=\"og:locale\" content=\"fr_FR\" \/>\n<meta property=\"og:type\" content=\"article\" \/>\n<meta property=\"og:title\" content=\"SAC A LANGER MIMOSA VERT - Walking Mum\" \/>\n<meta property=\"og:description\" content=\"Le sac \u00e0 langer Mimosa Vert avec impression florale pour poussettes est livr\u00e9 avec un tapis \u00e0 langer pour votre b\u00e9b\u00e9. C&rsquo;est un sac l\u00e9ger, durable et spacieux pour transporter tout ce dont vous avez besoin pour la sortie de votre b\u00e9b\u00e9. Il dispose de plusieurs poches pour garder tout organis\u00e9, y compris deux poches [&hellip;]\" \/>\n<meta property=\"og:url\" content=\"https:\/\/walkingmum.com\/fr\/produit\/sac-a-langer-mimosa-vert\/\" \/>\n<meta property=\"og:site_name\" content=\"Walking Mum\" \/>\n<meta property=\"article:modified_time\" content=\"2024-03-22T09:50:36+00:00\" \/>\n<meta property=\"og:image\" content=\"https:\/\/walkingmum.com\/wp-content\/uploads\/2024\/02\/1120800294_a.jpg\" \/>\n\t<meta property=\"og:image:width\" content=\"1200\" \/>\n\t<meta property=\"og:image:height\" content=\"1200\" \/>\n\t<meta property=\"og:image:type\" content=\"image\/jpeg\" \/>\n<meta name=\"twitter:card\" content=\"summary_large_image\" \/>\n<meta name=\"twitter:label1\" content=\"Dur\u00e9e de lecture estim\u00e9e\" \/>\n\t<meta name=\"twitter:data1\" content=\"1 minute\" \/>\n<script type=\"application\/ld+json\" class=\"yoast-schema-graph\">{\"@context\":\"https:\\\/\\\/schema.org\",\"@graph\":[{\"@type\":\"WebPage\",\"@id\":\"https:\\\/\\\/walkingmum.com\\\/fr\\\/produit\\\/sac-a-langer-mimosa-vert\\\/\",\"url\":\"https:\\\/\\\/walkingmum.com\\\/fr\\\/produit\\\/sac-a-langer-mimosa-vert\\\/\",\"name\":\"SAC A LANGER MIMOSA VERT - Walking Mum\",\"isPartOf\":{\"@id\":\"https:\\\/\\\/walkingmum.com\\\/#website\"},\"primaryImageOfPage\":{\"@id\":\"https:\\\/\\\/walkingmum.com\\\/fr\\\/produit\\\/sac-a-langer-mimosa-vert\\\/#primaryimage\"},\"image\":{\"@id\":\"https:\\\/\\\/walkingmum.com\\\/fr\\\/produit\\\/sac-a-langer-mimosa-vert\\\/#primaryimage\"},\"thumbnailUrl\":\"https:\\\/\\\/walkingmum.com\\\/wp-content\\\/uploads\\\/2024\\\/02\\\/1120800294_a.jpg\",\"datePublished\":\"2024-03-22T08:45:45+00:00\",\"dateModified\":\"2024-03-22T09:50:36+00:00\",\"breadcrumb\":{\"@id\":\"https:\\\/\\\/walkingmum.com\\\/fr\\\/produit\\\/sac-a-langer-mimosa-vert\\\/#breadcrumb\"},\"inLanguage\":\"fr-FR\",\"potentialAction\":[{\"@type\":\"ReadAction\",\"target\":[\"https:\\\/\\\/walkingmum.com\\\/fr\\\/produit\\\/sac-a-langer-mimosa-vert\\\/\"]}]},{\"@type\":\"ImageObject\",\"inLanguage\":\"fr-FR\",\"@id\":\"https:\\\/\\\/walkingmum.com\\\/fr\\\/produit\\\/sac-a-langer-mimosa-vert\\\/#primaryimage\",\"url\":\"https:\\\/\\\/walkingmum.com\\\/wp-content\\\/uploads\\\/2024\\\/02\\\/1120800294_a.jpg\",\"contentUrl\":\"https:\\\/\\\/walkingmum.com\\\/wp-content\\\/uploads\\\/2024\\\/02\\\/1120800294_a.jpg\",\"width\":1200,\"height\":1200},{\"@type\":\"BreadcrumbList\",\"@id\":\"https:\\\/\\\/walkingmum.com\\\/fr\\\/produit\\\/sac-a-langer-mimosa-vert\\\/#breadcrumb\",\"itemListElement\":[{\"@type\":\"ListItem\",\"position\":1,\"name\":\"Portada\",\"item\":\"https:\\\/\\\/walkingmum.com\\\/fr\\\/\"},{\"@type\":\"ListItem\",\"position\":2,\"name\":\"Tienda\",\"item\":\"https:\\\/\\\/walkingmum.com\\\/tienda\\\/\"},{\"@type\":\"ListItem\",\"position\":3,\"name\":\"SAC A LANGER MIMOSA VERT\"}]},{\"@type\":\"WebSite\",\"@id\":\"https:\\\/\\\/walkingmum.com\\\/#website\",\"url\":\"https:\\\/\\\/walkingmum.com\\\/\",\"name\":\"Walking Mum\",\"description\":\"La marca para beb\u00e9s modernos\",\"potentialAction\":[{\"@type\":\"SearchAction\",\"target\":{\"@type\":\"EntryPoint\",\"urlTemplate\":\"https:\\\/\\\/walkingmum.com\\\/?s={search_term_string}\"},\"query-input\":{\"@type\":\"PropertyValueSpecification\",\"valueRequired\":true,\"valueName\":\"search_term_string\"}}],\"inLanguage\":\"fr-FR\"}]}<\/script>\n<!-- \/ Yoast SEO plugin. -->","yoast_head_json":{"title":"SAC A LANGER MIMOSA VERT - Walking Mum","robots":{"index":"index","follow":"follow","max-snippet":"max-snippet:-1","max-image-preview":"max-image-preview:large","max-video-preview":"max-video-preview:-1"},"canonical":"https:\/\/walkingmum.com\/fr\/produit\/sac-a-langer-mimosa-vert\/","og_locale":"fr_FR","og_type":"article","og_title":"SAC A LANGER MIMOSA VERT - Walking Mum","og_description":"Le sac \u00e0 langer Mimosa Vert avec impression florale pour poussettes est livr\u00e9 avec un tapis \u00e0 langer pour votre b\u00e9b\u00e9. C&rsquo;est un sac l\u00e9ger, durable et spacieux pour transporter tout ce dont vous avez besoin pour la sortie de votre b\u00e9b\u00e9. Il dispose de plusieurs poches pour garder tout organis\u00e9, y compris deux poches [&hellip;]","og_url":"https:\/\/walkingmum.com\/fr\/produit\/sac-a-langer-mimosa-vert\/","og_site_name":"Walking Mum","article_modified_time":"2024-03-22T09:50:36+00:00","og_image":[{"width":1200,"height":1200,"url":"https:\/\/walkingmum.com\/wp-content\/uploads\/2024\/02\/1120800294_a.jpg","type":"image\/jpeg"}],"twitter_card":"summary_large_image","twitter_misc":{"Dur\u00e9e de lecture estim\u00e9e":"1 minute"},"schema":{"@context":"https:\/\/schema.org","@graph":[{"@type":"WebPage","@id":"https:\/\/walkingmum.com\/fr\/produit\/sac-a-langer-mimosa-vert\/","url":"https:\/\/walkingmum.com\/fr\/produit\/sac-a-langer-mimosa-vert\/","name":"SAC A LANGER MIMOSA VERT - Walking Mum","isPartOf":{"@id":"https:\/\/walkingmum.com\/#website"},"primaryImageOfPage":{"@id":"https:\/\/walkingmum.com\/fr\/produit\/sac-a-langer-mimosa-vert\/#primaryimage"},"image":{"@id":"https:\/\/walkingmum.com\/fr\/produit\/sac-a-langer-mimosa-vert\/#primaryimage"},"thumbnailUrl":"https:\/\/walkingmum.com\/wp-content\/uploads\/2024\/02\/1120800294_a.jpg","datePublished":"2024-03-22T08:45:45+00:00","dateModified":"2024-03-22T09:50:36+00:00","breadcrumb":{"@id":"https:\/\/walkingmum.com\/fr\/produit\/sac-a-langer-mimosa-vert\/#breadcrumb"},"inLanguage":"fr-FR","potentialAction":[{"@type":"ReadAction","target":["https:\/\/walkingmum.com\/fr\/produit\/sac-a-langer-mimosa-vert\/"]}]},{"@type":"ImageObject","inLanguage":"fr-FR","@id":"https:\/\/walkingmum.com\/fr\/produit\/sac-a-langer-mimosa-vert\/#primaryimage","url":"https:\/\/walkingmum.com\/wp-content\/uploads\/2024\/02\/1120800294_a.jpg","contentUrl":"https:\/\/walkingmum.com\/wp-content\/uploads\/2024\/02\/1120800294_a.jpg","width":1200,"height":1200},{"@type":"BreadcrumbList","@id":"https:\/\/walkingmum.com\/fr\/produit\/sac-a-langer-mimosa-vert\/#breadcrumb","itemListElement":[{"@type":"ListItem","position":1,"name":"Portada","item":"https:\/\/walkingmum.com\/fr\/"},{"@type":"ListItem","position":2,"name":"Tienda","item":"https:\/\/walkingmum.com\/tienda\/"},{"@type":"ListItem","position":3,"name":"SAC A LANGER MIMOSA VERT"}]},{"@type":"WebSite","@id":"https:\/\/walkingmum.com\/#website","url":"https:\/\/walkingmum.com\/","name":"Walking Mum","description":"La marca para beb\u00e9s modernos","potentialAction":[{"@type":"SearchAction","target":{"@type":"EntryPoint","urlTemplate":"https:\/\/walkingmum.com\/?s={search_term_string}"},"query-input":{"@type":"PropertyValueSpecification","valueRequired":true,"valueName":"search_term_string"}}],"inLanguage":"fr-FR"}]}},"_links":{"self":[{"href":"https:\/\/walkingmum.com\/fr\/wp-json\/wp\/v2\/product\/26051","targetHints":{"allow":["GET"]}}],"collection":[{"href":"https:\/\/walkingmum.com\/fr\/wp-json\/wp\/v2\/product"}],"about":[{"href":"https:\/\/walkingmum.com\/fr\/wp-json\/wp\/v2\/types\/product"}],"replies":[{"embeddable":true,"href":"https:\/\/walkingmum.com\/fr\/wp-json\/wp\/v2\/comments?post=26051"}],"wp:featuredmedia":[{"embeddable":true,"href":"https:\/\/walkingmum.com\/fr\/wp-json\/wp\/v2\/media\/23359"}],"wp:attachment":[{"href":"https:\/\/walkingmum.com\/fr\/wp-json\/wp\/v2\/media?parent=26051"}],"wp:term":[{"taxonomy":"colecciones","embeddable":true,"href":"https:\/\/walkingmum.com\/fr\/wp-json\/wp\/v2\/colecciones?post=26051"},{"taxonomy":"product_brand","embeddable":true,"href":"https:\/\/walkingmum.com\/fr\/wp-json\/wp\/v2\/product_brand?post=26051"},{"taxonomy":"product_cat","embeddable":true,"href":"https:\/\/walkingmum.com\/fr\/wp-json\/wp\/v2\/product_cat?post=26051"},{"taxonomy":"product_tag","embeddable":true,"href":"https:\/\/walkingmum.com\/fr\/wp-json\/wp\/v2\/product_tag?post=26051"}],"curies":[{"name":"wp","href":"https:\/\/api.w.org\/{rel}","templated":true}]}}