{"id":23266,"date":"2023-11-14T11:19:57","date_gmt":"2023-11-14T11:19:57","guid":{"rendered":"https:\/\/walkingmum.com\/producto\/arrullo-manta-indian-lotus\/"},"modified":"2023-11-14T12:37:01","modified_gmt":"2023-11-14T12:37:01","slug":"nid-dange-couverture-indian-lotus","status":"publish","type":"product","link":"https:\/\/walkingmum.com\/fr\/produit\/nid-dange-couverture-indian-lotus\/","title":{"rendered":"NID D&rsquo;ANGE \/COUVERTURE INDIAN LOTUS"},"content":{"rendered":"\n<p>Nid d&rsquo;ange\/couverture Indian Lotus fleurs grises. Sp\u00e9cialement con\u00e7u pour les premiers jours de b\u00e9b\u00e9. Il est parfait pour les premi\u00e8res promenades dans la nacelle. Il devient une couverture de berceau. Fermeture type enveloppe avec velcro et une fermeture \u00e9clair en bas sur les pieds pour que b\u00e9b\u00e9 soit bien au chaud. Nos produits sont fabriqu\u00e9es conform\u00e9ment aux r\u00e9glementations europ\u00e9ennes les plus exigeantes. Walking Mum prot\u00e8ge votre b\u00e9b\u00e9 en utilisant les meilleurs tissus, sans colorants azo\u00efques ni substances nocives pour la sant\u00e9. Facile \u00e0 nettoyer, il est recommand\u00e9 de la laver en machine \u00e0 30\u00ba. Housses pour poussettes Walking Mum by Pasito a pasito.<\/p>\n","protected":false},"excerpt":{"rendered":"<p>Nid d&rsquo;ange\/couverture Indian Lotus fleurs grises. Sp\u00e9cialement con\u00e7u pour les premiers jours de b\u00e9b\u00e9. Il est parfait pour les premi\u00e8res promenades dans la nacelle. Il devient une couverture de berceau. Fermeture type enveloppe avec velcro et une fermeture \u00e9clair en bas sur les pieds pour que b\u00e9b\u00e9 soit bien au chaud. Nos produits sont fabriqu\u00e9es [&hellip;]<\/p>\n","protected":false},"featured_media":23135,"comment_status":"closed","ping_status":"closed","template":"","meta":{"_acf_changed":false,"inline_featured_image":false},"colecciones":[],"product_brand":[],"product_cat":[268],"product_tag":[],"class_list":{"0":"post-23266","1":"product","2":"type-product","3":"status-publish","4":"has-post-thumbnail","6":"product_cat-special-prices-fr","8":"first","9":"instock","10":"shipping-taxable","11":"purchasable","12":"product-type-simple"},"acf":[],"yoast_head":"<!-- This site is optimized with the Yoast SEO plugin v27.5 - https:\/\/yoast.com\/product\/yoast-seo-wordpress\/ -->\n<title>NID D&#039;ANGE \/COUVERTURE INDIAN LOTUS - Walking Mum<\/title>\n<meta name=\"robots\" content=\"index, follow, max-snippet:-1, max-image-preview:large, max-video-preview:-1\" \/>\n<link rel=\"canonical\" href=\"https:\/\/walkingmum.com\/produit\/arrullo-manta-indian-lotus\/\" \/>\n<meta property=\"og:locale\" content=\"fr_FR\" \/>\n<meta property=\"og:type\" content=\"article\" \/>\n<meta property=\"og:title\" content=\"NID D&#039;ANGE \/COUVERTURE INDIAN LOTUS - Walking Mum\" \/>\n<meta property=\"og:description\" content=\"Nid d&rsquo;ange\/couverture Indian Lotus fleurs grises. Sp\u00e9cialement con\u00e7u pour les premiers jours de b\u00e9b\u00e9. Il est parfait pour les premi\u00e8res promenades dans la nacelle. Il devient une couverture de berceau. Fermeture type enveloppe avec velcro et une fermeture \u00e9clair en bas sur les pieds pour que b\u00e9b\u00e9 soit bien au chaud. Nos produits sont fabriqu\u00e9es [&hellip;]\" \/>\n<meta property=\"og:url\" content=\"https:\/\/walkingmum.com\/produit\/arrullo-manta-indian-lotus\/\" \/>\n<meta property=\"og:site_name\" content=\"Walking Mum\" \/>\n<meta property=\"article:modified_time\" content=\"2023-11-14T12:37:01+00:00\" \/>\n<meta property=\"og:image\" content=\"https:\/\/walkingmum.com\/wp-content\/uploads\/2023\/11\/1120800251_a.jpg\" \/>\n\t<meta property=\"og:image:width\" content=\"1200\" \/>\n\t<meta property=\"og:image:height\" content=\"1200\" \/>\n\t<meta property=\"og:image:type\" content=\"image\/jpeg\" \/>\n<meta name=\"twitter:card\" content=\"summary_large_image\" \/>\n<meta name=\"twitter:label1\" content=\"Dur\u00e9e de lecture estim\u00e9e\" \/>\n\t<meta name=\"twitter:data1\" content=\"1 minute\" \/>\n<script type=\"application\/ld+json\" class=\"yoast-schema-graph\">{\"@context\":\"https:\\\/\\\/schema.org\",\"@graph\":[{\"@type\":\"WebPage\",\"@id\":\"https:\\\/\\\/walkingmum.com\\\/produit\\\/arrullo-manta-indian-lotus\\\/\",\"url\":\"https:\\\/\\\/walkingmum.com\\\/produit\\\/arrullo-manta-indian-lotus\\\/\",\"name\":\"NID D'ANGE \\\/COUVERTURE INDIAN LOTUS - Walking Mum\",\"isPartOf\":{\"@id\":\"https:\\\/\\\/walkingmum.com\\\/#website\"},\"primaryImageOfPage\":{\"@id\":\"https:\\\/\\\/walkingmum.com\\\/produit\\\/arrullo-manta-indian-lotus\\\/#primaryimage\"},\"image\":{\"@id\":\"https:\\\/\\\/walkingmum.com\\\/produit\\\/arrullo-manta-indian-lotus\\\/#primaryimage\"},\"thumbnailUrl\":\"https:\\\/\\\/walkingmum.com\\\/wp-content\\\/uploads\\\/2023\\\/11\\\/1120800251_a.jpg\",\"datePublished\":\"2023-11-14T11:19:57+00:00\",\"dateModified\":\"2023-11-14T12:37:01+00:00\",\"breadcrumb\":{\"@id\":\"https:\\\/\\\/walkingmum.com\\\/produit\\\/arrullo-manta-indian-lotus\\\/#breadcrumb\"},\"inLanguage\":\"fr-FR\",\"potentialAction\":[{\"@type\":\"ReadAction\",\"target\":[\"https:\\\/\\\/walkingmum.com\\\/produit\\\/arrullo-manta-indian-lotus\\\/\"]}]},{\"@type\":\"ImageObject\",\"inLanguage\":\"fr-FR\",\"@id\":\"https:\\\/\\\/walkingmum.com\\\/produit\\\/arrullo-manta-indian-lotus\\\/#primaryimage\",\"url\":\"https:\\\/\\\/walkingmum.com\\\/wp-content\\\/uploads\\\/2023\\\/11\\\/1120800251_a.jpg\",\"contentUrl\":\"https:\\\/\\\/walkingmum.com\\\/wp-content\\\/uploads\\\/2023\\\/11\\\/1120800251_a.jpg\",\"width\":1200,\"height\":1200},{\"@type\":\"BreadcrumbList\",\"@id\":\"https:\\\/\\\/walkingmum.com\\\/produit\\\/arrullo-manta-indian-lotus\\\/#breadcrumb\",\"itemListElement\":[{\"@type\":\"ListItem\",\"position\":1,\"name\":\"Portada\",\"item\":\"https:\\\/\\\/walkingmum.com\\\/fr\\\/\"},{\"@type\":\"ListItem\",\"position\":2,\"name\":\"Tienda\",\"item\":\"https:\\\/\\\/walkingmum.com\\\/tienda\\\/\"},{\"@type\":\"ListItem\",\"position\":3,\"name\":\"NID D&#8217;ANGE \\\/COUVERTURE INDIAN LOTUS\"}]},{\"@type\":\"WebSite\",\"@id\":\"https:\\\/\\\/walkingmum.com\\\/#website\",\"url\":\"https:\\\/\\\/walkingmum.com\\\/\",\"name\":\"Walking Mum\",\"description\":\"La marca para beb\u00e9s modernos\",\"potentialAction\":[{\"@type\":\"SearchAction\",\"target\":{\"@type\":\"EntryPoint\",\"urlTemplate\":\"https:\\\/\\\/walkingmum.com\\\/?s={search_term_string}\"},\"query-input\":{\"@type\":\"PropertyValueSpecification\",\"valueRequired\":true,\"valueName\":\"search_term_string\"}}],\"inLanguage\":\"fr-FR\"}]}<\/script>\n<!-- \/ Yoast SEO plugin. -->","yoast_head_json":{"title":"NID D'ANGE \/COUVERTURE INDIAN LOTUS - Walking Mum","robots":{"index":"index","follow":"follow","max-snippet":"max-snippet:-1","max-image-preview":"max-image-preview:large","max-video-preview":"max-video-preview:-1"},"canonical":"https:\/\/walkingmum.com\/produit\/arrullo-manta-indian-lotus\/","og_locale":"fr_FR","og_type":"article","og_title":"NID D'ANGE \/COUVERTURE INDIAN LOTUS - Walking Mum","og_description":"Nid d&rsquo;ange\/couverture Indian Lotus fleurs grises. Sp\u00e9cialement con\u00e7u pour les premiers jours de b\u00e9b\u00e9. Il est parfait pour les premi\u00e8res promenades dans la nacelle. Il devient une couverture de berceau. Fermeture type enveloppe avec velcro et une fermeture \u00e9clair en bas sur les pieds pour que b\u00e9b\u00e9 soit bien au chaud. Nos produits sont fabriqu\u00e9es [&hellip;]","og_url":"https:\/\/walkingmum.com\/produit\/arrullo-manta-indian-lotus\/","og_site_name":"Walking Mum","article_modified_time":"2023-11-14T12:37:01+00:00","og_image":[{"width":1200,"height":1200,"url":"https:\/\/walkingmum.com\/wp-content\/uploads\/2023\/11\/1120800251_a.jpg","type":"image\/jpeg"}],"twitter_card":"summary_large_image","twitter_misc":{"Dur\u00e9e de lecture estim\u00e9e":"1 minute"},"schema":{"@context":"https:\/\/schema.org","@graph":[{"@type":"WebPage","@id":"https:\/\/walkingmum.com\/produit\/arrullo-manta-indian-lotus\/","url":"https:\/\/walkingmum.com\/produit\/arrullo-manta-indian-lotus\/","name":"NID D'ANGE \/COUVERTURE INDIAN LOTUS - Walking Mum","isPartOf":{"@id":"https:\/\/walkingmum.com\/#website"},"primaryImageOfPage":{"@id":"https:\/\/walkingmum.com\/produit\/arrullo-manta-indian-lotus\/#primaryimage"},"image":{"@id":"https:\/\/walkingmum.com\/produit\/arrullo-manta-indian-lotus\/#primaryimage"},"thumbnailUrl":"https:\/\/walkingmum.com\/wp-content\/uploads\/2023\/11\/1120800251_a.jpg","datePublished":"2023-11-14T11:19:57+00:00","dateModified":"2023-11-14T12:37:01+00:00","breadcrumb":{"@id":"https:\/\/walkingmum.com\/produit\/arrullo-manta-indian-lotus\/#breadcrumb"},"inLanguage":"fr-FR","potentialAction":[{"@type":"ReadAction","target":["https:\/\/walkingmum.com\/produit\/arrullo-manta-indian-lotus\/"]}]},{"@type":"ImageObject","inLanguage":"fr-FR","@id":"https:\/\/walkingmum.com\/produit\/arrullo-manta-indian-lotus\/#primaryimage","url":"https:\/\/walkingmum.com\/wp-content\/uploads\/2023\/11\/1120800251_a.jpg","contentUrl":"https:\/\/walkingmum.com\/wp-content\/uploads\/2023\/11\/1120800251_a.jpg","width":1200,"height":1200},{"@type":"BreadcrumbList","@id":"https:\/\/walkingmum.com\/produit\/arrullo-manta-indian-lotus\/#breadcrumb","itemListElement":[{"@type":"ListItem","position":1,"name":"Portada","item":"https:\/\/walkingmum.com\/fr\/"},{"@type":"ListItem","position":2,"name":"Tienda","item":"https:\/\/walkingmum.com\/tienda\/"},{"@type":"ListItem","position":3,"name":"NID D&#8217;ANGE \/COUVERTURE INDIAN LOTUS"}]},{"@type":"WebSite","@id":"https:\/\/walkingmum.com\/#website","url":"https:\/\/walkingmum.com\/","name":"Walking Mum","description":"La marca para beb\u00e9s modernos","potentialAction":[{"@type":"SearchAction","target":{"@type":"EntryPoint","urlTemplate":"https:\/\/walkingmum.com\/?s={search_term_string}"},"query-input":{"@type":"PropertyValueSpecification","valueRequired":true,"valueName":"search_term_string"}}],"inLanguage":"fr-FR"}]}},"_links":{"self":[{"href":"https:\/\/walkingmum.com\/fr\/wp-json\/wp\/v2\/product\/23266","targetHints":{"allow":["GET"]}}],"collection":[{"href":"https:\/\/walkingmum.com\/fr\/wp-json\/wp\/v2\/product"}],"about":[{"href":"https:\/\/walkingmum.com\/fr\/wp-json\/wp\/v2\/types\/product"}],"replies":[{"embeddable":true,"href":"https:\/\/walkingmum.com\/fr\/wp-json\/wp\/v2\/comments?post=23266"}],"wp:featuredmedia":[{"embeddable":true,"href":"https:\/\/walkingmum.com\/fr\/wp-json\/wp\/v2\/media\/23135"}],"wp:attachment":[{"href":"https:\/\/walkingmum.com\/fr\/wp-json\/wp\/v2\/media?parent=23266"}],"wp:term":[{"taxonomy":"colecciones","embeddable":true,"href":"https:\/\/walkingmum.com\/fr\/wp-json\/wp\/v2\/colecciones?post=23266"},{"taxonomy":"product_brand","embeddable":true,"href":"https:\/\/walkingmum.com\/fr\/wp-json\/wp\/v2\/product_brand?post=23266"},{"taxonomy":"product_cat","embeddable":true,"href":"https:\/\/walkingmum.com\/fr\/wp-json\/wp\/v2\/product_cat?post=23266"},{"taxonomy":"product_tag","embeddable":true,"href":"https:\/\/walkingmum.com\/fr\/wp-json\/wp\/v2\/product_tag?post=23266"}],"curies":[{"name":"wp","href":"https:\/\/api.w.org\/{rel}","templated":true}]}}