{"id":23086,"date":"2023-11-10T10:27:20","date_gmt":"2023-11-10T10:27:20","guid":{"rendered":"https:\/\/walkingmum.com\/producto\/bolsa-xl-eco-mum-cloud\/"},"modified":"2023-11-10T11:56:33","modified_gmt":"2023-11-10T11:56:33","slug":"sac-xl-eco-mum-cloud","status":"publish","type":"product","link":"https:\/\/walkingmum.com\/fr\/produit\/sac-xl-eco-mum-cloud\/","title":{"rendered":"SAC XL ECO MUM CLOUD"},"content":{"rendered":"\n<p>Le sac XL Eco Mum Cloud est fabriqu\u00e9 en rPET (polyester recycl\u00e9 post-consommation). Le rPET que nous utilisons est fabriqu\u00e9 \u00e0 partir de plastique PET recycl\u00e9 provenant de bouteilles d\u2019eau. L&rsquo;utilisation de ce mat\u00e9riau r\u00e9duit la consommation d&rsquo;eau, la consommation d&rsquo;\u00e9nergie et les \u00e9missions de CO2. Sac de grande capacit\u00e9 avec plusieurs poches pour tout organiser lors de vos sorties ou voyages avec votre b\u00e9b\u00e9. Il poss\u00e8de deux poches lat\u00e9rales et une poche avant zipp\u00e9e \u00e0 l&rsquo;ext\u00e9rieur. \u00c0 l&rsquo;int\u00e9rieur, il dispose d&rsquo;une poche thermique pour bouteilles et de deux poches lat\u00e9rales dont une avec fermeture \u00e9clair. Le sac poss\u00e8de 2 anses courtes et une anse longue pour pouvoir l&rsquo;accrocher \u00e0 l&rsquo;\u00e9paule. Grande qualit\u00e9 et beaucoup de style. Fabriqu\u00e9 dans un mat\u00e9riau r\u00e9sistant et facile \u00e0 nettoyer. Walking Mum prot\u00e8ge votre b\u00e9b\u00e9 en utilisant les meilleurs tissus, exempts de colorants azo\u00efques et de substances nocives pour la sant\u00e9. Notre collection Walking Mum est con\u00e7ue avec un cachet particulier de style urbain et moderne qui ne passe pas inaper\u00e7u, pour habiller diff\u00e9remment vos promenades avec votre b\u00e9b\u00e9. Les sacs de maternit\u00e9 de cette ligne sont plus sportifs et pratiques, sp\u00e9cialement con\u00e7us pour les mamans et les papas modernes qui appr\u00e9cient les designs les plus actuels et tendances sans n\u00e9gliger la qualit\u00e9 et la fonctionnalit\u00e9 des accessoires qui compl\u00e8tent et rendent toutes les promenades plus confortables. . avec leurs b\u00e9b\u00e9s. Sp\u00e9cifications : Mat\u00e9riaux : Ext\u00e9rieur 100% polyester recycl\u00e9 (rPet) \/ Int\u00e9rieur 100% coton. Dimensions : 55x25x30cm.<\/p>\n","protected":false},"excerpt":{"rendered":"<p>Le sac XL Eco Mum Cloud est fabriqu\u00e9 en rPET (polyester recycl\u00e9 post-consommation). Le rPET que nous utilisons est fabriqu\u00e9 \u00e0 partir de plastique PET recycl\u00e9 provenant de bouteilles d\u2019eau. L&rsquo;utilisation de ce mat\u00e9riau r\u00e9duit la consommation d&rsquo;eau, la consommation d&rsquo;\u00e9nergie et les \u00e9missions de CO2. Sac de grande capacit\u00e9 avec plusieurs poches pour tout [&hellip;]<\/p>\n","protected":false},"featured_media":22930,"comment_status":"closed","ping_status":"closed","template":"","meta":{"_acf_changed":false,"inline_featured_image":false},"colecciones":[],"product_brand":[],"product_cat":[268],"product_tag":[],"class_list":{"0":"post-23086","1":"product","2":"type-product","3":"status-publish","4":"has-post-thumbnail","6":"product_cat-special-prices-fr","8":"first","9":"instock","10":"shipping-taxable","11":"purchasable","12":"product-type-simple"},"acf":[],"yoast_head":"<!-- This site is optimized with the Yoast SEO plugin v27.4 - https:\/\/yoast.com\/product\/yoast-seo-wordpress\/ -->\n<title>SAC XL ECO MUM CLOUD - Walking Mum<\/title>\n<meta name=\"robots\" content=\"index, follow, max-snippet:-1, max-image-preview:large, max-video-preview:-1\" \/>\n<link rel=\"canonical\" href=\"https:\/\/walkingmum.com\/produit\/bolsa-xl-eco-mum-cloud\/\" \/>\n<meta property=\"og:locale\" content=\"fr_FR\" \/>\n<meta property=\"og:type\" content=\"article\" \/>\n<meta property=\"og:title\" content=\"SAC XL ECO MUM CLOUD - Walking Mum\" \/>\n<meta property=\"og:description\" content=\"Le sac XL Eco Mum Cloud est fabriqu\u00e9 en rPET (polyester recycl\u00e9 post-consommation). Le rPET que nous utilisons est fabriqu\u00e9 \u00e0 partir de plastique PET recycl\u00e9 provenant de bouteilles d\u2019eau. L&rsquo;utilisation de ce mat\u00e9riau r\u00e9duit la consommation d&rsquo;eau, la consommation d&rsquo;\u00e9nergie et les \u00e9missions de CO2. Sac de grande capacit\u00e9 avec plusieurs poches pour tout [&hellip;]\" \/>\n<meta property=\"og:url\" content=\"https:\/\/walkingmum.com\/produit\/bolsa-xl-eco-mum-cloud\/\" \/>\n<meta property=\"og:site_name\" content=\"Walking Mum\" \/>\n<meta property=\"article:modified_time\" content=\"2023-11-10T11:56:33+00:00\" \/>\n<meta property=\"og:image\" content=\"https:\/\/walkingmum.com\/wp-content\/uploads\/2023\/11\/1120800279_a.jpg\" \/>\n\t<meta property=\"og:image:width\" content=\"1200\" \/>\n\t<meta property=\"og:image:height\" content=\"1200\" \/>\n\t<meta property=\"og:image:type\" content=\"image\/jpeg\" \/>\n<meta name=\"twitter:card\" content=\"summary_large_image\" \/>\n<meta name=\"twitter:label1\" content=\"Dur\u00e9e de lecture estim\u00e9e\" \/>\n\t<meta name=\"twitter:data1\" content=\"2 minutes\" \/>\n<script type=\"application\/ld+json\" class=\"yoast-schema-graph\">{\"@context\":\"https:\\\/\\\/schema.org\",\"@graph\":[{\"@type\":\"WebPage\",\"@id\":\"https:\\\/\\\/walkingmum.com\\\/produit\\\/bolsa-xl-eco-mum-cloud\\\/\",\"url\":\"https:\\\/\\\/walkingmum.com\\\/produit\\\/bolsa-xl-eco-mum-cloud\\\/\",\"name\":\"SAC XL ECO MUM CLOUD - Walking Mum\",\"isPartOf\":{\"@id\":\"https:\\\/\\\/walkingmum.com\\\/#website\"},\"primaryImageOfPage\":{\"@id\":\"https:\\\/\\\/walkingmum.com\\\/produit\\\/bolsa-xl-eco-mum-cloud\\\/#primaryimage\"},\"image\":{\"@id\":\"https:\\\/\\\/walkingmum.com\\\/produit\\\/bolsa-xl-eco-mum-cloud\\\/#primaryimage\"},\"thumbnailUrl\":\"https:\\\/\\\/walkingmum.com\\\/wp-content\\\/uploads\\\/2023\\\/11\\\/1120800279_a.jpg\",\"datePublished\":\"2023-11-10T10:27:20+00:00\",\"dateModified\":\"2023-11-10T11:56:33+00:00\",\"breadcrumb\":{\"@id\":\"https:\\\/\\\/walkingmum.com\\\/produit\\\/bolsa-xl-eco-mum-cloud\\\/#breadcrumb\"},\"inLanguage\":\"fr-FR\",\"potentialAction\":[{\"@type\":\"ReadAction\",\"target\":[\"https:\\\/\\\/walkingmum.com\\\/produit\\\/bolsa-xl-eco-mum-cloud\\\/\"]}]},{\"@type\":\"ImageObject\",\"inLanguage\":\"fr-FR\",\"@id\":\"https:\\\/\\\/walkingmum.com\\\/produit\\\/bolsa-xl-eco-mum-cloud\\\/#primaryimage\",\"url\":\"https:\\\/\\\/walkingmum.com\\\/wp-content\\\/uploads\\\/2023\\\/11\\\/1120800279_a.jpg\",\"contentUrl\":\"https:\\\/\\\/walkingmum.com\\\/wp-content\\\/uploads\\\/2023\\\/11\\\/1120800279_a.jpg\",\"width\":1200,\"height\":1200},{\"@type\":\"BreadcrumbList\",\"@id\":\"https:\\\/\\\/walkingmum.com\\\/produit\\\/bolsa-xl-eco-mum-cloud\\\/#breadcrumb\",\"itemListElement\":[{\"@type\":\"ListItem\",\"position\":1,\"name\":\"Portada\",\"item\":\"https:\\\/\\\/walkingmum.com\\\/fr\\\/\"},{\"@type\":\"ListItem\",\"position\":2,\"name\":\"Tienda\",\"item\":\"https:\\\/\\\/walkingmum.com\\\/tienda\\\/\"},{\"@type\":\"ListItem\",\"position\":3,\"name\":\"SAC XL ECO MUM CLOUD\"}]},{\"@type\":\"WebSite\",\"@id\":\"https:\\\/\\\/walkingmum.com\\\/#website\",\"url\":\"https:\\\/\\\/walkingmum.com\\\/\",\"name\":\"Walking Mum\",\"description\":\"La marca para beb\u00e9s modernos\",\"potentialAction\":[{\"@type\":\"SearchAction\",\"target\":{\"@type\":\"EntryPoint\",\"urlTemplate\":\"https:\\\/\\\/walkingmum.com\\\/?s={search_term_string}\"},\"query-input\":{\"@type\":\"PropertyValueSpecification\",\"valueRequired\":true,\"valueName\":\"search_term_string\"}}],\"inLanguage\":\"fr-FR\"}]}<\/script>\n<!-- \/ Yoast SEO plugin. -->","yoast_head_json":{"title":"SAC XL ECO MUM CLOUD - Walking Mum","robots":{"index":"index","follow":"follow","max-snippet":"max-snippet:-1","max-image-preview":"max-image-preview:large","max-video-preview":"max-video-preview:-1"},"canonical":"https:\/\/walkingmum.com\/produit\/bolsa-xl-eco-mum-cloud\/","og_locale":"fr_FR","og_type":"article","og_title":"SAC XL ECO MUM CLOUD - Walking Mum","og_description":"Le sac XL Eco Mum Cloud est fabriqu\u00e9 en rPET (polyester recycl\u00e9 post-consommation). Le rPET que nous utilisons est fabriqu\u00e9 \u00e0 partir de plastique PET recycl\u00e9 provenant de bouteilles d\u2019eau. L&rsquo;utilisation de ce mat\u00e9riau r\u00e9duit la consommation d&rsquo;eau, la consommation d&rsquo;\u00e9nergie et les \u00e9missions de CO2. Sac de grande capacit\u00e9 avec plusieurs poches pour tout [&hellip;]","og_url":"https:\/\/walkingmum.com\/produit\/bolsa-xl-eco-mum-cloud\/","og_site_name":"Walking Mum","article_modified_time":"2023-11-10T11:56:33+00:00","og_image":[{"width":1200,"height":1200,"url":"https:\/\/walkingmum.com\/wp-content\/uploads\/2023\/11\/1120800279_a.jpg","type":"image\/jpeg"}],"twitter_card":"summary_large_image","twitter_misc":{"Dur\u00e9e de lecture estim\u00e9e":"2 minutes"},"schema":{"@context":"https:\/\/schema.org","@graph":[{"@type":"WebPage","@id":"https:\/\/walkingmum.com\/produit\/bolsa-xl-eco-mum-cloud\/","url":"https:\/\/walkingmum.com\/produit\/bolsa-xl-eco-mum-cloud\/","name":"SAC XL ECO MUM CLOUD - Walking Mum","isPartOf":{"@id":"https:\/\/walkingmum.com\/#website"},"primaryImageOfPage":{"@id":"https:\/\/walkingmum.com\/produit\/bolsa-xl-eco-mum-cloud\/#primaryimage"},"image":{"@id":"https:\/\/walkingmum.com\/produit\/bolsa-xl-eco-mum-cloud\/#primaryimage"},"thumbnailUrl":"https:\/\/walkingmum.com\/wp-content\/uploads\/2023\/11\/1120800279_a.jpg","datePublished":"2023-11-10T10:27:20+00:00","dateModified":"2023-11-10T11:56:33+00:00","breadcrumb":{"@id":"https:\/\/walkingmum.com\/produit\/bolsa-xl-eco-mum-cloud\/#breadcrumb"},"inLanguage":"fr-FR","potentialAction":[{"@type":"ReadAction","target":["https:\/\/walkingmum.com\/produit\/bolsa-xl-eco-mum-cloud\/"]}]},{"@type":"ImageObject","inLanguage":"fr-FR","@id":"https:\/\/walkingmum.com\/produit\/bolsa-xl-eco-mum-cloud\/#primaryimage","url":"https:\/\/walkingmum.com\/wp-content\/uploads\/2023\/11\/1120800279_a.jpg","contentUrl":"https:\/\/walkingmum.com\/wp-content\/uploads\/2023\/11\/1120800279_a.jpg","width":1200,"height":1200},{"@type":"BreadcrumbList","@id":"https:\/\/walkingmum.com\/produit\/bolsa-xl-eco-mum-cloud\/#breadcrumb","itemListElement":[{"@type":"ListItem","position":1,"name":"Portada","item":"https:\/\/walkingmum.com\/fr\/"},{"@type":"ListItem","position":2,"name":"Tienda","item":"https:\/\/walkingmum.com\/tienda\/"},{"@type":"ListItem","position":3,"name":"SAC XL ECO MUM CLOUD"}]},{"@type":"WebSite","@id":"https:\/\/walkingmum.com\/#website","url":"https:\/\/walkingmum.com\/","name":"Walking Mum","description":"La marca para beb\u00e9s modernos","potentialAction":[{"@type":"SearchAction","target":{"@type":"EntryPoint","urlTemplate":"https:\/\/walkingmum.com\/?s={search_term_string}"},"query-input":{"@type":"PropertyValueSpecification","valueRequired":true,"valueName":"search_term_string"}}],"inLanguage":"fr-FR"}]}},"_links":{"self":[{"href":"https:\/\/walkingmum.com\/fr\/wp-json\/wp\/v2\/product\/23086","targetHints":{"allow":["GET"]}}],"collection":[{"href":"https:\/\/walkingmum.com\/fr\/wp-json\/wp\/v2\/product"}],"about":[{"href":"https:\/\/walkingmum.com\/fr\/wp-json\/wp\/v2\/types\/product"}],"replies":[{"embeddable":true,"href":"https:\/\/walkingmum.com\/fr\/wp-json\/wp\/v2\/comments?post=23086"}],"wp:featuredmedia":[{"embeddable":true,"href":"https:\/\/walkingmum.com\/fr\/wp-json\/wp\/v2\/media\/22930"}],"wp:attachment":[{"href":"https:\/\/walkingmum.com\/fr\/wp-json\/wp\/v2\/media?parent=23086"}],"wp:term":[{"taxonomy":"colecciones","embeddable":true,"href":"https:\/\/walkingmum.com\/fr\/wp-json\/wp\/v2\/colecciones?post=23086"},{"taxonomy":"product_brand","embeddable":true,"href":"https:\/\/walkingmum.com\/fr\/wp-json\/wp\/v2\/product_brand?post=23086"},{"taxonomy":"product_cat","embeddable":true,"href":"https:\/\/walkingmum.com\/fr\/wp-json\/wp\/v2\/product_cat?post=23086"},{"taxonomy":"product_tag","embeddable":true,"href":"https:\/\/walkingmum.com\/fr\/wp-json\/wp\/v2\/product_tag?post=23086"}],"curies":[{"name":"wp","href":"https:\/\/api.w.org\/{rel}","templated":true}]}}