{"id":23066,"date":"2023-11-10T10:36:56","date_gmt":"2023-11-10T10:36:56","guid":{"rendered":"https:\/\/walkingmum.com\/producto\/mochila-xl-eco-dad-black\/"},"modified":"2023-11-15T10:06:30","modified_gmt":"2023-11-15T10:06:30","slug":"sac-a-dos-xl-eco-dad-black","status":"publish","type":"product","link":"https:\/\/walkingmum.com\/fr\/produit\/sac-a-dos-xl-eco-dad-black\/","title":{"rendered":"SAC A DOS XL ECO DAD BLACK"},"content":{"rendered":"\n<p>Sac \u00e0 dos Eco Dad noir, la meilleure fa\u00e7on de transporter tout ce dont vous avez besoin pour prendre soin de vos enfants. Le sac \u00e0 dos Eco Dad pour papas fabriqu\u00e9 en rPET (polyester recycl\u00e9 post-consommation) est l&rsquo;option parfaite pour vous. Le rPET que nous utilisons est fabriqu\u00e9 \u00e0 partir de plastique PET recycl\u00e9 provenant de bouteilles d\u2019eau. L&rsquo;utilisation de ce mat\u00e9riau r\u00e9duit la consommation d&rsquo;eau, la consommation d&rsquo;\u00e9nergie et les \u00e9missions de CO2. Il a un design spacieux qui peut accueillir tout ce dont vous avez besoin pour prendre soin de votre b\u00e9b\u00e9, comme des couches, des lingettes, des biberons, des jouets, etc. Il dispose \u00e9galement de plusieurs poches et compartiments pour que vous puissiez facilement organiser vos affaires. Il dispose de deux poches lat\u00e9rales ext\u00e9rieures pour bavoirs ou biberons et d&rsquo;une poche avant zipp\u00e9e pour que vous puissiez transporter vos affaires sans les m\u00e9langer avec celles de votre b\u00e9b\u00e9. \u00c0 l&rsquo;int\u00e9rieur, il dispose d&rsquo;une poche lat\u00e9rale thermique pour les bavoirs, de deux poches avant et d&rsquo;une poche plastifi\u00e9e avec fermeture \u00e9clair pour les v\u00eatements mouill\u00e9s. Il poss\u00e8de un design ergonomique et un dos renforc\u00e9 qui vous aideront \u00e0 le porter confortablement tout au long de la journ\u00e9e. Il comprend 2 poign\u00e9es courtes r\u00e9glables qui facilitent le placement dans n&rsquo;importe quel mod\u00e8le de poussette, des poign\u00e9es et des sangles rembourr\u00e9es pour l&rsquo;accrocher des \u00e9paules vers le dos, sans causer d&rsquo;inconfort d\u00fb au poids. Grande qualit\u00e9 et beaucoup de style. Fabriqu\u00e9 dans un mat\u00e9riau r\u00e9sistant et facile \u00e0 nettoyer. Walking Mum prot\u00e8ge votre b\u00e9b\u00e9 en utilisant les meilleurs tissus, exempts de colorants azo\u00efques et de substances nocives pour la sant\u00e9. Notre collection Walking Mum est con\u00e7ue avec un cachet particulier de style urbain et moderne qui ne passe pas inaper\u00e7u, pour habiller diff\u00e9remment vos promenades avec votre b\u00e9b\u00e9. Les sacs de maternit\u00e9 de cette ligne sont plus sportifs et pratiques, sp\u00e9cialement con\u00e7us pour les mamans et les papas modernes qui appr\u00e9cient les designs les plus actuels et tendances sans n\u00e9gliger la qualit\u00e9 et la fonctionnalit\u00e9 des accessoires qui compl\u00e8tent et rendent toutes les promenades plus confortables. avec leurs b\u00e9b\u00e9s. Sp\u00e9cifications : Mat\u00e9riaux : Ext\u00e9rieur 100% polyester recycl\u00e9 (rPet) \/ Int\u00e9rieur 100% coton. Mesures : 40X30X12 cm.<\/p>\n","protected":false},"excerpt":{"rendered":"<p>Sac \u00e0 dos Eco Dad noir, la meilleure fa\u00e7on de transporter tout ce dont vous avez besoin pour prendre soin de vos enfants. Le sac \u00e0 dos Eco Dad pour papas fabriqu\u00e9 en rPET (polyester recycl\u00e9 post-consommation) est l&rsquo;option parfaite pour vous. Le rPET que nous utilisons est fabriqu\u00e9 \u00e0 partir de plastique PET recycl\u00e9 [&hellip;]<\/p>\n","protected":false},"featured_media":33246,"comment_status":"closed","ping_status":"closed","template":"","meta":{"_acf_changed":false,"inline_featured_image":false},"colecciones":[],"product_brand":[],"product_cat":[268],"product_tag":[],"class_list":{"0":"post-23066","1":"product","2":"type-product","3":"status-publish","4":"has-post-thumbnail","6":"product_cat-special-prices-fr","8":"first","9":"instock","10":"shipping-taxable","11":"purchasable","12":"product-type-simple"},"acf":[],"yoast_head":"<!-- This site is optimized with the Yoast SEO plugin v27.5 - https:\/\/yoast.com\/product\/yoast-seo-wordpress\/ -->\n<title>SAC A DOS XL ECO DAD BLACK - Walking Mum<\/title>\n<meta name=\"robots\" content=\"index, follow, max-snippet:-1, max-image-preview:large, max-video-preview:-1\" \/>\n<link rel=\"canonical\" href=\"https:\/\/walkingmum.com\/fr\/produit\/sac-a-dos-xl-eco-dad-black\/\" \/>\n<meta property=\"og:locale\" content=\"fr_FR\" \/>\n<meta property=\"og:type\" content=\"article\" \/>\n<meta property=\"og:title\" content=\"SAC A DOS XL ECO DAD BLACK - Walking Mum\" \/>\n<meta property=\"og:description\" content=\"Sac \u00e0 dos Eco Dad noir, la meilleure fa\u00e7on de transporter tout ce dont vous avez besoin pour prendre soin de vos enfants. Le sac \u00e0 dos Eco Dad pour papas fabriqu\u00e9 en rPET (polyester recycl\u00e9 post-consommation) est l&rsquo;option parfaite pour vous. Le rPET que nous utilisons est fabriqu\u00e9 \u00e0 partir de plastique PET recycl\u00e9 [&hellip;]\" \/>\n<meta property=\"og:url\" content=\"https:\/\/walkingmum.com\/fr\/produit\/sac-a-dos-xl-eco-dad-black\/\" \/>\n<meta property=\"og:site_name\" content=\"Walking Mum\" \/>\n<meta property=\"article:modified_time\" content=\"2023-11-15T10:06:30+00:00\" \/>\n<meta property=\"og:image\" content=\"https:\/\/walkingmum.com\/wp-content\/uploads\/2023\/11\/1120800358_a-1.jpg\" \/>\n\t<meta property=\"og:image:width\" content=\"1200\" \/>\n\t<meta property=\"og:image:height\" content=\"1200\" \/>\n\t<meta property=\"og:image:type\" content=\"image\/jpeg\" \/>\n<meta name=\"twitter:card\" content=\"summary_large_image\" \/>\n<meta name=\"twitter:label1\" content=\"Dur\u00e9e de lecture estim\u00e9e\" \/>\n\t<meta name=\"twitter:data1\" content=\"2 minutes\" \/>\n<script type=\"application\/ld+json\" class=\"yoast-schema-graph\">{\"@context\":\"https:\\\/\\\/schema.org\",\"@graph\":[{\"@type\":\"WebPage\",\"@id\":\"https:\\\/\\\/walkingmum.com\\\/fr\\\/produit\\\/sac-a-dos-xl-eco-dad-black\\\/\",\"url\":\"https:\\\/\\\/walkingmum.com\\\/fr\\\/produit\\\/sac-a-dos-xl-eco-dad-black\\\/\",\"name\":\"SAC A DOS XL ECO DAD BLACK - Walking Mum\",\"isPartOf\":{\"@id\":\"https:\\\/\\\/walkingmum.com\\\/#website\"},\"primaryImageOfPage\":{\"@id\":\"https:\\\/\\\/walkingmum.com\\\/fr\\\/produit\\\/sac-a-dos-xl-eco-dad-black\\\/#primaryimage\"},\"image\":{\"@id\":\"https:\\\/\\\/walkingmum.com\\\/fr\\\/produit\\\/sac-a-dos-xl-eco-dad-black\\\/#primaryimage\"},\"thumbnailUrl\":\"https:\\\/\\\/walkingmum.com\\\/wp-content\\\/uploads\\\/2023\\\/11\\\/1120800358_a-1.jpg\",\"datePublished\":\"2023-11-10T10:36:56+00:00\",\"dateModified\":\"2023-11-15T10:06:30+00:00\",\"breadcrumb\":{\"@id\":\"https:\\\/\\\/walkingmum.com\\\/fr\\\/produit\\\/sac-a-dos-xl-eco-dad-black\\\/#breadcrumb\"},\"inLanguage\":\"fr-FR\",\"potentialAction\":[{\"@type\":\"ReadAction\",\"target\":[\"https:\\\/\\\/walkingmum.com\\\/fr\\\/produit\\\/sac-a-dos-xl-eco-dad-black\\\/\"]}]},{\"@type\":\"ImageObject\",\"inLanguage\":\"fr-FR\",\"@id\":\"https:\\\/\\\/walkingmum.com\\\/fr\\\/produit\\\/sac-a-dos-xl-eco-dad-black\\\/#primaryimage\",\"url\":\"https:\\\/\\\/walkingmum.com\\\/wp-content\\\/uploads\\\/2023\\\/11\\\/1120800358_a-1.jpg\",\"contentUrl\":\"https:\\\/\\\/walkingmum.com\\\/wp-content\\\/uploads\\\/2023\\\/11\\\/1120800358_a-1.jpg\",\"width\":1200,\"height\":1200},{\"@type\":\"BreadcrumbList\",\"@id\":\"https:\\\/\\\/walkingmum.com\\\/fr\\\/produit\\\/sac-a-dos-xl-eco-dad-black\\\/#breadcrumb\",\"itemListElement\":[{\"@type\":\"ListItem\",\"position\":1,\"name\":\"Portada\",\"item\":\"https:\\\/\\\/walkingmum.com\\\/fr\\\/\"},{\"@type\":\"ListItem\",\"position\":2,\"name\":\"Tienda\",\"item\":\"https:\\\/\\\/walkingmum.com\\\/tienda\\\/\"},{\"@type\":\"ListItem\",\"position\":3,\"name\":\"SAC A DOS XL ECO DAD BLACK\"}]},{\"@type\":\"WebSite\",\"@id\":\"https:\\\/\\\/walkingmum.com\\\/#website\",\"url\":\"https:\\\/\\\/walkingmum.com\\\/\",\"name\":\"Walking Mum\",\"description\":\"La marca para beb\u00e9s modernos\",\"potentialAction\":[{\"@type\":\"SearchAction\",\"target\":{\"@type\":\"EntryPoint\",\"urlTemplate\":\"https:\\\/\\\/walkingmum.com\\\/?s={search_term_string}\"},\"query-input\":{\"@type\":\"PropertyValueSpecification\",\"valueRequired\":true,\"valueName\":\"search_term_string\"}}],\"inLanguage\":\"fr-FR\"}]}<\/script>\n<!-- \/ Yoast SEO plugin. -->","yoast_head_json":{"title":"SAC A DOS XL ECO DAD BLACK - Walking Mum","robots":{"index":"index","follow":"follow","max-snippet":"max-snippet:-1","max-image-preview":"max-image-preview:large","max-video-preview":"max-video-preview:-1"},"canonical":"https:\/\/walkingmum.com\/fr\/produit\/sac-a-dos-xl-eco-dad-black\/","og_locale":"fr_FR","og_type":"article","og_title":"SAC A DOS XL ECO DAD BLACK - Walking Mum","og_description":"Sac \u00e0 dos Eco Dad noir, la meilleure fa\u00e7on de transporter tout ce dont vous avez besoin pour prendre soin de vos enfants. Le sac \u00e0 dos Eco Dad pour papas fabriqu\u00e9 en rPET (polyester recycl\u00e9 post-consommation) est l&rsquo;option parfaite pour vous. Le rPET que nous utilisons est fabriqu\u00e9 \u00e0 partir de plastique PET recycl\u00e9 [&hellip;]","og_url":"https:\/\/walkingmum.com\/fr\/produit\/sac-a-dos-xl-eco-dad-black\/","og_site_name":"Walking Mum","article_modified_time":"2023-11-15T10:06:30+00:00","og_image":[{"width":1200,"height":1200,"url":"https:\/\/walkingmum.com\/wp-content\/uploads\/2023\/11\/1120800358_a-1.jpg","type":"image\/jpeg"}],"twitter_card":"summary_large_image","twitter_misc":{"Dur\u00e9e de lecture estim\u00e9e":"2 minutes"},"schema":{"@context":"https:\/\/schema.org","@graph":[{"@type":"WebPage","@id":"https:\/\/walkingmum.com\/fr\/produit\/sac-a-dos-xl-eco-dad-black\/","url":"https:\/\/walkingmum.com\/fr\/produit\/sac-a-dos-xl-eco-dad-black\/","name":"SAC A DOS XL ECO DAD BLACK - Walking Mum","isPartOf":{"@id":"https:\/\/walkingmum.com\/#website"},"primaryImageOfPage":{"@id":"https:\/\/walkingmum.com\/fr\/produit\/sac-a-dos-xl-eco-dad-black\/#primaryimage"},"image":{"@id":"https:\/\/walkingmum.com\/fr\/produit\/sac-a-dos-xl-eco-dad-black\/#primaryimage"},"thumbnailUrl":"https:\/\/walkingmum.com\/wp-content\/uploads\/2023\/11\/1120800358_a-1.jpg","datePublished":"2023-11-10T10:36:56+00:00","dateModified":"2023-11-15T10:06:30+00:00","breadcrumb":{"@id":"https:\/\/walkingmum.com\/fr\/produit\/sac-a-dos-xl-eco-dad-black\/#breadcrumb"},"inLanguage":"fr-FR","potentialAction":[{"@type":"ReadAction","target":["https:\/\/walkingmum.com\/fr\/produit\/sac-a-dos-xl-eco-dad-black\/"]}]},{"@type":"ImageObject","inLanguage":"fr-FR","@id":"https:\/\/walkingmum.com\/fr\/produit\/sac-a-dos-xl-eco-dad-black\/#primaryimage","url":"https:\/\/walkingmum.com\/wp-content\/uploads\/2023\/11\/1120800358_a-1.jpg","contentUrl":"https:\/\/walkingmum.com\/wp-content\/uploads\/2023\/11\/1120800358_a-1.jpg","width":1200,"height":1200},{"@type":"BreadcrumbList","@id":"https:\/\/walkingmum.com\/fr\/produit\/sac-a-dos-xl-eco-dad-black\/#breadcrumb","itemListElement":[{"@type":"ListItem","position":1,"name":"Portada","item":"https:\/\/walkingmum.com\/fr\/"},{"@type":"ListItem","position":2,"name":"Tienda","item":"https:\/\/walkingmum.com\/tienda\/"},{"@type":"ListItem","position":3,"name":"SAC A DOS XL ECO DAD BLACK"}]},{"@type":"WebSite","@id":"https:\/\/walkingmum.com\/#website","url":"https:\/\/walkingmum.com\/","name":"Walking Mum","description":"La marca para beb\u00e9s modernos","potentialAction":[{"@type":"SearchAction","target":{"@type":"EntryPoint","urlTemplate":"https:\/\/walkingmum.com\/?s={search_term_string}"},"query-input":{"@type":"PropertyValueSpecification","valueRequired":true,"valueName":"search_term_string"}}],"inLanguage":"fr-FR"}]}},"_links":{"self":[{"href":"https:\/\/walkingmum.com\/fr\/wp-json\/wp\/v2\/product\/23066","targetHints":{"allow":["GET"]}}],"collection":[{"href":"https:\/\/walkingmum.com\/fr\/wp-json\/wp\/v2\/product"}],"about":[{"href":"https:\/\/walkingmum.com\/fr\/wp-json\/wp\/v2\/types\/product"}],"replies":[{"embeddable":true,"href":"https:\/\/walkingmum.com\/fr\/wp-json\/wp\/v2\/comments?post=23066"}],"wp:featuredmedia":[{"embeddable":true,"href":"https:\/\/walkingmum.com\/fr\/wp-json\/wp\/v2\/media\/33246"}],"wp:attachment":[{"href":"https:\/\/walkingmum.com\/fr\/wp-json\/wp\/v2\/media?parent=23066"}],"wp:term":[{"taxonomy":"colecciones","embeddable":true,"href":"https:\/\/walkingmum.com\/fr\/wp-json\/wp\/v2\/colecciones?post=23066"},{"taxonomy":"product_brand","embeddable":true,"href":"https:\/\/walkingmum.com\/fr\/wp-json\/wp\/v2\/product_brand?post=23066"},{"taxonomy":"product_cat","embeddable":true,"href":"https:\/\/walkingmum.com\/fr\/wp-json\/wp\/v2\/product_cat?post=23066"},{"taxonomy":"product_tag","embeddable":true,"href":"https:\/\/walkingmum.com\/fr\/wp-json\/wp\/v2\/product_tag?post=23066"}],"curies":[{"name":"wp","href":"https:\/\/api.w.org\/{rel}","templated":true}]}}