{"id":22790,"date":"2023-07-14T11:27:41","date_gmt":"2023-07-14T12:27:44","guid":{"rendered":"https:\/\/walkingmum.com\/producto\/lapin-en-peluche-cloud\/"},"modified":"2023-07-14T12:27:53","modified_gmt":"2023-07-14T12:27:53","slug":"lapin-en-peluche-cloud","status":"publish","type":"product","link":"https:\/\/walkingmum.com\/fr\/produit\/lapin-en-peluche-cloud\/","title":{"rendered":"LAPIN EN PELUCHE CLOUD"},"content":{"rendered":"<p>Lapin en peluche cloud pour b\u00e9b\u00e9. Lapin de qualit\u00e9 extr\u00eame, tr\u00e8s douce et avec une texture tr\u00e8s agr\u00e9able. Ses yeux sont brod\u00e9s garantissant la s\u00e9curit\u00e9 de votre b\u00e9b\u00e9. Fabriqu\u00e9 selon les normes de s\u00e9curit\u00e9 des jouets EN-71. Dimensions : 34 cm.<\/p>\n","protected":false},"excerpt":{"rendered":"<p>Lapin en peluche cloud pour b\u00e9b\u00e9. Lapin de qualit\u00e9 extr\u00eame, tr\u00e8s douce et avec une texture tr\u00e8s agr\u00e9able. Ses yeux sont brod\u00e9s garantissant la s\u00e9curit\u00e9 de votre b\u00e9b\u00e9. Fabriqu\u00e9 selon les normes de s\u00e9curit\u00e9 des jouets EN-71. Dimensions : 34 cm.<\/p>\n","protected":false},"featured_media":20991,"comment_status":"closed","ping_status":"open","template":"","meta":{"_acf_changed":false,"inline_featured_image":false},"colecciones":[],"product_brand":[],"product_cat":[255],"product_tag":[],"class_list":{"0":"post-22790","1":"product","2":"type-product","3":"status-publish","4":"has-post-thumbnail","6":"product_cat-peluches-et-accessories","8":"first","9":"instock","10":"purchasable","11":"product-type-simple"},"acf":[],"yoast_head":"<!-- This site is optimized with the Yoast SEO plugin v27.4 - https:\/\/yoast.com\/product\/yoast-seo-wordpress\/ -->\n<title>LAPIN EN PELUCHE CLOUD - Walking Mum<\/title>\n<meta name=\"robots\" content=\"index, follow, max-snippet:-1, max-image-preview:large, max-video-preview:-1\" \/>\n<link rel=\"canonical\" href=\"https:\/\/walkingmum.com\/fr\/produit\/lapin-en-peluche-cloud\/\" \/>\n<meta property=\"og:locale\" content=\"fr_FR\" \/>\n<meta property=\"og:type\" content=\"article\" \/>\n<meta property=\"og:title\" content=\"LAPIN EN PELUCHE CLOUD - Walking Mum\" \/>\n<meta property=\"og:description\" content=\"Lapin en peluche cloud pour b\u00e9b\u00e9. Lapin de qualit\u00e9 extr\u00eame, tr\u00e8s douce et avec une texture tr\u00e8s agr\u00e9able. Ses yeux sont brod\u00e9s garantissant la s\u00e9curit\u00e9 de votre b\u00e9b\u00e9. Fabriqu\u00e9 selon les normes de s\u00e9curit\u00e9 des jouets EN-71. Dimensions : 34 cm.\" \/>\n<meta property=\"og:url\" content=\"https:\/\/walkingmum.com\/fr\/produit\/lapin-en-peluche-cloud\/\" \/>\n<meta property=\"og:site_name\" content=\"Walking Mum\" \/>\n<meta property=\"article:modified_time\" content=\"2023-07-14T12:27:53+00:00\" \/>\n<meta property=\"og:image\" content=\"https:\/\/walkingmum.com\/wp-content\/uploads\/2023\/07\/1120800261_a.jpg\" \/>\n\t<meta property=\"og:image:width\" content=\"1200\" \/>\n\t<meta property=\"og:image:height\" content=\"1200\" \/>\n\t<meta property=\"og:image:type\" content=\"image\/jpeg\" \/>\n<meta name=\"twitter:card\" content=\"summary_large_image\" \/>\n<script type=\"application\/ld+json\" class=\"yoast-schema-graph\">{\"@context\":\"https:\\\/\\\/schema.org\",\"@graph\":[{\"@type\":\"WebPage\",\"@id\":\"https:\\\/\\\/walkingmum.com\\\/fr\\\/produit\\\/lapin-en-peluche-cloud\\\/\",\"url\":\"https:\\\/\\\/walkingmum.com\\\/fr\\\/produit\\\/lapin-en-peluche-cloud\\\/\",\"name\":\"LAPIN EN PELUCHE CLOUD - Walking Mum\",\"isPartOf\":{\"@id\":\"https:\\\/\\\/walkingmum.com\\\/#website\"},\"primaryImageOfPage\":{\"@id\":\"https:\\\/\\\/walkingmum.com\\\/fr\\\/produit\\\/lapin-en-peluche-cloud\\\/#primaryimage\"},\"image\":{\"@id\":\"https:\\\/\\\/walkingmum.com\\\/fr\\\/produit\\\/lapin-en-peluche-cloud\\\/#primaryimage\"},\"thumbnailUrl\":\"https:\\\/\\\/walkingmum.com\\\/wp-content\\\/uploads\\\/2023\\\/07\\\/1120800261_a.jpg\",\"datePublished\":\"2023-07-14T12:27:44+00:00\",\"dateModified\":\"2023-07-14T12:27:53+00:00\",\"breadcrumb\":{\"@id\":\"https:\\\/\\\/walkingmum.com\\\/fr\\\/produit\\\/lapin-en-peluche-cloud\\\/#breadcrumb\"},\"inLanguage\":\"fr-FR\",\"potentialAction\":[{\"@type\":\"ReadAction\",\"target\":[\"https:\\\/\\\/walkingmum.com\\\/fr\\\/produit\\\/lapin-en-peluche-cloud\\\/\"]}]},{\"@type\":\"ImageObject\",\"inLanguage\":\"fr-FR\",\"@id\":\"https:\\\/\\\/walkingmum.com\\\/fr\\\/produit\\\/lapin-en-peluche-cloud\\\/#primaryimage\",\"url\":\"https:\\\/\\\/walkingmum.com\\\/wp-content\\\/uploads\\\/2023\\\/07\\\/1120800261_a.jpg\",\"contentUrl\":\"https:\\\/\\\/walkingmum.com\\\/wp-content\\\/uploads\\\/2023\\\/07\\\/1120800261_a.jpg\",\"width\":1200,\"height\":1200},{\"@type\":\"BreadcrumbList\",\"@id\":\"https:\\\/\\\/walkingmum.com\\\/fr\\\/produit\\\/lapin-en-peluche-cloud\\\/#breadcrumb\",\"itemListElement\":[{\"@type\":\"ListItem\",\"position\":1,\"name\":\"Portada\",\"item\":\"https:\\\/\\\/walkingmum.com\\\/fr\\\/\"},{\"@type\":\"ListItem\",\"position\":2,\"name\":\"Tienda\",\"item\":\"https:\\\/\\\/walkingmum.com\\\/tienda\\\/\"},{\"@type\":\"ListItem\",\"position\":3,\"name\":\"LAPIN EN PELUCHE CLOUD\"}]},{\"@type\":\"WebSite\",\"@id\":\"https:\\\/\\\/walkingmum.com\\\/#website\",\"url\":\"https:\\\/\\\/walkingmum.com\\\/\",\"name\":\"Walking Mum\",\"description\":\"La marca para beb\u00e9s modernos\",\"potentialAction\":[{\"@type\":\"SearchAction\",\"target\":{\"@type\":\"EntryPoint\",\"urlTemplate\":\"https:\\\/\\\/walkingmum.com\\\/?s={search_term_string}\"},\"query-input\":{\"@type\":\"PropertyValueSpecification\",\"valueRequired\":true,\"valueName\":\"search_term_string\"}}],\"inLanguage\":\"fr-FR\"}]}<\/script>\n<!-- \/ Yoast SEO plugin. -->","yoast_head_json":{"title":"LAPIN EN PELUCHE CLOUD - Walking Mum","robots":{"index":"index","follow":"follow","max-snippet":"max-snippet:-1","max-image-preview":"max-image-preview:large","max-video-preview":"max-video-preview:-1"},"canonical":"https:\/\/walkingmum.com\/fr\/produit\/lapin-en-peluche-cloud\/","og_locale":"fr_FR","og_type":"article","og_title":"LAPIN EN PELUCHE CLOUD - Walking Mum","og_description":"Lapin en peluche cloud pour b\u00e9b\u00e9. Lapin de qualit\u00e9 extr\u00eame, tr\u00e8s douce et avec une texture tr\u00e8s agr\u00e9able. Ses yeux sont brod\u00e9s garantissant la s\u00e9curit\u00e9 de votre b\u00e9b\u00e9. Fabriqu\u00e9 selon les normes de s\u00e9curit\u00e9 des jouets EN-71. Dimensions : 34 cm.","og_url":"https:\/\/walkingmum.com\/fr\/produit\/lapin-en-peluche-cloud\/","og_site_name":"Walking Mum","article_modified_time":"2023-07-14T12:27:53+00:00","og_image":[{"width":1200,"height":1200,"url":"https:\/\/walkingmum.com\/wp-content\/uploads\/2023\/07\/1120800261_a.jpg","type":"image\/jpeg"}],"twitter_card":"summary_large_image","schema":{"@context":"https:\/\/schema.org","@graph":[{"@type":"WebPage","@id":"https:\/\/walkingmum.com\/fr\/produit\/lapin-en-peluche-cloud\/","url":"https:\/\/walkingmum.com\/fr\/produit\/lapin-en-peluche-cloud\/","name":"LAPIN EN PELUCHE CLOUD - Walking Mum","isPartOf":{"@id":"https:\/\/walkingmum.com\/#website"},"primaryImageOfPage":{"@id":"https:\/\/walkingmum.com\/fr\/produit\/lapin-en-peluche-cloud\/#primaryimage"},"image":{"@id":"https:\/\/walkingmum.com\/fr\/produit\/lapin-en-peluche-cloud\/#primaryimage"},"thumbnailUrl":"https:\/\/walkingmum.com\/wp-content\/uploads\/2023\/07\/1120800261_a.jpg","datePublished":"2023-07-14T12:27:44+00:00","dateModified":"2023-07-14T12:27:53+00:00","breadcrumb":{"@id":"https:\/\/walkingmum.com\/fr\/produit\/lapin-en-peluche-cloud\/#breadcrumb"},"inLanguage":"fr-FR","potentialAction":[{"@type":"ReadAction","target":["https:\/\/walkingmum.com\/fr\/produit\/lapin-en-peluche-cloud\/"]}]},{"@type":"ImageObject","inLanguage":"fr-FR","@id":"https:\/\/walkingmum.com\/fr\/produit\/lapin-en-peluche-cloud\/#primaryimage","url":"https:\/\/walkingmum.com\/wp-content\/uploads\/2023\/07\/1120800261_a.jpg","contentUrl":"https:\/\/walkingmum.com\/wp-content\/uploads\/2023\/07\/1120800261_a.jpg","width":1200,"height":1200},{"@type":"BreadcrumbList","@id":"https:\/\/walkingmum.com\/fr\/produit\/lapin-en-peluche-cloud\/#breadcrumb","itemListElement":[{"@type":"ListItem","position":1,"name":"Portada","item":"https:\/\/walkingmum.com\/fr\/"},{"@type":"ListItem","position":2,"name":"Tienda","item":"https:\/\/walkingmum.com\/tienda\/"},{"@type":"ListItem","position":3,"name":"LAPIN EN PELUCHE CLOUD"}]},{"@type":"WebSite","@id":"https:\/\/walkingmum.com\/#website","url":"https:\/\/walkingmum.com\/","name":"Walking Mum","description":"La marca para beb\u00e9s modernos","potentialAction":[{"@type":"SearchAction","target":{"@type":"EntryPoint","urlTemplate":"https:\/\/walkingmum.com\/?s={search_term_string}"},"query-input":{"@type":"PropertyValueSpecification","valueRequired":true,"valueName":"search_term_string"}}],"inLanguage":"fr-FR"}]}},"_links":{"self":[{"href":"https:\/\/walkingmum.com\/fr\/wp-json\/wp\/v2\/product\/22790","targetHints":{"allow":["GET"]}}],"collection":[{"href":"https:\/\/walkingmum.com\/fr\/wp-json\/wp\/v2\/product"}],"about":[{"href":"https:\/\/walkingmum.com\/fr\/wp-json\/wp\/v2\/types\/product"}],"replies":[{"embeddable":true,"href":"https:\/\/walkingmum.com\/fr\/wp-json\/wp\/v2\/comments?post=22790"}],"wp:featuredmedia":[{"embeddable":true,"href":"https:\/\/walkingmum.com\/fr\/wp-json\/wp\/v2\/media\/20991"}],"wp:attachment":[{"href":"https:\/\/walkingmum.com\/fr\/wp-json\/wp\/v2\/media?parent=22790"}],"wp:term":[{"taxonomy":"colecciones","embeddable":true,"href":"https:\/\/walkingmum.com\/fr\/wp-json\/wp\/v2\/colecciones?post=22790"},{"taxonomy":"product_brand","embeddable":true,"href":"https:\/\/walkingmum.com\/fr\/wp-json\/wp\/v2\/product_brand?post=22790"},{"taxonomy":"product_cat","embeddable":true,"href":"https:\/\/walkingmum.com\/fr\/wp-json\/wp\/v2\/product_cat?post=22790"},{"taxonomy":"product_tag","embeddable":true,"href":"https:\/\/walkingmum.com\/fr\/wp-json\/wp\/v2\/product_tag?post=22790"}],"curies":[{"name":"wp","href":"https:\/\/api.w.org\/{rel}","templated":true}]}}