{"id":22780,"date":"2023-07-14T11:27:19","date_gmt":"2023-07-14T11:27:19","guid":{"rendered":"https:\/\/walkingmum.com\/producto\/tapis-a-langer-remy-noir\/"},"modified":"2023-07-14T12:37:34","modified_gmt":"2023-07-14T12:37:34","slug":"tapis-a-langer-remy-noir","status":"publish","type":"product","link":"https:\/\/walkingmum.com\/fr\/produit\/tapis-a-langer-remy-noir\/","title":{"rendered":"TAPIS A LANGER REMY NOIR"},"content":{"rendered":"<p>Tapis \u00e0 langer Remy en ch\u00e8ques xl vichy noir. Tr\u00e8s commode et facile \u00e0 transporter, vu qu\u2019il se pr\u00e9sente en format pli\u00e9. Lavable \u00e0 la main ou en machine \u00e0 30\u00b0. Fabriqu\u00e9 dans un mat\u00e9riau r\u00e9sistant et facile \u00e0 nettoyer. Walking Mum prot\u00e8ge votre b\u00e9b\u00e9 en&nbsp;utilisant les meilleurs tissus, sans colorants azo\u00efques ni substances nocives pour la sant\u00e9. Dimensions : 34X66X1 cm. Sacs de maternit\u00e9 Walking Mum by Pasito a pasito.<\/p>\n","protected":false},"excerpt":{"rendered":"<p>Tapis \u00e0 langer Remy en ch\u00e8ques xl vichy noir. Tr\u00e8s commode et facile \u00e0 transporter, vu qu\u2019il se pr\u00e9sente en format pli\u00e9. Lavable \u00e0 la main ou en machine \u00e0 30\u00b0. Fabriqu\u00e9 dans un mat\u00e9riau r\u00e9sistant et facile \u00e0 nettoyer. Walking Mum prot\u00e8ge votre b\u00e9b\u00e9 en&nbsp;utilisant les meilleurs tissus, sans colorants azo\u00efques ni substances nocives [&hellip;]<\/p>\n","protected":false},"featured_media":20801,"comment_status":"closed","ping_status":"closed","template":"","meta":{"_acf_changed":false,"inline_featured_image":false},"colecciones":[],"product_brand":[],"product_cat":[268],"product_tag":[],"class_list":{"0":"post-22780","1":"product","2":"type-product","3":"status-publish","4":"has-post-thumbnail","6":"product_cat-special-prices-fr","8":"first","9":"instock","10":"purchasable","11":"product-type-simple"},"acf":[],"yoast_head":"<!-- This site is optimized with the Yoast SEO plugin v27.4 - https:\/\/yoast.com\/product\/yoast-seo-wordpress\/ -->\n<title>TAPIS A LANGER REMY NOIR - Walking Mum<\/title>\n<meta name=\"robots\" content=\"index, follow, max-snippet:-1, max-image-preview:large, max-video-preview:-1\" \/>\n<link rel=\"canonical\" href=\"https:\/\/walkingmum.com\/produit\/cambiador-remy-negro\/\" \/>\n<meta property=\"og:locale\" content=\"fr_FR\" \/>\n<meta property=\"og:type\" content=\"article\" \/>\n<meta property=\"og:title\" content=\"TAPIS A LANGER REMY NOIR - Walking Mum\" \/>\n<meta property=\"og:description\" content=\"Tapis \u00e0 langer Remy en ch\u00e8ques xl vichy noir. Tr\u00e8s commode et facile \u00e0 transporter, vu qu\u2019il se pr\u00e9sente en format pli\u00e9. Lavable \u00e0 la main ou en machine \u00e0 30\u00b0. Fabriqu\u00e9 dans un mat\u00e9riau r\u00e9sistant et facile \u00e0 nettoyer. Walking Mum prot\u00e8ge votre b\u00e9b\u00e9 en&nbsp;utilisant les meilleurs tissus, sans colorants azo\u00efques ni substances nocives [&hellip;]\" \/>\n<meta property=\"og:url\" content=\"https:\/\/walkingmum.com\/produit\/cambiador-remy-negro\/\" \/>\n<meta property=\"og:site_name\" content=\"Walking Mum\" \/>\n<meta property=\"article:modified_time\" content=\"2023-07-14T12:37:34+00:00\" \/>\n<meta property=\"og:image\" content=\"https:\/\/walkingmum.com\/wp-content\/uploads\/2023\/07\/1120800267_a.jpg\" \/>\n\t<meta property=\"og:image:width\" content=\"1200\" \/>\n\t<meta property=\"og:image:height\" content=\"1200\" \/>\n\t<meta property=\"og:image:type\" content=\"image\/jpeg\" \/>\n<meta name=\"twitter:card\" content=\"summary_large_image\" \/>\n<meta name=\"twitter:label1\" content=\"Dur\u00e9e de lecture estim\u00e9e\" \/>\n\t<meta name=\"twitter:data1\" content=\"1 minute\" \/>\n<script type=\"application\/ld+json\" class=\"yoast-schema-graph\">{\"@context\":\"https:\\\/\\\/schema.org\",\"@graph\":[{\"@type\":\"WebPage\",\"@id\":\"https:\\\/\\\/walkingmum.com\\\/produit\\\/cambiador-remy-negro\\\/\",\"url\":\"https:\\\/\\\/walkingmum.com\\\/produit\\\/cambiador-remy-negro\\\/\",\"name\":\"TAPIS A LANGER REMY NOIR - Walking Mum\",\"isPartOf\":{\"@id\":\"https:\\\/\\\/walkingmum.com\\\/#website\"},\"primaryImageOfPage\":{\"@id\":\"https:\\\/\\\/walkingmum.com\\\/produit\\\/cambiador-remy-negro\\\/#primaryimage\"},\"image\":{\"@id\":\"https:\\\/\\\/walkingmum.com\\\/produit\\\/cambiador-remy-negro\\\/#primaryimage\"},\"thumbnailUrl\":\"https:\\\/\\\/walkingmum.com\\\/wp-content\\\/uploads\\\/2023\\\/07\\\/1120800267_a.jpg\",\"datePublished\":\"2023-07-14T11:27:19+00:00\",\"dateModified\":\"2023-07-14T12:37:34+00:00\",\"breadcrumb\":{\"@id\":\"https:\\\/\\\/walkingmum.com\\\/produit\\\/cambiador-remy-negro\\\/#breadcrumb\"},\"inLanguage\":\"fr-FR\",\"potentialAction\":[{\"@type\":\"ReadAction\",\"target\":[\"https:\\\/\\\/walkingmum.com\\\/produit\\\/cambiador-remy-negro\\\/\"]}]},{\"@type\":\"ImageObject\",\"inLanguage\":\"fr-FR\",\"@id\":\"https:\\\/\\\/walkingmum.com\\\/produit\\\/cambiador-remy-negro\\\/#primaryimage\",\"url\":\"https:\\\/\\\/walkingmum.com\\\/wp-content\\\/uploads\\\/2023\\\/07\\\/1120800267_a.jpg\",\"contentUrl\":\"https:\\\/\\\/walkingmum.com\\\/wp-content\\\/uploads\\\/2023\\\/07\\\/1120800267_a.jpg\",\"width\":1200,\"height\":1200},{\"@type\":\"BreadcrumbList\",\"@id\":\"https:\\\/\\\/walkingmum.com\\\/produit\\\/cambiador-remy-negro\\\/#breadcrumb\",\"itemListElement\":[{\"@type\":\"ListItem\",\"position\":1,\"name\":\"Portada\",\"item\":\"https:\\\/\\\/walkingmum.com\\\/fr\\\/\"},{\"@type\":\"ListItem\",\"position\":2,\"name\":\"Tienda\",\"item\":\"https:\\\/\\\/walkingmum.com\\\/tienda\\\/\"},{\"@type\":\"ListItem\",\"position\":3,\"name\":\"TAPIS A LANGER REMY NOIR\"}]},{\"@type\":\"WebSite\",\"@id\":\"https:\\\/\\\/walkingmum.com\\\/#website\",\"url\":\"https:\\\/\\\/walkingmum.com\\\/\",\"name\":\"Walking Mum\",\"description\":\"La marca para beb\u00e9s modernos\",\"potentialAction\":[{\"@type\":\"SearchAction\",\"target\":{\"@type\":\"EntryPoint\",\"urlTemplate\":\"https:\\\/\\\/walkingmum.com\\\/?s={search_term_string}\"},\"query-input\":{\"@type\":\"PropertyValueSpecification\",\"valueRequired\":true,\"valueName\":\"search_term_string\"}}],\"inLanguage\":\"fr-FR\"}]}<\/script>\n<!-- \/ Yoast SEO plugin. -->","yoast_head_json":{"title":"TAPIS A LANGER REMY NOIR - Walking Mum","robots":{"index":"index","follow":"follow","max-snippet":"max-snippet:-1","max-image-preview":"max-image-preview:large","max-video-preview":"max-video-preview:-1"},"canonical":"https:\/\/walkingmum.com\/produit\/cambiador-remy-negro\/","og_locale":"fr_FR","og_type":"article","og_title":"TAPIS A LANGER REMY NOIR - Walking Mum","og_description":"Tapis \u00e0 langer Remy en ch\u00e8ques xl vichy noir. Tr\u00e8s commode et facile \u00e0 transporter, vu qu\u2019il se pr\u00e9sente en format pli\u00e9. Lavable \u00e0 la main ou en machine \u00e0 30\u00b0. Fabriqu\u00e9 dans un mat\u00e9riau r\u00e9sistant et facile \u00e0 nettoyer. Walking Mum prot\u00e8ge votre b\u00e9b\u00e9 en&nbsp;utilisant les meilleurs tissus, sans colorants azo\u00efques ni substances nocives [&hellip;]","og_url":"https:\/\/walkingmum.com\/produit\/cambiador-remy-negro\/","og_site_name":"Walking Mum","article_modified_time":"2023-07-14T12:37:34+00:00","og_image":[{"width":1200,"height":1200,"url":"https:\/\/walkingmum.com\/wp-content\/uploads\/2023\/07\/1120800267_a.jpg","type":"image\/jpeg"}],"twitter_card":"summary_large_image","twitter_misc":{"Dur\u00e9e de lecture estim\u00e9e":"1 minute"},"schema":{"@context":"https:\/\/schema.org","@graph":[{"@type":"WebPage","@id":"https:\/\/walkingmum.com\/produit\/cambiador-remy-negro\/","url":"https:\/\/walkingmum.com\/produit\/cambiador-remy-negro\/","name":"TAPIS A LANGER REMY NOIR - Walking Mum","isPartOf":{"@id":"https:\/\/walkingmum.com\/#website"},"primaryImageOfPage":{"@id":"https:\/\/walkingmum.com\/produit\/cambiador-remy-negro\/#primaryimage"},"image":{"@id":"https:\/\/walkingmum.com\/produit\/cambiador-remy-negro\/#primaryimage"},"thumbnailUrl":"https:\/\/walkingmum.com\/wp-content\/uploads\/2023\/07\/1120800267_a.jpg","datePublished":"2023-07-14T11:27:19+00:00","dateModified":"2023-07-14T12:37:34+00:00","breadcrumb":{"@id":"https:\/\/walkingmum.com\/produit\/cambiador-remy-negro\/#breadcrumb"},"inLanguage":"fr-FR","potentialAction":[{"@type":"ReadAction","target":["https:\/\/walkingmum.com\/produit\/cambiador-remy-negro\/"]}]},{"@type":"ImageObject","inLanguage":"fr-FR","@id":"https:\/\/walkingmum.com\/produit\/cambiador-remy-negro\/#primaryimage","url":"https:\/\/walkingmum.com\/wp-content\/uploads\/2023\/07\/1120800267_a.jpg","contentUrl":"https:\/\/walkingmum.com\/wp-content\/uploads\/2023\/07\/1120800267_a.jpg","width":1200,"height":1200},{"@type":"BreadcrumbList","@id":"https:\/\/walkingmum.com\/produit\/cambiador-remy-negro\/#breadcrumb","itemListElement":[{"@type":"ListItem","position":1,"name":"Portada","item":"https:\/\/walkingmum.com\/fr\/"},{"@type":"ListItem","position":2,"name":"Tienda","item":"https:\/\/walkingmum.com\/tienda\/"},{"@type":"ListItem","position":3,"name":"TAPIS A LANGER REMY NOIR"}]},{"@type":"WebSite","@id":"https:\/\/walkingmum.com\/#website","url":"https:\/\/walkingmum.com\/","name":"Walking Mum","description":"La marca para beb\u00e9s modernos","potentialAction":[{"@type":"SearchAction","target":{"@type":"EntryPoint","urlTemplate":"https:\/\/walkingmum.com\/?s={search_term_string}"},"query-input":{"@type":"PropertyValueSpecification","valueRequired":true,"valueName":"search_term_string"}}],"inLanguage":"fr-FR"}]}},"_links":{"self":[{"href":"https:\/\/walkingmum.com\/fr\/wp-json\/wp\/v2\/product\/22780","targetHints":{"allow":["GET"]}}],"collection":[{"href":"https:\/\/walkingmum.com\/fr\/wp-json\/wp\/v2\/product"}],"about":[{"href":"https:\/\/walkingmum.com\/fr\/wp-json\/wp\/v2\/types\/product"}],"replies":[{"embeddable":true,"href":"https:\/\/walkingmum.com\/fr\/wp-json\/wp\/v2\/comments?post=22780"}],"wp:featuredmedia":[{"embeddable":true,"href":"https:\/\/walkingmum.com\/fr\/wp-json\/wp\/v2\/media\/20801"}],"wp:attachment":[{"href":"https:\/\/walkingmum.com\/fr\/wp-json\/wp\/v2\/media?parent=22780"}],"wp:term":[{"taxonomy":"colecciones","embeddable":true,"href":"https:\/\/walkingmum.com\/fr\/wp-json\/wp\/v2\/colecciones?post=22780"},{"taxonomy":"product_brand","embeddable":true,"href":"https:\/\/walkingmum.com\/fr\/wp-json\/wp\/v2\/product_brand?post=22780"},{"taxonomy":"product_cat","embeddable":true,"href":"https:\/\/walkingmum.com\/fr\/wp-json\/wp\/v2\/product_cat?post=22780"},{"taxonomy":"product_tag","embeddable":true,"href":"https:\/\/walkingmum.com\/fr\/wp-json\/wp\/v2\/product_tag?post=22780"}],"curies":[{"name":"wp","href":"https:\/\/api.w.org\/{rel}","templated":true}]}}