{"id":22752,"date":"2023-07-14T11:26:55","date_gmt":"2023-07-14T11:26:55","guid":{"rendered":"https:\/\/walkingmum.com\/producto\/trousse-de-toilette-eco-mum-apricot\/"},"modified":"2023-07-14T12:27:05","modified_gmt":"2023-07-14T12:27:05","slug":"trousse-de-toilette-eco-mum-apricot","status":"publish","type":"product","link":"https:\/\/walkingmum.com\/fr\/produit\/trousse-de-toilette-eco-mum-apricot\/","title":{"rendered":"TROUSSE DE TOILETTE ECO MUM APRICOT"},"content":{"rendered":"<p>Trousse de toilette Eco Mum Apricot fabriqu\u00e9e en rPET (polyester recycl\u00e9 de post-consommation). Le rPET que nous utilisons est fabriqu\u00e9 \u00e0 partir de plastique PET recycl\u00e9 provenant de bouteilles d&rsquo;eau. L&rsquo;utilisation de ce mat\u00e9riau r\u00e9duit la consommation d&rsquo;eau, la consommation d&rsquo;\u00e9nergie et les \u00e9missions de CO2. Petite trousse de toilette tr\u00e8s pratique pour porter tous les produits de toilette de votre b\u00e9b\u00e9. Fabriqu\u00e9 dans un mat\u00e9riau r\u00e9sistant et facile \u00e0 nettoyer. Walking Mum prot\u00e8ge votre b\u00e9b\u00e9 en utilisant les meilleurs tissus, sans colorants azo\u00efques ni substances nocives pour la sant\u00e9. Dimensions : 25X17X9 cm. Accessoires Walking Mum.<\/p>\n","protected":false},"excerpt":{"rendered":"<p>Trousse de toilette Eco Mum Apricot fabriqu\u00e9e en rPET (polyester recycl\u00e9 de post-consommation). Le rPET que nous utilisons est fabriqu\u00e9 \u00e0 partir de plastique PET recycl\u00e9 provenant de bouteilles d&rsquo;eau. L&rsquo;utilisation de ce mat\u00e9riau r\u00e9duit la consommation d&rsquo;eau, la consommation d&rsquo;\u00e9nergie et les \u00e9missions de CO2. Petite trousse de toilette tr\u00e8s pratique pour porter tous [&hellip;]<\/p>\n","protected":false},"featured_media":20065,"comment_status":"closed","ping_status":"closed","template":"","meta":{"_acf_changed":false,"inline_featured_image":false},"colecciones":[],"product_brand":[],"product_cat":[268],"product_tag":[],"class_list":{"0":"post-22752","1":"product","2":"type-product","3":"status-publish","4":"has-post-thumbnail","6":"product_cat-special-prices-fr","8":"first","9":"instock","10":"purchasable","11":"product-type-simple"},"acf":[],"yoast_head":"<!-- This site is optimized with the Yoast SEO plugin v27.4 - https:\/\/yoast.com\/product\/yoast-seo-wordpress\/ -->\n<title>TROUSSE DE TOILETTE ECO MUM APRICOT - Walking Mum<\/title>\n<meta name=\"robots\" content=\"index, follow, max-snippet:-1, max-image-preview:large, max-video-preview:-1\" \/>\n<link rel=\"canonical\" href=\"https:\/\/walkingmum.com\/produit\/neceser-eco-mum-apricot\/\" \/>\n<meta property=\"og:locale\" content=\"fr_FR\" \/>\n<meta property=\"og:type\" content=\"article\" \/>\n<meta property=\"og:title\" content=\"TROUSSE DE TOILETTE ECO MUM APRICOT - Walking Mum\" \/>\n<meta property=\"og:description\" content=\"Trousse de toilette Eco Mum Apricot fabriqu\u00e9e en rPET (polyester recycl\u00e9 de post-consommation). Le rPET que nous utilisons est fabriqu\u00e9 \u00e0 partir de plastique PET recycl\u00e9 provenant de bouteilles d&rsquo;eau. L&rsquo;utilisation de ce mat\u00e9riau r\u00e9duit la consommation d&rsquo;eau, la consommation d&rsquo;\u00e9nergie et les \u00e9missions de CO2. Petite trousse de toilette tr\u00e8s pratique pour porter tous [&hellip;]\" \/>\n<meta property=\"og:url\" content=\"https:\/\/walkingmum.com\/produit\/neceser-eco-mum-apricot\/\" \/>\n<meta property=\"og:site_name\" content=\"Walking Mum\" \/>\n<meta property=\"article:modified_time\" content=\"2023-07-14T12:27:05+00:00\" \/>\n<meta property=\"og:image\" content=\"https:\/\/walkingmum.com\/wp-content\/uploads\/2023\/07\/1120800215_a.jpg\" \/>\n\t<meta property=\"og:image:width\" content=\"1200\" \/>\n\t<meta property=\"og:image:height\" content=\"1200\" \/>\n\t<meta property=\"og:image:type\" content=\"image\/jpeg\" \/>\n<meta name=\"twitter:card\" content=\"summary_large_image\" \/>\n<meta name=\"twitter:label1\" content=\"Dur\u00e9e de lecture estim\u00e9e\" \/>\n\t<meta name=\"twitter:data1\" content=\"1 minute\" \/>\n<script type=\"application\/ld+json\" class=\"yoast-schema-graph\">{\"@context\":\"https:\\\/\\\/schema.org\",\"@graph\":[{\"@type\":\"WebPage\",\"@id\":\"https:\\\/\\\/walkingmum.com\\\/produit\\\/neceser-eco-mum-apricot\\\/\",\"url\":\"https:\\\/\\\/walkingmum.com\\\/produit\\\/neceser-eco-mum-apricot\\\/\",\"name\":\"TROUSSE DE TOILETTE ECO MUM APRICOT - Walking Mum\",\"isPartOf\":{\"@id\":\"https:\\\/\\\/walkingmum.com\\\/#website\"},\"primaryImageOfPage\":{\"@id\":\"https:\\\/\\\/walkingmum.com\\\/produit\\\/neceser-eco-mum-apricot\\\/#primaryimage\"},\"image\":{\"@id\":\"https:\\\/\\\/walkingmum.com\\\/produit\\\/neceser-eco-mum-apricot\\\/#primaryimage\"},\"thumbnailUrl\":\"https:\\\/\\\/walkingmum.com\\\/wp-content\\\/uploads\\\/2023\\\/07\\\/1120800215_a.jpg\",\"datePublished\":\"2023-07-14T11:26:55+00:00\",\"dateModified\":\"2023-07-14T12:27:05+00:00\",\"breadcrumb\":{\"@id\":\"https:\\\/\\\/walkingmum.com\\\/produit\\\/neceser-eco-mum-apricot\\\/#breadcrumb\"},\"inLanguage\":\"fr-FR\",\"potentialAction\":[{\"@type\":\"ReadAction\",\"target\":[\"https:\\\/\\\/walkingmum.com\\\/produit\\\/neceser-eco-mum-apricot\\\/\"]}]},{\"@type\":\"ImageObject\",\"inLanguage\":\"fr-FR\",\"@id\":\"https:\\\/\\\/walkingmum.com\\\/produit\\\/neceser-eco-mum-apricot\\\/#primaryimage\",\"url\":\"https:\\\/\\\/walkingmum.com\\\/wp-content\\\/uploads\\\/2023\\\/07\\\/1120800215_a.jpg\",\"contentUrl\":\"https:\\\/\\\/walkingmum.com\\\/wp-content\\\/uploads\\\/2023\\\/07\\\/1120800215_a.jpg\",\"width\":1200,\"height\":1200},{\"@type\":\"BreadcrumbList\",\"@id\":\"https:\\\/\\\/walkingmum.com\\\/produit\\\/neceser-eco-mum-apricot\\\/#breadcrumb\",\"itemListElement\":[{\"@type\":\"ListItem\",\"position\":1,\"name\":\"Portada\",\"item\":\"https:\\\/\\\/walkingmum.com\\\/fr\\\/\"},{\"@type\":\"ListItem\",\"position\":2,\"name\":\"Tienda\",\"item\":\"https:\\\/\\\/walkingmum.com\\\/tienda\\\/\"},{\"@type\":\"ListItem\",\"position\":3,\"name\":\"TROUSSE DE TOILETTE ECO MUM APRICOT\"}]},{\"@type\":\"WebSite\",\"@id\":\"https:\\\/\\\/walkingmum.com\\\/#website\",\"url\":\"https:\\\/\\\/walkingmum.com\\\/\",\"name\":\"Walking Mum\",\"description\":\"La marca para beb\u00e9s modernos\",\"potentialAction\":[{\"@type\":\"SearchAction\",\"target\":{\"@type\":\"EntryPoint\",\"urlTemplate\":\"https:\\\/\\\/walkingmum.com\\\/?s={search_term_string}\"},\"query-input\":{\"@type\":\"PropertyValueSpecification\",\"valueRequired\":true,\"valueName\":\"search_term_string\"}}],\"inLanguage\":\"fr-FR\"}]}<\/script>\n<!-- \/ Yoast SEO plugin. -->","yoast_head_json":{"title":"TROUSSE DE TOILETTE ECO MUM APRICOT - Walking Mum","robots":{"index":"index","follow":"follow","max-snippet":"max-snippet:-1","max-image-preview":"max-image-preview:large","max-video-preview":"max-video-preview:-1"},"canonical":"https:\/\/walkingmum.com\/produit\/neceser-eco-mum-apricot\/","og_locale":"fr_FR","og_type":"article","og_title":"TROUSSE DE TOILETTE ECO MUM APRICOT - Walking Mum","og_description":"Trousse de toilette Eco Mum Apricot fabriqu\u00e9e en rPET (polyester recycl\u00e9 de post-consommation). Le rPET que nous utilisons est fabriqu\u00e9 \u00e0 partir de plastique PET recycl\u00e9 provenant de bouteilles d&rsquo;eau. L&rsquo;utilisation de ce mat\u00e9riau r\u00e9duit la consommation d&rsquo;eau, la consommation d&rsquo;\u00e9nergie et les \u00e9missions de CO2. Petite trousse de toilette tr\u00e8s pratique pour porter tous [&hellip;]","og_url":"https:\/\/walkingmum.com\/produit\/neceser-eco-mum-apricot\/","og_site_name":"Walking Mum","article_modified_time":"2023-07-14T12:27:05+00:00","og_image":[{"width":1200,"height":1200,"url":"https:\/\/walkingmum.com\/wp-content\/uploads\/2023\/07\/1120800215_a.jpg","type":"image\/jpeg"}],"twitter_card":"summary_large_image","twitter_misc":{"Dur\u00e9e de lecture estim\u00e9e":"1 minute"},"schema":{"@context":"https:\/\/schema.org","@graph":[{"@type":"WebPage","@id":"https:\/\/walkingmum.com\/produit\/neceser-eco-mum-apricot\/","url":"https:\/\/walkingmum.com\/produit\/neceser-eco-mum-apricot\/","name":"TROUSSE DE TOILETTE ECO MUM APRICOT - Walking Mum","isPartOf":{"@id":"https:\/\/walkingmum.com\/#website"},"primaryImageOfPage":{"@id":"https:\/\/walkingmum.com\/produit\/neceser-eco-mum-apricot\/#primaryimage"},"image":{"@id":"https:\/\/walkingmum.com\/produit\/neceser-eco-mum-apricot\/#primaryimage"},"thumbnailUrl":"https:\/\/walkingmum.com\/wp-content\/uploads\/2023\/07\/1120800215_a.jpg","datePublished":"2023-07-14T11:26:55+00:00","dateModified":"2023-07-14T12:27:05+00:00","breadcrumb":{"@id":"https:\/\/walkingmum.com\/produit\/neceser-eco-mum-apricot\/#breadcrumb"},"inLanguage":"fr-FR","potentialAction":[{"@type":"ReadAction","target":["https:\/\/walkingmum.com\/produit\/neceser-eco-mum-apricot\/"]}]},{"@type":"ImageObject","inLanguage":"fr-FR","@id":"https:\/\/walkingmum.com\/produit\/neceser-eco-mum-apricot\/#primaryimage","url":"https:\/\/walkingmum.com\/wp-content\/uploads\/2023\/07\/1120800215_a.jpg","contentUrl":"https:\/\/walkingmum.com\/wp-content\/uploads\/2023\/07\/1120800215_a.jpg","width":1200,"height":1200},{"@type":"BreadcrumbList","@id":"https:\/\/walkingmum.com\/produit\/neceser-eco-mum-apricot\/#breadcrumb","itemListElement":[{"@type":"ListItem","position":1,"name":"Portada","item":"https:\/\/walkingmum.com\/fr\/"},{"@type":"ListItem","position":2,"name":"Tienda","item":"https:\/\/walkingmum.com\/tienda\/"},{"@type":"ListItem","position":3,"name":"TROUSSE DE TOILETTE ECO MUM APRICOT"}]},{"@type":"WebSite","@id":"https:\/\/walkingmum.com\/#website","url":"https:\/\/walkingmum.com\/","name":"Walking Mum","description":"La marca para beb\u00e9s modernos","potentialAction":[{"@type":"SearchAction","target":{"@type":"EntryPoint","urlTemplate":"https:\/\/walkingmum.com\/?s={search_term_string}"},"query-input":{"@type":"PropertyValueSpecification","valueRequired":true,"valueName":"search_term_string"}}],"inLanguage":"fr-FR"}]}},"_links":{"self":[{"href":"https:\/\/walkingmum.com\/fr\/wp-json\/wp\/v2\/product\/22752","targetHints":{"allow":["GET"]}}],"collection":[{"href":"https:\/\/walkingmum.com\/fr\/wp-json\/wp\/v2\/product"}],"about":[{"href":"https:\/\/walkingmum.com\/fr\/wp-json\/wp\/v2\/types\/product"}],"replies":[{"embeddable":true,"href":"https:\/\/walkingmum.com\/fr\/wp-json\/wp\/v2\/comments?post=22752"}],"wp:featuredmedia":[{"embeddable":true,"href":"https:\/\/walkingmum.com\/fr\/wp-json\/wp\/v2\/media\/20065"}],"wp:attachment":[{"href":"https:\/\/walkingmum.com\/fr\/wp-json\/wp\/v2\/media?parent=22752"}],"wp:term":[{"taxonomy":"colecciones","embeddable":true,"href":"https:\/\/walkingmum.com\/fr\/wp-json\/wp\/v2\/colecciones?post=22752"},{"taxonomy":"product_brand","embeddable":true,"href":"https:\/\/walkingmum.com\/fr\/wp-json\/wp\/v2\/product_brand?post=22752"},{"taxonomy":"product_cat","embeddable":true,"href":"https:\/\/walkingmum.com\/fr\/wp-json\/wp\/v2\/product_cat?post=22752"},{"taxonomy":"product_tag","embeddable":true,"href":"https:\/\/walkingmum.com\/fr\/wp-json\/wp\/v2\/product_tag?post=22752"}],"curies":[{"name":"wp","href":"https:\/\/api.w.org\/{rel}","templated":true}]}}