{"id":22743,"date":"2023-07-14T11:26:55","date_gmt":"2023-07-14T11:26:55","guid":{"rendered":"https:\/\/walkingmum.com\/producto\/sac-a-langer-eco-mum-cloud\/"},"modified":"2023-07-14T12:26:53","modified_gmt":"2023-07-14T12:26:53","slug":"sac-a-langer-eco-mum-cloud","status":"publish","type":"product","link":"https:\/\/walkingmum.com\/fr\/produit\/sac-a-langer-eco-mum-cloud\/","title":{"rendered":"SAC A LANGER ECO MUM CLOUD"},"content":{"rendered":"<p>Sac tapis \u00e0 langer pour poussette Eco Mum Cloud fabriqu\u00e9e en rPET (polyester recycl\u00e9 de post-consommation). Le rPET que nous utilisons est fabriqu\u00e9 \u00e0 partir de plastique PET recycl\u00e9 provenant de bouteilles d&rsquo;eau. L&rsquo;utilisation de ce mat\u00e9riau r\u00e9duit la consommation d&rsquo;eau, la consommation d&rsquo;\u00e9nergie et les \u00e9missions de CO2.  Inclut un tapis \u00e0 langer pour b\u00e9b\u00e9. Sac layette tr\u00e8s l\u00e9ger, r\u00e9sistant et de grande contenance pour porter tout ce dont vous avez besoin pour la promenade du b\u00e9b\u00e9. Il inclut utiles poches pour avoir tout bien rang\u00e9 et \u00e0 port\u00e9e de main. Il a \u00e0 l&rsquo;ext\u00e9rieur deux poches lat\u00e9rales pour les biberons et une poche frontale zipp\u00e9e. \u00c0 l&rsquo;int\u00e9rieur, il int\u00e8gre une poche lamin\u00e9e pour les v\u00eatements mouill\u00e9s, une poche thermique pour les biberons et deux poches pour tout ce que vous devez garder \u00e0 port\u00e9e de main. Le sac incorpore un syst\u00e8me universel de fixation, avec une poign\u00e9e longue r\u00e9glable pour pouvoir le porter \u00e0 l\u2019\u00e9paule qui inclut 2 poign\u00e9es courtes r\u00e9glables qui facilitent l\u2019installation sur n\u2019importe quel mod\u00e8le de poussette. Il int\u00e8gre \u00e9galement des poign\u00e9es courtes pour le tenir \u00e0 la main. Fabriqu\u00e9 dans un mat\u00e9riau r\u00e9sistant et facile \u00e0 nettoyer. Walking Mum prot\u00e8ge votre b\u00e9b\u00e9 en utilisant les meilleurs tissus, sans colorants azo\u00efques ni substances nocives pour la sant\u00e9. Dimensions : 52X31X13 cm. Sacs de maternit\u00e9 Walking Mum by Pasito a pasito.<\/p>\n","protected":false},"excerpt":{"rendered":"<p>Sac tapis \u00e0 langer pour poussette Eco Mum Cloud fabriqu\u00e9e en rPET (polyester recycl\u00e9 de post-consommation). Le rPET que nous utilisons est fabriqu\u00e9 \u00e0 partir de plastique PET recycl\u00e9 provenant de bouteilles d&rsquo;eau. L&rsquo;utilisation de ce mat\u00e9riau r\u00e9duit la consommation d&rsquo;eau, la consommation d&rsquo;\u00e9nergie et les \u00e9missions de CO2. Inclut un tapis \u00e0 langer pour [&hellip;]<\/p>\n","protected":false},"featured_media":19736,"comment_status":"closed","ping_status":"closed","template":"","meta":{"_acf_changed":false,"inline_featured_image":false},"colecciones":[],"product_brand":[],"product_cat":[268],"product_tag":[],"class_list":{"0":"post-22743","1":"product","2":"type-product","3":"status-publish","4":"has-post-thumbnail","6":"product_cat-special-prices-fr","8":"first","9":"instock","10":"purchasable","11":"product-type-simple"},"acf":[],"yoast_head":"<!-- This site is optimized with the Yoast SEO plugin v27.3 - https:\/\/yoast.com\/product\/yoast-seo-wordpress\/ -->\n<title>SAC A LANGER ECO MUM CLOUD - Walking Mum<\/title>\n<meta name=\"robots\" content=\"index, follow, max-snippet:-1, max-image-preview:large, max-video-preview:-1\" \/>\n<link rel=\"canonical\" href=\"https:\/\/walkingmum.com\/produit\/bolsa-canastilla-eco-mum-cloud\/\" \/>\n<meta property=\"og:locale\" content=\"fr_FR\" \/>\n<meta property=\"og:type\" content=\"article\" \/>\n<meta property=\"og:title\" content=\"SAC A LANGER ECO MUM CLOUD - Walking Mum\" \/>\n<meta property=\"og:description\" content=\"Sac tapis \u00e0 langer pour poussette Eco Mum Cloud fabriqu\u00e9e en rPET (polyester recycl\u00e9 de post-consommation). Le rPET que nous utilisons est fabriqu\u00e9 \u00e0 partir de plastique PET recycl\u00e9 provenant de bouteilles d&rsquo;eau. L&rsquo;utilisation de ce mat\u00e9riau r\u00e9duit la consommation d&rsquo;eau, la consommation d&rsquo;\u00e9nergie et les \u00e9missions de CO2. Inclut un tapis \u00e0 langer pour [&hellip;]\" \/>\n<meta property=\"og:url\" content=\"https:\/\/walkingmum.com\/produit\/bolsa-canastilla-eco-mum-cloud\/\" \/>\n<meta property=\"og:site_name\" content=\"Walking Mum\" \/>\n<meta property=\"article:modified_time\" content=\"2023-07-14T12:26:53+00:00\" \/>\n<meta property=\"og:image\" content=\"https:\/\/walkingmum.com\/wp-content\/uploads\/2023\/07\/1120800206_a.jpg\" \/>\n\t<meta property=\"og:image:width\" content=\"1200\" \/>\n\t<meta property=\"og:image:height\" content=\"1200\" \/>\n\t<meta property=\"og:image:type\" content=\"image\/jpeg\" \/>\n<meta name=\"twitter:card\" content=\"summary_large_image\" \/>\n<meta name=\"twitter:label1\" content=\"Dur\u00e9e de lecture estim\u00e9e\" \/>\n\t<meta name=\"twitter:data1\" content=\"1 minute\" \/>\n<script type=\"application\/ld+json\" class=\"yoast-schema-graph\">{\"@context\":\"https:\\\/\\\/schema.org\",\"@graph\":[{\"@type\":\"WebPage\",\"@id\":\"https:\\\/\\\/walkingmum.com\\\/produit\\\/bolsa-canastilla-eco-mum-cloud\\\/\",\"url\":\"https:\\\/\\\/walkingmum.com\\\/produit\\\/bolsa-canastilla-eco-mum-cloud\\\/\",\"name\":\"SAC A LANGER ECO MUM CLOUD - Walking Mum\",\"isPartOf\":{\"@id\":\"https:\\\/\\\/walkingmum.com\\\/#website\"},\"primaryImageOfPage\":{\"@id\":\"https:\\\/\\\/walkingmum.com\\\/produit\\\/bolsa-canastilla-eco-mum-cloud\\\/#primaryimage\"},\"image\":{\"@id\":\"https:\\\/\\\/walkingmum.com\\\/produit\\\/bolsa-canastilla-eco-mum-cloud\\\/#primaryimage\"},\"thumbnailUrl\":\"https:\\\/\\\/walkingmum.com\\\/wp-content\\\/uploads\\\/2023\\\/07\\\/1120800206_a.jpg\",\"datePublished\":\"2023-07-14T11:26:55+00:00\",\"dateModified\":\"2023-07-14T12:26:53+00:00\",\"breadcrumb\":{\"@id\":\"https:\\\/\\\/walkingmum.com\\\/produit\\\/bolsa-canastilla-eco-mum-cloud\\\/#breadcrumb\"},\"inLanguage\":\"fr-FR\",\"potentialAction\":[{\"@type\":\"ReadAction\",\"target\":[\"https:\\\/\\\/walkingmum.com\\\/produit\\\/bolsa-canastilla-eco-mum-cloud\\\/\"]}]},{\"@type\":\"ImageObject\",\"inLanguage\":\"fr-FR\",\"@id\":\"https:\\\/\\\/walkingmum.com\\\/produit\\\/bolsa-canastilla-eco-mum-cloud\\\/#primaryimage\",\"url\":\"https:\\\/\\\/walkingmum.com\\\/wp-content\\\/uploads\\\/2023\\\/07\\\/1120800206_a.jpg\",\"contentUrl\":\"https:\\\/\\\/walkingmum.com\\\/wp-content\\\/uploads\\\/2023\\\/07\\\/1120800206_a.jpg\",\"width\":1200,\"height\":1200},{\"@type\":\"BreadcrumbList\",\"@id\":\"https:\\\/\\\/walkingmum.com\\\/produit\\\/bolsa-canastilla-eco-mum-cloud\\\/#breadcrumb\",\"itemListElement\":[{\"@type\":\"ListItem\",\"position\":1,\"name\":\"Portada\",\"item\":\"https:\\\/\\\/walkingmum.com\\\/fr\\\/\"},{\"@type\":\"ListItem\",\"position\":2,\"name\":\"Tienda\",\"item\":\"https:\\\/\\\/walkingmum.com\\\/tienda\\\/\"},{\"@type\":\"ListItem\",\"position\":3,\"name\":\"SAC A LANGER ECO MUM CLOUD\"}]},{\"@type\":\"WebSite\",\"@id\":\"https:\\\/\\\/walkingmum.com\\\/#website\",\"url\":\"https:\\\/\\\/walkingmum.com\\\/\",\"name\":\"Walking Mum\",\"description\":\"La marca para beb\u00e9s modernos\",\"potentialAction\":[{\"@type\":\"SearchAction\",\"target\":{\"@type\":\"EntryPoint\",\"urlTemplate\":\"https:\\\/\\\/walkingmum.com\\\/?s={search_term_string}\"},\"query-input\":{\"@type\":\"PropertyValueSpecification\",\"valueRequired\":true,\"valueName\":\"search_term_string\"}}],\"inLanguage\":\"fr-FR\"}]}<\/script>\n<!-- \/ Yoast SEO plugin. -->","yoast_head_json":{"title":"SAC A LANGER ECO MUM CLOUD - Walking Mum","robots":{"index":"index","follow":"follow","max-snippet":"max-snippet:-1","max-image-preview":"max-image-preview:large","max-video-preview":"max-video-preview:-1"},"canonical":"https:\/\/walkingmum.com\/produit\/bolsa-canastilla-eco-mum-cloud\/","og_locale":"fr_FR","og_type":"article","og_title":"SAC A LANGER ECO MUM CLOUD - Walking Mum","og_description":"Sac tapis \u00e0 langer pour poussette Eco Mum Cloud fabriqu\u00e9e en rPET (polyester recycl\u00e9 de post-consommation). Le rPET que nous utilisons est fabriqu\u00e9 \u00e0 partir de plastique PET recycl\u00e9 provenant de bouteilles d&rsquo;eau. L&rsquo;utilisation de ce mat\u00e9riau r\u00e9duit la consommation d&rsquo;eau, la consommation d&rsquo;\u00e9nergie et les \u00e9missions de CO2. Inclut un tapis \u00e0 langer pour [&hellip;]","og_url":"https:\/\/walkingmum.com\/produit\/bolsa-canastilla-eco-mum-cloud\/","og_site_name":"Walking Mum","article_modified_time":"2023-07-14T12:26:53+00:00","og_image":[{"width":1200,"height":1200,"url":"https:\/\/walkingmum.com\/wp-content\/uploads\/2023\/07\/1120800206_a.jpg","type":"image\/jpeg"}],"twitter_card":"summary_large_image","twitter_misc":{"Dur\u00e9e de lecture estim\u00e9e":"1 minute"},"schema":{"@context":"https:\/\/schema.org","@graph":[{"@type":"WebPage","@id":"https:\/\/walkingmum.com\/produit\/bolsa-canastilla-eco-mum-cloud\/","url":"https:\/\/walkingmum.com\/produit\/bolsa-canastilla-eco-mum-cloud\/","name":"SAC A LANGER ECO MUM CLOUD - Walking Mum","isPartOf":{"@id":"https:\/\/walkingmum.com\/#website"},"primaryImageOfPage":{"@id":"https:\/\/walkingmum.com\/produit\/bolsa-canastilla-eco-mum-cloud\/#primaryimage"},"image":{"@id":"https:\/\/walkingmum.com\/produit\/bolsa-canastilla-eco-mum-cloud\/#primaryimage"},"thumbnailUrl":"https:\/\/walkingmum.com\/wp-content\/uploads\/2023\/07\/1120800206_a.jpg","datePublished":"2023-07-14T11:26:55+00:00","dateModified":"2023-07-14T12:26:53+00:00","breadcrumb":{"@id":"https:\/\/walkingmum.com\/produit\/bolsa-canastilla-eco-mum-cloud\/#breadcrumb"},"inLanguage":"fr-FR","potentialAction":[{"@type":"ReadAction","target":["https:\/\/walkingmum.com\/produit\/bolsa-canastilla-eco-mum-cloud\/"]}]},{"@type":"ImageObject","inLanguage":"fr-FR","@id":"https:\/\/walkingmum.com\/produit\/bolsa-canastilla-eco-mum-cloud\/#primaryimage","url":"https:\/\/walkingmum.com\/wp-content\/uploads\/2023\/07\/1120800206_a.jpg","contentUrl":"https:\/\/walkingmum.com\/wp-content\/uploads\/2023\/07\/1120800206_a.jpg","width":1200,"height":1200},{"@type":"BreadcrumbList","@id":"https:\/\/walkingmum.com\/produit\/bolsa-canastilla-eco-mum-cloud\/#breadcrumb","itemListElement":[{"@type":"ListItem","position":1,"name":"Portada","item":"https:\/\/walkingmum.com\/fr\/"},{"@type":"ListItem","position":2,"name":"Tienda","item":"https:\/\/walkingmum.com\/tienda\/"},{"@type":"ListItem","position":3,"name":"SAC A LANGER ECO MUM CLOUD"}]},{"@type":"WebSite","@id":"https:\/\/walkingmum.com\/#website","url":"https:\/\/walkingmum.com\/","name":"Walking Mum","description":"La marca para beb\u00e9s modernos","potentialAction":[{"@type":"SearchAction","target":{"@type":"EntryPoint","urlTemplate":"https:\/\/walkingmum.com\/?s={search_term_string}"},"query-input":{"@type":"PropertyValueSpecification","valueRequired":true,"valueName":"search_term_string"}}],"inLanguage":"fr-FR"}]}},"_links":{"self":[{"href":"https:\/\/walkingmum.com\/fr\/wp-json\/wp\/v2\/product\/22743","targetHints":{"allow":["GET"]}}],"collection":[{"href":"https:\/\/walkingmum.com\/fr\/wp-json\/wp\/v2\/product"}],"about":[{"href":"https:\/\/walkingmum.com\/fr\/wp-json\/wp\/v2\/types\/product"}],"replies":[{"embeddable":true,"href":"https:\/\/walkingmum.com\/fr\/wp-json\/wp\/v2\/comments?post=22743"}],"wp:featuredmedia":[{"embeddable":true,"href":"https:\/\/walkingmum.com\/fr\/wp-json\/wp\/v2\/media\/19736"}],"wp:attachment":[{"href":"https:\/\/walkingmum.com\/fr\/wp-json\/wp\/v2\/media?parent=22743"}],"wp:term":[{"taxonomy":"colecciones","embeddable":true,"href":"https:\/\/walkingmum.com\/fr\/wp-json\/wp\/v2\/colecciones?post=22743"},{"taxonomy":"product_brand","embeddable":true,"href":"https:\/\/walkingmum.com\/fr\/wp-json\/wp\/v2\/product_brand?post=22743"},{"taxonomy":"product_cat","embeddable":true,"href":"https:\/\/walkingmum.com\/fr\/wp-json\/wp\/v2\/product_cat?post=22743"},{"taxonomy":"product_tag","embeddable":true,"href":"https:\/\/walkingmum.com\/fr\/wp-json\/wp\/v2\/product_tag?post=22743"}],"curies":[{"name":"wp","href":"https:\/\/api.w.org\/{rel}","templated":true}]}}