{"id":17944,"date":"2023-01-26T08:44:08","date_gmt":"2023-01-26T08:44:08","guid":{"rendered":"https:\/\/walkingmum.com\/producto\/tapis-a-langer-i-love-vichy-gris\/"},"modified":"2023-01-26T08:44:09","modified_gmt":"2023-01-26T08:44:09","slug":"tapis-a-langer-i-love-vichy-gris","status":"publish","type":"product","link":"https:\/\/walkingmum.com\/fr\/produit\/tapis-a-langer-i-love-vichy-gris\/","title":{"rendered":"TAPIS A LANGER I LOVE VICHY GRIS"},"content":{"rendered":"<p>Tapis \u00e0 langer I love vichy gris. Tr\u00e8s commode et facile \u00e0 transporter, vu qu\u2019il se pr\u00e9sente en format pli\u00e9. Lavable \u00e0 la main ou en machine \u00e0 30\u00b0. Fabriqu\u00e9 dans un mat\u00e9riau r\u00e9sistant et facile \u00e0 nettoyer. Walking Mum prot\u00e8ge votre b\u00e9b\u00e9 en\u00a0utilisant les meilleurs tissus, sans colorants azo\u00efques ni substances nocives pour la sant\u00e9. Dimensions : 33X66X1 cm. Sacs de maternit\u00e9 Walking Mum by Pasito a pasito.<\/p>\n","protected":false},"excerpt":{"rendered":"<p>Tapis \u00e0 langer I love vichy gris. Tr\u00e8s commode et facile \u00e0 transporter, vu qu\u2019il se pr\u00e9sente en format pli\u00e9. Lavable \u00e0 la main ou en machine \u00e0 30\u00b0. Fabriqu\u00e9 dans un mat\u00e9riau r\u00e9sistant et facile \u00e0 nettoyer. Walking Mum prot\u00e8ge votre b\u00e9b\u00e9 en\u00a0utilisant les meilleurs tissus, sans colorants azo\u00efques ni substances nocives pour la [&hellip;]<\/p>\n","protected":false},"featured_media":17591,"comment_status":"closed","ping_status":"open","template":"","meta":{"_acf_changed":false,"inline_featured_image":false},"colecciones":[114],"product_brand":[],"product_cat":[138],"product_tag":[],"class_list":{"0":"post-17944","1":"product","2":"type-product","3":"status-publish","4":"has-post-thumbnail","6":"colecciones-collection-i-love-vichy-fr","7":"product_cat-accessoires","9":"first","10":"instock","11":"purchasable","12":"product-type-simple"},"acf":[],"yoast_head":"<!-- This site is optimized with the Yoast SEO plugin v27.4 - https:\/\/yoast.com\/product\/yoast-seo-wordpress\/ -->\n<title>TAPIS A LANGER I LOVE VICHY GRIS - Walking Mum<\/title>\n<meta name=\"robots\" content=\"index, follow, max-snippet:-1, max-image-preview:large, max-video-preview:-1\" \/>\n<link rel=\"canonical\" href=\"https:\/\/walkingmum.com\/fr\/produit\/tapis-a-langer-i-love-vichy-gris\/\" \/>\n<meta property=\"og:locale\" content=\"fr_FR\" \/>\n<meta property=\"og:type\" content=\"article\" \/>\n<meta property=\"og:title\" content=\"TAPIS A LANGER I LOVE VICHY GRIS - Walking Mum\" \/>\n<meta property=\"og:description\" content=\"Tapis \u00e0 langer I love vichy gris. Tr\u00e8s commode et facile \u00e0 transporter, vu qu\u2019il se pr\u00e9sente en format pli\u00e9. Lavable \u00e0 la main ou en machine \u00e0 30\u00b0. Fabriqu\u00e9 dans un mat\u00e9riau r\u00e9sistant et facile \u00e0 nettoyer. Walking Mum prot\u00e8ge votre b\u00e9b\u00e9 en\u00a0utilisant les meilleurs tissus, sans colorants azo\u00efques ni substances nocives pour la [&hellip;]\" \/>\n<meta property=\"og:url\" content=\"https:\/\/walkingmum.com\/fr\/produit\/tapis-a-langer-i-love-vichy-gris\/\" \/>\n<meta property=\"og:site_name\" content=\"Walking Mum\" \/>\n<meta property=\"article:modified_time\" content=\"2023-01-26T08:44:09+00:00\" \/>\n<meta property=\"og:image\" content=\"https:\/\/walkingmum.com\/wp-content\/uploads\/2023\/01\/1120800084.jpg\" \/>\n\t<meta property=\"og:image:width\" content=\"1200\" \/>\n\t<meta property=\"og:image:height\" content=\"1200\" \/>\n\t<meta property=\"og:image:type\" content=\"image\/jpeg\" \/>\n<meta name=\"twitter:card\" content=\"summary_large_image\" \/>\n<script type=\"application\/ld+json\" class=\"yoast-schema-graph\">{\"@context\":\"https:\\\/\\\/schema.org\",\"@graph\":[{\"@type\":\"WebPage\",\"@id\":\"https:\\\/\\\/walkingmum.com\\\/fr\\\/produit\\\/tapis-a-langer-i-love-vichy-gris\\\/\",\"url\":\"https:\\\/\\\/walkingmum.com\\\/fr\\\/produit\\\/tapis-a-langer-i-love-vichy-gris\\\/\",\"name\":\"TAPIS A LANGER I LOVE VICHY GRIS - Walking Mum\",\"isPartOf\":{\"@id\":\"https:\\\/\\\/walkingmum.com\\\/#website\"},\"primaryImageOfPage\":{\"@id\":\"https:\\\/\\\/walkingmum.com\\\/fr\\\/produit\\\/tapis-a-langer-i-love-vichy-gris\\\/#primaryimage\"},\"image\":{\"@id\":\"https:\\\/\\\/walkingmum.com\\\/fr\\\/produit\\\/tapis-a-langer-i-love-vichy-gris\\\/#primaryimage\"},\"thumbnailUrl\":\"https:\\\/\\\/walkingmum.com\\\/wp-content\\\/uploads\\\/2023\\\/01\\\/1120800084.jpg\",\"datePublished\":\"2023-01-26T08:44:08+00:00\",\"dateModified\":\"2023-01-26T08:44:09+00:00\",\"breadcrumb\":{\"@id\":\"https:\\\/\\\/walkingmum.com\\\/fr\\\/produit\\\/tapis-a-langer-i-love-vichy-gris\\\/#breadcrumb\"},\"inLanguage\":\"fr-FR\",\"potentialAction\":[{\"@type\":\"ReadAction\",\"target\":[\"https:\\\/\\\/walkingmum.com\\\/fr\\\/produit\\\/tapis-a-langer-i-love-vichy-gris\\\/\"]}]},{\"@type\":\"ImageObject\",\"inLanguage\":\"fr-FR\",\"@id\":\"https:\\\/\\\/walkingmum.com\\\/fr\\\/produit\\\/tapis-a-langer-i-love-vichy-gris\\\/#primaryimage\",\"url\":\"https:\\\/\\\/walkingmum.com\\\/wp-content\\\/uploads\\\/2023\\\/01\\\/1120800084.jpg\",\"contentUrl\":\"https:\\\/\\\/walkingmum.com\\\/wp-content\\\/uploads\\\/2023\\\/01\\\/1120800084.jpg\",\"width\":1200,\"height\":1200},{\"@type\":\"BreadcrumbList\",\"@id\":\"https:\\\/\\\/walkingmum.com\\\/fr\\\/produit\\\/tapis-a-langer-i-love-vichy-gris\\\/#breadcrumb\",\"itemListElement\":[{\"@type\":\"ListItem\",\"position\":1,\"name\":\"Portada\",\"item\":\"https:\\\/\\\/walkingmum.com\\\/fr\\\/\"},{\"@type\":\"ListItem\",\"position\":2,\"name\":\"Tienda\",\"item\":\"https:\\\/\\\/walkingmum.com\\\/tienda\\\/\"},{\"@type\":\"ListItem\",\"position\":3,\"name\":\"TAPIS A LANGER I LOVE VICHY GRIS\"}]},{\"@type\":\"WebSite\",\"@id\":\"https:\\\/\\\/walkingmum.com\\\/#website\",\"url\":\"https:\\\/\\\/walkingmum.com\\\/\",\"name\":\"Walking Mum\",\"description\":\"La marca para beb\u00e9s modernos\",\"potentialAction\":[{\"@type\":\"SearchAction\",\"target\":{\"@type\":\"EntryPoint\",\"urlTemplate\":\"https:\\\/\\\/walkingmum.com\\\/?s={search_term_string}\"},\"query-input\":{\"@type\":\"PropertyValueSpecification\",\"valueRequired\":true,\"valueName\":\"search_term_string\"}}],\"inLanguage\":\"fr-FR\"}]}<\/script>\n<!-- \/ Yoast SEO plugin. -->","yoast_head_json":{"title":"TAPIS A LANGER I LOVE VICHY GRIS - Walking Mum","robots":{"index":"index","follow":"follow","max-snippet":"max-snippet:-1","max-image-preview":"max-image-preview:large","max-video-preview":"max-video-preview:-1"},"canonical":"https:\/\/walkingmum.com\/fr\/produit\/tapis-a-langer-i-love-vichy-gris\/","og_locale":"fr_FR","og_type":"article","og_title":"TAPIS A LANGER I LOVE VICHY GRIS - Walking Mum","og_description":"Tapis \u00e0 langer I love vichy gris. Tr\u00e8s commode et facile \u00e0 transporter, vu qu\u2019il se pr\u00e9sente en format pli\u00e9. Lavable \u00e0 la main ou en machine \u00e0 30\u00b0. Fabriqu\u00e9 dans un mat\u00e9riau r\u00e9sistant et facile \u00e0 nettoyer. Walking Mum prot\u00e8ge votre b\u00e9b\u00e9 en\u00a0utilisant les meilleurs tissus, sans colorants azo\u00efques ni substances nocives pour la [&hellip;]","og_url":"https:\/\/walkingmum.com\/fr\/produit\/tapis-a-langer-i-love-vichy-gris\/","og_site_name":"Walking Mum","article_modified_time":"2023-01-26T08:44:09+00:00","og_image":[{"width":1200,"height":1200,"url":"https:\/\/walkingmum.com\/wp-content\/uploads\/2023\/01\/1120800084.jpg","type":"image\/jpeg"}],"twitter_card":"summary_large_image","schema":{"@context":"https:\/\/schema.org","@graph":[{"@type":"WebPage","@id":"https:\/\/walkingmum.com\/fr\/produit\/tapis-a-langer-i-love-vichy-gris\/","url":"https:\/\/walkingmum.com\/fr\/produit\/tapis-a-langer-i-love-vichy-gris\/","name":"TAPIS A LANGER I LOVE VICHY GRIS - Walking Mum","isPartOf":{"@id":"https:\/\/walkingmum.com\/#website"},"primaryImageOfPage":{"@id":"https:\/\/walkingmum.com\/fr\/produit\/tapis-a-langer-i-love-vichy-gris\/#primaryimage"},"image":{"@id":"https:\/\/walkingmum.com\/fr\/produit\/tapis-a-langer-i-love-vichy-gris\/#primaryimage"},"thumbnailUrl":"https:\/\/walkingmum.com\/wp-content\/uploads\/2023\/01\/1120800084.jpg","datePublished":"2023-01-26T08:44:08+00:00","dateModified":"2023-01-26T08:44:09+00:00","breadcrumb":{"@id":"https:\/\/walkingmum.com\/fr\/produit\/tapis-a-langer-i-love-vichy-gris\/#breadcrumb"},"inLanguage":"fr-FR","potentialAction":[{"@type":"ReadAction","target":["https:\/\/walkingmum.com\/fr\/produit\/tapis-a-langer-i-love-vichy-gris\/"]}]},{"@type":"ImageObject","inLanguage":"fr-FR","@id":"https:\/\/walkingmum.com\/fr\/produit\/tapis-a-langer-i-love-vichy-gris\/#primaryimage","url":"https:\/\/walkingmum.com\/wp-content\/uploads\/2023\/01\/1120800084.jpg","contentUrl":"https:\/\/walkingmum.com\/wp-content\/uploads\/2023\/01\/1120800084.jpg","width":1200,"height":1200},{"@type":"BreadcrumbList","@id":"https:\/\/walkingmum.com\/fr\/produit\/tapis-a-langer-i-love-vichy-gris\/#breadcrumb","itemListElement":[{"@type":"ListItem","position":1,"name":"Portada","item":"https:\/\/walkingmum.com\/fr\/"},{"@type":"ListItem","position":2,"name":"Tienda","item":"https:\/\/walkingmum.com\/tienda\/"},{"@type":"ListItem","position":3,"name":"TAPIS A LANGER I LOVE VICHY GRIS"}]},{"@type":"WebSite","@id":"https:\/\/walkingmum.com\/#website","url":"https:\/\/walkingmum.com\/","name":"Walking Mum","description":"La marca para beb\u00e9s modernos","potentialAction":[{"@type":"SearchAction","target":{"@type":"EntryPoint","urlTemplate":"https:\/\/walkingmum.com\/?s={search_term_string}"},"query-input":{"@type":"PropertyValueSpecification","valueRequired":true,"valueName":"search_term_string"}}],"inLanguage":"fr-FR"}]}},"_links":{"self":[{"href":"https:\/\/walkingmum.com\/fr\/wp-json\/wp\/v2\/product\/17944","targetHints":{"allow":["GET"]}}],"collection":[{"href":"https:\/\/walkingmum.com\/fr\/wp-json\/wp\/v2\/product"}],"about":[{"href":"https:\/\/walkingmum.com\/fr\/wp-json\/wp\/v2\/types\/product"}],"replies":[{"embeddable":true,"href":"https:\/\/walkingmum.com\/fr\/wp-json\/wp\/v2\/comments?post=17944"}],"wp:featuredmedia":[{"embeddable":true,"href":"https:\/\/walkingmum.com\/fr\/wp-json\/wp\/v2\/media\/17591"}],"wp:attachment":[{"href":"https:\/\/walkingmum.com\/fr\/wp-json\/wp\/v2\/media?parent=17944"}],"wp:term":[{"taxonomy":"colecciones","embeddable":true,"href":"https:\/\/walkingmum.com\/fr\/wp-json\/wp\/v2\/colecciones?post=17944"},{"taxonomy":"product_brand","embeddable":true,"href":"https:\/\/walkingmum.com\/fr\/wp-json\/wp\/v2\/product_brand?post=17944"},{"taxonomy":"product_cat","embeddable":true,"href":"https:\/\/walkingmum.com\/fr\/wp-json\/wp\/v2\/product_cat?post=17944"},{"taxonomy":"product_tag","embeddable":true,"href":"https:\/\/walkingmum.com\/fr\/wp-json\/wp\/v2\/product_tag?post=17944"}],"curies":[{"name":"wp","href":"https:\/\/api.w.org\/{rel}","templated":true}]}}