{"id":17936,"date":"2024-09-02T07:20:13","date_gmt":"2024-09-02T07:20:13","guid":{"rendered":"https:\/\/walkingmum.com\/producto\/chanceliere-nacelle-siege-auto-groupe-0-ete-abanik\/"},"modified":"2024-09-02T07:20:14","modified_gmt":"2024-09-02T07:20:14","slug":"chanceliere-nacelle-siege-auto-groupe-0-ete-abanik","status":"publish","type":"product","link":"https:\/\/walkingmum.com\/fr\/produit\/chanceliere-nacelle-siege-auto-groupe-0-ete-abanik\/","title":{"rendered":"CHANCELIERE NACELLE \/ SIEGE AUTO GROUPE 0 \u00c9T\u00c9 ABANIK"},"content":{"rendered":"<p>Housse avec sac  Abanik vert id\u00e9ale pour couvrir le porte-b\u00e9b\u00e9. Partie arri\u00e8re faite d&rsquo;un mat\u00e9riel anti-sueur qui \u00e9vite la sueur excessive du b\u00e9b\u00e9 et prot\u00e8ge la poussette, ce qui rend la promenade plus confortable. Rembourrage amovible. Dispose de plusieurs ouvertures (\u0153illets) et r\u00e9glages pour l\u2019adapter \u00e0 la plupart des porte-b\u00e9b\u00e9s. Les housses porte-b\u00e9b\u00e9s et pour poussettes sont fabriqu\u00e9es conform\u00e9ment aux r\u00e9glementations europ\u00e9ennes les plus exigeantes. Walking Mum prot\u00e8ge votre b\u00e9b\u00e9 en utilisant les meilleurs tissus, sans colorants azo\u00efques ni substances nocives pour la sant\u00e9. Mod\u00e8le Universel compatible avec tous les porte-b\u00e9b\u00e9s du Groupe 0. Facile \u00e0 nettoyer, il est recommand\u00e9 de la laver en machine \u00e0 30\u00ba. Housses pour poussettes Walking Mum by Pasito a pasito.<\/p>\n","protected":false},"excerpt":{"rendered":"<p>Housse avec sac Abanik vert id\u00e9ale pour couvrir le porte-b\u00e9b\u00e9. Partie arri\u00e8re faite d&rsquo;un mat\u00e9riel anti-sueur qui \u00e9vite la sueur excessive du b\u00e9b\u00e9 et prot\u00e8ge la poussette, ce qui rend la promenade plus confortable. Rembourrage amovible. Dispose de plusieurs ouvertures (\u0153illets) et r\u00e9glages pour l\u2019adapter \u00e0 la plupart des porte-b\u00e9b\u00e9s. Les housses porte-b\u00e9b\u00e9s et pour [&hellip;]<\/p>\n","protected":false},"featured_media":17391,"comment_status":"closed","ping_status":"closed","template":"","meta":{"_acf_changed":false,"inline_featured_image":false},"colecciones":[],"product_brand":[],"product_cat":[268],"product_tag":[],"class_list":{"0":"post-17936","1":"product","2":"type-product","3":"status-publish","4":"has-post-thumbnail","6":"product_cat-special-prices-fr","8":"first","9":"instock","10":"purchasable","11":"product-type-simple"},"acf":[],"yoast_head":"<!-- This site is optimized with the Yoast SEO plugin v27.3 - https:\/\/yoast.com\/product\/yoast-seo-wordpress\/ -->\n<title>CHANCELIERE NACELLE \/ SIEGE AUTO GROUPE 0 \u00c9T\u00c9 ABANIK - Walking Mum<\/title>\n<meta name=\"robots\" content=\"index, follow, max-snippet:-1, max-image-preview:large, max-video-preview:-1\" \/>\n<link rel=\"canonical\" href=\"https:\/\/walkingmum.com\/produit\/saco-cuco-2-en-1-abanik-entretiempo\/\" \/>\n<meta property=\"og:locale\" content=\"fr_FR\" \/>\n<meta property=\"og:type\" content=\"article\" \/>\n<meta property=\"og:title\" content=\"CHANCELIERE NACELLE \/ SIEGE AUTO GROUPE 0 \u00c9T\u00c9 ABANIK - Walking Mum\" \/>\n<meta property=\"og:description\" content=\"Housse avec sac Abanik vert id\u00e9ale pour couvrir le porte-b\u00e9b\u00e9. Partie arri\u00e8re faite d&rsquo;un mat\u00e9riel anti-sueur qui \u00e9vite la sueur excessive du b\u00e9b\u00e9 et prot\u00e8ge la poussette, ce qui rend la promenade plus confortable. Rembourrage amovible. Dispose de plusieurs ouvertures (\u0153illets) et r\u00e9glages pour l\u2019adapter \u00e0 la plupart des porte-b\u00e9b\u00e9s. Les housses porte-b\u00e9b\u00e9s et pour [&hellip;]\" \/>\n<meta property=\"og:url\" content=\"https:\/\/walkingmum.com\/produit\/saco-cuco-2-en-1-abanik-entretiempo\/\" \/>\n<meta property=\"og:site_name\" content=\"Walking Mum\" \/>\n<meta property=\"article:modified_time\" content=\"2024-09-02T07:20:14+00:00\" \/>\n<meta property=\"og:image\" content=\"https:\/\/walkingmum.com\/wp-content\/uploads\/2023\/01\/1120800053.jpg\" \/>\n\t<meta property=\"og:image:width\" content=\"1200\" \/>\n\t<meta property=\"og:image:height\" content=\"1200\" \/>\n\t<meta property=\"og:image:type\" content=\"image\/jpeg\" \/>\n<meta name=\"twitter:card\" content=\"summary_large_image\" \/>\n<meta name=\"twitter:label1\" content=\"Dur\u00e9e de lecture estim\u00e9e\" \/>\n\t<meta name=\"twitter:data1\" content=\"1 minute\" \/>\n<script type=\"application\/ld+json\" class=\"yoast-schema-graph\">{\"@context\":\"https:\\\/\\\/schema.org\",\"@graph\":[{\"@type\":\"WebPage\",\"@id\":\"https:\\\/\\\/walkingmum.com\\\/produit\\\/saco-cuco-2-en-1-abanik-entretiempo\\\/\",\"url\":\"https:\\\/\\\/walkingmum.com\\\/produit\\\/saco-cuco-2-en-1-abanik-entretiempo\\\/\",\"name\":\"CHANCELIERE NACELLE \\\/ SIEGE AUTO GROUPE 0 \u00c9T\u00c9 ABANIK - Walking Mum\",\"isPartOf\":{\"@id\":\"https:\\\/\\\/walkingmum.com\\\/#website\"},\"primaryImageOfPage\":{\"@id\":\"https:\\\/\\\/walkingmum.com\\\/produit\\\/saco-cuco-2-en-1-abanik-entretiempo\\\/#primaryimage\"},\"image\":{\"@id\":\"https:\\\/\\\/walkingmum.com\\\/produit\\\/saco-cuco-2-en-1-abanik-entretiempo\\\/#primaryimage\"},\"thumbnailUrl\":\"https:\\\/\\\/walkingmum.com\\\/wp-content\\\/uploads\\\/2023\\\/01\\\/1120800053.jpg\",\"datePublished\":\"2024-09-02T07:20:13+00:00\",\"dateModified\":\"2024-09-02T07:20:14+00:00\",\"breadcrumb\":{\"@id\":\"https:\\\/\\\/walkingmum.com\\\/produit\\\/saco-cuco-2-en-1-abanik-entretiempo\\\/#breadcrumb\"},\"inLanguage\":\"fr-FR\",\"potentialAction\":[{\"@type\":\"ReadAction\",\"target\":[\"https:\\\/\\\/walkingmum.com\\\/produit\\\/saco-cuco-2-en-1-abanik-entretiempo\\\/\"]}]},{\"@type\":\"ImageObject\",\"inLanguage\":\"fr-FR\",\"@id\":\"https:\\\/\\\/walkingmum.com\\\/produit\\\/saco-cuco-2-en-1-abanik-entretiempo\\\/#primaryimage\",\"url\":\"https:\\\/\\\/walkingmum.com\\\/wp-content\\\/uploads\\\/2023\\\/01\\\/1120800053.jpg\",\"contentUrl\":\"https:\\\/\\\/walkingmum.com\\\/wp-content\\\/uploads\\\/2023\\\/01\\\/1120800053.jpg\",\"width\":1200,\"height\":1200},{\"@type\":\"BreadcrumbList\",\"@id\":\"https:\\\/\\\/walkingmum.com\\\/produit\\\/saco-cuco-2-en-1-abanik-entretiempo\\\/#breadcrumb\",\"itemListElement\":[{\"@type\":\"ListItem\",\"position\":1,\"name\":\"Portada\",\"item\":\"https:\\\/\\\/walkingmum.com\\\/fr\\\/\"},{\"@type\":\"ListItem\",\"position\":2,\"name\":\"Tienda\",\"item\":\"https:\\\/\\\/walkingmum.com\\\/tienda\\\/\"},{\"@type\":\"ListItem\",\"position\":3,\"name\":\"CHANCELIERE NACELLE \\\/ SIEGE AUTO GROUPE 0 \u00c9T\u00c9 ABANIK\"}]},{\"@type\":\"WebSite\",\"@id\":\"https:\\\/\\\/walkingmum.com\\\/#website\",\"url\":\"https:\\\/\\\/walkingmum.com\\\/\",\"name\":\"Walking Mum\",\"description\":\"La marca para beb\u00e9s modernos\",\"potentialAction\":[{\"@type\":\"SearchAction\",\"target\":{\"@type\":\"EntryPoint\",\"urlTemplate\":\"https:\\\/\\\/walkingmum.com\\\/?s={search_term_string}\"},\"query-input\":{\"@type\":\"PropertyValueSpecification\",\"valueRequired\":true,\"valueName\":\"search_term_string\"}}],\"inLanguage\":\"fr-FR\"}]}<\/script>\n<!-- \/ Yoast SEO plugin. -->","yoast_head_json":{"title":"CHANCELIERE NACELLE \/ SIEGE AUTO GROUPE 0 \u00c9T\u00c9 ABANIK - Walking Mum","robots":{"index":"index","follow":"follow","max-snippet":"max-snippet:-1","max-image-preview":"max-image-preview:large","max-video-preview":"max-video-preview:-1"},"canonical":"https:\/\/walkingmum.com\/produit\/saco-cuco-2-en-1-abanik-entretiempo\/","og_locale":"fr_FR","og_type":"article","og_title":"CHANCELIERE NACELLE \/ SIEGE AUTO GROUPE 0 \u00c9T\u00c9 ABANIK - Walking Mum","og_description":"Housse avec sac Abanik vert id\u00e9ale pour couvrir le porte-b\u00e9b\u00e9. Partie arri\u00e8re faite d&rsquo;un mat\u00e9riel anti-sueur qui \u00e9vite la sueur excessive du b\u00e9b\u00e9 et prot\u00e8ge la poussette, ce qui rend la promenade plus confortable. Rembourrage amovible. Dispose de plusieurs ouvertures (\u0153illets) et r\u00e9glages pour l\u2019adapter \u00e0 la plupart des porte-b\u00e9b\u00e9s. Les housses porte-b\u00e9b\u00e9s et pour [&hellip;]","og_url":"https:\/\/walkingmum.com\/produit\/saco-cuco-2-en-1-abanik-entretiempo\/","og_site_name":"Walking Mum","article_modified_time":"2024-09-02T07:20:14+00:00","og_image":[{"width":1200,"height":1200,"url":"https:\/\/walkingmum.com\/wp-content\/uploads\/2023\/01\/1120800053.jpg","type":"image\/jpeg"}],"twitter_card":"summary_large_image","twitter_misc":{"Dur\u00e9e de lecture estim\u00e9e":"1 minute"},"schema":{"@context":"https:\/\/schema.org","@graph":[{"@type":"WebPage","@id":"https:\/\/walkingmum.com\/produit\/saco-cuco-2-en-1-abanik-entretiempo\/","url":"https:\/\/walkingmum.com\/produit\/saco-cuco-2-en-1-abanik-entretiempo\/","name":"CHANCELIERE NACELLE \/ SIEGE AUTO GROUPE 0 \u00c9T\u00c9 ABANIK - Walking Mum","isPartOf":{"@id":"https:\/\/walkingmum.com\/#website"},"primaryImageOfPage":{"@id":"https:\/\/walkingmum.com\/produit\/saco-cuco-2-en-1-abanik-entretiempo\/#primaryimage"},"image":{"@id":"https:\/\/walkingmum.com\/produit\/saco-cuco-2-en-1-abanik-entretiempo\/#primaryimage"},"thumbnailUrl":"https:\/\/walkingmum.com\/wp-content\/uploads\/2023\/01\/1120800053.jpg","datePublished":"2024-09-02T07:20:13+00:00","dateModified":"2024-09-02T07:20:14+00:00","breadcrumb":{"@id":"https:\/\/walkingmum.com\/produit\/saco-cuco-2-en-1-abanik-entretiempo\/#breadcrumb"},"inLanguage":"fr-FR","potentialAction":[{"@type":"ReadAction","target":["https:\/\/walkingmum.com\/produit\/saco-cuco-2-en-1-abanik-entretiempo\/"]}]},{"@type":"ImageObject","inLanguage":"fr-FR","@id":"https:\/\/walkingmum.com\/produit\/saco-cuco-2-en-1-abanik-entretiempo\/#primaryimage","url":"https:\/\/walkingmum.com\/wp-content\/uploads\/2023\/01\/1120800053.jpg","contentUrl":"https:\/\/walkingmum.com\/wp-content\/uploads\/2023\/01\/1120800053.jpg","width":1200,"height":1200},{"@type":"BreadcrumbList","@id":"https:\/\/walkingmum.com\/produit\/saco-cuco-2-en-1-abanik-entretiempo\/#breadcrumb","itemListElement":[{"@type":"ListItem","position":1,"name":"Portada","item":"https:\/\/walkingmum.com\/fr\/"},{"@type":"ListItem","position":2,"name":"Tienda","item":"https:\/\/walkingmum.com\/tienda\/"},{"@type":"ListItem","position":3,"name":"CHANCELIERE NACELLE \/ SIEGE AUTO GROUPE 0 \u00c9T\u00c9 ABANIK"}]},{"@type":"WebSite","@id":"https:\/\/walkingmum.com\/#website","url":"https:\/\/walkingmum.com\/","name":"Walking Mum","description":"La marca para beb\u00e9s modernos","potentialAction":[{"@type":"SearchAction","target":{"@type":"EntryPoint","urlTemplate":"https:\/\/walkingmum.com\/?s={search_term_string}"},"query-input":{"@type":"PropertyValueSpecification","valueRequired":true,"valueName":"search_term_string"}}],"inLanguage":"fr-FR"}]}},"_links":{"self":[{"href":"https:\/\/walkingmum.com\/fr\/wp-json\/wp\/v2\/product\/17936","targetHints":{"allow":["GET"]}}],"collection":[{"href":"https:\/\/walkingmum.com\/fr\/wp-json\/wp\/v2\/product"}],"about":[{"href":"https:\/\/walkingmum.com\/fr\/wp-json\/wp\/v2\/types\/product"}],"replies":[{"embeddable":true,"href":"https:\/\/walkingmum.com\/fr\/wp-json\/wp\/v2\/comments?post=17936"}],"wp:featuredmedia":[{"embeddable":true,"href":"https:\/\/walkingmum.com\/fr\/wp-json\/wp\/v2\/media\/17391"}],"wp:attachment":[{"href":"https:\/\/walkingmum.com\/fr\/wp-json\/wp\/v2\/media?parent=17936"}],"wp:term":[{"taxonomy":"colecciones","embeddable":true,"href":"https:\/\/walkingmum.com\/fr\/wp-json\/wp\/v2\/colecciones?post=17936"},{"taxonomy":"product_brand","embeddable":true,"href":"https:\/\/walkingmum.com\/fr\/wp-json\/wp\/v2\/product_brand?post=17936"},{"taxonomy":"product_cat","embeddable":true,"href":"https:\/\/walkingmum.com\/fr\/wp-json\/wp\/v2\/product_cat?post=17936"},{"taxonomy":"product_tag","embeddable":true,"href":"https:\/\/walkingmum.com\/fr\/wp-json\/wp\/v2\/product_tag?post=17936"}],"curies":[{"name":"wp","href":"https:\/\/api.w.org\/{rel}","templated":true}]}}