{"id":13963,"date":"2021-08-17T12:33:25","date_gmt":"2021-08-23T15:15:56","guid":{"rendered":"https:\/\/walkingmum.com\/?post_type=product&#038;p=13963"},"modified":"2021-08-23T15:15:58","modified_gmt":"2021-08-23T15:15:58","slug":"sac-a-dos-i-love-vichy-noir","status":"publish","type":"product","link":"https:\/\/walkingmum.com\/fr\/produit\/sac-a-dos-i-love-vichy-noir\/","title":{"rendered":"SAC A DOS I LOVE VICHY NOIR"},"content":{"rendered":"\n<p>\u00ab\u00a0Sac a dos I love vichy noir, moderne, sportif et urbain pour poussette qui inclut un tapis \u00e0 langer pour b\u00e9b\u00e9. Sac layette tr\u00e8s l\u00e9ger, r\u00e9sistant et de grande contenance pour porter tout ce dont vous avez besoin pour la promenade du b\u00e9b\u00e9. Il inclut utiles poches pour avoir tout bien rang\u00e9 et \u00e0 port\u00e9e de main. Le sac incorpore un syst\u00e8me universel de fixation. Fabriqu\u00e9 dans un mat\u00e9riau r\u00e9sistant et facile \u00e0 nettoyer. Walking Mum prot\u00e8ge votre b\u00e9b\u00e9 en utilisant les meilleurs tissus, sans colorants azo\u00efques ni substances nocives pour la sant\u00e9. Dimensions : 28X37X12 cm. Sacs de maternit\u00e9 Walking Mum by Pasito a pasito.\r\n\r\n\u00ab\u00a0<\/p>\n","protected":false},"excerpt":{"rendered":"<p>\u00ab\u00a0Sac a dos I love vichy noir, moderne, sportif et urbain pour poussette qui inclut un tapis \u00e0 langer pour b\u00e9b\u00e9. Sac layette tr\u00e8s l\u00e9ger, r\u00e9sistant et de grande contenance pour porter tout ce dont vous avez besoin pour la promenade du b\u00e9b\u00e9. Il inclut utiles poches pour avoir tout bien rang\u00e9 et \u00e0 port\u00e9e [&hellip;]<\/p>\n","protected":false},"featured_media":13920,"comment_status":"closed","ping_status":"closed","template":"","meta":{"_acf_changed":false,"inline_featured_image":false},"colecciones":[114],"product_brand":[],"product_cat":[132],"product_tag":[],"class_list":{"0":"post-13963","1":"product","2":"type-product","3":"status-publish","4":"has-post-thumbnail","6":"colecciones-collection-i-love-vichy-fr","7":"product_cat-sacs-a-dos-a-langer","9":"first","10":"instock","11":"shipping-taxable","12":"purchasable","13":"product-type-simple"},"acf":[],"yoast_head":"<!-- This site is optimized with the Yoast SEO plugin v27.4 - https:\/\/yoast.com\/product\/yoast-seo-wordpress\/ -->\n<title>SAC A DOS I LOVE VICHY NOIR - Walking Mum<\/title>\n<meta name=\"robots\" content=\"index, follow, max-snippet:-1, max-image-preview:large, max-video-preview:-1\" \/>\n<link rel=\"canonical\" href=\"https:\/\/walkingmum.com\/fr\/produit\/sac-a-dos-i-love-vichy-noir\/\" \/>\n<meta property=\"og:locale\" content=\"fr_FR\" \/>\n<meta property=\"og:type\" content=\"article\" \/>\n<meta property=\"og:title\" content=\"SAC A DOS I LOVE VICHY NOIR - Walking Mum\" \/>\n<meta property=\"og:description\" content=\"\u00ab\u00a0Sac a dos I love vichy noir, moderne, sportif et urbain pour poussette qui inclut un tapis \u00e0 langer pour b\u00e9b\u00e9. Sac layette tr\u00e8s l\u00e9ger, r\u00e9sistant et de grande contenance pour porter tout ce dont vous avez besoin pour la promenade du b\u00e9b\u00e9. Il inclut utiles poches pour avoir tout bien rang\u00e9 et \u00e0 port\u00e9e [&hellip;]\" \/>\n<meta property=\"og:url\" content=\"https:\/\/walkingmum.com\/fr\/produit\/sac-a-dos-i-love-vichy-noir\/\" \/>\n<meta property=\"og:site_name\" content=\"Walking Mum\" \/>\n<meta property=\"article:modified_time\" content=\"2021-08-23T15:15:58+00:00\" \/>\n<meta property=\"og:image\" content=\"https:\/\/walkingmum.com\/wp-content\/uploads\/2021\/08\/mochila-i-love-vichy-negro-36313.jpg\" \/>\n\t<meta property=\"og:image:width\" content=\"1200\" \/>\n\t<meta property=\"og:image:height\" content=\"1200\" \/>\n\t<meta property=\"og:image:type\" content=\"image\/jpeg\" \/>\n<meta name=\"twitter:card\" content=\"summary_large_image\" \/>\n<meta name=\"twitter:label1\" content=\"Dur\u00e9e de lecture estim\u00e9e\" \/>\n\t<meta name=\"twitter:data1\" content=\"1 minute\" \/>\n<script type=\"application\/ld+json\" class=\"yoast-schema-graph\">{\"@context\":\"https:\\\/\\\/schema.org\",\"@graph\":[{\"@type\":\"WebPage\",\"@id\":\"https:\\\/\\\/walkingmum.com\\\/fr\\\/produit\\\/sac-a-dos-i-love-vichy-noir\\\/\",\"url\":\"https:\\\/\\\/walkingmum.com\\\/fr\\\/produit\\\/sac-a-dos-i-love-vichy-noir\\\/\",\"name\":\"SAC A DOS I LOVE VICHY NOIR - Walking Mum\",\"isPartOf\":{\"@id\":\"https:\\\/\\\/walkingmum.com\\\/#website\"},\"primaryImageOfPage\":{\"@id\":\"https:\\\/\\\/walkingmum.com\\\/fr\\\/produit\\\/sac-a-dos-i-love-vichy-noir\\\/#primaryimage\"},\"image\":{\"@id\":\"https:\\\/\\\/walkingmum.com\\\/fr\\\/produit\\\/sac-a-dos-i-love-vichy-noir\\\/#primaryimage\"},\"thumbnailUrl\":\"https:\\\/\\\/walkingmum.com\\\/wp-content\\\/uploads\\\/2021\\\/08\\\/mochila-i-love-vichy-negro-36313.jpg\",\"datePublished\":\"2021-08-23T15:15:56+00:00\",\"dateModified\":\"2021-08-23T15:15:58+00:00\",\"breadcrumb\":{\"@id\":\"https:\\\/\\\/walkingmum.com\\\/fr\\\/produit\\\/sac-a-dos-i-love-vichy-noir\\\/#breadcrumb\"},\"inLanguage\":\"fr-FR\",\"potentialAction\":[{\"@type\":\"ReadAction\",\"target\":[\"https:\\\/\\\/walkingmum.com\\\/fr\\\/produit\\\/sac-a-dos-i-love-vichy-noir\\\/\"]}]},{\"@type\":\"ImageObject\",\"inLanguage\":\"fr-FR\",\"@id\":\"https:\\\/\\\/walkingmum.com\\\/fr\\\/produit\\\/sac-a-dos-i-love-vichy-noir\\\/#primaryimage\",\"url\":\"https:\\\/\\\/walkingmum.com\\\/wp-content\\\/uploads\\\/2021\\\/08\\\/mochila-i-love-vichy-negro-36313.jpg\",\"contentUrl\":\"https:\\\/\\\/walkingmum.com\\\/wp-content\\\/uploads\\\/2021\\\/08\\\/mochila-i-love-vichy-negro-36313.jpg\",\"width\":1200,\"height\":1200},{\"@type\":\"BreadcrumbList\",\"@id\":\"https:\\\/\\\/walkingmum.com\\\/fr\\\/produit\\\/sac-a-dos-i-love-vichy-noir\\\/#breadcrumb\",\"itemListElement\":[{\"@type\":\"ListItem\",\"position\":1,\"name\":\"Portada\",\"item\":\"https:\\\/\\\/walkingmum.com\\\/fr\\\/\"},{\"@type\":\"ListItem\",\"position\":2,\"name\":\"Tienda\",\"item\":\"https:\\\/\\\/walkingmum.com\\\/tienda\\\/\"},{\"@type\":\"ListItem\",\"position\":3,\"name\":\"SAC A DOS I LOVE VICHY NOIR\"}]},{\"@type\":\"WebSite\",\"@id\":\"https:\\\/\\\/walkingmum.com\\\/#website\",\"url\":\"https:\\\/\\\/walkingmum.com\\\/\",\"name\":\"Walking Mum\",\"description\":\"La marca para beb\u00e9s modernos\",\"potentialAction\":[{\"@type\":\"SearchAction\",\"target\":{\"@type\":\"EntryPoint\",\"urlTemplate\":\"https:\\\/\\\/walkingmum.com\\\/?s={search_term_string}\"},\"query-input\":{\"@type\":\"PropertyValueSpecification\",\"valueRequired\":true,\"valueName\":\"search_term_string\"}}],\"inLanguage\":\"fr-FR\"}]}<\/script>\n<!-- \/ Yoast SEO plugin. -->","yoast_head_json":{"title":"SAC A DOS I LOVE VICHY NOIR - Walking Mum","robots":{"index":"index","follow":"follow","max-snippet":"max-snippet:-1","max-image-preview":"max-image-preview:large","max-video-preview":"max-video-preview:-1"},"canonical":"https:\/\/walkingmum.com\/fr\/produit\/sac-a-dos-i-love-vichy-noir\/","og_locale":"fr_FR","og_type":"article","og_title":"SAC A DOS I LOVE VICHY NOIR - Walking Mum","og_description":"\u00ab\u00a0Sac a dos I love vichy noir, moderne, sportif et urbain pour poussette qui inclut un tapis \u00e0 langer pour b\u00e9b\u00e9. Sac layette tr\u00e8s l\u00e9ger, r\u00e9sistant et de grande contenance pour porter tout ce dont vous avez besoin pour la promenade du b\u00e9b\u00e9. Il inclut utiles poches pour avoir tout bien rang\u00e9 et \u00e0 port\u00e9e [&hellip;]","og_url":"https:\/\/walkingmum.com\/fr\/produit\/sac-a-dos-i-love-vichy-noir\/","og_site_name":"Walking Mum","article_modified_time":"2021-08-23T15:15:58+00:00","og_image":[{"width":1200,"height":1200,"url":"https:\/\/walkingmum.com\/wp-content\/uploads\/2021\/08\/mochila-i-love-vichy-negro-36313.jpg","type":"image\/jpeg"}],"twitter_card":"summary_large_image","twitter_misc":{"Dur\u00e9e de lecture estim\u00e9e":"1 minute"},"schema":{"@context":"https:\/\/schema.org","@graph":[{"@type":"WebPage","@id":"https:\/\/walkingmum.com\/fr\/produit\/sac-a-dos-i-love-vichy-noir\/","url":"https:\/\/walkingmum.com\/fr\/produit\/sac-a-dos-i-love-vichy-noir\/","name":"SAC A DOS I LOVE VICHY NOIR - Walking Mum","isPartOf":{"@id":"https:\/\/walkingmum.com\/#website"},"primaryImageOfPage":{"@id":"https:\/\/walkingmum.com\/fr\/produit\/sac-a-dos-i-love-vichy-noir\/#primaryimage"},"image":{"@id":"https:\/\/walkingmum.com\/fr\/produit\/sac-a-dos-i-love-vichy-noir\/#primaryimage"},"thumbnailUrl":"https:\/\/walkingmum.com\/wp-content\/uploads\/2021\/08\/mochila-i-love-vichy-negro-36313.jpg","datePublished":"2021-08-23T15:15:56+00:00","dateModified":"2021-08-23T15:15:58+00:00","breadcrumb":{"@id":"https:\/\/walkingmum.com\/fr\/produit\/sac-a-dos-i-love-vichy-noir\/#breadcrumb"},"inLanguage":"fr-FR","potentialAction":[{"@type":"ReadAction","target":["https:\/\/walkingmum.com\/fr\/produit\/sac-a-dos-i-love-vichy-noir\/"]}]},{"@type":"ImageObject","inLanguage":"fr-FR","@id":"https:\/\/walkingmum.com\/fr\/produit\/sac-a-dos-i-love-vichy-noir\/#primaryimage","url":"https:\/\/walkingmum.com\/wp-content\/uploads\/2021\/08\/mochila-i-love-vichy-negro-36313.jpg","contentUrl":"https:\/\/walkingmum.com\/wp-content\/uploads\/2021\/08\/mochila-i-love-vichy-negro-36313.jpg","width":1200,"height":1200},{"@type":"BreadcrumbList","@id":"https:\/\/walkingmum.com\/fr\/produit\/sac-a-dos-i-love-vichy-noir\/#breadcrumb","itemListElement":[{"@type":"ListItem","position":1,"name":"Portada","item":"https:\/\/walkingmum.com\/fr\/"},{"@type":"ListItem","position":2,"name":"Tienda","item":"https:\/\/walkingmum.com\/tienda\/"},{"@type":"ListItem","position":3,"name":"SAC A DOS I LOVE VICHY NOIR"}]},{"@type":"WebSite","@id":"https:\/\/walkingmum.com\/#website","url":"https:\/\/walkingmum.com\/","name":"Walking Mum","description":"La marca para beb\u00e9s modernos","potentialAction":[{"@type":"SearchAction","target":{"@type":"EntryPoint","urlTemplate":"https:\/\/walkingmum.com\/?s={search_term_string}"},"query-input":{"@type":"PropertyValueSpecification","valueRequired":true,"valueName":"search_term_string"}}],"inLanguage":"fr-FR"}]}},"_links":{"self":[{"href":"https:\/\/walkingmum.com\/fr\/wp-json\/wp\/v2\/product\/13963","targetHints":{"allow":["GET"]}}],"collection":[{"href":"https:\/\/walkingmum.com\/fr\/wp-json\/wp\/v2\/product"}],"about":[{"href":"https:\/\/walkingmum.com\/fr\/wp-json\/wp\/v2\/types\/product"}],"replies":[{"embeddable":true,"href":"https:\/\/walkingmum.com\/fr\/wp-json\/wp\/v2\/comments?post=13963"}],"wp:featuredmedia":[{"embeddable":true,"href":"https:\/\/walkingmum.com\/fr\/wp-json\/wp\/v2\/media\/13920"}],"wp:attachment":[{"href":"https:\/\/walkingmum.com\/fr\/wp-json\/wp\/v2\/media?parent=13963"}],"wp:term":[{"taxonomy":"colecciones","embeddable":true,"href":"https:\/\/walkingmum.com\/fr\/wp-json\/wp\/v2\/colecciones?post=13963"},{"taxonomy":"product_brand","embeddable":true,"href":"https:\/\/walkingmum.com\/fr\/wp-json\/wp\/v2\/product_brand?post=13963"},{"taxonomy":"product_cat","embeddable":true,"href":"https:\/\/walkingmum.com\/fr\/wp-json\/wp\/v2\/product_cat?post=13963"},{"taxonomy":"product_tag","embeddable":true,"href":"https:\/\/walkingmum.com\/fr\/wp-json\/wp\/v2\/product_tag?post=13963"}],"curies":[{"name":"wp","href":"https:\/\/api.w.org\/{rel}","templated":true}]}}