{"id":13757,"date":"2021-08-17T10:42:45","date_gmt":"2021-08-23T15:35:07","guid":{"rendered":"https:\/\/walkingmum.com\/?post_type=product&#038;p=13757"},"modified":"2021-08-23T15:35:10","modified_gmt":"2021-08-23T15:35:10","slug":"chanceliere-i-love-vichy-noir-hiver","status":"publish","type":"product","link":"https:\/\/walkingmum.com\/fr\/produit\/chanceliere-i-love-vichy-noir-hiver\/","title":{"rendered":"CHANCELIERE I LOVE VICHY NOIR HIVER"},"content":{"rendered":"\n<p>Housse I love vichy noir id\u00e9ale pour couvrir la poussette, munie d\u2019un sac pour affronter le froid. Le chanceli\u00e8re dispose de plusieurs ouvertures (\u0153illets) et r\u00e9glages pour l\u2019adapter \u00e0 la plupart des poussettes, la promenade de votre b\u00e9b\u00e9 devenant ainsi s\u00fbre et confortable. Les housses pour poussettes sont fabriqu\u00e9es conform\u00e9ment aux r\u00e9glementations europ\u00e9ennes les plus exigeantes. Walking Mum prot\u00e8ge votre b\u00e9b\u00e9 en utilisant les meilleurs tissus, sans colorants azo\u00efques ni substances nocives pour la sant\u00e9. Housses pour poussettes Walking Mum.<\/p>\n","protected":false},"excerpt":{"rendered":"<p>Housse I love vichy noir id\u00e9ale pour couvrir la poussette, munie d\u2019un sac pour affronter le froid. Le chanceli\u00e8re dispose de plusieurs ouvertures (\u0153illets) et r\u00e9glages pour l\u2019adapter \u00e0 la plupart des poussettes, la promenade de votre b\u00e9b\u00e9 devenant ainsi s\u00fbre et confortable. Les housses pour poussettes sont fabriqu\u00e9es conform\u00e9ment aux r\u00e9glementations europ\u00e9ennes les plus [&hellip;]<\/p>\n","protected":false},"featured_media":13750,"comment_status":"closed","ping_status":"closed","template":"","meta":{"_acf_changed":false,"inline_featured_image":false},"colecciones":[114],"product_brand":[],"product_cat":[147],"product_tag":[],"class_list":{"0":"post-13757","1":"product","2":"type-product","3":"status-publish","4":"has-post-thumbnail","6":"colecciones-collection-i-love-vichy-fr","7":"product_cat-assises-et-chancelieres-pour-poussette","9":"first","10":"instock","11":"shipping-taxable","12":"purchasable","13":"product-type-simple"},"acf":[],"yoast_head":"<!-- This site is optimized with the Yoast SEO plugin v27.3 - https:\/\/yoast.com\/product\/yoast-seo-wordpress\/ -->\n<title>CHANCELIERE I LOVE VICHY NOIR HIVER - Walking Mum<\/title>\n<meta name=\"robots\" content=\"index, follow, max-snippet:-1, max-image-preview:large, max-video-preview:-1\" \/>\n<link rel=\"canonical\" href=\"https:\/\/walkingmum.com\/fr\/produit\/chanceliere-i-love-vichy-noir-hiver\/\" \/>\n<meta property=\"og:locale\" content=\"fr_FR\" \/>\n<meta property=\"og:type\" content=\"article\" \/>\n<meta property=\"og:title\" content=\"CHANCELIERE I LOVE VICHY NOIR HIVER - Walking Mum\" \/>\n<meta property=\"og:description\" content=\"Housse I love vichy noir id\u00e9ale pour couvrir la poussette, munie d\u2019un sac pour affronter le froid. Le chanceli\u00e8re dispose de plusieurs ouvertures (\u0153illets) et r\u00e9glages pour l\u2019adapter \u00e0 la plupart des poussettes, la promenade de votre b\u00e9b\u00e9 devenant ainsi s\u00fbre et confortable. Les housses pour poussettes sont fabriqu\u00e9es conform\u00e9ment aux r\u00e9glementations europ\u00e9ennes les plus [&hellip;]\" \/>\n<meta property=\"og:url\" content=\"https:\/\/walkingmum.com\/fr\/produit\/chanceliere-i-love-vichy-noir-hiver\/\" \/>\n<meta property=\"og:site_name\" content=\"Walking Mum\" \/>\n<meta property=\"article:modified_time\" content=\"2021-08-23T15:35:10+00:00\" \/>\n<meta property=\"og:image\" content=\"https:\/\/walkingmum.com\/wp-content\/uploads\/2021\/08\/saco-silla-i-love-vichy-negro-invierno-36321.jpg\" \/>\n\t<meta property=\"og:image:width\" content=\"1200\" \/>\n\t<meta property=\"og:image:height\" content=\"1199\" \/>\n\t<meta property=\"og:image:type\" content=\"image\/jpeg\" \/>\n<meta name=\"twitter:card\" content=\"summary_large_image\" \/>\n<meta name=\"twitter:label1\" content=\"Dur\u00e9e de lecture estim\u00e9e\" \/>\n\t<meta name=\"twitter:data1\" content=\"1 minute\" \/>\n<script type=\"application\/ld+json\" class=\"yoast-schema-graph\">{\"@context\":\"https:\\\/\\\/schema.org\",\"@graph\":[{\"@type\":\"WebPage\",\"@id\":\"https:\\\/\\\/walkingmum.com\\\/fr\\\/produit\\\/chanceliere-i-love-vichy-noir-hiver\\\/\",\"url\":\"https:\\\/\\\/walkingmum.com\\\/fr\\\/produit\\\/chanceliere-i-love-vichy-noir-hiver\\\/\",\"name\":\"CHANCELIERE I LOVE VICHY NOIR HIVER - Walking Mum\",\"isPartOf\":{\"@id\":\"https:\\\/\\\/walkingmum.com\\\/#website\"},\"primaryImageOfPage\":{\"@id\":\"https:\\\/\\\/walkingmum.com\\\/fr\\\/produit\\\/chanceliere-i-love-vichy-noir-hiver\\\/#primaryimage\"},\"image\":{\"@id\":\"https:\\\/\\\/walkingmum.com\\\/fr\\\/produit\\\/chanceliere-i-love-vichy-noir-hiver\\\/#primaryimage\"},\"thumbnailUrl\":\"https:\\\/\\\/walkingmum.com\\\/wp-content\\\/uploads\\\/2021\\\/08\\\/saco-silla-i-love-vichy-negro-invierno-36321.jpg\",\"datePublished\":\"2021-08-23T15:35:07+00:00\",\"dateModified\":\"2021-08-23T15:35:10+00:00\",\"breadcrumb\":{\"@id\":\"https:\\\/\\\/walkingmum.com\\\/fr\\\/produit\\\/chanceliere-i-love-vichy-noir-hiver\\\/#breadcrumb\"},\"inLanguage\":\"fr-FR\",\"potentialAction\":[{\"@type\":\"ReadAction\",\"target\":[\"https:\\\/\\\/walkingmum.com\\\/fr\\\/produit\\\/chanceliere-i-love-vichy-noir-hiver\\\/\"]}]},{\"@type\":\"ImageObject\",\"inLanguage\":\"fr-FR\",\"@id\":\"https:\\\/\\\/walkingmum.com\\\/fr\\\/produit\\\/chanceliere-i-love-vichy-noir-hiver\\\/#primaryimage\",\"url\":\"https:\\\/\\\/walkingmum.com\\\/wp-content\\\/uploads\\\/2021\\\/08\\\/saco-silla-i-love-vichy-negro-invierno-36321.jpg\",\"contentUrl\":\"https:\\\/\\\/walkingmum.com\\\/wp-content\\\/uploads\\\/2021\\\/08\\\/saco-silla-i-love-vichy-negro-invierno-36321.jpg\",\"width\":1200,\"height\":1199},{\"@type\":\"BreadcrumbList\",\"@id\":\"https:\\\/\\\/walkingmum.com\\\/fr\\\/produit\\\/chanceliere-i-love-vichy-noir-hiver\\\/#breadcrumb\",\"itemListElement\":[{\"@type\":\"ListItem\",\"position\":1,\"name\":\"Portada\",\"item\":\"https:\\\/\\\/walkingmum.com\\\/fr\\\/\"},{\"@type\":\"ListItem\",\"position\":2,\"name\":\"Tienda\",\"item\":\"https:\\\/\\\/walkingmum.com\\\/tienda\\\/\"},{\"@type\":\"ListItem\",\"position\":3,\"name\":\"CHANCELIERE I LOVE VICHY NOIR HIVER\"}]},{\"@type\":\"WebSite\",\"@id\":\"https:\\\/\\\/walkingmum.com\\\/#website\",\"url\":\"https:\\\/\\\/walkingmum.com\\\/\",\"name\":\"Walking Mum\",\"description\":\"La marca para beb\u00e9s modernos\",\"potentialAction\":[{\"@type\":\"SearchAction\",\"target\":{\"@type\":\"EntryPoint\",\"urlTemplate\":\"https:\\\/\\\/walkingmum.com\\\/?s={search_term_string}\"},\"query-input\":{\"@type\":\"PropertyValueSpecification\",\"valueRequired\":true,\"valueName\":\"search_term_string\"}}],\"inLanguage\":\"fr-FR\"}]}<\/script>\n<!-- \/ Yoast SEO plugin. -->","yoast_head_json":{"title":"CHANCELIERE I LOVE VICHY NOIR HIVER - Walking Mum","robots":{"index":"index","follow":"follow","max-snippet":"max-snippet:-1","max-image-preview":"max-image-preview:large","max-video-preview":"max-video-preview:-1"},"canonical":"https:\/\/walkingmum.com\/fr\/produit\/chanceliere-i-love-vichy-noir-hiver\/","og_locale":"fr_FR","og_type":"article","og_title":"CHANCELIERE I LOVE VICHY NOIR HIVER - Walking Mum","og_description":"Housse I love vichy noir id\u00e9ale pour couvrir la poussette, munie d\u2019un sac pour affronter le froid. Le chanceli\u00e8re dispose de plusieurs ouvertures (\u0153illets) et r\u00e9glages pour l\u2019adapter \u00e0 la plupart des poussettes, la promenade de votre b\u00e9b\u00e9 devenant ainsi s\u00fbre et confortable. Les housses pour poussettes sont fabriqu\u00e9es conform\u00e9ment aux r\u00e9glementations europ\u00e9ennes les plus [&hellip;]","og_url":"https:\/\/walkingmum.com\/fr\/produit\/chanceliere-i-love-vichy-noir-hiver\/","og_site_name":"Walking Mum","article_modified_time":"2021-08-23T15:35:10+00:00","og_image":[{"width":1200,"height":1199,"url":"https:\/\/walkingmum.com\/wp-content\/uploads\/2021\/08\/saco-silla-i-love-vichy-negro-invierno-36321.jpg","type":"image\/jpeg"}],"twitter_card":"summary_large_image","twitter_misc":{"Dur\u00e9e de lecture estim\u00e9e":"1 minute"},"schema":{"@context":"https:\/\/schema.org","@graph":[{"@type":"WebPage","@id":"https:\/\/walkingmum.com\/fr\/produit\/chanceliere-i-love-vichy-noir-hiver\/","url":"https:\/\/walkingmum.com\/fr\/produit\/chanceliere-i-love-vichy-noir-hiver\/","name":"CHANCELIERE I LOVE VICHY NOIR HIVER - Walking Mum","isPartOf":{"@id":"https:\/\/walkingmum.com\/#website"},"primaryImageOfPage":{"@id":"https:\/\/walkingmum.com\/fr\/produit\/chanceliere-i-love-vichy-noir-hiver\/#primaryimage"},"image":{"@id":"https:\/\/walkingmum.com\/fr\/produit\/chanceliere-i-love-vichy-noir-hiver\/#primaryimage"},"thumbnailUrl":"https:\/\/walkingmum.com\/wp-content\/uploads\/2021\/08\/saco-silla-i-love-vichy-negro-invierno-36321.jpg","datePublished":"2021-08-23T15:35:07+00:00","dateModified":"2021-08-23T15:35:10+00:00","breadcrumb":{"@id":"https:\/\/walkingmum.com\/fr\/produit\/chanceliere-i-love-vichy-noir-hiver\/#breadcrumb"},"inLanguage":"fr-FR","potentialAction":[{"@type":"ReadAction","target":["https:\/\/walkingmum.com\/fr\/produit\/chanceliere-i-love-vichy-noir-hiver\/"]}]},{"@type":"ImageObject","inLanguage":"fr-FR","@id":"https:\/\/walkingmum.com\/fr\/produit\/chanceliere-i-love-vichy-noir-hiver\/#primaryimage","url":"https:\/\/walkingmum.com\/wp-content\/uploads\/2021\/08\/saco-silla-i-love-vichy-negro-invierno-36321.jpg","contentUrl":"https:\/\/walkingmum.com\/wp-content\/uploads\/2021\/08\/saco-silla-i-love-vichy-negro-invierno-36321.jpg","width":1200,"height":1199},{"@type":"BreadcrumbList","@id":"https:\/\/walkingmum.com\/fr\/produit\/chanceliere-i-love-vichy-noir-hiver\/#breadcrumb","itemListElement":[{"@type":"ListItem","position":1,"name":"Portada","item":"https:\/\/walkingmum.com\/fr\/"},{"@type":"ListItem","position":2,"name":"Tienda","item":"https:\/\/walkingmum.com\/tienda\/"},{"@type":"ListItem","position":3,"name":"CHANCELIERE I LOVE VICHY NOIR HIVER"}]},{"@type":"WebSite","@id":"https:\/\/walkingmum.com\/#website","url":"https:\/\/walkingmum.com\/","name":"Walking Mum","description":"La marca para beb\u00e9s modernos","potentialAction":[{"@type":"SearchAction","target":{"@type":"EntryPoint","urlTemplate":"https:\/\/walkingmum.com\/?s={search_term_string}"},"query-input":{"@type":"PropertyValueSpecification","valueRequired":true,"valueName":"search_term_string"}}],"inLanguage":"fr-FR"}]}},"_links":{"self":[{"href":"https:\/\/walkingmum.com\/fr\/wp-json\/wp\/v2\/product\/13757","targetHints":{"allow":["GET"]}}],"collection":[{"href":"https:\/\/walkingmum.com\/fr\/wp-json\/wp\/v2\/product"}],"about":[{"href":"https:\/\/walkingmum.com\/fr\/wp-json\/wp\/v2\/types\/product"}],"replies":[{"embeddable":true,"href":"https:\/\/walkingmum.com\/fr\/wp-json\/wp\/v2\/comments?post=13757"}],"wp:featuredmedia":[{"embeddable":true,"href":"https:\/\/walkingmum.com\/fr\/wp-json\/wp\/v2\/media\/13750"}],"wp:attachment":[{"href":"https:\/\/walkingmum.com\/fr\/wp-json\/wp\/v2\/media?parent=13757"}],"wp:term":[{"taxonomy":"colecciones","embeddable":true,"href":"https:\/\/walkingmum.com\/fr\/wp-json\/wp\/v2\/colecciones?post=13757"},{"taxonomy":"product_brand","embeddable":true,"href":"https:\/\/walkingmum.com\/fr\/wp-json\/wp\/v2\/product_brand?post=13757"},{"taxonomy":"product_cat","embeddable":true,"href":"https:\/\/walkingmum.com\/fr\/wp-json\/wp\/v2\/product_cat?post=13757"},{"taxonomy":"product_tag","embeddable":true,"href":"https:\/\/walkingmum.com\/fr\/wp-json\/wp\/v2\/product_tag?post=13757"}],"curies":[{"name":"wp","href":"https:\/\/api.w.org\/{rel}","templated":true}]}}