{"id":11080,"date":"2021-04-22T07:50:11","date_gmt":"2021-04-22T07:50:11","guid":{"rendered":"https:\/\/walkingmum.com\/producto\/valise-maternite-emily\/"},"modified":"2021-04-22T08:13:54","modified_gmt":"2021-04-22T08:13:54","slug":"valise-maternite-emily","status":"publish","type":"product","link":"https:\/\/walkingmum.com\/fr\/produit\/valise-maternite-emily\/","title":{"rendered":"VALISE MATERNITE EMILY"},"content":{"rendered":"<p>Valise de maternit\u00e9 Emily noir. Sac pour l&rsquo;h\u00f4pital\/clinique, sp\u00e9cialement con\u00e7u pour porter tout le n\u00e9cessaire pour vous, le p\u00e8re et le b\u00e9b\u00e9. Gr\u00e2ce \u00e0 ses dimensions rectangulaires et \u00e0 son ouverture pratique, tous vos besoins seront couverts. Incorpore une poign\u00e9e longue pour le porter \u00e0 l&rsquo;\u00e9paule et des poign\u00e9es courtes. Doublure int\u00e9rieure assortie avec sangles \u00e9lastiques pour le maintien du linge. Fabriqu\u00e9 dans un mat\u00e9riau r\u00e9sistant et facile \u00e0 nettoyer. Walking Mum prot\u00e8ge votre b\u00e9b\u00e9 en utilisant les meilleurs tissus, sans colorants azo\u00efques ni substances nocives pour la sant\u00e9. Dimensions : 49X37X17 cm. Accessoires Walking Mum.<\/p>\n","protected":false},"excerpt":{"rendered":"<p>Valise de maternit\u00e9 Emily noir. Sac pour l&rsquo;h\u00f4pital\/clinique, sp\u00e9cialement con\u00e7u pour porter tout le n\u00e9cessaire pour vous, le p\u00e8re et le b\u00e9b\u00e9. Gr\u00e2ce \u00e0 ses dimensions rectangulaires et \u00e0 son ouverture pratique, tous vos besoins seront couverts. Incorpore une poign\u00e9e longue pour le porter \u00e0 l&rsquo;\u00e9paule et des poign\u00e9es courtes. Doublure int\u00e9rieure assortie avec sangles [&hellip;]<\/p>\n","protected":false},"featured_media":5468,"comment_status":"closed","ping_status":"closed","template":"","meta":{"_acf_changed":false,"inline_featured_image":false},"colecciones":[],"product_brand":[],"product_cat":[135],"product_tag":[],"class_list":{"0":"post-11080","1":"product","2":"type-product","3":"status-publish","4":"has-post-thumbnail","6":"product_cat-valises","8":"first","9":"instock","10":"purchasable","11":"product-type-simple"},"acf":[],"yoast_head":"<!-- This site is optimized with the Yoast SEO plugin v27.3 - https:\/\/yoast.com\/product\/yoast-seo-wordpress\/ -->\n<title>VALISE MATERNITE EMILY - Walking Mum<\/title>\n<meta name=\"robots\" content=\"index, follow, max-snippet:-1, max-image-preview:large, max-video-preview:-1\" \/>\n<link rel=\"canonical\" href=\"https:\/\/walkingmum.com\/fr\/produit\/valise-maternite-emily\/\" \/>\n<meta property=\"og:locale\" content=\"fr_FR\" \/>\n<meta property=\"og:type\" content=\"article\" \/>\n<meta property=\"og:title\" content=\"VALISE MATERNITE EMILY - Walking Mum\" \/>\n<meta property=\"og:description\" content=\"Valise de maternit\u00e9 Emily noir. Sac pour l&rsquo;h\u00f4pital\/clinique, sp\u00e9cialement con\u00e7u pour porter tout le n\u00e9cessaire pour vous, le p\u00e8re et le b\u00e9b\u00e9. Gr\u00e2ce \u00e0 ses dimensions rectangulaires et \u00e0 son ouverture pratique, tous vos besoins seront couverts. Incorpore une poign\u00e9e longue pour le porter \u00e0 l&rsquo;\u00e9paule et des poign\u00e9es courtes. Doublure int\u00e9rieure assortie avec sangles [&hellip;]\" \/>\n<meta property=\"og:url\" content=\"https:\/\/walkingmum.com\/fr\/produit\/valise-maternite-emily\/\" \/>\n<meta property=\"og:site_name\" content=\"Walking Mum\" \/>\n<meta property=\"article:modified_time\" content=\"2021-04-22T08:13:54+00:00\" \/>\n<meta property=\"og:image\" content=\"https:\/\/walkingmum.com\/wp-content\/uploads\/2021\/03\/36278.jpg\" \/>\n\t<meta property=\"og:image:width\" content=\"1772\" \/>\n\t<meta property=\"og:image:height\" content=\"1772\" \/>\n\t<meta property=\"og:image:type\" content=\"image\/jpeg\" \/>\n<meta name=\"twitter:card\" content=\"summary_large_image\" \/>\n<meta name=\"twitter:label1\" content=\"Dur\u00e9e de lecture estim\u00e9e\" \/>\n\t<meta name=\"twitter:data1\" content=\"1 minute\" \/>\n<script type=\"application\/ld+json\" class=\"yoast-schema-graph\">{\"@context\":\"https:\\\/\\\/schema.org\",\"@graph\":[{\"@type\":\"WebPage\",\"@id\":\"https:\\\/\\\/walkingmum.com\\\/fr\\\/produit\\\/valise-maternite-emily\\\/\",\"url\":\"https:\\\/\\\/walkingmum.com\\\/fr\\\/produit\\\/valise-maternite-emily\\\/\",\"name\":\"VALISE MATERNITE EMILY - Walking Mum\",\"isPartOf\":{\"@id\":\"https:\\\/\\\/walkingmum.com\\\/#website\"},\"primaryImageOfPage\":{\"@id\":\"https:\\\/\\\/walkingmum.com\\\/fr\\\/produit\\\/valise-maternite-emily\\\/#primaryimage\"},\"image\":{\"@id\":\"https:\\\/\\\/walkingmum.com\\\/fr\\\/produit\\\/valise-maternite-emily\\\/#primaryimage\"},\"thumbnailUrl\":\"https:\\\/\\\/walkingmum.com\\\/wp-content\\\/uploads\\\/2021\\\/03\\\/36278.jpg\",\"datePublished\":\"2021-04-22T07:50:11+00:00\",\"dateModified\":\"2021-04-22T08:13:54+00:00\",\"breadcrumb\":{\"@id\":\"https:\\\/\\\/walkingmum.com\\\/fr\\\/produit\\\/valise-maternite-emily\\\/#breadcrumb\"},\"inLanguage\":\"fr-FR\",\"potentialAction\":[{\"@type\":\"ReadAction\",\"target\":[\"https:\\\/\\\/walkingmum.com\\\/fr\\\/produit\\\/valise-maternite-emily\\\/\"]}]},{\"@type\":\"ImageObject\",\"inLanguage\":\"fr-FR\",\"@id\":\"https:\\\/\\\/walkingmum.com\\\/fr\\\/produit\\\/valise-maternite-emily\\\/#primaryimage\",\"url\":\"https:\\\/\\\/walkingmum.com\\\/wp-content\\\/uploads\\\/2021\\\/03\\\/36278.jpg\",\"contentUrl\":\"https:\\\/\\\/walkingmum.com\\\/wp-content\\\/uploads\\\/2021\\\/03\\\/36278.jpg\",\"width\":1772,\"height\":1772},{\"@type\":\"BreadcrumbList\",\"@id\":\"https:\\\/\\\/walkingmum.com\\\/fr\\\/produit\\\/valise-maternite-emily\\\/#breadcrumb\",\"itemListElement\":[{\"@type\":\"ListItem\",\"position\":1,\"name\":\"Portada\",\"item\":\"https:\\\/\\\/walkingmum.com\\\/fr\\\/\"},{\"@type\":\"ListItem\",\"position\":2,\"name\":\"Tienda\",\"item\":\"https:\\\/\\\/walkingmum.com\\\/tienda\\\/\"},{\"@type\":\"ListItem\",\"position\":3,\"name\":\"VALISE MATERNITE EMILY\"}]},{\"@type\":\"WebSite\",\"@id\":\"https:\\\/\\\/walkingmum.com\\\/#website\",\"url\":\"https:\\\/\\\/walkingmum.com\\\/\",\"name\":\"Walking Mum\",\"description\":\"La marca para beb\u00e9s modernos\",\"potentialAction\":[{\"@type\":\"SearchAction\",\"target\":{\"@type\":\"EntryPoint\",\"urlTemplate\":\"https:\\\/\\\/walkingmum.com\\\/?s={search_term_string}\"},\"query-input\":{\"@type\":\"PropertyValueSpecification\",\"valueRequired\":true,\"valueName\":\"search_term_string\"}}],\"inLanguage\":\"fr-FR\"}]}<\/script>\n<!-- \/ Yoast SEO plugin. -->","yoast_head_json":{"title":"VALISE MATERNITE EMILY - Walking Mum","robots":{"index":"index","follow":"follow","max-snippet":"max-snippet:-1","max-image-preview":"max-image-preview:large","max-video-preview":"max-video-preview:-1"},"canonical":"https:\/\/walkingmum.com\/fr\/produit\/valise-maternite-emily\/","og_locale":"fr_FR","og_type":"article","og_title":"VALISE MATERNITE EMILY - Walking Mum","og_description":"Valise de maternit\u00e9 Emily noir. Sac pour l&rsquo;h\u00f4pital\/clinique, sp\u00e9cialement con\u00e7u pour porter tout le n\u00e9cessaire pour vous, le p\u00e8re et le b\u00e9b\u00e9. Gr\u00e2ce \u00e0 ses dimensions rectangulaires et \u00e0 son ouverture pratique, tous vos besoins seront couverts. Incorpore une poign\u00e9e longue pour le porter \u00e0 l&rsquo;\u00e9paule et des poign\u00e9es courtes. Doublure int\u00e9rieure assortie avec sangles [&hellip;]","og_url":"https:\/\/walkingmum.com\/fr\/produit\/valise-maternite-emily\/","og_site_name":"Walking Mum","article_modified_time":"2021-04-22T08:13:54+00:00","og_image":[{"width":1772,"height":1772,"url":"https:\/\/walkingmum.com\/wp-content\/uploads\/2021\/03\/36278.jpg","type":"image\/jpeg"}],"twitter_card":"summary_large_image","twitter_misc":{"Dur\u00e9e de lecture estim\u00e9e":"1 minute"},"schema":{"@context":"https:\/\/schema.org","@graph":[{"@type":"WebPage","@id":"https:\/\/walkingmum.com\/fr\/produit\/valise-maternite-emily\/","url":"https:\/\/walkingmum.com\/fr\/produit\/valise-maternite-emily\/","name":"VALISE MATERNITE EMILY - Walking Mum","isPartOf":{"@id":"https:\/\/walkingmum.com\/#website"},"primaryImageOfPage":{"@id":"https:\/\/walkingmum.com\/fr\/produit\/valise-maternite-emily\/#primaryimage"},"image":{"@id":"https:\/\/walkingmum.com\/fr\/produit\/valise-maternite-emily\/#primaryimage"},"thumbnailUrl":"https:\/\/walkingmum.com\/wp-content\/uploads\/2021\/03\/36278.jpg","datePublished":"2021-04-22T07:50:11+00:00","dateModified":"2021-04-22T08:13:54+00:00","breadcrumb":{"@id":"https:\/\/walkingmum.com\/fr\/produit\/valise-maternite-emily\/#breadcrumb"},"inLanguage":"fr-FR","potentialAction":[{"@type":"ReadAction","target":["https:\/\/walkingmum.com\/fr\/produit\/valise-maternite-emily\/"]}]},{"@type":"ImageObject","inLanguage":"fr-FR","@id":"https:\/\/walkingmum.com\/fr\/produit\/valise-maternite-emily\/#primaryimage","url":"https:\/\/walkingmum.com\/wp-content\/uploads\/2021\/03\/36278.jpg","contentUrl":"https:\/\/walkingmum.com\/wp-content\/uploads\/2021\/03\/36278.jpg","width":1772,"height":1772},{"@type":"BreadcrumbList","@id":"https:\/\/walkingmum.com\/fr\/produit\/valise-maternite-emily\/#breadcrumb","itemListElement":[{"@type":"ListItem","position":1,"name":"Portada","item":"https:\/\/walkingmum.com\/fr\/"},{"@type":"ListItem","position":2,"name":"Tienda","item":"https:\/\/walkingmum.com\/tienda\/"},{"@type":"ListItem","position":3,"name":"VALISE MATERNITE EMILY"}]},{"@type":"WebSite","@id":"https:\/\/walkingmum.com\/#website","url":"https:\/\/walkingmum.com\/","name":"Walking Mum","description":"La marca para beb\u00e9s modernos","potentialAction":[{"@type":"SearchAction","target":{"@type":"EntryPoint","urlTemplate":"https:\/\/walkingmum.com\/?s={search_term_string}"},"query-input":{"@type":"PropertyValueSpecification","valueRequired":true,"valueName":"search_term_string"}}],"inLanguage":"fr-FR"}]}},"_links":{"self":[{"href":"https:\/\/walkingmum.com\/fr\/wp-json\/wp\/v2\/product\/11080","targetHints":{"allow":["GET"]}}],"collection":[{"href":"https:\/\/walkingmum.com\/fr\/wp-json\/wp\/v2\/product"}],"about":[{"href":"https:\/\/walkingmum.com\/fr\/wp-json\/wp\/v2\/types\/product"}],"replies":[{"embeddable":true,"href":"https:\/\/walkingmum.com\/fr\/wp-json\/wp\/v2\/comments?post=11080"}],"wp:featuredmedia":[{"embeddable":true,"href":"https:\/\/walkingmum.com\/fr\/wp-json\/wp\/v2\/media\/5468"}],"wp:attachment":[{"href":"https:\/\/walkingmum.com\/fr\/wp-json\/wp\/v2\/media?parent=11080"}],"wp:term":[{"taxonomy":"colecciones","embeddable":true,"href":"https:\/\/walkingmum.com\/fr\/wp-json\/wp\/v2\/colecciones?post=11080"},{"taxonomy":"product_brand","embeddable":true,"href":"https:\/\/walkingmum.com\/fr\/wp-json\/wp\/v2\/product_brand?post=11080"},{"taxonomy":"product_cat","embeddable":true,"href":"https:\/\/walkingmum.com\/fr\/wp-json\/wp\/v2\/product_cat?post=11080"},{"taxonomy":"product_tag","embeddable":true,"href":"https:\/\/walkingmum.com\/fr\/wp-json\/wp\/v2\/product_tag?post=11080"}],"curies":[{"name":"wp","href":"https:\/\/api.w.org\/{rel}","templated":true}]}}