{"id":12511,"date":"2021-03-10T11:51:37","date_gmt":"2021-03-10T11:51:37","guid":{"rendered":"https:\/\/walkingmum.com\/politica-de-cookies\/"},"modified":"2021-05-14T07:31:33","modified_gmt":"2021-05-14T07:31:33","slug":"politique-de-cookies","status":"publish","type":"page","link":"https:\/\/walkingmum.com\/fr\/politique-de-cookies\/","title":{"rendered":"Politique de cookies"},"content":{"rendered":"\n<div class=\"wp-block-hacce-wrapper legaleswraper\">\n<p><strong><strong>Derni\u00e8re mise \u00e0 jour:<\/strong> <\/strong> 30 Abril 2021<\/p>\n\n\n\n<p>\u00c0 travers cette politique de cookies, <strong>DISET, S.A.<\/strong> (d\u00e9nomm\u00e9e ci-apr\u00e8s \u00ab&nbsp;<strong>DISET<\/strong>&nbsp;\u00bb), d\u00e9montre son engagement concernant la l\u00e9gislation en vigueur relative \u00e0 l\u2019utilisation des cookies, en fournissant des informations pour permettre aux utilisateurs de comprendre quel type de cookies sont utilis\u00e9s et \u00e0 quelles fins, afin de garantir la transparence quant aux donn\u00e9es trait\u00e9es lors de la navigation sur notre site Web <a data-type=\"URL\" data-id=\"www.walkingmum.com\" href=\"https:\/\/walkingmum.com\">www.walkingmum.com<\/a> (ci-apr\u00e8s, le \u00ab <strong>Site Web<\/strong>\u00bb).<\/p>\n\n\n\n<p>Cette politique peut \u00eatre modifi\u00e9e, car elle est r\u00e9guli\u00e8rement r\u00e9vis\u00e9e pour en garantir la pertinence. Nous vous recommandons de consulter r\u00e9guli\u00e8rement le site Web o\u00f9 nous vous informerons de toute mise \u00e0 jour \u00e0 ce sujet.<\/p>\n\n\n\n<h4 class=\"wp-block-heading\">1 <strong><strong>Que sont les cookies ?<\/strong><\/strong><\/h4>\n\n\n\n<p>Les cookies sont de petits fichiers de donn\u00e9es envoy\u00e9s par le site Web sur votre appareil ; ils sont utilis\u00e9s pour enregistrer certaines interactions lors de la navigation sur un site Web et stocker des donn\u00e9es qui pourront \u00eatre mises \u00e0 jour et r\u00e9cup\u00e9r\u00e9es. Ces fichiers sont stock\u00e9s sur l\u2019ordinateur de l\u2019utilisateur et contiennent des donn\u00e9es anonymes qui sont sans danger pour son appareil. Ils sont utilis\u00e9s principalement pour m\u00e9moriser les pr\u00e9f\u00e9rences de l\u2019utilisateur telles que la langue s\u00e9lectionn\u00e9e, les donn\u00e9es d\u2019acc\u00e8s ou la personnalisation du site Web.<\/p>\n\n\n\n<p>Les cookies peuvent \u00e9galement \u00eatre utilis\u00e9s pour enregistrer des informations anonymes sur la fa\u00e7on dont un visiteur utilise un site Web. Par exemple, pour savoir depuis quel site Web il a acc\u00e9d\u00e9, s\u2019il a cliqu\u00e9 sur une banni\u00e8re publicitaire qui l\u2019a redirig\u00e9 sur le site, ou encore pour m\u00e9moriser les pr\u00e9f\u00e9rences de l\u2019utilisateur.<\/p>\n\n\n\n<h4 class=\"wp-block-heading\"><strong>2 <strong>Pourquoi utilisons-nous des cookies ?<\/strong><\/strong><\/h4>\n\n\n\n<p><strong>DISET<\/strong> utilise les cookies strictement n\u00e9cessaires et essentiels pour vous permettre d\u2019utiliser notre site Web et de vous y d\u00e9placer librement, d\u2019utiliser nos espaces s\u00e9curis\u00e9s, des options personnalis\u00e9es, etc.<\/p>\n\n\n\n<p>En outre, <strong>DISET<\/strong> utilise des cookies qui recueillent des donn\u00e9es relatives \u00e0 l\u2019analyse de l\u2019utilisation du site Web. Ils sont utilis\u00e9s pour contribuer \u00e0 am\u00e9liorer le service fourni \u00e0 l&rsquo;utilisateur en \u00e9valuant l\u2019utilisation et le rendement du site Web, afin de l\u2019optimiser et de le personnaliser.<\/p>\n\n\n\n<p>Ce site Web utilise ou peut utiliser des hyperliens qui permettent de renvoyer \u00e0 d\u2019autres sites Web. <strong>DISET<\/strong> ne contr\u00f4le pas les cookies utilis\u00e9s par ces sites Web externes. Pour en savoir plus sur les cookies de ces sites Web tiers, nous vous conseillons de consulter leurs propres politiques de cookies.<\/p>\n\n\n\n<h4 class=\"wp-block-heading\"><strong>4 <strong>Comment utilisons-nous les diff\u00e9rents types de cookies ?<\/strong><\/strong><\/h4>\n\n\n\n<p><strong>Cookies techniques :<\/strong> Ce sont les cookies indispensables et strictement n\u00e9cessaires au bon fonctionnement d\u2019un site Web et \u00e0 l&rsquo;utilisation des diff\u00e9rentes options et services propos\u00e9s. Par exemple, ceux qui servent au maintien de la session, \u00e0 la gestion du temps de r\u00e9ponse, au rendement ou \u00e0 la validation d\u2019options, \u00e0 l\u2019utilisation d\u2019\u00e9l\u00e9ments de s\u00e9curit\u00e9, au partage de contenu sur les r\u00e9seaux sociaux, etc.<\/p>\n\n\n\n<p><strong>Cookies d\u2019analyse :<\/strong> Ils sont utilis\u00e9s pour \u00e9laborer des profils de navigation et pouvoir conna\u00eetre les pr\u00e9f\u00e9rences de l\u2019utilisateur, afin d\u2019am\u00e9liorer l\u2019offre de produits et services.<\/p>\n\n\n\n<p><strong>Cookies de publicit\u00e9 :<\/strong> Ils permettent la gestion des espaces publicitaires sur le site Web, en adaptant le contenu de la publicit\u00e9 au contenu du service demand\u00e9, \u00e0 l\u2019utilisation faite de notre site Web ou aux informations sur les habitudes de navigation sur Internet.<\/p>\n\n\n\n<p>Voici un tableau qui montre de fa\u00e7on sch\u00e9matique les cookies utilis\u00e9s sur le site Web :<\/p>\n\n\n\n<figure class=\"wp-block-table is-style-stripes\"><table><tbody><tr><td><strong>Nombre de la cookie<\/strong><\/td><td><strong>Duraci\u00f3n<\/strong><\/td><td><strong>Uso<\/strong><\/td><\/tr><tr><td><br>_gat<\/td><td><br>1 minuto.<\/td><td><br>Se usan para limitar el porcentaje de solicitudes<\/td><\/tr><tr><td>_gid.<br><\/td><td>2 A\u00f1os.<br><\/td><td>Se usa para distinguir a los usuarios.<br><\/td><\/tr><tr><td><br>_ga.<\/td><td><br>24 horas.<\/td><td><br>Se usa para distinguir a los usuarios.<\/td><\/tr><tr><td><br><\/td><td><br><\/td><td><br><\/td><\/tr><tr><td><br><\/td><td><br><\/td><td><br><\/td><\/tr><\/tbody><\/table><\/figure>\n\n\n\n<p><\/p>\n\n\n\n<h4 class=\"wp-block-heading\">4 <strong><strong>Que se passe-t-il si j\u2019accepte la politique de cookies ?<\/strong><\/strong><\/h4>\n\n\n\n<p>Lorsque vous acceptez notre Politique de cookies, vous nous permettez d\u2019am\u00e9liorer le site Web afin de vous fournir un acc\u00e8s optimal et un service plus efficace et plus personnalis\u00e9.<\/p>\n\n\n\n<p>Cependant, vous pouvez toujours modifier votre consentement et s\u00e9lectionner vos pr\u00e9f\u00e9rences via la bo\u00eete de param\u00e8tres de cookies que vous trouverez dans la banni\u00e8re d&rsquo;utilisation des cookies sur la page principale et\/ou via les param\u00e8tres de cookies disponibles en fonction du navigateur que vous utilisez, en suivant les directives de la clause suivante.<\/p>\n\n\n\n<h4 class=\"wp-block-heading\"><strong>5 <strong>Comment puis-je d\u00e9sactiver les cookies ?<\/strong><\/strong><\/h4>\n\n\n\n<p>Pour nous conformer \u00e0 la l\u00e9gislation en vigueur, nous devons vous demander votre autorisation pour g\u00e9rer les cookies. Dans le tableau de configuration vous pouvez autoriser ou refuser les cookies selon leur type. Si vous d\u00e9cidez de ne pas autoriser le traitement en nous indiquant votre d\u00e9saccord, nous n\u2019utiliserons que les cookies techniques car ils sont indispensables \u00e0 la navigation sur notre site Web. Dans ce cas, nous ne stockerons aucun cookie.<\/p>\n\n\n\n<p>En plus de la bo\u00eete de param\u00e8tres des cookies, qui vous permet de modifier, supprimer et\/ou emp\u00eacher l&rsquo;utilisation de cookies, vous devez savoir qu&rsquo;il est possible d&rsquo;effectuer ces actions via les param\u00e8tres de cookies de votre navigateur&nbsp;:<\/p>\n\n\n\n<p><a rel=\"noreferrer noopener\" href=\"http:\/\/support.google.com\/chrome\/answer\/95647?hl=es\" target=\"_blank\"><a href=\"http:\/\/support.google.com\/chrome\/answer\/95647?hl=es\" target=\"_blank\" rel=\"noreferrer noopener\">Configuration des cookies sur Google Chrome.<\/a><\/a><\/p>\n\n\n\n<p><a rel=\"noreferrer noopener\" href=\"http:\/\/www.apple.com\/es\/privacy\/use-of-cookies\/\" target=\"_blank\"><a href=\"http:\/\/www.apple.com\/es\/privacy\/use-of-cookies\/\" target=\"_blank\" rel=\"noreferrer noopener\">Configuration des cookies sur Safari.<\/a><\/a><\/p>\n\n\n\n<p><a rel=\"noreferrer noopener\" href=\"\/\/\/Volumes\/NO%20NAME\/Escritorio%20-%20DURAN-SINDREU\/COPESCO\/Textos%20web\/support.mozilla.org\/es\/kb\/Borrar%20cookies\" target=\"_blank\"><a href=\"\" target=\"_blank\" rel=\"noreferrer noopener\">Configuration des cookies sur Firefox.<\/a><\/a><\/p>\n\n\n\n<p><a rel=\"noreferrer noopener\" href=\"\/\/\/Volumes\/NO%20NAME\/Escritorio%20-%20DURAN-SINDREU\/COPESCO\/Textos%20web\/windows.microsoft.com\/es-xl\/internet-explorer\/delete-manage-cookies#ie=ie-10\" target=\"_blank\"><a href=\"\" target=\"_blank\" rel=\"noreferrer noopener\">Configuration des cookies sur Internet Explorer.<\/a><\/a><\/p>\n\n\n\n<p>Ces navigateurs \u00e9tant sujets \u00e0 des mises \u00e0 jour ou \u00e0 des modifications, nous ne pouvons pas garantir qu\u2019ils soient pleinement compatibles avec la version de votre navigateur. Il est \u00e9galement possible que vous utilisiez un autre navigateur non cit\u00e9 parmi ces liens, tel que Konqueror, Arora, Flock, etc. Pour \u00e9viter ces incompatibilit\u00e9s, vous pouvez acc\u00e9der directement \u00e0 partir des options de votre navigateur, g\u00e9n\u00e9ralement situ\u00e9es dans le menu \u00ab Options \u00bb dans la rubrique \u00ab Confidentialit\u00e9 \u00bb. Pour en savoir plus, consultez l\u2019aide de votre navigateur.<\/p>\n\n\n\n<p><strong><strong>Informations sobre la protection des donn\u00e9es :<\/strong><\/strong><\/p>\n\n\n\n<p>Les donn\u00e9es \u00e0 caract\u00e8re personnel seront conserv\u00e9es uniquement pendant la dur\u00e9e n\u00e9cessaire \u00e0 la r\u00e9alisation des objectifs pour lesquels elles ont \u00e9t\u00e9 collect\u00e9es, \u00e0 condition que la cause ayant l\u00e9gitim\u00e9 le traitement de ces donn\u00e9es personnelles soit maintenue. Lorsque la cause ayant l\u00e9gitim\u00e9 le traitement prend fin, les donn\u00e9es personnelles sont conserv\u00e9es et d\u00fbment bloqu\u00e9es pendant la p\u00e9riode n\u00e9cessaire au respect des d\u00e9lais l\u00e9gaux de prescription afin d\u2019\u00e9viter les \u00e9ventuelles infractions.<\/p>\n\n\n\n<p>A tout moment vous pouvez exercer vos droits d&rsquo;acc\u00e8s, de rectification, de suppression, de limitation, de portabilit\u00e9 ou d&rsquo;opposition au traitement de vos donn\u00e9es, voire pour d\u00e9poser une r\u00e9clamation si vous consid\u00e9rez que <strong>DISET<\/strong> traite vos donn\u00e9es de fa\u00e7on inappropri\u00e9e, vous devrez envoyer une communication \u00e9crite \u00e0 <strong>DISET<\/strong> \u00e0 l&rsquo;adresse postale Calle C, n\u00ba 3, Sector B, Zona Franca, 08040 Barcelone, ou au courriel <a href=\"mailto:info@walkingmum.com\">info@walkingmum.com<\/a><\/p>\n\n\n\n<p>Vous pouvez utiliser les mod\u00e8les et formulaires sur les droits cit\u00e9s ant\u00e9rieurement en vous connectant au site officiel de l\u2019Agence Espagnole de Protection des Donn\u00e9es (<a href=\"https:\/\/www.aepd.es\/es\/derechos-y-deberes\/conoce-tus-derechos\">https:\/\/www.aepd.es\/es\/derechos-y-deberes\/conoce-tus-derechos<\/a>). Si vous consid\u00e9rez que <strong>DISET<\/strong> traite vos donn\u00e9es \u00e0 caract\u00e8re personnel de fa\u00e7on inappropri\u00e9e, vous pouvez faire des r\u00e9clamations aupr\u00e8s de cette Autorit\u00e9 de Contr\u00f4le.<\/p>\n\n\n\n<p>Pour en savoir plus sur le traitement que nous effectuons de vos donn\u00e9es \u00e0 caract\u00e8re personnel, vous pouvez consulter notre <a data-type=\"page\" data-id=\"1661\" href=\"https:\/\/walkingmum.com\/politique-de-confidentialite\/?lang=fr\">Politique de confidentialit\u00e9<\/a>.<\/p>\n<\/div>\n","protected":false},"excerpt":{"rendered":"","protected":false},"author":1,"featured_media":0,"parent":0,"menu_order":0,"comment_status":"closed","ping_status":"closed","template":"","meta":{"_acf_changed":false,"inline_featured_image":false,"footnotes":""},"class_list":["post-12511","page","type-page","status-publish","hentry"],"acf":[],"yoast_head":"<!-- This site is optimized with the Yoast SEO plugin v27.3 - https:\/\/yoast.com\/product\/yoast-seo-wordpress\/ -->\n<title>Politique de cookies - Walking Mum<\/title>\n<meta name=\"robots\" content=\"index, follow, max-snippet:-1, max-image-preview:large, max-video-preview:-1\" \/>\n<link rel=\"canonical\" href=\"https:\/\/walkingmum.com\/fr\/politique-de-cookies\/\" \/>\n<meta property=\"og:locale\" content=\"fr_FR\" \/>\n<meta property=\"og:type\" content=\"article\" \/>\n<meta property=\"og:title\" content=\"Politique de cookies - Walking Mum\" \/>\n<meta property=\"og:url\" content=\"https:\/\/walkingmum.com\/fr\/politique-de-cookies\/\" \/>\n<meta property=\"og:site_name\" content=\"Walking Mum\" \/>\n<meta property=\"article:modified_time\" content=\"2021-05-14T07:31:33+00:00\" \/>\n<meta name=\"twitter:card\" content=\"summary_large_image\" \/>\n<meta name=\"twitter:label1\" content=\"Dur\u00e9e de lecture estim\u00e9e\" \/>\n\t<meta name=\"twitter:data1\" content=\"5 minutes\" \/>\n<script type=\"application\/ld+json\" class=\"yoast-schema-graph\">{\"@context\":\"https:\\\/\\\/schema.org\",\"@graph\":[{\"@type\":\"WebPage\",\"@id\":\"https:\\\/\\\/walkingmum.com\\\/fr\\\/politique-de-cookies\\\/\",\"url\":\"https:\\\/\\\/walkingmum.com\\\/fr\\\/politique-de-cookies\\\/\",\"name\":\"Politique de cookies - Walking Mum\",\"isPartOf\":{\"@id\":\"https:\\\/\\\/walkingmum.com\\\/#website\"},\"datePublished\":\"2021-03-10T11:51:37+00:00\",\"dateModified\":\"2021-05-14T07:31:33+00:00\",\"breadcrumb\":{\"@id\":\"https:\\\/\\\/walkingmum.com\\\/fr\\\/politique-de-cookies\\\/#breadcrumb\"},\"inLanguage\":\"fr-FR\",\"potentialAction\":[{\"@type\":\"ReadAction\",\"target\":[\"https:\\\/\\\/walkingmum.com\\\/fr\\\/politique-de-cookies\\\/\"]}]},{\"@type\":\"BreadcrumbList\",\"@id\":\"https:\\\/\\\/walkingmum.com\\\/fr\\\/politique-de-cookies\\\/#breadcrumb\",\"itemListElement\":[{\"@type\":\"ListItem\",\"position\":1,\"name\":\"Portada\",\"item\":\"https:\\\/\\\/walkingmum.com\\\/fr\\\/\"},{\"@type\":\"ListItem\",\"position\":2,\"name\":\"Politique de cookies\"}]},{\"@type\":\"WebSite\",\"@id\":\"https:\\\/\\\/walkingmum.com\\\/#website\",\"url\":\"https:\\\/\\\/walkingmum.com\\\/\",\"name\":\"Walking Mum\",\"description\":\"La marca para beb\u00e9s modernos\",\"potentialAction\":[{\"@type\":\"SearchAction\",\"target\":{\"@type\":\"EntryPoint\",\"urlTemplate\":\"https:\\\/\\\/walkingmum.com\\\/?s={search_term_string}\"},\"query-input\":{\"@type\":\"PropertyValueSpecification\",\"valueRequired\":true,\"valueName\":\"search_term_string\"}}],\"inLanguage\":\"fr-FR\"}]}<\/script>\n<!-- \/ Yoast SEO plugin. -->","yoast_head_json":{"title":"Politique de cookies - Walking Mum","robots":{"index":"index","follow":"follow","max-snippet":"max-snippet:-1","max-image-preview":"max-image-preview:large","max-video-preview":"max-video-preview:-1"},"canonical":"https:\/\/walkingmum.com\/fr\/politique-de-cookies\/","og_locale":"fr_FR","og_type":"article","og_title":"Politique de cookies - Walking Mum","og_url":"https:\/\/walkingmum.com\/fr\/politique-de-cookies\/","og_site_name":"Walking Mum","article_modified_time":"2021-05-14T07:31:33+00:00","twitter_card":"summary_large_image","twitter_misc":{"Dur\u00e9e de lecture estim\u00e9e":"5 minutes"},"schema":{"@context":"https:\/\/schema.org","@graph":[{"@type":"WebPage","@id":"https:\/\/walkingmum.com\/fr\/politique-de-cookies\/","url":"https:\/\/walkingmum.com\/fr\/politique-de-cookies\/","name":"Politique de cookies - Walking Mum","isPartOf":{"@id":"https:\/\/walkingmum.com\/#website"},"datePublished":"2021-03-10T11:51:37+00:00","dateModified":"2021-05-14T07:31:33+00:00","breadcrumb":{"@id":"https:\/\/walkingmum.com\/fr\/politique-de-cookies\/#breadcrumb"},"inLanguage":"fr-FR","potentialAction":[{"@type":"ReadAction","target":["https:\/\/walkingmum.com\/fr\/politique-de-cookies\/"]}]},{"@type":"BreadcrumbList","@id":"https:\/\/walkingmum.com\/fr\/politique-de-cookies\/#breadcrumb","itemListElement":[{"@type":"ListItem","position":1,"name":"Portada","item":"https:\/\/walkingmum.com\/fr\/"},{"@type":"ListItem","position":2,"name":"Politique de cookies"}]},{"@type":"WebSite","@id":"https:\/\/walkingmum.com\/#website","url":"https:\/\/walkingmum.com\/","name":"Walking Mum","description":"La marca para beb\u00e9s modernos","potentialAction":[{"@type":"SearchAction","target":{"@type":"EntryPoint","urlTemplate":"https:\/\/walkingmum.com\/?s={search_term_string}"},"query-input":{"@type":"PropertyValueSpecification","valueRequired":true,"valueName":"search_term_string"}}],"inLanguage":"fr-FR"}]}},"_links":{"self":[{"href":"https:\/\/walkingmum.com\/fr\/wp-json\/wp\/v2\/pages\/12511","targetHints":{"allow":["GET"]}}],"collection":[{"href":"https:\/\/walkingmum.com\/fr\/wp-json\/wp\/v2\/pages"}],"about":[{"href":"https:\/\/walkingmum.com\/fr\/wp-json\/wp\/v2\/types\/page"}],"author":[{"embeddable":true,"href":"https:\/\/walkingmum.com\/fr\/wp-json\/wp\/v2\/users\/1"}],"replies":[{"embeddable":true,"href":"https:\/\/walkingmum.com\/fr\/wp-json\/wp\/v2\/comments?post=12511"}],"version-history":[{"count":0,"href":"https:\/\/walkingmum.com\/fr\/wp-json\/wp\/v2\/pages\/12511\/revisions"}],"wp:attachment":[{"href":"https:\/\/walkingmum.com\/fr\/wp-json\/wp\/v2\/media?parent=12511"}],"curies":[{"name":"wp","href":"https:\/\/api.w.org\/{rel}","templated":true}]}}