{"id":12421,"date":"2021-02-01T10:14:19","date_gmt":"2021-02-01T10:14:19","guid":{"rendered":"https:\/\/walkingmum.com\/nosotros\/"},"modified":"2021-05-07T11:36:55","modified_gmt":"2021-05-07T11:36:55","slug":"about-us","status":"publish","type":"page","link":"https:\/\/walkingmum.com\/en\/about-us\/","title":{"rendered":"About us"},"content":{"rendered":"\n<div class=\"wp-block-hacce-wrapper alignfull nosotros_inicial\" style=\"background-color:#edebea\">\n<div class=\"wp-block-hacce-texto-foto alignfull inverted contained\"><div class=\"texto centered\">\n<h1>About us<\/h1>\n\n\n\n<p>Pasito a Pasito, leading Spanish company in equipment for newborns, and with 20 years\u2019 experience in the baby world, is launching a new brand of bags and baby seat covers aimed at modern, dynamic mothers. This new brand is created in order to meet a real need for more urban, practical and modern products.<\/p>\n<\/div><div class=\"foto\"><img decoding=\"async\" src=\"https:\/\/walkingmum.com\/wp-content\/uploads\/2021\/02\/doble.jpg\" alt=\"\"\/><\/div><\/div>\n\n\n\n<p><\/p>\n<\/div>\n\n\n\n<div class=\"wp-block-hacce-wrapper\">\n<p class=\"has-text-align-center intermedio\">Thus Walking Mum arrives on the market, the urban sporting brand of bags and covers for baby seats.<\/p>\n<\/div>\n\n\n\n<div class=\"wp-block-hacce-wrapper alignfull\" style=\"background-color:#edebea\">\n<div class=\"wp-block-hacce-texto-foto alignfull contained\"><div class=\"texto centered\">\n<p>In this brief period of time, Walking Mum has become an international benchmark in terms of design and practicality in the world of childcare.<\/p>\n\n\n\n<p>Moreover, the new Walking Mum collections are designed in Spain but are inspired by Northern European trends. Thus combining the know-how of our team specialising in babies with the latest state-of-the-art trends.<\/p>\n<\/div><div class=\"foto\"><img decoding=\"async\" src=\"https:\/\/walkingmum.com\/wp-content\/uploads\/2021\/02\/doble2.jpg\" alt=\"\"\/><\/div><\/div>\n\n\n\n<p><\/p>\n<\/div>\n\n\n\n<div class=\"wp-block-hacce-wrapper\">\n<p class=\"has-text-align-center intermedio\">All Walking Mum collections are unique designs created for babies and inspired by the latest trends.<\/p>\n<\/div>\n\n\n\n<div class=\"wp-block-hacce-wrapper alignfull\" style=\"background-color:#edebea\">\n<div class=\"wp-block-hacce-texto-foto alignfull inverted contained\"><div class=\"texto centered\">\n<p>Our values as a brand are exclusive design and quality, always focused on the comfort of babies and the satisfaction of parents with accessories designed to make life easier. A practical and organised life that gives you time to enjoy the adventures of each day with your baby.<\/p>\n\n\n\n<p>Walking Mum and Pasito a Pasito are registered trademarks of Diset, S.A., a manufacturer of educational toys and games with its head office in Barcelona.<\/p>\n<\/div><div class=\"foto\"><img decoding=\"async\" src=\"https:\/\/walkingmum.com\/wp-content\/uploads\/2021\/02\/doble3.jpg\" alt=\"\"\/><\/div><\/div>\n\n\n\n<p><\/p>\n<\/div>\n","protected":false},"excerpt":{"rendered":"","protected":false},"author":1,"featured_media":0,"parent":0,"menu_order":0,"comment_status":"closed","ping_status":"closed","template":"templates\/template-fullwidth.php","meta":{"_acf_changed":false,"inline_featured_image":false,"footnotes":""},"class_list":["post-12421","page","type-page","status-publish","hentry"],"acf":[],"yoast_head":"<!-- This site is optimized with the Yoast SEO plugin v27.4 - https:\/\/yoast.com\/product\/yoast-seo-wordpress\/ -->\n<title>About us - Walking Mum<\/title>\n<meta name=\"description\" content=\"Walking Mum, la marca urbana y deportiva de bolsas y fundas de sillas para beb\u00e9. Las nuevas colecciones de Walking Mum se dise\u00f1an en Espa\u00f1a pero se inspiran en las tendencias del Norte de Europa.\" \/>\n<meta name=\"robots\" content=\"index, follow, max-snippet:-1, max-image-preview:large, max-video-preview:-1\" \/>\n<link rel=\"canonical\" href=\"https:\/\/walkingmum.com\/en\/about-us\/\" \/>\n<meta property=\"og:locale\" content=\"en_US\" \/>\n<meta property=\"og:type\" content=\"article\" \/>\n<meta property=\"og:title\" content=\"About us - Walking Mum\" \/>\n<meta property=\"og:description\" content=\"Walking Mum, la marca urbana y deportiva de bolsas y fundas de sillas para beb\u00e9. Las nuevas colecciones de Walking Mum se dise\u00f1an en Espa\u00f1a pero se inspiran en las tendencias del Norte de Europa.\" \/>\n<meta property=\"og:url\" content=\"https:\/\/walkingmum.com\/en\/about-us\/\" \/>\n<meta property=\"og:site_name\" content=\"Walking Mum\" \/>\n<meta property=\"article:modified_time\" content=\"2021-05-07T11:36:55+00:00\" \/>\n<meta property=\"og:image\" content=\"https:\/\/walkingmum.com\/wp-content\/uploads\/2021\/02\/doble.jpg\" \/>\n<meta name=\"twitter:card\" content=\"summary_large_image\" \/>\n<meta name=\"twitter:label1\" content=\"Est. reading time\" \/>\n\t<meta name=\"twitter:data1\" content=\"2 minutes\" \/>\n<script type=\"application\/ld+json\" class=\"yoast-schema-graph\">{\"@context\":\"https:\\\/\\\/schema.org\",\"@graph\":[{\"@type\":\"WebPage\",\"@id\":\"https:\\\/\\\/walkingmum.com\\\/en\\\/about-us\\\/\",\"url\":\"https:\\\/\\\/walkingmum.com\\\/en\\\/about-us\\\/\",\"name\":\"About us - Walking Mum\",\"isPartOf\":{\"@id\":\"https:\\\/\\\/walkingmum.com\\\/#website\"},\"primaryImageOfPage\":{\"@id\":\"https:\\\/\\\/walkingmum.com\\\/en\\\/about-us\\\/#primaryimage\"},\"image\":{\"@id\":\"https:\\\/\\\/walkingmum.com\\\/en\\\/about-us\\\/#primaryimage\"},\"thumbnailUrl\":\"https:\\\/\\\/walkingmum.com\\\/wp-content\\\/uploads\\\/2021\\\/02\\\/doble.jpg\",\"datePublished\":\"2021-02-01T10:14:19+00:00\",\"dateModified\":\"2021-05-07T11:36:55+00:00\",\"description\":\"Walking Mum, la marca urbana y deportiva de bolsas y fundas de sillas para beb\u00e9. Las nuevas colecciones de Walking Mum se dise\u00f1an en Espa\u00f1a pero se inspiran en las tendencias del Norte de Europa.\",\"breadcrumb\":{\"@id\":\"https:\\\/\\\/walkingmum.com\\\/en\\\/about-us\\\/#breadcrumb\"},\"inLanguage\":\"en-US\",\"potentialAction\":[{\"@type\":\"ReadAction\",\"target\":[\"https:\\\/\\\/walkingmum.com\\\/en\\\/about-us\\\/\"]}]},{\"@type\":\"ImageObject\",\"inLanguage\":\"en-US\",\"@id\":\"https:\\\/\\\/walkingmum.com\\\/en\\\/about-us\\\/#primaryimage\",\"url\":\"https:\\\/\\\/walkingmum.com\\\/wp-content\\\/uploads\\\/2021\\\/02\\\/doble.jpg\",\"contentUrl\":\"https:\\\/\\\/walkingmum.com\\\/wp-content\\\/uploads\\\/2021\\\/02\\\/doble.jpg\"},{\"@type\":\"BreadcrumbList\",\"@id\":\"https:\\\/\\\/walkingmum.com\\\/en\\\/about-us\\\/#breadcrumb\",\"itemListElement\":[{\"@type\":\"ListItem\",\"position\":1,\"name\":\"Portada\",\"item\":\"https:\\\/\\\/walkingmum.com\\\/en\\\/\"},{\"@type\":\"ListItem\",\"position\":2,\"name\":\"About us\"}]},{\"@type\":\"WebSite\",\"@id\":\"https:\\\/\\\/walkingmum.com\\\/#website\",\"url\":\"https:\\\/\\\/walkingmum.com\\\/\",\"name\":\"Walking Mum\",\"description\":\"La marca para beb\u00e9s modernos\",\"potentialAction\":[{\"@type\":\"SearchAction\",\"target\":{\"@type\":\"EntryPoint\",\"urlTemplate\":\"https:\\\/\\\/walkingmum.com\\\/?s={search_term_string}\"},\"query-input\":{\"@type\":\"PropertyValueSpecification\",\"valueRequired\":true,\"valueName\":\"search_term_string\"}}],\"inLanguage\":\"en-US\"}]}<\/script>\n<!-- \/ Yoast SEO plugin. -->","yoast_head_json":{"title":"About us - Walking Mum","description":"Walking Mum, la marca urbana y deportiva de bolsas y fundas de sillas para beb\u00e9. Las nuevas colecciones de Walking Mum se dise\u00f1an en Espa\u00f1a pero se inspiran en las tendencias del Norte de Europa.","robots":{"index":"index","follow":"follow","max-snippet":"max-snippet:-1","max-image-preview":"max-image-preview:large","max-video-preview":"max-video-preview:-1"},"canonical":"https:\/\/walkingmum.com\/en\/about-us\/","og_locale":"en_US","og_type":"article","og_title":"About us - Walking Mum","og_description":"Walking Mum, la marca urbana y deportiva de bolsas y fundas de sillas para beb\u00e9. Las nuevas colecciones de Walking Mum se dise\u00f1an en Espa\u00f1a pero se inspiran en las tendencias del Norte de Europa.","og_url":"https:\/\/walkingmum.com\/en\/about-us\/","og_site_name":"Walking Mum","article_modified_time":"2021-05-07T11:36:55+00:00","og_image":[{"url":"https:\/\/walkingmum.com\/wp-content\/uploads\/2021\/02\/doble.jpg","type":"","width":"","height":""}],"twitter_card":"summary_large_image","twitter_misc":{"Est. reading time":"2 minutes"},"schema":{"@context":"https:\/\/schema.org","@graph":[{"@type":"WebPage","@id":"https:\/\/walkingmum.com\/en\/about-us\/","url":"https:\/\/walkingmum.com\/en\/about-us\/","name":"About us - Walking Mum","isPartOf":{"@id":"https:\/\/walkingmum.com\/#website"},"primaryImageOfPage":{"@id":"https:\/\/walkingmum.com\/en\/about-us\/#primaryimage"},"image":{"@id":"https:\/\/walkingmum.com\/en\/about-us\/#primaryimage"},"thumbnailUrl":"https:\/\/walkingmum.com\/wp-content\/uploads\/2021\/02\/doble.jpg","datePublished":"2021-02-01T10:14:19+00:00","dateModified":"2021-05-07T11:36:55+00:00","description":"Walking Mum, la marca urbana y deportiva de bolsas y fundas de sillas para beb\u00e9. Las nuevas colecciones de Walking Mum se dise\u00f1an en Espa\u00f1a pero se inspiran en las tendencias del Norte de Europa.","breadcrumb":{"@id":"https:\/\/walkingmum.com\/en\/about-us\/#breadcrumb"},"inLanguage":"en-US","potentialAction":[{"@type":"ReadAction","target":["https:\/\/walkingmum.com\/en\/about-us\/"]}]},{"@type":"ImageObject","inLanguage":"en-US","@id":"https:\/\/walkingmum.com\/en\/about-us\/#primaryimage","url":"https:\/\/walkingmum.com\/wp-content\/uploads\/2021\/02\/doble.jpg","contentUrl":"https:\/\/walkingmum.com\/wp-content\/uploads\/2021\/02\/doble.jpg"},{"@type":"BreadcrumbList","@id":"https:\/\/walkingmum.com\/en\/about-us\/#breadcrumb","itemListElement":[{"@type":"ListItem","position":1,"name":"Portada","item":"https:\/\/walkingmum.com\/en\/"},{"@type":"ListItem","position":2,"name":"About us"}]},{"@type":"WebSite","@id":"https:\/\/walkingmum.com\/#website","url":"https:\/\/walkingmum.com\/","name":"Walking Mum","description":"La marca para beb\u00e9s modernos","potentialAction":[{"@type":"SearchAction","target":{"@type":"EntryPoint","urlTemplate":"https:\/\/walkingmum.com\/?s={search_term_string}"},"query-input":{"@type":"PropertyValueSpecification","valueRequired":true,"valueName":"search_term_string"}}],"inLanguage":"en-US"}]}},"_links":{"self":[{"href":"https:\/\/walkingmum.com\/en\/wp-json\/wp\/v2\/pages\/12421","targetHints":{"allow":["GET"]}}],"collection":[{"href":"https:\/\/walkingmum.com\/en\/wp-json\/wp\/v2\/pages"}],"about":[{"href":"https:\/\/walkingmum.com\/en\/wp-json\/wp\/v2\/types\/page"}],"author":[{"embeddable":true,"href":"https:\/\/walkingmum.com\/en\/wp-json\/wp\/v2\/users\/1"}],"replies":[{"embeddable":true,"href":"https:\/\/walkingmum.com\/en\/wp-json\/wp\/v2\/comments?post=12421"}],"version-history":[{"count":0,"href":"https:\/\/walkingmum.com\/en\/wp-json\/wp\/v2\/pages\/12421\/revisions"}],"wp:attachment":[{"href":"https:\/\/walkingmum.com\/en\/wp-json\/wp\/v2\/media?parent=12421"}],"curies":[{"name":"wp","href":"https:\/\/api.w.org\/{rel}","templated":true}]}}